{"id":12161,"date":"2019-01-03T10:21:40","date_gmt":"2019-01-03T09:21:40","guid":{"rendered":"http:\/\/www.bs-ti.be\/home\/?page_id=12161"},"modified":"2025-09-02T07:49:18","modified_gmt":"2025-09-02T05:49:18","slug":"bsti","status":"publish","type":"page","link":"https:\/\/www.bs-ti.be\/home\/bsti\/","title":{"rendered":"BSTI-Schulgemeinschaft"},"content":{"rendered":"<div id='av-layout-grid-1'  class='av-layout-grid-container av-1i4o0ch-8a9d204c3fde6df58cea92daafb5a515 entry-content-wrapper main_color av-flex-cells  avia-builder-el-0  el_before_av_one_full  avia-builder-el-first   container_wrap sidebar_right'  >\n\n<style type=\"text\/css\" data-created_by=\"avia_inline_auto\" id=\"style-css-av-jslrebqf-41ea07491f708bf3552647b6947794c3\">\n.flex_cell.av-jslrebqf-41ea07491f708bf3552647b6947794c3{\nvertical-align:top;\n}\n.responsive #top #wrap_all .flex_cell.av-jslrebqf-41ea07491f708bf3552647b6947794c3{\npadding:30px 0px 0px 0px !important;\n}\n<\/style>\n<div class='flex_cell av-jslrebqf-41ea07491f708bf3552647b6947794c3 av-gridrow-cell av_one_full no_margin  avia-builder-el-1  avia-builder-el-no-sibling  content-align-top'  ><div class='flex_cell_inner'><p>\n<style type=\"text\/css\" data-created_by=\"avia_inline_auto\" id=\"style-css-av-417vtt-795c79977eec5eeba7a7cda40fd13c67\">\n.flex_column.av-417vtt-795c79977eec5eeba7a7cda40fd13c67{\nborder-radius:0px 0px 0px 0px;\npadding:0px 0px 0px 0px;\n}\n<\/style>\n<div  class='flex_column av-417vtt-795c79977eec5eeba7a7cda40fd13c67 av_one_full  avia-builder-el-2  el_before_av_one_full  avia-builder-el-first  first flex_column_div av-zero-column-padding  '     ><div  class='avia-slideshow av-jslrcbj5-b729a55939381a7d540851aa1157f440 avia-slideshow-no scaling av_slideshow avia-slide-slider  avia-builder-el-3  avia-builder-el-no-sibling  av-slideshow-ui av-control-default av-slideshow-manual av-loop-once av-loop-manual-endless av-default-height-applied avia-slideshow-1' data-slideshow-options=\"{&quot;animation&quot;:&quot;slide&quot;,&quot;autoplay&quot;:false,&quot;loop_autoplay&quot;:&quot;once&quot;,&quot;interval&quot;:5,&quot;loop_manual&quot;:&quot;manual-endless&quot;,&quot;autoplay_stopper&quot;:false,&quot;noNavigation&quot;:false,&quot;bg_slider&quot;:false,&quot;keep_padding&quot;:false,&quot;hoverpause&quot;:false,&quot;show_slide_delay&quot;:0}\"  itemprop=\"image\" itemscope=\"itemscope\" itemtype=\"https:\/\/schema.org\/ImageObject\" ><ul class='avia-slideshow-inner ' style='padding-bottom: 20%;'><li  class='avia-slideshow-slide av-jslrcbj5-b729a55939381a7d540851aa1157f440__0  av-single-slide slide-1 slide-odd'><div data-rel='slideshow-1' class='avia-slide-wrap '   ><img decoding=\"async\" fetchpriority=\"high\" class=\"wp-image-14195 avia-img-lazy-loading-not-14195\"  src=\"https:\/\/www.bs-ti.be\/home\/wp-content\/uploads\/BSTI.jpg\" width=\"1500\" height=\"300\" title='BSTI' alt=''  itemprop=\"thumbnailUrl\" srcset=\"https:\/\/www.bs-ti.be\/home\/wp-content\/uploads\/BSTI.jpg 1500w, https:\/\/www.bs-ti.be\/home\/wp-content\/uploads\/BSTI-768x154.jpg 768w, https:\/\/www.bs-ti.be\/home\/wp-content\/uploads\/BSTI-705x141.jpg 705w, https:\/\/www.bs-ti.be\/home\/wp-content\/uploads\/BSTI-450x90.jpg 450w\" sizes=\"(max-width: 1500px) 100vw, 1500px\" \/><\/div><\/li><\/ul><\/div><\/div>\n<style type=\"text\/css\" data-created_by=\"avia_inline_auto\" id=\"style-css-av-jslnbita-4e530fc9c82ad743f0f4481c78dcf2d8\">\n#top .flex_column.av-jslnbita-4e530fc9c82ad743f0f4481c78dcf2d8{\nmargin-top:-15%;\nmargin-bottom:0px;\n}\n.flex_column.av-jslnbita-4e530fc9c82ad743f0f4481c78dcf2d8{\nborder-radius:0px 0px 0px 0px;\npadding:0px 0px 0px 0px;\nbackground-color:rgba(10,10,10,0.2);\n}\n.responsive #top #wrap_all .flex_column.av-jslnbita-4e530fc9c82ad743f0f4481c78dcf2d8{\nmargin-top:-15%;\nmargin-bottom:0px;\n}\n<\/style>\n<div  class='flex_column av-jslnbita-4e530fc9c82ad743f0f4481c78dcf2d8 av_one_full  avia-builder-el-4  el_after_av_one_full  avia-builder-el-last  first flex_column_div av-zero-column-padding  column-top-margin'     ><\/div><\/p>\n<\/div><\/div>\n<\/div><div id='after_grid_row_1'  class='main_color av_default_container_wrap container_wrap sidebar_right'  ><div class='container av-section-cont-open' ><div class='template-page content  av-content-small alpha units'><div class='post-entry post-entry-type-page post-entry-12161'><div class='entry-content-wrapper clearfix'>\n\n<style type=\"text\/css\" data-created_by=\"avia_inline_auto\" id=\"style-css-av-1tg52rl-77da312d1dcfc106ccbe6890b76def07\">\n.flex_column.av-1tg52rl-77da312d1dcfc106ccbe6890b76def07{\nborder-radius:0px 0px 0px 0px;\npadding:0px 0px 0px 0px;\n}\n<\/style>\n<div  class='flex_column av-1tg52rl-77da312d1dcfc106ccbe6890b76def07 av_one_full  avia-builder-el-5  el_after_av_layout_row  el_before_av_three_fifth  avia-builder-el-first  first flex_column_div av-zero-column-padding  '     ><section  class='av_textblock_section av-jqnl7opd-e016e6a0ba896548f63f66b67fe0143b '   itemscope=\"itemscope\" itemtype=\"https:\/\/schema.org\/CreativeWork\" ><div class='avia_textblock'  itemprop=\"text\" ><p>Die Devise der Schulgemeinschaft BSTI lautet <em>\u201cTradition und Innovation\u201d. <\/em><\/p>\n<p>In Bezug auf das Schlagwort <strong><em>Tradition<\/em><\/strong> kann die Bisch\u00f6fliche Schule auf eine nun mehr als 90-j\u00e4hrige und das Technische Institut auf eine mehr als 60-j\u00e4hrige Geschichte zur\u00fcckblicken. Jugendliche in Kompetenzen zu bef\u00e4higen, die ihnen eine gesellschaftliche Teilhabe, ein Weiterstudium, bzw. den Einstieg ins Berufsleben erm\u00f6glichen, ist der Schule seit jeher ein Anliegen. Als Urgestein in der Schullandschaft der belgischen Eifel, kann unsere Schule aus einem reichen Erfahrungsschatz in Bezug auf das Lernen und die Ausbildung junger Menschen sch\u00f6pfen. An Bew\u00e4hrtem halten wir fest.<\/p>\n<p>An Bew\u00e4hrtem festhalten bedeutet aber auch, dass die Schule es in den letzten Jahren immer wieder vermocht hat, sich den Herausforderungen der jeweiligen Zeit (der <strong><em>Innovation<\/em><\/strong><em>)<\/em> zu stellen und sich weiterzuentwickeln. Fortw\u00e4hrend wurde und wird die Vielfalt und die Art der Studienm\u00f6glichkeiten, die Lernmethoden, sowie die Lernumgebung (Ausstattung) angepasst.<\/p>\n<\/div><\/section><\/div>\n\n<style type=\"text\/css\" data-created_by=\"avia_inline_auto\" id=\"style-css-av-mnq9b5-92cdbd81ffe65b3dfd135f4e515736a5\">\n.flex_column.av-mnq9b5-92cdbd81ffe65b3dfd135f4e515736a5{\nborder-radius:0px 0px 0px 0px;\npadding:0px 0px 0px 0px;\n}\n<\/style>\n<div  class='flex_column av-mnq9b5-92cdbd81ffe65b3dfd135f4e515736a5 av_three_fifth  avia-builder-el-7  el_after_av_one_full  el_before_av_two_fifth  first flex_column_div av-zero-column-padding  column-top-margin'     ><section  class='av_textblock_section av-l39z3tf8-bff1e841851c4248b269e94565fe680c '   itemscope=\"itemscope\" itemtype=\"https:\/\/schema.org\/CreativeWork\" ><div class='avia_textblock'  itemprop=\"text\" ><p>Aktuell fu\u00dft das Leitbild der Schule auf 5 S\u00e4ulen:<\/p>\n<p><strong>1. Unsere Schule lebt Vielfalt<br \/>\n<\/strong>Jeder soll sich in der Schulgemeinschaft BSTI angenommen f\u00fchlen.<br \/>\nDurch die Tatsache, dass unsere Schulgemeinschaft eine allgemein-bildende als auch eine technische und berufsbildende Ausbildung an einem Standort vereint, haben wir die M\u00f6glichkeit ein vielf\u00e4ltiges Ausbildungsangebot anzubieten. M\u00f6chte ein Sch\u00fcler im Laufe seiner Schulkarriere seine Orientierung \u00e4ndern, so kann er das bei uns tun, ohne die vertraute Umgebung verlassen zu m\u00fcssen.<\/p>\n<p><strong>2. Unsere Schule lebt Beziehungen<br \/>\n<\/strong>Wir achten auf einen gepflegten, respektvollen und wertsch\u00e4tzenden Umgang miteinander. Wir sind \u00fcberzeugt, dass ein gutes Miteinander gelingt, wenn es klare Regeln gibt, die einen Rahmen bieten, in dem sich jeder wohlf\u00fchlen kann. Unsere Schulordnung steckt diesen Rahmen klar ab und schafft damit die Voraussetzung f\u00fcr eine positive Lernatmosph\u00e4re.<\/p>\n<p><strong>3. Unsere Schule lebt Lernen<\/strong><br \/>\nAn unserer Schulgemeinschaft setzen wir uns zum Ziel, jeden in seinen M\u00f6glichkeiten, F\u00e4higkeiten und Fertigkeiten zu fordern und zu f\u00f6rdern<em>. <\/em><\/p>\n<p><strong>4. Unsere Schule lebt Mit- und Selbstgestaltung<br \/>\n<\/strong>Sch\u00fcler &#8211; und Elternrat sind an unserer Schule fest verankert. Sie sind Mitgestalter des Schulalltags und haben Mitspracherecht im p\u00e4dagogischen Rat.<\/p>\n<p><strong>5. <\/strong><strong>Unsere Schule lebt Verantwortung<br \/>\n<\/strong>Jugendliche zu gesellschaftsf\u00e4higen, verantwortungsbewussten, kritischen und engagierten B\u00fcrgern zu bef\u00e4higen, ist eines unserer Kernanliegen.<\/p>\n<\/div><\/section><\/div>\n\n<style type=\"text\/css\" data-created_by=\"avia_inline_auto\" id=\"style-css-av-k8kech-d7aa6baca37bd09ade43ccf2a975baee\">\n.flex_column.av-k8kech-d7aa6baca37bd09ade43ccf2a975baee{\nborder-radius:0px 0px 0px 0px;\npadding:0px 0px 0px 0px;\n}\n<\/style>\n<div  class='flex_column av-k8kech-d7aa6baca37bd09ade43ccf2a975baee av_two_fifth  avia-builder-el-9  el_after_av_three_fifth  el_before_av_hr  flex_column_div av-zero-column-padding  column-top-margin'     ><p>\n<style type=\"text\/css\" data-created_by=\"avia_inline_auto\" id=\"style-css-av-jsq9o3q1-f54d95a2be8f563a8368726b333336a9\">\n#top .hr.av-jsq9o3q1-f54d95a2be8f563a8368726b333336a9{\nmargin-top:30px;\nmargin-bottom:30px;\n}\n.hr.av-jsq9o3q1-f54d95a2be8f563a8368726b333336a9 .hr-inner{\nwidth:100%;\n}\n<\/style>\n<div  class='hr av-jsq9o3q1-f54d95a2be8f563a8368726b333336a9 hr-custom  avia-builder-el-10  el_before_av_image  avia-builder-el-first  hr-center hr-icon-no'><span class='hr-inner inner-border-av-border-none'><span class=\"hr-inner-style\"><\/span><\/span><\/div><br \/>\n\n<style type=\"text\/css\" data-created_by=\"avia_inline_auto\" id=\"style-css-av-l39z0pk2-216f7a39e61a28af0d8adb4725a831e6\">\n.avia-image-container.av-l39z0pk2-216f7a39e61a28af0d8adb4725a831e6 img.avia_image{\nbox-shadow:none;\n}\n.avia-image-container.av-l39z0pk2-216f7a39e61a28af0d8adb4725a831e6 .av-image-caption-overlay-center{\ncolor:#ffffff;\n}\n<\/style>\n<div  class='avia-image-container av-l39z0pk2-216f7a39e61a28af0d8adb4725a831e6 av-styling- avia-align-center  avia-builder-el-11  el_after_av_hr  avia-builder-el-last '   itemprop=\"image\" itemscope=\"itemscope\" itemtype=\"https:\/\/schema.org\/ImageObject\" ><div class=\"avia-image-container-inner\"><div class=\"avia-image-overlay-wrap\"><img decoding=\"async\" fetchpriority=\"high\" class='wp-image-20738 avia-img-lazy-loading-not-20738 avia_image ' src=\"https:\/\/www.bs-ti.be\/home\/wp-content\/uploads\/2022\/05\/Leitbild.png\" alt='' title='Leitbild'  height=\"1069\" width=\"1124\"  itemprop=\"thumbnailUrl\" srcset=\"https:\/\/www.bs-ti.be\/home\/wp-content\/uploads\/2022\/05\/Leitbild.png 1124w, https:\/\/www.bs-ti.be\/home\/wp-content\/uploads\/2022\/05\/Leitbild-768x730.png 768w, https:\/\/www.bs-ti.be\/home\/wp-content\/uploads\/2022\/05\/Leitbild-705x671.png 705w, https:\/\/www.bs-ti.be\/home\/wp-content\/uploads\/2022\/05\/Leitbild-450x428.png 450w\" sizes=\"(max-width: 1124px) 100vw, 1124px\" \/><\/div><\/div><\/div><\/p><\/div>\n\n<style type=\"text\/css\" data-created_by=\"avia_inline_auto\" id=\"style-css-av-turym9-caeba3c5b0d551d46db9f1526356a633\">\n#top .hr.av-turym9-caeba3c5b0d551d46db9f1526356a633{\nmargin-top:50px;\nmargin-bottom:50px;\n}\n.hr.av-turym9-caeba3c5b0d551d46db9f1526356a633 .hr-inner{\nwidth:100%;\n}\n<\/style>\n<div  class='hr av-turym9-caeba3c5b0d551d46db9f1526356a633 hr-custom  avia-builder-el-12  el_after_av_two_fifth  el_before_av_one_third  hr-center hr-icon-no'><span class='hr-inner inner-border-av-border-thin'><span class=\"hr-inner-style\"><\/span><\/span><\/div>\n\n<style type=\"text\/css\" data-created_by=\"avia_inline_auto\" id=\"style-css-av-jsog6xfh-0ddad090f1541aa5fc30c6df7f6821da\">\n.flex_column.av-jsog6xfh-0ddad090f1541aa5fc30c6df7f6821da{\nborder-radius:0px 0px 0px 0px;\npadding:0px 0px 0px 0px;\n}\n<\/style>\n<div  class='flex_column av-jsog6xfh-0ddad090f1541aa5fc30c6df7f6821da av_one_third  avia-builder-el-13  el_after_av_hr  el_before_av_two_third  first flex_column_div av-zero-column-padding  '     ><style type=\"text\/css\" data-created_by=\"avia_inline_auto\" id=\"style-css-av-34ldgyp-50e92b369df485866708a24df72c0546\">\n.avia-image-container.av-34ldgyp-50e92b369df485866708a24df72c0546 img.avia_image{\nbox-shadow:none;\n}\n.avia-image-container.av-34ldgyp-50e92b369df485866708a24df72c0546 .av-image-caption-overlay-center{\ncolor:#ffffff;\n}\n<\/style>\n<div  class='avia-image-container av-34ldgyp-50e92b369df485866708a24df72c0546 av-styling- avia-align-center  avia-builder-el-14  avia-builder-el-no-sibling '   itemprop=\"image\" itemscope=\"itemscope\" itemtype=\"https:\/\/schema.org\/ImageObject\" ><div class=\"avia-image-container-inner\"><div class=\"avia-image-overlay-wrap\"><img decoding=\"async\" fetchpriority=\"high\" class='wp-image-12713 avia-img-lazy-loading-not-12713 avia_image ' src=\"https:\/\/www.bs-ti.be\/home\/wp-content\/uploads\/BSTI-LOGO-2018-ABTEILUNGEN-schr\u00e4g.png\" alt='' title='BSTI-LOGO-2018-ABTEILUNGEN schr\u00e4g'  height=\"492\" width=\"850\"  itemprop=\"thumbnailUrl\" srcset=\"https:\/\/www.bs-ti.be\/home\/wp-content\/uploads\/BSTI-LOGO-2018-ABTEILUNGEN-schr\u00e4g.png 850w, https:\/\/www.bs-ti.be\/home\/wp-content\/uploads\/BSTI-LOGO-2018-ABTEILUNGEN-schr\u00e4g-768x445.png 768w, https:\/\/www.bs-ti.be\/home\/wp-content\/uploads\/BSTI-LOGO-2018-ABTEILUNGEN-schr\u00e4g-705x408.png 705w, https:\/\/www.bs-ti.be\/home\/wp-content\/uploads\/BSTI-LOGO-2018-ABTEILUNGEN-schr\u00e4g-450x260.png 450w\" sizes=\"(max-width: 850px) 100vw, 850px\" \/><\/div><\/div><\/div><\/div>\n\n<style type=\"text\/css\" data-created_by=\"avia_inline_auto\" id=\"style-css-av-2ce5481-20b25355591edd64be445c7836547aa9\">\n.flex_column.av-2ce5481-20b25355591edd64be445c7836547aa9{\nborder-radius:0px 0px 0px 0px;\npadding:0px 0px 0px 0px;\n}\n<\/style>\n<div  class='flex_column av-2ce5481-20b25355591edd64be445c7836547aa9 av_two_third  avia-builder-el-15  el_after_av_one_third  el_before_av_hr  flex_column_div av-zero-column-padding  '     ><section  class='av_textblock_section av-jspw450p-2673401814981d4dddc1ad5ea8f771bc '   itemscope=\"itemscope\" itemtype=\"https:\/\/schema.org\/CreativeWork\" ><div class='avia_textblock'  itemprop=\"text\" ><p><strong>BSTI will Zukunft mitgestalten und verfolgt innovativ nachhaltige Entwicklungsziele.<\/strong><\/p>\n<p>Seit 1931 f\u00fchlen wir uns unserer TRADITION verpflichtet, die nachdr\u00fccklich in der Eifel verankert ist und seit jeher wertvolle, da zeitgem\u00e4\u00dfe Impulse aus der produktiven Wechselwirkung zwischen Schule und Bev\u00f6lkerung zieht. Auf solche Weise k\u00f6nnen wir unsere jahrzehntelange Erfahrung in die Bildung und Ausbildung junger Menschen einbringen. (Mehr \u00fcber das BSTI-Lernangebot in K\u00fcrze)<\/p>\n<\/div><\/section><\/div>\n\n<style type=\"text\/css\" data-created_by=\"avia_inline_auto\" id=\"style-css-av-jsq9o3q1-12-54d89080a4749f3ba1c7e70ef69dc2e5\">\n#top .hr.av-jsq9o3q1-12-54d89080a4749f3ba1c7e70ef69dc2e5{\nmargin-top:50px;\nmargin-bottom:50px;\n}\n.hr.av-jsq9o3q1-12-54d89080a4749f3ba1c7e70ef69dc2e5 .hr-inner{\nwidth:100%;\n}\n<\/style>\n<div  class='hr av-jsq9o3q1-12-54d89080a4749f3ba1c7e70ef69dc2e5 hr-custom  avia-builder-el-17  el_after_av_two_third  el_before_av_two_third  hr-center hr-icon-no'><span class='hr-inner inner-border-av-border-thin'><span class=\"hr-inner-style\"><\/span><\/span><\/div>\n\n<style type=\"text\/css\" data-created_by=\"avia_inline_auto\" id=\"style-css-av-23eslkx-ae1dade55ca8b4860218165333088b82\">\n.flex_column.av-23eslkx-ae1dade55ca8b4860218165333088b82{\nborder-radius:0px 0px 0px 0px;\npadding:0px 0px 0px 0px;\n}\n<\/style>\n<div  class='flex_column av-23eslkx-ae1dade55ca8b4860218165333088b82 av_two_third  avia-builder-el-18  el_after_av_hr  el_before_av_one_third  first flex_column_div av-zero-column-padding  '     ><section  class='av_textblock_section av-jspw450p-10-ccaecab2fdd4f390efe059001aba36ea '   itemscope=\"itemscope\" itemtype=\"https:\/\/schema.org\/CreativeWork\" ><div class='avia_textblock'  itemprop=\"text\" ><p>Der Einsatz des Sch\u00fclerrates betrifft alle Anliegen der Sch\u00fcler in gleich welchen schulischen Bereichen, aber auch dar\u00fcber hinaus das Zusammenleben in der Schule, die Unterrichte, die Freizeitangebote.<\/p>\n<\/div><\/section><\/div>\n\n<style type=\"text\/css\" data-created_by=\"avia_inline_auto\" id=\"style-css-av-jsog6xfh-11-c4c6e6a322ac61b07dc9d68adef249c2\">\n.flex_column.av-jsog6xfh-11-c4c6e6a322ac61b07dc9d68adef249c2{\nborder-radius:0px 0px 0px 0px;\npadding:0px 0px 0px 0px;\n}\n<\/style>\n<div  class='flex_column av-jsog6xfh-11-c4c6e6a322ac61b07dc9d68adef249c2 av_one_third  avia-builder-el-20  el_after_av_two_third  el_before_av_hr  flex_column_div av-zero-column-padding  '     ><style type=\"text\/css\" data-created_by=\"avia_inline_auto\" id=\"style-css-av-jspwabv6-569484fbbf9d6102409cde63f393a55c\">\n.avia-image-container.av-jspwabv6-569484fbbf9d6102409cde63f393a55c img.avia_image{\nbox-shadow:none;\n}\n.avia-image-container.av-jspwabv6-569484fbbf9d6102409cde63f393a55c .av-image-caption-overlay-center{\ncolor:#ffffff;\n}\n<\/style>\n<div  class='avia-image-container av-jspwabv6-569484fbbf9d6102409cde63f393a55c av-styling- av-img-linked avia-align-center  avia-builder-el-21  avia-builder-el-no-sibling '   itemprop=\"image\" itemscope=\"itemscope\" itemtype=\"https:\/\/schema.org\/ImageObject\" ><div class=\"avia-image-container-inner\"><div class=\"avia-image-overlay-wrap\"><a href=\"https:\/\/www.bs-ti.be\/home\/bsti\/schuelerrat-bsti\/\" class='avia_image '  aria-label='BSTI SCHULERRAT2'><img decoding=\"async\" fetchpriority=\"high\" class='wp-image-15942 avia-img-lazy-loading-not-15942 avia_image ' src=\"https:\/\/www.bs-ti.be\/home\/wp-content\/uploads\/BSTI-SCHULERRAT2.jpg\" alt='' title='BSTI SCHULERRAT2'  height=\"417\" width=\"833\"  itemprop=\"thumbnailUrl\" srcset=\"https:\/\/www.bs-ti.be\/home\/wp-content\/uploads\/BSTI-SCHULERRAT2.jpg 833w, https:\/\/www.bs-ti.be\/home\/wp-content\/uploads\/BSTI-SCHULERRAT2-768x384.jpg 768w, https:\/\/www.bs-ti.be\/home\/wp-content\/uploads\/BSTI-SCHULERRAT2-705x353.jpg 705w, https:\/\/www.bs-ti.be\/home\/wp-content\/uploads\/BSTI-SCHULERRAT2-450x225.jpg 450w\" sizes=\"(max-width: 833px) 100vw, 833px\" \/><\/a><\/div><\/div><\/div><\/div>\n\n<style type=\"text\/css\" data-created_by=\"avia_inline_auto\" id=\"style-css-av-jsq9o3q1-9-aec3189f8b6322e24c670552b45d9e31\">\n#top .hr.av-jsq9o3q1-9-aec3189f8b6322e24c670552b45d9e31{\nmargin-top:50px;\nmargin-bottom:50px;\n}\n.hr.av-jsq9o3q1-9-aec3189f8b6322e24c670552b45d9e31 .hr-inner{\nwidth:100%;\n}\n<\/style>\n<div  class='hr av-jsq9o3q1-9-aec3189f8b6322e24c670552b45d9e31 hr-custom  avia-builder-el-22  el_after_av_one_third  el_before_av_one_third  hr-center hr-icon-no'><span class='hr-inner inner-border-av-border-thin'><span class=\"hr-inner-style\"><\/span><\/span><\/div>\n\n<style type=\"text\/css\" data-created_by=\"avia_inline_auto\" id=\"style-css-av-jsog6xfh-7-5d1ec64fb18be6e1cabcb957d4fd7511\">\n.flex_column.av-jsog6xfh-7-5d1ec64fb18be6e1cabcb957d4fd7511{\nborder-radius:0px 0px 0px 0px;\npadding:0px 0px 0px 0px;\n}\n<\/style>\n<div  class='flex_column av-jsog6xfh-7-5d1ec64fb18be6e1cabcb957d4fd7511 av_one_third  avia-builder-el-23  el_after_av_hr  el_before_av_two_third  first flex_column_div av-zero-column-padding  '     ><style type=\"text\/css\" data-created_by=\"avia_inline_auto\" id=\"style-css-av-jspwasg9-4b27a4fb91ae20142e23982ed24cda30\">\n.avia-image-container.av-jspwasg9-4b27a4fb91ae20142e23982ed24cda30 img.avia_image{\nbox-shadow:none;\n}\n.avia-image-container.av-jspwasg9-4b27a4fb91ae20142e23982ed24cda30 .av-image-caption-overlay-center{\ncolor:#ffffff;\n}\n<\/style>\n<div  class='avia-image-container av-jspwasg9-4b27a4fb91ae20142e23982ed24cda30 av-styling- av-img-linked avia-align-center  avia-builder-el-24  avia-builder-el-no-sibling '   itemprop=\"image\" itemscope=\"itemscope\" itemtype=\"https:\/\/schema.org\/ImageObject\" ><div class=\"avia-image-container-inner\"><div class=\"avia-image-overlay-wrap\"><a href=\"http:\/\/elternrat.bsti.be\" class='avia_image '  aria-label='BSTI ELTERNRAT2'><img decoding=\"async\" fetchpriority=\"high\" class='wp-image-15939 avia-img-lazy-loading-not-15939 avia_image ' src=\"https:\/\/www.bs-ti.be\/home\/wp-content\/uploads\/BSTI-ELTERNRAT2.jpg\" alt='' title='BSTI ELTERNRAT2'  height=\"417\" width=\"833\"  itemprop=\"thumbnailUrl\" srcset=\"https:\/\/www.bs-ti.be\/home\/wp-content\/uploads\/BSTI-ELTERNRAT2.jpg 833w, https:\/\/www.bs-ti.be\/home\/wp-content\/uploads\/BSTI-ELTERNRAT2-768x384.jpg 768w, https:\/\/www.bs-ti.be\/home\/wp-content\/uploads\/BSTI-ELTERNRAT2-705x353.jpg 705w, https:\/\/www.bs-ti.be\/home\/wp-content\/uploads\/BSTI-ELTERNRAT2-450x225.jpg 450w\" sizes=\"(max-width: 833px) 100vw, 833px\" \/><\/a><\/div><\/div><\/div><\/div>\n\n<style type=\"text\/css\" data-created_by=\"avia_inline_auto\" id=\"style-css-av-1u1r40x-1edf44ab9c4b5e4ae9f8d5d5f8fb950e\">\n.flex_column.av-1u1r40x-1edf44ab9c4b5e4ae9f8d5d5f8fb950e{\nborder-radius:0px 0px 0px 0px;\npadding:0px 0px 0px 0px;\n}\n<\/style>\n<div  class='flex_column av-1u1r40x-1edf44ab9c4b5e4ae9f8d5d5f8fb950e av_two_third  avia-builder-el-25  el_after_av_one_third  el_before_av_hr  flex_column_div av-zero-column-padding  '     ><section  class='av_textblock_section av-jspw450p-8-1925d8d9cae05a80331550072f78869e '   itemscope=\"itemscope\" itemtype=\"https:\/\/schema.org\/CreativeWork\" ><div class='avia_textblock'  itemprop=\"text\" ><p>Seit dem Schuljahr 2013-2014 besteht an unserer Schule wieder eine organisierte Form der Elternmitwirkung.<\/p>\n<p>Als Eltern vertrauen wir unsere Kinder der Schule an und verlassen uns auf die Kompetenz des Schulkollegiums in Fragen der Erziehung und Bildung.\u00a0 Dabei wollen wir aber nicht die gesamte Verantwortung an die Schule abtreten. Wir zeigen Interesse am Schulgeschehen und m\u00f6chten dar\u00fcber informiert werden, denn Schule geht auch immer uns Eltern etwas an.<\/p>\n<\/div><\/section><\/div>\n\n<style type=\"text\/css\" data-created_by=\"avia_inline_auto\" id=\"style-css-av-jsq9o3q1-6-6ca2020e067b7bde42f296865756a725\">\n#top .hr.av-jsq9o3q1-6-6ca2020e067b7bde42f296865756a725{\nmargin-top:50px;\nmargin-bottom:50px;\n}\n.hr.av-jsq9o3q1-6-6ca2020e067b7bde42f296865756a725 .hr-inner{\nwidth:100%;\n}\n<\/style>\n<div  class='hr av-jsq9o3q1-6-6ca2020e067b7bde42f296865756a725 hr-custom  avia-builder-el-27  el_after_av_two_third  el_before_av_two_third  hr-center hr-icon-no'><span class='hr-inner inner-border-av-border-thin'><span class=\"hr-inner-style\"><\/span><\/span><\/div>\n\n<style type=\"text\/css\" data-created_by=\"avia_inline_auto\" id=\"style-css-av-1chch9d-b83d737fc78c3cea921d4df017eb8682\">\n.flex_column.av-1chch9d-b83d737fc78c3cea921d4df017eb8682{\nborder-radius:0px 0px 0px 0px;\npadding:0px 0px 0px 0px;\n}\n<\/style>\n<div  class='flex_column av-1chch9d-b83d737fc78c3cea921d4df017eb8682 av_two_third  avia-builder-el-28  el_after_av_hr  el_before_av_one_third  first flex_column_div av-zero-column-padding  '     ><section  class='av_textblock_section av-jspw450p-4-f67ad814c241a8c6c376e4c81e302137 '   itemscope=\"itemscope\" itemtype=\"https:\/\/schema.org\/CreativeWork\" ><div class='avia_textblock'  itemprop=\"text\" ><p>Der farBSTIft ist der Nachfolger des \u201eSchn\u00fcfflers\u201d, der \u00fcber Jahrzehnte hinweg seinen festen Bestand in der Schule hatte.\u00a0 2013 wurde der farBSTIft\u00a0von einem Lehrerteam und einigen Sch\u00fclern ins Leben gerufen. Seitdem gibt es die Sch\u00fclerzeitung als Blog im Internet. Das Multimediamaterial der Schule wird konsequent genutzt, und in den letzten Jahren liegt die Verantwortung der digitalen Ver\u00f6ffentlichungen wie auch der Printausgaben bei den Chefredakteuren und einem Redaktionsteam unter Aufsicht einer freiwilligen Arbeitsgruppe der Leonardo Mediothek.<\/p>\n<\/div><\/section><\/div>\n\n<style type=\"text\/css\" data-created_by=\"avia_inline_auto\" id=\"style-css-av-jsog6xfh-5-50ed8e25aa8a29c8422bedae0f19a071\">\n.flex_column.av-jsog6xfh-5-50ed8e25aa8a29c8422bedae0f19a071{\nborder-radius:0px 0px 0px 0px;\npadding:0px 0px 0px 0px;\n}\n<\/style>\n<div  class='flex_column av-jsog6xfh-5-50ed8e25aa8a29c8422bedae0f19a071 av_one_third  avia-builder-el-30  el_after_av_two_third  avia-builder-el-last  flex_column_div av-zero-column-padding  '     ><style type=\"text\/css\" data-created_by=\"avia_inline_auto\" id=\"style-css-av-jspwbb0w-0d71c1285b7ee61288cde67f0ffd69dc\">\n.avia-image-container.av-jspwbb0w-0d71c1285b7ee61288cde67f0ffd69dc img.avia_image{\nbox-shadow:none;\n}\n.avia-image-container.av-jspwbb0w-0d71c1285b7ee61288cde67f0ffd69dc .av-image-caption-overlay-center{\ncolor:#ffffff;\n}\n<\/style>\n<div  class='avia-image-container av-jspwbb0w-0d71c1285b7ee61288cde67f0ffd69dc av-styling- av-img-linked avia-align-center  avia-builder-el-31  avia-builder-el-no-sibling '   itemprop=\"image\" itemscope=\"itemscope\" itemtype=\"https:\/\/schema.org\/ImageObject\" ><div class=\"avia-image-container-inner\"><div class=\"avia-image-overlay-wrap\"><a href=\"http:\/\/farbstift.bsti.be\" class='avia_image '  aria-label='BSTI FARBSTIFT'><img decoding=\"async\" fetchpriority=\"high\" class='wp-image-15940 avia-img-lazy-loading-not-15940 avia_image ' src=\"https:\/\/www.bs-ti.be\/home\/wp-content\/uploads\/BSTI-FARBSTIFT2.jpg\" alt='farBSTIft' title='BSTI FARBSTIFT'  height=\"417\" width=\"833\"  itemprop=\"thumbnailUrl\" srcset=\"https:\/\/www.bs-ti.be\/home\/wp-content\/uploads\/BSTI-FARBSTIFT2.jpg 833w, https:\/\/www.bs-ti.be\/home\/wp-content\/uploads\/BSTI-FARBSTIFT2-768x384.jpg 768w, https:\/\/www.bs-ti.be\/home\/wp-content\/uploads\/BSTI-FARBSTIFT2-705x353.jpg 705w, https:\/\/www.bs-ti.be\/home\/wp-content\/uploads\/BSTI-FARBSTIFT2-450x225.jpg 450w\" sizes=\"(max-width: 833px) 100vw, 833px\" \/><\/a><\/div><\/div><\/div><\/div>\n","protected":false},"excerpt":{"rendered":"","protected":false},"author":4,"featured_media":0,"parent":0,"menu_order":2,"comment_status":"closed","ping_status":"closed","template":"","meta":{"footnotes":""},"class_list":["post-12161","page","type-page","status-publish","hentry"],"_links":{"self":[{"href":"https:\/\/www.bs-ti.be\/home\/wp-json\/wp\/v2\/pages\/12161","targetHints":{"allow":["GET"]}}],"collection":[{"href":"https:\/\/www.bs-ti.be\/home\/wp-json\/wp\/v2\/pages"}],"about":[{"href":"https:\/\/www.bs-ti.be\/home\/wp-json\/wp\/v2\/types\/page"}],"author":[{"embeddable":true,"href":"https:\/\/www.bs-ti.be\/home\/wp-json\/wp\/v2\/users\/4"}],"replies":[{"embeddable":true,"href":"https:\/\/www.bs-ti.be\/home\/wp-json\/wp\/v2\/comments?post=12161"}],"version-history":[{"count":36,"href":"https:\/\/www.bs-ti.be\/home\/wp-json\/wp\/v2\/pages\/12161\/revisions"}],"predecessor-version":[{"id":23529,"href":"https:\/\/www.bs-ti.be\/home\/wp-json\/wp\/v2\/pages\/12161\/revisions\/23529"}],"wp:attachment":[{"href":"https:\/\/www.bs-ti.be\/home\/wp-json\/wp\/v2\/media?parent=12161"}],"curies":[{"name":"wp","href":"https:\/\/api.w.org\/{rel}","templated":true}]}}