{"id":13249,"date":"2019-05-13T13:55:55","date_gmt":"2019-05-13T11:55:55","guid":{"rendered":"http:\/\/www.bs-ti.be\/home\/?page_id=13249"},"modified":"2025-09-02T07:57:45","modified_gmt":"2025-09-02T05:57:45","slug":"fahrzeugtechnik","status":"publish","type":"page","link":"https:\/\/www.bs-ti.be\/home\/ti\/fahrzeugtechnik\/","title":{"rendered":"Fahrzeugtechnik"},"content":{"rendered":"<div id='av-layout-grid-1'  class='av-layout-grid-container av-1i4o0ch-8a9d204c3fde6df58cea92daafb5a515 entry-content-wrapper main_color av-flex-cells  avia-builder-el-0  el_before_av_one_full  avia-builder-el-first   container_wrap sidebar_right'  >\n\n<style type=\"text\/css\" data-created_by=\"avia_inline_auto\" id=\"style-css-av-jslrebqf-41ea07491f708bf3552647b6947794c3\">\n.flex_cell.av-jslrebqf-41ea07491f708bf3552647b6947794c3{\nvertical-align:top;\n}\n.responsive #top #wrap_all .flex_cell.av-jslrebqf-41ea07491f708bf3552647b6947794c3{\npadding:30px 0px 0px 0px !important;\n}\n<\/style>\n<div class='flex_cell av-jslrebqf-41ea07491f708bf3552647b6947794c3 av-gridrow-cell av_one_full no_margin  avia-builder-el-1  avia-builder-el-no-sibling  content-align-top'  ><div class='flex_cell_inner'><p>\n<style type=\"text\/css\" data-created_by=\"avia_inline_auto\" id=\"style-css-av-417vtt-795c79977eec5eeba7a7cda40fd13c67\">\n.flex_column.av-417vtt-795c79977eec5eeba7a7cda40fd13c67{\nborder-radius:0px 0px 0px 0px;\npadding:0px 0px 0px 0px;\n}\n<\/style>\n<div  class='flex_column av-417vtt-795c79977eec5eeba7a7cda40fd13c67 av_one_full  avia-builder-el-2  el_before_av_one_full  avia-builder-el-first  first flex_column_div av-zero-column-padding  '     ><div  class='avia-slideshow av-jslrcbj5-acf5e14173d2ede4df958eb4d4928e75 avia-slideshow-featured_large av_slideshow avia-slide-slider  avia-builder-el-3  avia-builder-el-no-sibling  av-slideshow-ui av-control-default av-slideshow-manual av-loop-once av-loop-manual-endless av-default-height-applied avia-slideshow-1' data-slideshow-options=\"{&quot;animation&quot;:&quot;slide&quot;,&quot;autoplay&quot;:false,&quot;loop_autoplay&quot;:&quot;once&quot;,&quot;interval&quot;:5,&quot;loop_manual&quot;:&quot;manual-endless&quot;,&quot;autoplay_stopper&quot;:false,&quot;noNavigation&quot;:false,&quot;bg_slider&quot;:false,&quot;keep_padding&quot;:false,&quot;hoverpause&quot;:false,&quot;show_slide_delay&quot;:0}\"  itemprop=\"image\" itemscope=\"itemscope\" itemtype=\"https:\/\/schema.org\/ImageObject\" ><ul class='avia-slideshow-inner ' style='padding-bottom: 20%;'><li  class='avia-slideshow-slide av-jslrcbj5-acf5e14173d2ede4df958eb4d4928e75__0  av-single-slide slide-1 slide-odd'><div data-rel='slideshow-1' class='avia-slide-wrap '   ><img decoding=\"async\" fetchpriority=\"high\" class=\"wp-image-13230 avia-img-lazy-loading-not-13230\"  src=\"https:\/\/www.bs-ti.be\/home\/wp-content\/uploads\/KFZ-2-1500x300.jpg\" width=\"1500\" height=\"300\" title='KFZ' alt=''  itemprop=\"thumbnailUrl\" srcset=\"https:\/\/www.bs-ti.be\/home\/wp-content\/uploads\/KFZ-2.jpg 1500w, https:\/\/www.bs-ti.be\/home\/wp-content\/uploads\/KFZ-2-768x154.jpg 768w, https:\/\/www.bs-ti.be\/home\/wp-content\/uploads\/KFZ-2-705x141.jpg 705w, https:\/\/www.bs-ti.be\/home\/wp-content\/uploads\/KFZ-2-450x90.jpg 450w\" sizes=\"(max-width: 1500px) 100vw, 1500px\" \/><\/div><\/li><\/ul><\/div><\/div>\n<style type=\"text\/css\" data-created_by=\"avia_inline_auto\" id=\"style-css-av-jslnbita-499bf61de8f7cf1a59166df352d0e660\">\n#top .flex_column.av-jslnbita-499bf61de8f7cf1a59166df352d0e660{\nmargin-top:-15%;\nmargin-bottom:0px;\n}\n.flex_column.av-jslnbita-499bf61de8f7cf1a59166df352d0e660{\nborder-radius:0px 0px 0px 0px;\npadding:0px 0px 0px 0px;\nbackground-color:rgba(10,10,10,0.2);\n}\n.responsive #top #wrap_all .flex_column.av-jslnbita-499bf61de8f7cf1a59166df352d0e660{\nmargin-top:-15%;\nmargin-bottom:0px;\n}\n<\/style>\n<div  class='flex_column av-jslnbita-499bf61de8f7cf1a59166df352d0e660 av_one_full  avia-builder-el-4  el_after_av_one_full  avia-builder-el-last  first no_margin flex_column_div av-zero-column-padding  column-top-margin'     ><style type=\"text\/css\" data-created_by=\"avia_inline_auto\" id=\"style-css-av-jqrt86b2-c3c163fb1783d09444e4ede71062866e\">\n#top .av_textblock_section.av-jqrt86b2-c3c163fb1783d09444e4ede71062866e .avia_textblock{\nfont-size:40px;\ncolor:#ffffff;\n}\n\n@media only screen and (min-width: 768px) and (max-width: 989px){ \n#top .av_textblock_section.av-jqrt86b2-c3c163fb1783d09444e4ede71062866e .avia_textblock{\nfont-size:30px;\n}\n}\n\n@media only screen and (min-width: 480px) and (max-width: 767px){ \n#top .av_textblock_section.av-jqrt86b2-c3c163fb1783d09444e4ede71062866e .avia_textblock{\nfont-size:20px;\n}\n}\n\n@media only screen and (max-width: 479px){ \n#top .av_textblock_section.av-jqrt86b2-c3c163fb1783d09444e4ede71062866e .avia_textblock{\nfont-size:15px;\n}\n}\n<\/style>\n<section  class='av_textblock_section av-jqrt86b2-c3c163fb1783d09444e4ede71062866e '   itemscope=\"itemscope\" itemtype=\"https:\/\/schema.org\/CreativeWork\" ><div class='avia_textblock av_inherit_color'  itemprop=\"text\" ><p style=\"text-align: center;\"><b>Fahrzeugtechnik<\/b><\/p>\n<\/div><\/section><br \/>\n\n<style type=\"text\/css\" data-created_by=\"avia_inline_auto\" id=\"style-css-av-jsltomol-b549dd5b9eb2186df34063a3d5c9dff4\">\n#top .av_textblock_section.av-jsltomol-b549dd5b9eb2186df34063a3d5c9dff4 .avia_textblock{\nfont-size:20px;\ncolor:#ffffff;\n}\n<\/style>\n<section  class='av_textblock_section av-jsltomol-b549dd5b9eb2186df34063a3d5c9dff4 '   itemscope=\"itemscope\" itemtype=\"https:\/\/schema.org\/CreativeWork\" ><div class='avia_textblock av_inherit_color'  itemprop=\"text\" ><p id=\"u1105-7\" style=\"text-align: center;\"><strong>Berufsbildender Unterricht (BU)<\/strong><\/p>\n<p style=\"text-align: center;\">(5. &#8211; 7. Jahr)<\/p>\n<\/div><\/section><\/p><\/div><\/p>\n<\/div><\/div>\n<\/div><div id='after_grid_row_1'  class='main_color av_default_container_wrap container_wrap sidebar_right'  ><div class='container av-section-cont-open' ><div class='template-page content  av-content-small alpha units'><div class='post-entry post-entry-type-page post-entry-13249'><div class='entry-content-wrapper clearfix'>\n\n<style type=\"text\/css\" data-created_by=\"avia_inline_auto\" id=\"style-css-av-jsludwpt-3f55ce64c04eb0556cfb8c8fe5165bf8\">\n.flex_column.av-jsludwpt-3f55ce64c04eb0556cfb8c8fe5165bf8{\nborder-radius:0px 0px 0px 0px;\npadding:0px 0px 0px 0px;\n}\n<\/style>\n<div  class='flex_column av-jsludwpt-3f55ce64c04eb0556cfb8c8fe5165bf8 av_one_full  avia-builder-el-7  el_after_av_layout_row  el_before_av_one_full  avia-builder-el-first  first flex_column_div  '     ><p><section  class='av_textblock_section av-jsltomol-6-7eaae13aee823aafbbfbdd6e24561d30 '   itemscope=\"itemscope\" itemtype=\"https:\/\/schema.org\/CreativeWork\" ><div class='avia_textblock'  itemprop=\"text\" ><p>Ein erfolgreicher Abschluss des 4. Jahres in der Abteilung Elektroinstallation oder in der Abteilung Mechanik bef\u00e4higt den Sch\u00fcler, die Abteilung Fahrzeugtechnik zu besuchen.<\/p>\n<p>Schwerpunkt ist hier die praktische Arbeit, ohne dass jedoch die allgemeinen F\u00e4cher und die theoretischen Grundlagen vernachl\u00e4ssigt werden. Sie gilt als gute Vorbereitung auf einen eher handwerklich ausgerichteten Beruf. Nach Abschluss eines 7. Jahres erh\u00e4lt man auch hier ein Abiturzeugnis.<\/p>\n<\/div><\/section><br \/>\n<section  class='av_textblock_section av-jsltomol-4-b3d2a29896aa7182356b40128e2dca93 '   itemscope=\"itemscope\" itemtype=\"https:\/\/schema.org\/CreativeWork\" ><div class='avia_textblock'  itemprop=\"text\" ><p>In der Kraftfahrzeug-Branche ist seit Langem ein Anstieg elektronischer Bauteile und Systeme zu verzeichnen. Dies hat dazu gef\u00fchrt, dass die bestehenden Berufe Kfz-Mechaniker, Kfz-Elektriker und Automobilmechatroniker zu einem Berufsprofil zusammengelegt wurden: zum Profil des KFZ-Mechatronikers.<\/p>\n<p>Das wiederum erfordert neue diagnostische und probleml\u00f6sende Kompetenzen des Facharbeiters: Hier spiegelt sich die Wechselwirkung der erforderlichen T\u00e4tigkeiten und Komponenten in der Mechanik und Elektrik wider. Neue Technologien und komplexe Systeme l\u00f6sen Montaget\u00e4tigkeiten einzelner Komponenten im Auto ab.<\/p>\n<p>Fahrzeugtechniker f\u00fchren Wartungs- und Instandsetzungsarbeiten selbstst\u00e4ndig und im Team unter Beachtung des Umweltschutzes, der Arbeitssicherheit, des Gesundheitsschutzes und der Qualit\u00e4tssicherung aus. Sie beschaffen sich Informationen und werten sie aus, planen ihre Arbeit und dokumentieren sie. Sie analysieren elektrische, elektronische, mechanische sowie pneumatische und hydraulische Systeme, stellen Fehler und St\u00f6rungen fest und beheben diese. Dabei setzen sie rechnergest\u00fctzte Informations- und Kommunikationssysteme zur Erstellung von Pr\u00fcfprotokollen ein.<\/p>\n<p>Auch hier sind logisches Denken, Fingerfertigkeit, Interesse an Kraftfahrzeugen, Verst\u00e4ndnis f\u00fcr Technik und Elektronik, Sorgfalt, Ausdauer und Zuverl\u00e4ssigkeit, sowie sichere m\u00fcndliche und schriftliche Ausdrucksweise unentbehrlich.<\/p>\n<\/div><\/section><br \/>\n<section  class='av_textblock_section av-jsltomol-3-8871f756a0946c29a98ea951bdcc1452 '   itemscope=\"itemscope\" itemtype=\"https:\/\/schema.org\/CreativeWork\" ><div class='avia_textblock'  itemprop=\"text\" ><p><em>Der Motor l\u00e4uft &#8230; Fahrzeugtechnik mit voller Kraft voraus!<\/em><\/p>\n<\/div><\/section><br \/>\n<section  class='av_textblock_section av-jsltomol-2-48a0645bfdda65234077d9d0c944c640 '   itemscope=\"itemscope\" itemtype=\"https:\/\/schema.org\/CreativeWork\" ><div class='avia_textblock'  itemprop=\"text\" ><p>Du bist hier richtig, wenn:<\/p>\n<ul>\n<li>du handwerklich geschickt bist<\/li>\n<li>du dich f\u00fcr Technik und den Kraftfahrzeug-Beruf interessierst<\/li>\n<\/ul>\n<\/div><\/section><\/p><\/div>\n\n<style type=\"text\/css\" data-created_by=\"avia_inline_auto\" id=\"style-css-av-ixj6e9-7af676c5edce48a99c2df84dbe131818\">\n.flex_column.av-ixj6e9-7af676c5edce48a99c2df84dbe131818{\nborder-radius:0px 0px 0px 0px;\npadding:0px 0px 0px 0px;\n}\n<\/style>\n<div  class='flex_column av-ixj6e9-7af676c5edce48a99c2df84dbe131818 av_one_full  avia-builder-el-12  el_after_av_one_full  avia-builder-el-last  first flex_column_div av-zero-column-padding  column-top-margin'     ><div  class='avia-video av-jwb6ffjn-22f74ca839989f194f0c0fc5558f2822 avia-video-16-9 av-no-preview-image avia-video-load-always av-lazyload-immediate av-lazyload-video-embed'  itemprop=\"video\" itemtype=\"https:\/\/schema.org\/VideoObject\"  data-original_url='https:\/\/youtu.be\/AlbHh7zrcdY'><script type='text\/html' class='av-video-tmpl'><div class='avia-iframe-wrap'><iframe loading=\"lazy\" title=\"BSTI - KFZ\" width=\"1500\" height=\"844\" src=\"https:\/\/www.youtube.com\/embed\/AlbHh7zrcdY?feature=oembed&autoplay=0&loop=0&controls=1&mute=0\" frameborder=\"0\" allow=\"accelerometer; autoplay; encrypted-media; gyroscope; picture-in-picture\" allowfullscreen><\/iframe><\/div><\/script><div class='av-click-to-play-overlay'><div class=\"avia_playpause_icon\"><\/div><\/div><\/div><\/div>\n","protected":false},"excerpt":{"rendered":"","protected":false},"author":4,"featured_media":0,"parent":12629,"menu_order":1,"comment_status":"closed","ping_status":"closed","template":"","meta":{"footnotes":""},"class_list":["post-13249","page","type-page","status-publish","hentry"],"_links":{"self":[{"href":"https:\/\/www.bs-ti.be\/home\/wp-json\/wp\/v2\/pages\/13249","targetHints":{"allow":["GET"]}}],"collection":[{"href":"https:\/\/www.bs-ti.be\/home\/wp-json\/wp\/v2\/pages"}],"about":[{"href":"https:\/\/www.bs-ti.be\/home\/wp-json\/wp\/v2\/types\/page"}],"author":[{"embeddable":true,"href":"https:\/\/www.bs-ti.be\/home\/wp-json\/wp\/v2\/users\/4"}],"replies":[{"embeddable":true,"href":"https:\/\/www.bs-ti.be\/home\/wp-json\/wp\/v2\/comments?post=13249"}],"version-history":[{"count":16,"href":"https:\/\/www.bs-ti.be\/home\/wp-json\/wp\/v2\/pages\/13249\/revisions"}],"predecessor-version":[{"id":22927,"href":"https:\/\/www.bs-ti.be\/home\/wp-json\/wp\/v2\/pages\/13249\/revisions\/22927"}],"up":[{"embeddable":true,"href":"https:\/\/www.bs-ti.be\/home\/wp-json\/wp\/v2\/pages\/12629"}],"wp:attachment":[{"href":"https:\/\/www.bs-ti.be\/home\/wp-json\/wp\/v2\/media?parent=13249"}],"curies":[{"name":"wp","href":"https:\/\/api.w.org\/{rel}","templated":true}]}}