{"id":13348,"date":"2025-02-21T16:00:56","date_gmt":"2025-02-21T15:00:56","guid":{"rendered":"http:\/\/www.bs-ti.be\/home\/?page_id=13348"},"modified":"2025-02-21T16:19:51","modified_gmt":"2025-02-21T15:19:51","slug":"mathematik","status":"publish","type":"page","link":"https:\/\/www.bs-ti.be\/home\/gymnasium\/mathematik\/","title":{"rendered":"Mathematik"},"content":{"rendered":"<div id='av-layout-grid-1'  class='av-layout-grid-container av-1i4o0ch-8a9d204c3fde6df58cea92daafb5a515 entry-content-wrapper main_color av-flex-cells  avia-builder-el-0  el_before_av_one_full  avia-builder-el-first   container_wrap sidebar_right'  >\n\n<style type=\"text\/css\" data-created_by=\"avia_inline_auto\" id=\"style-css-av-jslrebqf-41ea07491f708bf3552647b6947794c3\">\n.flex_cell.av-jslrebqf-41ea07491f708bf3552647b6947794c3{\nvertical-align:top;\n}\n.responsive #top #wrap_all .flex_cell.av-jslrebqf-41ea07491f708bf3552647b6947794c3{\npadding:30px 0px 0px 0px !important;\n}\n<\/style>\n<div class='flex_cell av-jslrebqf-41ea07491f708bf3552647b6947794c3 av-gridrow-cell av_one_full no_margin  avia-builder-el-1  avia-builder-el-no-sibling  content-align-top'  ><div class='flex_cell_inner'><p>\n<style type=\"text\/css\" data-created_by=\"avia_inline_auto\" id=\"style-css-av-417vtt-795c79977eec5eeba7a7cda40fd13c67\">\n.flex_column.av-417vtt-795c79977eec5eeba7a7cda40fd13c67{\nborder-radius:0px 0px 0px 0px;\npadding:0px 0px 0px 0px;\n}\n<\/style>\n<div  class='flex_column av-417vtt-795c79977eec5eeba7a7cda40fd13c67 av_one_full  avia-builder-el-2  el_before_av_one_full  avia-builder-el-first  first flex_column_div av-zero-column-padding  '     ><div  class='avia-slideshow av-jslrcbj5-acf5e14173d2ede4df958eb4d4928e75 avia-slideshow-featured_large av_slideshow avia-slide-slider  avia-builder-el-3  avia-builder-el-no-sibling  av-slideshow-ui av-control-default av-slideshow-manual av-loop-once av-loop-manual-endless av-default-height-applied avia-slideshow-1' data-slideshow-options=\"{&quot;animation&quot;:&quot;slide&quot;,&quot;autoplay&quot;:false,&quot;loop_autoplay&quot;:&quot;once&quot;,&quot;interval&quot;:5,&quot;loop_manual&quot;:&quot;manual-endless&quot;,&quot;autoplay_stopper&quot;:false,&quot;noNavigation&quot;:false,&quot;bg_slider&quot;:false,&quot;keep_padding&quot;:false,&quot;hoverpause&quot;:false,&quot;show_slide_delay&quot;:0}\"  itemprop=\"image\" itemscope=\"itemscope\" itemtype=\"https:\/\/schema.org\/ImageObject\" ><ul class='avia-slideshow-inner ' style='padding-bottom: 20%;'><li  class='avia-slideshow-slide av-jslrcbj5-acf5e14173d2ede4df958eb4d4928e75__0  av-single-slide slide-1 slide-odd'><div data-rel='slideshow-1' class='avia-slide-wrap '   ><img decoding=\"async\" fetchpriority=\"high\" class=\"wp-image-13235 avia-img-lazy-loading-not-13235\"  src=\"https:\/\/www.bs-ti.be\/home\/wp-content\/uploads\/Mathe-1-1500x300.jpg\" width=\"1500\" height=\"300\" title='Mathe' alt=''  itemprop=\"thumbnailUrl\" srcset=\"https:\/\/www.bs-ti.be\/home\/wp-content\/uploads\/Mathe-1.jpg 1500w, https:\/\/www.bs-ti.be\/home\/wp-content\/uploads\/Mathe-1-768x154.jpg 768w, https:\/\/www.bs-ti.be\/home\/wp-content\/uploads\/Mathe-1-705x141.jpg 705w, https:\/\/www.bs-ti.be\/home\/wp-content\/uploads\/Mathe-1-450x90.jpg 450w\" sizes=\"(max-width: 1500px) 100vw, 1500px\" \/><\/div><\/li><\/ul><\/div><\/div>\n<style type=\"text\/css\" data-created_by=\"avia_inline_auto\" id=\"style-css-av-jslnbita-499bf61de8f7cf1a59166df352d0e660\">\n#top .flex_column.av-jslnbita-499bf61de8f7cf1a59166df352d0e660{\nmargin-top:-15%;\nmargin-bottom:0px;\n}\n.flex_column.av-jslnbita-499bf61de8f7cf1a59166df352d0e660{\nborder-radius:0px 0px 0px 0px;\npadding:0px 0px 0px 0px;\nbackground-color:rgba(10,10,10,0.2);\n}\n.responsive #top #wrap_all .flex_column.av-jslnbita-499bf61de8f7cf1a59166df352d0e660{\nmargin-top:-15%;\nmargin-bottom:0px;\n}\n<\/style>\n<div  class='flex_column av-jslnbita-499bf61de8f7cf1a59166df352d0e660 av_one_full  avia-builder-el-4  el_after_av_one_full  avia-builder-el-last  first no_margin flex_column_div av-zero-column-padding  column-top-margin'     ><style type=\"text\/css\" data-created_by=\"avia_inline_auto\" id=\"style-css-av-jqrt86b2-4d1b1b02ab13bb1531b1a42a2046e882\">\n#top .av_textblock_section.av-jqrt86b2-4d1b1b02ab13bb1531b1a42a2046e882 .avia_textblock{\nfont-size:40px;\ncolor:#ffffff;\n}\n\n@media only screen and (min-width: 768px) and (max-width: 989px){ \n#top .av_textblock_section.av-jqrt86b2-4d1b1b02ab13bb1531b1a42a2046e882 .avia_textblock{\nfont-size:30px;\n}\n}\n\n@media only screen and (min-width: 480px) and (max-width: 767px){ \n#top .av_textblock_section.av-jqrt86b2-4d1b1b02ab13bb1531b1a42a2046e882 .avia_textblock{\nfont-size:20px;\n}\n}\n\n@media only screen and (max-width: 479px){ \n#top .av_textblock_section.av-jqrt86b2-4d1b1b02ab13bb1531b1a42a2046e882 .avia_textblock{\nfont-size:15px;\n}\n}\n<\/style>\n<section  class='av_textblock_section av-jqrt86b2-4d1b1b02ab13bb1531b1a42a2046e882 '   itemscope=\"itemscope\" itemtype=\"https:\/\/schema.org\/CreativeWork\" ><div class='avia_textblock av_inherit_color'  itemprop=\"text\" ><p style=\"text-align: center;\"><b>MATHEMATIK<\/b><\/p>\n<\/div><\/section><br \/>\n\n<style type=\"text\/css\" data-created_by=\"avia_inline_auto\" id=\"style-css-av-jsltomol-b549dd5b9eb2186df34063a3d5c9dff4\">\n#top .av_textblock_section.av-jsltomol-b549dd5b9eb2186df34063a3d5c9dff4 .avia_textblock{\nfont-size:20px;\ncolor:#ffffff;\n}\n<\/style>\n<section  class='av_textblock_section av-jsltomol-b549dd5b9eb2186df34063a3d5c9dff4 '   itemscope=\"itemscope\" itemtype=\"https:\/\/schema.org\/CreativeWork\" ><div class='avia_textblock av_inherit_color'  itemprop=\"text\" ><p id=\"u1105-7\" style=\"text-align: center;\"><strong>Allgemeinbildender Unterricht (AU)<\/strong><\/p>\n<p style=\"text-align: center;\">(3. &#8211; 6. Jahr)<\/p>\n<\/div><\/section><\/p><\/div><\/p>\n<\/div><\/div>\n<\/div><div id='after_grid_row_1'  class='main_color av_default_container_wrap container_wrap sidebar_right'  ><div class='container av-section-cont-open' ><div class='template-page content  av-content-small alpha units'><div class='post-entry post-entry-type-page post-entry-13348'><div class='entry-content-wrapper clearfix'>\n\n<style type=\"text\/css\" data-created_by=\"avia_inline_auto\" id=\"style-css-av-jsludwpt-3f55ce64c04eb0556cfb8c8fe5165bf8\">\n.flex_column.av-jsludwpt-3f55ce64c04eb0556cfb8c8fe5165bf8{\nborder-radius:0px 0px 0px 0px;\npadding:0px 0px 0px 0px;\n}\n<\/style>\n<div  class='flex_column av-jsludwpt-3f55ce64c04eb0556cfb8c8fe5165bf8 av_one_full  avia-builder-el-7  el_after_av_layout_row  el_before_av_one_full  avia-builder-el-first  first flex_column_div  '     ><p><section  class='av_textblock_section av-jsltomol-88d1ea60b8d098ad91c6b09a2e564e6d '   itemscope=\"itemscope\" itemtype=\"https:\/\/schema.org\/CreativeWork\" ><div class='avia_textblock'  itemprop=\"text\" ><p>Mathematik tr\u00e4gt und beeinflusst unser heutiges Leben und Denken in immer gr\u00f6\u00dferem Ausma\u00df. Ein solides mathematisches Grundwissen geh\u00f6rt heute wie selbstverst\u00e4ndlich zu jeder guten Allgemeinbildung und ist in vielen Berufssparten unentbehrlich.<\/p>\n<p>Sichere und gut fundierte mathematische Kenntnisse bef\u00e4higen Ingenieure, Techniker, Wissenschaftler, Architekten, Informatiker, Mediziner&#8230;,\u00a0 jederzeit dem Tempo des technischen Fortschritts Folge leisten zu k\u00f6nnen und mit mathematischer Genauigkeit den an sie gestellten Anforderungen gerecht zu werden. Voraussetzung hier ist vor allem eine gute Grundausbildung.<\/p>\n<\/div><\/section><br \/>\n<section  class='av_textblock_section av-jsltomol-36c37a81f62314bf913cfa48451aff43 '   itemscope=\"itemscope\" itemtype=\"https:\/\/schema.org\/CreativeWork\" ><div class='avia_textblock'  itemprop=\"text\" ><p><strong>Mathematik im Leistungskurs: Dein Schl\u00fcssel zur Zukunft!<\/strong><\/p>\n<p>Im Mathematik-Leistungskurs tauchst du 5,7 oder 9 Stunden pro Woche tief in die Welt der Zahlen, Formeln und Strukturen ein \u2013 und das lohnt sich! Mathematik ist nicht nur ein Schulfach, sondern eine zentrale S\u00e4ule der MINT-F\u00e4cher (Mathematik, Informatik, Naturwissenschaften, Technik), die in der heutigen, zunehmend technologisierten Welt immer wichtiger werden. Egal ob es um den Klimawandel, K\u00fcnstliche Intelligenz, die Entwicklung von Impfstoffen oder die Sicherstellung unserer Energieversorgung geht \u2013 Mathematik ist die Grundlage, um komplexe Probleme zu verstehen und innovative L\u00f6sungen zu entwickeln.<\/p>\n<p>In diesen Stunden werden wir gemeinsam lernen, mathematische Methoden auf reale Fragestellungen anzuwenden, Modelle zu entwickeln und analytisch zu denken. Dabei wirst du nicht nur auf das Abitur vorbereitet, sondern auch auf zukunftstr\u00e4chtige Studieng\u00e4nge und Berufe in Wissenschaft, Technik und Wirtschaft. Mathematik schult dein logisches Denken, f\u00f6rdert deine Probleml\u00f6sungsf\u00e4higkeiten und gibt dir das Handwerkszeug, um die Herausforderungen von morgen aktiv mitzugestalten.<\/p>\n<p>Dar\u00fcber hinaus st\u00e4rkt der Mathematikunterricht dein Durchhalteverm\u00f6gen, da viele mathematische Probleme Ausdauer und kreative L\u00f6sungsstrategien erfordern.\u00a0 Diese F\u00e4higkeit, mit Komplexit\u00e4t umzugehen und pr\u00e4zise Entscheidungen zu treffen, ist nicht nur im Beruf, sondern auch im Alltag von unsch\u00e4tzbarem Wert.\u00a0 Egal, ob du dein eigenes Budget verwaltest, Statistiken in den Nachrichten analysierst oder Zinsen berechnest \u2013 Mathematik bereitet dich darauf vor, in einer zunehmend datengetriebenen Welt erfolgreich zu sein.<\/p>\n<p>Wenn du dich f\u00fcr Mathematik als Leistungsfach entscheidest, legst du das Fundament f\u00fcr eine spannende Zukunft in einer Welt, die mehr denn je auf kluge K\u00f6pfe angewiesen ist!<\/p>\n<\/div><\/section><\/p><\/div>\n<style type=\"text\/css\" data-created_by=\"avia_inline_auto\" id=\"style-css-av-idtqck-3162afbc516ac06734b10d144d5e0def\">\n.flex_column.av-idtqck-3162afbc516ac06734b10d144d5e0def{\nborder-radius:0px 0px 0px 0px;\npadding:0px 0px 0px 0px;\n}\n<\/style>\n<div  class='flex_column av-idtqck-3162afbc516ac06734b10d144d5e0def av_one_full  avia-builder-el-10  el_after_av_one_full  avia-builder-el-last  first flex_column_div av-zero-column-padding  column-top-margin'     ><div  class='avia-video av-jwb67ddz-51fa5526bfb20252c83f054ed768d5d9 avia-video-16-9 av-no-preview-image avia-video-load-always av-lazyload-immediate av-lazyload-video-embed'  itemprop=\"video\" itemtype=\"https:\/\/schema.org\/VideoObject\"  data-original_url='https:\/\/youtu.be\/iK78Rb2tZBw'><script type='text\/html' class='av-video-tmpl'><div class='avia-iframe-wrap'><iframe loading=\"lazy\" title=\"BSTI - Mathematik\" width=\"1500\" height=\"844\" src=\"https:\/\/www.youtube.com\/embed\/iK78Rb2tZBw?feature=oembed&autoplay=0&loop=0&controls=1&mute=0\" frameborder=\"0\" allow=\"accelerometer; autoplay; encrypted-media; gyroscope; picture-in-picture\" allowfullscreen><\/iframe><\/div><\/script><div class='av-click-to-play-overlay'><div class=\"avia_playpause_icon\"><\/div><\/div><\/div><\/div><\/p>\n","protected":false},"excerpt":{"rendered":"","protected":false},"author":4,"featured_media":0,"parent":12203,"menu_order":1,"comment_status":"closed","ping_status":"closed","template":"","meta":{"footnotes":""},"class_list":["post-13348","page","type-page","status-publish","hentry"],"_links":{"self":[{"href":"https:\/\/www.bs-ti.be\/home\/wp-json\/wp\/v2\/pages\/13348","targetHints":{"allow":["GET"]}}],"collection":[{"href":"https:\/\/www.bs-ti.be\/home\/wp-json\/wp\/v2\/pages"}],"about":[{"href":"https:\/\/www.bs-ti.be\/home\/wp-json\/wp\/v2\/types\/page"}],"author":[{"embeddable":true,"href":"https:\/\/www.bs-ti.be\/home\/wp-json\/wp\/v2\/users\/4"}],"replies":[{"embeddable":true,"href":"https:\/\/www.bs-ti.be\/home\/wp-json\/wp\/v2\/comments?post=13348"}],"version-history":[{"count":14,"href":"https:\/\/www.bs-ti.be\/home\/wp-json\/wp\/v2\/pages\/13348\/revisions"}],"predecessor-version":[{"id":23081,"href":"https:\/\/www.bs-ti.be\/home\/wp-json\/wp\/v2\/pages\/13348\/revisions\/23081"}],"up":[{"embeddable":true,"href":"https:\/\/www.bs-ti.be\/home\/wp-json\/wp\/v2\/pages\/12203"}],"wp:attachment":[{"href":"https:\/\/www.bs-ti.be\/home\/wp-json\/wp\/v2\/media?parent=13348"}],"curies":[{"name":"wp","href":"https:\/\/api.w.org\/{rel}","templated":true}]}}