{"id":13418,"date":"2025-02-21T16:00:44","date_gmt":"2025-02-21T15:00:44","guid":{"rendered":"http:\/\/www.bs-ti.be\/home\/?page_id=13418"},"modified":"2025-03-10T15:27:59","modified_gmt":"2025-03-10T14:27:59","slug":"naturwissenschaften","status":"publish","type":"page","link":"https:\/\/www.bs-ti.be\/home\/gymnasium\/naturwissenschaften\/","title":{"rendered":"Naturwissenschaften"},"content":{"rendered":"<div id='av-layout-grid-1'  class='av-layout-grid-container av-1i4o0ch-8a9d204c3fde6df58cea92daafb5a515 entry-content-wrapper main_color av-flex-cells  avia-builder-el-0  el_before_av_one_full  avia-builder-el-first   container_wrap sidebar_right'  >\n\n<style type=\"text\/css\" data-created_by=\"avia_inline_auto\" id=\"style-css-av-jslrebqf-41ea07491f708bf3552647b6947794c3\">\n.flex_cell.av-jslrebqf-41ea07491f708bf3552647b6947794c3{\nvertical-align:top;\n}\n.responsive #top #wrap_all .flex_cell.av-jslrebqf-41ea07491f708bf3552647b6947794c3{\npadding:30px 0px 0px 0px !important;\n}\n<\/style>\n<div class='flex_cell av-jslrebqf-41ea07491f708bf3552647b6947794c3 av-gridrow-cell av_one_full no_margin  avia-builder-el-1  avia-builder-el-no-sibling  content-align-top'  ><div class='flex_cell_inner'><p>\n<style type=\"text\/css\" data-created_by=\"avia_inline_auto\" id=\"style-css-av-417vtt-795c79977eec5eeba7a7cda40fd13c67\">\n.flex_column.av-417vtt-795c79977eec5eeba7a7cda40fd13c67{\nborder-radius:0px 0px 0px 0px;\npadding:0px 0px 0px 0px;\n}\n<\/style>\n<div  class='flex_column av-417vtt-795c79977eec5eeba7a7cda40fd13c67 av_one_full  avia-builder-el-2  el_before_av_one_full  avia-builder-el-first  first flex_column_div av-zero-column-padding  '     ><div  class='avia-slideshow av-jslrcbj5-acf5e14173d2ede4df958eb4d4928e75 avia-slideshow-featured_large av_slideshow avia-slide-slider  avia-builder-el-3  avia-builder-el-no-sibling  av-slideshow-ui av-control-default av-slideshow-manual av-loop-once av-loop-manual-endless av-default-height-applied avia-slideshow-1' data-slideshow-options=\"{&quot;animation&quot;:&quot;slide&quot;,&quot;autoplay&quot;:false,&quot;loop_autoplay&quot;:&quot;once&quot;,&quot;interval&quot;:5,&quot;loop_manual&quot;:&quot;manual-endless&quot;,&quot;autoplay_stopper&quot;:false,&quot;noNavigation&quot;:false,&quot;bg_slider&quot;:false,&quot;keep_padding&quot;:false,&quot;hoverpause&quot;:false,&quot;show_slide_delay&quot;:0}\"  itemprop=\"image\" itemscope=\"itemscope\" itemtype=\"https:\/\/schema.org\/ImageObject\" ><ul class='avia-slideshow-inner ' style='padding-bottom: 20%;'><li  class='avia-slideshow-slide av-jslrcbj5-acf5e14173d2ede4df958eb4d4928e75__0  av-single-slide slide-1 slide-odd'><div data-rel='slideshow-1' class='avia-slide-wrap '   ><img decoding=\"async\" fetchpriority=\"high\" class=\"wp-image-13219 avia-img-lazy-loading-not-13219\"  src=\"https:\/\/www.bs-ti.be\/home\/wp-content\/uploads\/Chemie2-2-1500x300.jpg\" width=\"1500\" height=\"300\" title='Chemie2' alt=''  itemprop=\"thumbnailUrl\" srcset=\"https:\/\/www.bs-ti.be\/home\/wp-content\/uploads\/Chemie2-2.jpg 1500w, https:\/\/www.bs-ti.be\/home\/wp-content\/uploads\/Chemie2-2-768x154.jpg 768w, https:\/\/www.bs-ti.be\/home\/wp-content\/uploads\/Chemie2-2-705x141.jpg 705w, https:\/\/www.bs-ti.be\/home\/wp-content\/uploads\/Chemie2-2-450x90.jpg 450w\" sizes=\"(max-width: 1500px) 100vw, 1500px\" \/><\/div><\/li><\/ul><\/div><\/div>\n<style type=\"text\/css\" data-created_by=\"avia_inline_auto\" id=\"style-css-av-jslnbita-499bf61de8f7cf1a59166df352d0e660\">\n#top .flex_column.av-jslnbita-499bf61de8f7cf1a59166df352d0e660{\nmargin-top:-15%;\nmargin-bottom:0px;\n}\n.flex_column.av-jslnbita-499bf61de8f7cf1a59166df352d0e660{\nborder-radius:0px 0px 0px 0px;\npadding:0px 0px 0px 0px;\nbackground-color:rgba(10,10,10,0.2);\n}\n.responsive #top #wrap_all .flex_column.av-jslnbita-499bf61de8f7cf1a59166df352d0e660{\nmargin-top:-15%;\nmargin-bottom:0px;\n}\n<\/style>\n<div  class='flex_column av-jslnbita-499bf61de8f7cf1a59166df352d0e660 av_one_full  avia-builder-el-4  el_after_av_one_full  avia-builder-el-last  first no_margin flex_column_div av-zero-column-padding  column-top-margin'     ><style type=\"text\/css\" data-created_by=\"avia_inline_auto\" id=\"style-css-av-jqrt86b2-4d1b1b02ab13bb1531b1a42a2046e882\">\n#top .av_textblock_section.av-jqrt86b2-4d1b1b02ab13bb1531b1a42a2046e882 .avia_textblock{\nfont-size:40px;\ncolor:#ffffff;\n}\n\n@media only screen and (min-width: 768px) and (max-width: 989px){ \n#top .av_textblock_section.av-jqrt86b2-4d1b1b02ab13bb1531b1a42a2046e882 .avia_textblock{\nfont-size:30px;\n}\n}\n\n@media only screen and (min-width: 480px) and (max-width: 767px){ \n#top .av_textblock_section.av-jqrt86b2-4d1b1b02ab13bb1531b1a42a2046e882 .avia_textblock{\nfont-size:20px;\n}\n}\n\n@media only screen and (max-width: 479px){ \n#top .av_textblock_section.av-jqrt86b2-4d1b1b02ab13bb1531b1a42a2046e882 .avia_textblock{\nfont-size:15px;\n}\n}\n<\/style>\n<section  class='av_textblock_section av-jqrt86b2-4d1b1b02ab13bb1531b1a42a2046e882 '   itemscope=\"itemscope\" itemtype=\"https:\/\/schema.org\/CreativeWork\" ><div class='avia_textblock av_inherit_color'  itemprop=\"text\" ><p style=\"text-align: center;\"><b>NATURWISSENSCHAFTEN<\/b><\/p>\n<\/div><\/section><br \/>\n\n<style type=\"text\/css\" data-created_by=\"avia_inline_auto\" id=\"style-css-av-jsltomol-b549dd5b9eb2186df34063a3d5c9dff4\">\n#top .av_textblock_section.av-jsltomol-b549dd5b9eb2186df34063a3d5c9dff4 .avia_textblock{\nfont-size:20px;\ncolor:#ffffff;\n}\n<\/style>\n<section  class='av_textblock_section av-jsltomol-b549dd5b9eb2186df34063a3d5c9dff4 '   itemscope=\"itemscope\" itemtype=\"https:\/\/schema.org\/CreativeWork\" ><div class='avia_textblock av_inherit_color'  itemprop=\"text\" ><p id=\"u1105-7\" style=\"text-align: center;\"><strong>Allgemeinbildender Unterricht (AU)<\/strong><\/p>\n<p style=\"text-align: center;\">(3. &#8211; 6. Jahr)<\/p>\n<\/div><\/section><\/p><\/div><\/p>\n<\/div><\/div>\n<\/div><div id='after_grid_row_1'  class='main_color av_default_container_wrap container_wrap sidebar_right'  ><div class='container av-section-cont-open' ><div class='template-page content  av-content-small alpha units'><div class='post-entry post-entry-type-page post-entry-13418'><div class='entry-content-wrapper clearfix'>\n<div  class='flex_column av-1mbapd6-78498bb99f0c7fd3a29c94d3a0e381af av_one_full  avia-builder-el-7  el_after_av_layout_row  el_before_av_one_third  avia-builder-el-first  first flex_column_div  '     ><section  class='av_textblock_section av-m7exb1hm-bb54659ce041869a0006aab1ab1ffa5b '   itemscope=\"itemscope\" itemtype=\"https:\/\/schema.org\/CreativeWork\" ><div class='avia_textblock'  itemprop=\"text\" ><h4><strong>Physik, Biologie, Chemie: Die Welt verstehen \u2013 MINT-F\u00e4cher f\u00fcr Deine Zukunft!<\/strong><\/h4>\n<p>Mit den Leistungsf\u00e4chern Physik, Biologie und Chemie tauchst du je 3 Stunden pro Woche tief in den spannende Kosmos der Naturwissenschaften ein. Diese F\u00e4cher stehen im Zentrum der MINT-Disziplinen (Mathematik, Informatik, Naturwissenschaften, Technik) und er\u00f6ffnen dir einzigartige Perspektiven auf die Welt \u2013 von den kleinsten Zellen bis zu den gr\u00f6\u00dften Galaxien. Wenn dich Fragen bewegen wie \u201eWie wirken Impfstoffe?\u201c, \u201eWie k\u00f6nnen wir den Klimawandel bek\u00e4mpfen?\u201c oder \u201eWie funktioniert ein Smartphone-Bildschirm?\u201c, dann sind diese F\u00e4cher genau richtig f\u00fcr dich!<\/p>\n<p>In der **Physik** lernst du die Gesetze der Natur kennen, die unser Universum bestimmen \u2013 von der Quantenmechanik bis zur Astrophysik. **Biologie** zeigt dir, wie das Leben auf unserem Planeten funktioniert, wie Organismen sich entwickeln und wie wir durch die Genetik die Zukunft der Medizin gestalten. **Chemie** erkl\u00e4rt die Materie selbst und liefert Antworten auf Fragen zur Umwelttechnik, Energiegewinnung und neuen Materialien, die unser Leben pr\u00e4gen.<\/p>\n<p>Diese F\u00e4cher sind nicht nur faszinierend, sie sind auch der Schl\u00fcssel, um die gro\u00dfen globalen Herausforderungen unserer Zeit anzugehen \u2013 von der Klimakrise \u00fcber erneuerbare Energien bis hin zur Entwicklung von Technologien, die unser Leben verbessern. Durch die enge Verkn\u00fcpfung dieser drei F\u00e4cher lernst du, interdisziplin\u00e4r zu denken und komplexe Probleme aus verschiedenen Blickwinkeln zu l\u00f6sen.<\/p>\n<p>Mit Physik, Biologie und Chemie legst du den Grundstein f\u00fcr spannende Berufe in Forschung, Technik und Medizin \u2013 und f\u00fcr eine Zukunft, die du mitgestalten kannst!<\/p>\n<p>In gut ausger\u00fcsteten Unterrichts- und Laborr\u00e4umen wird dir eine naturwissenschaftliche Grundbildung in Theorie und Praxis vermittelt.\u00a0 Sie er\u00f6ffnet dir Wege in Natur und Technik und erleichtert den Einstieg in ein Wissenschaftsstudium (Biologie, Chemie, Physik, Medizin, Pharmazie, Agronomie, Ingenieurwesen, Labortechnik, Krankenpflege, Nanotechnologie, Psychologie, Sport, Physiotherapie, &#8230;).<\/p>\n<\/div><\/section><\/div>\n<style type=\"text\/css\" data-created_by=\"avia_inline_auto\" id=\"style-css-av-jsludwpt-3f55ce64c04eb0556cfb8c8fe5165bf8\">\n.flex_column.av-jsludwpt-3f55ce64c04eb0556cfb8c8fe5165bf8{\nborder-radius:0px 0px 0px 0px;\npadding:0px 0px 0px 0px;\n}\n<\/style>\n<div  class='flex_column av-jsludwpt-3f55ce64c04eb0556cfb8c8fe5165bf8 av_one_third  avia-builder-el-9  el_after_av_one_full  el_before_av_one_third  first flex_column_div  column-top-margin'     ><section  class='av_textblock_section av-jsltomol-4-72d7c075b3deb45427fb39123060648d '   itemscope=\"itemscope\" itemtype=\"https:\/\/schema.org\/CreativeWork\" ><div class='avia_textblock'  itemprop=\"text\" ><h4>Physik Leistungskurs: Deine Reise ins Herz der Naturgesetze!<\/h4>\n<p>In unserem Physik-Leistungskurs erwarten dich spannende Entdeckungen und ein tiefes Verst\u00e4ndnis der Kr\u00e4fte, die unsere Welt formen. Wir beginnen mit der Mechanik, erforschen Kr\u00e4fte, Bewegungen und deren Anwendung und nehmen dann den Sprung in die Weiten der Astronomie. Elektrizit\u00e4t und Magnetismus stehen ebenfalls auf dem Plan &#8211; hier lernst du die Grundlagen der Technologien, die unseren Alltag bestimmen. Thermodynamik hilft dir, W\u00e4rme und Temperatur zu verstehen und verbindet dieses Wissen mit aktuellen Themen wie W\u00e4rmed\u00e4mmung und Klimawandel. Wir erkunden die Welt der Wellen und Schwingungen von den faszinierenden Resonanzph\u00e4nomenen in der Musik bis zu den Grundlagen moderner Technik.<\/p>\n<p>Im Physiklabor f\u00fchren wir Experimente durch, die dir zeigen, wie physikalische Gesetze in der Praxis funktionieren. Dabei trainierst du analytisches Denken und sch\u00e4rfst deine F\u00e4higkeit, Probleme methodisch zu l\u00f6sen.<\/p>\n<p>Und das Beste: Der Kurs geht bis an die Grenzen des Bekannten \u2013 von der Relativit\u00e4tstheorie bis zur Kernphysik und zur Quantenphysik mit ihren geheimnisvollen und verbl\u00fcffenden Konzepten, die unser Verst\u00e4ndnis von Raum und Zeit, von Materie und Energie ver\u00e4ndern.<\/p>\n<p>Physik ist nicht nur ein Fach, es ist ein Training f\u00fcr den Geist: Es lehrt dich, pr\u00e4zise zu denken, kritisch zu hinterfragen und L\u00f6sungen kreativ zu entwickeln \u2013 F\u00e4higkeiten, die in Wissenschaft und Technik, aber auch in vielen anderen Lebensbereichen unverzichtbar sind. Starte deine Reise mit uns und werde Teil einer Welt, in der Neugier und Entdeckergeist dein t\u00e4glicher Begleiter sind!<\/p>\n<\/div><\/section><\/div><\/p>\n\n<style type=\"text\/css\" data-created_by=\"avia_inline_auto\" id=\"style-css-av-186b8ay-5a7783b1633cd8c758d222d972787862\">\n.flex_column.av-186b8ay-5a7783b1633cd8c758d222d972787862{\nborder-radius:0px 0px 0px 0px;\npadding:0px 0px 0px 0px;\n}\n<\/style>\n<div  class='flex_column av-186b8ay-5a7783b1633cd8c758d222d972787862 av_one_third  avia-builder-el-11  el_after_av_one_third  el_before_av_one_third  flex_column_div  column-top-margin'     ><section  class='av_textblock_section av-m7excen3-8df5bbd60bdb8fb020e5e760e36eba3d '   itemscope=\"itemscope\" itemtype=\"https:\/\/schema.org\/CreativeWork\" ><div class='avia_textblock'  itemprop=\"text\" ><h4><strong>Chemie im Leistungskurs: Entdecke was die Welt im Innersten zusammenh\u00e4lt!<\/strong><\/h4>\n<p>Mit dem Leistungskurs Chemie begibst du dich w\u00e4hrend drei Stunden pro Woche auf eine faszinierende Reise in die Welt der kleinsten Teilchen, die unser ganzes Leben tagt\u00e4glich beeinflussen. Die Chemie z\u00e4hlt zu den S\u00e4ulen der MINT-F\u00e4cher (Mathematik, Informatik, Naturwissenschaften, Technik) und spielt eine Schl\u00fcsselrolle bei der L\u00f6sung globaler Probleme. Egal, ob es um umweltfreundlichere Industrieprozesse, neuartige Werkstoffe oder die Medizin der Zukunft geht \u2013 Die Chemie ist ein m\u00e4chtiges Werkzeug, um die Welt von morgen zu gestalten.<\/p>\n<p>In diesem Kurs wirst du dich einerseits mit chemischen Konzepten wie Bindungstypen, Reaktionsmechanismen, St\u00f6chiometrie, Thermodynamik und Kinetik auseinandersetzen. Gleichzeitig werden diese Grundlagen ganz konkret in Problemstellungen und realit\u00e4tsnahen \u00dcbungen angewendet und gefestigt. Schlie\u00dflich wirst du in begleiteten Laborstunden eigenh\u00e4ndig experimentieren und die Resultate und Beobachtungen selbst\u00e4ndig auswerten. Dar\u00fcber hinaus wird die Rolle der Chemie in aktuellen und gesellschaftlich relevanten Kontexten beleuchtet: Welche Rolle k\u00f6nnen Akkus oder Brennstoffzellen bei der Energiewende spielen? Wie kann man Industrieprozesse klimafreundlicher gestalten? Wie k\u00f6nnen die Rohstoffe von morgen nachhaltiger gewonnen und eingesetzt werden?<\/p>\n<p>Im Laufe dieses Kurses trainierst du analytisches Denken und eignest dir eine systematische und strukturierte Vorgehensweise bei der L\u00f6sung von Problemen an. Au\u00dferdem \u00fcbst du, fach\u00fcbergreifend Verbindungen zu Physik, Biologie und Technik herzustellen. Mit dem Leistungskurs in Chemie \u00f6ffnest du die T\u00fcr zu einer Vielzahl von Studieng\u00e4ngen und Berufen \u2013 von der Grundlagenforschung \u00fcber angewandte Agrar- und Umwelttechnik bis hin zur pharmazeutischen Industrie. Die Zukunft braucht kluge K\u00f6pfe wie dich, um die Welt auf molekularer Ebene zu verstehen und aktiv mitzugestalten.<\/p>\n<\/div><\/section><\/div>\n\n<style type=\"text\/css\" data-created_by=\"avia_inline_auto\" id=\"style-css-av-ifsgp6-4483e4b28dc124da8ecd1c625b83dc4b\">\n.flex_column.av-ifsgp6-4483e4b28dc124da8ecd1c625b83dc4b{\nborder-radius:0px 0px 0px 0px;\npadding:0px 0px 0px 0px;\n}\n<\/style>\n<div  class='flex_column av-ifsgp6-4483e4b28dc124da8ecd1c625b83dc4b av_one_third  avia-builder-el-13  el_after_av_one_third  el_before_av_one_full  flex_column_div  column-top-margin'     ><section  class='av_textblock_section av-m7exdskj-a42bc58ad9e2971ecb9bcd12036f7208 '   itemscope=\"itemscope\" itemtype=\"https:\/\/schema.org\/CreativeWork\" ><div class='avia_textblock'  itemprop=\"text\" ><h4><strong>Biologie \u2013 Das Fach f\u00fcr Neugierige, Forscher und Denker der Zukunft!<\/strong><\/h4>\n<p>Hast du dich jemals gefragt, wie dein K\u00f6rper eigentlich funktioniert? Warum Pflanzen wachsen? Wie Krankheiten entstehen und geheilt werden k\u00f6nnen? Dann ist das Grundwahlfach <strong>Biologie<\/strong> genau das Richtige f\u00fcr dich!<\/p>\n<p>Biologie ist <strong>die Wissenschaft des Lebens<\/strong>! Hier tauchst du in faszinierende Welten ein : Von den winzigen Zellen in deinem K\u00f6rper bis hin zu gigantischen \u00d6kosystemen auf unserem Planeten. Du lernst, wie dein Gehirn arbeitet, was Gene mit deinem Aussehen zu tun haben und wie wir unsere Umwelt sch\u00fctzen k\u00f6nnen.<\/p>\n<p>Warum solltest du Biologie w\u00e4hlen?<\/p>\n<p><strong>Biologie ist lebensnah <\/strong>\u2013 Du verstehst, wie dein K\u00f6rper funktioniert, wie er sich entwickelt und was alles in ihm vorgeht. Dieses Wissen begleitet dich ein Leben lang.<\/p>\n<p><strong>Biologie ist praxisnah<\/strong> \u2013 Du experimentierst, sezierst und mikroskopierst in direktem Kontakt mit der Materie. Das Entdecken steht im Vordergrund.<\/p>\n<p><strong>Biologie ist wegweisend<\/strong> \u2013 Ob in der Medizin, Forschung oder im Umweltschutz, trage deinen Teil dazu bei und mache den Unterschied.<\/p>\n<p>Vielleicht bist du aber auch einfach ein wissbegieriger Mensch &#8211; <strong>Biologie gibt dir die Grundlagen, um die Welt besser zu verstehen!<\/strong><\/p>\n<p><strong>Entdecke, staune, forsche und gestalte die Zukunft mit !<\/strong><\/p>\n<\/div><\/section><\/div>\n\n<style type=\"text\/css\" data-created_by=\"avia_inline_auto\" id=\"style-css-av-kpcukq-c4f71ae7b9a38879f1ad163c794fb450\">\n.flex_column.av-kpcukq-c4f71ae7b9a38879f1ad163c794fb450{\nborder-radius:0px 0px 0px 0px;\npadding:0px 0px 0px 0px;\n}\n<\/style>\n<div  class='flex_column av-kpcukq-c4f71ae7b9a38879f1ad163c794fb450 av_one_full  avia-builder-el-15  el_after_av_one_third  avia-builder-el-last  first flex_column_div av-zero-column-padding  column-top-margin'     ><div  class='avia-video av-jwb6a60w-800aed735c84fed441b07728f70f130d avia-video-16-9 av-no-preview-image avia-video-load-always av-lazyload-immediate av-lazyload-video-embed'  itemprop=\"video\" itemtype=\"https:\/\/schema.org\/VideoObject\"  data-original_url='https:\/\/youtu.be\/GnbBn1F8zGM'><script type='text\/html' class='av-video-tmpl'><div class='avia-iframe-wrap'><iframe loading=\"lazy\" title=\"BSTI - Naturwissenschaften\" width=\"1500\" height=\"844\" src=\"https:\/\/www.youtube.com\/embed\/GnbBn1F8zGM?feature=oembed&autoplay=0&loop=0&controls=1&mute=0\" frameborder=\"0\" allow=\"accelerometer; autoplay; encrypted-media; gyroscope; picture-in-picture\" allowfullscreen><\/iframe><\/div><\/script><div class='av-click-to-play-overlay'><div class=\"avia_playpause_icon\"><\/div><\/div><\/div><\/div>\n","protected":false},"excerpt":{"rendered":"","protected":false},"author":4,"featured_media":0,"parent":12203,"menu_order":1,"comment_status":"closed","ping_status":"closed","template":"","meta":{"footnotes":""},"class_list":["post-13418","page","type-page","status-publish","hentry"],"_links":{"self":[{"href":"https:\/\/www.bs-ti.be\/home\/wp-json\/wp\/v2\/pages\/13418","targetHints":{"allow":["GET"]}}],"collection":[{"href":"https:\/\/www.bs-ti.be\/home\/wp-json\/wp\/v2\/pages"}],"about":[{"href":"https:\/\/www.bs-ti.be\/home\/wp-json\/wp\/v2\/types\/page"}],"author":[{"embeddable":true,"href":"https:\/\/www.bs-ti.be\/home\/wp-json\/wp\/v2\/users\/4"}],"replies":[{"embeddable":true,"href":"https:\/\/www.bs-ti.be\/home\/wp-json\/wp\/v2\/comments?post=13418"}],"version-history":[{"count":10,"href":"https:\/\/www.bs-ti.be\/home\/wp-json\/wp\/v2\/pages\/13418\/revisions"}],"predecessor-version":[{"id":23097,"href":"https:\/\/www.bs-ti.be\/home\/wp-json\/wp\/v2\/pages\/13418\/revisions\/23097"}],"up":[{"embeddable":true,"href":"https:\/\/www.bs-ti.be\/home\/wp-json\/wp\/v2\/pages\/12203"}],"wp:attachment":[{"href":"https:\/\/www.bs-ti.be\/home\/wp-json\/wp\/v2\/media?parent=13418"}],"curies":[{"name":"wp","href":"https:\/\/api.w.org\/{rel}","templated":true}]}}