{"id":13420,"date":"2019-05-16T10:34:39","date_gmt":"2019-05-16T08:34:39","guid":{"rendered":"http:\/\/www.bs-ti.be\/home\/?page_id=13420"},"modified":"2022-06-06T16:52:07","modified_gmt":"2022-06-06T14:52:07","slug":"geschichte","status":"publish","type":"page","link":"https:\/\/www.bs-ti.be\/home\/gymnasium\/geschichte\/","title":{"rendered":"Geschichte"},"content":{"rendered":"<div id='av-layout-grid-1'  class='av-layout-grid-container av-1i4o0ch-8a9d204c3fde6df58cea92daafb5a515 entry-content-wrapper main_color av-flex-cells  avia-builder-el-0  el_before_av_one_full  avia-builder-el-first   container_wrap sidebar_right'  >\n\n<style type=\"text\/css\" data-created_by=\"avia_inline_auto\" id=\"style-css-av-jslrebqf-41ea07491f708bf3552647b6947794c3\">\n.flex_cell.av-jslrebqf-41ea07491f708bf3552647b6947794c3{\nvertical-align:top;\n}\n.responsive #top #wrap_all .flex_cell.av-jslrebqf-41ea07491f708bf3552647b6947794c3{\npadding:30px 0px 0px 0px !important;\n}\n<\/style>\n<div class='flex_cell av-jslrebqf-41ea07491f708bf3552647b6947794c3 av-gridrow-cell av_one_full no_margin  avia-builder-el-1  avia-builder-el-no-sibling  content-align-top'  ><div class='flex_cell_inner'><p>\n<style type=\"text\/css\" data-created_by=\"avia_inline_auto\" id=\"style-css-av-417vtt-795c79977eec5eeba7a7cda40fd13c67\">\n.flex_column.av-417vtt-795c79977eec5eeba7a7cda40fd13c67{\nborder-radius:0px 0px 0px 0px;\npadding:0px 0px 0px 0px;\n}\n<\/style>\n<div  class='flex_column av-417vtt-795c79977eec5eeba7a7cda40fd13c67 av_one_full  avia-builder-el-2  el_before_av_one_full  avia-builder-el-first  first flex_column_div av-zero-column-padding  '     ><div  class='avia-slideshow av-jslrcbj5-acf5e14173d2ede4df958eb4d4928e75 avia-slideshow-featured_large av_slideshow avia-slide-slider  avia-builder-el-3  avia-builder-el-no-sibling  av-slideshow-ui av-control-default av-slideshow-manual av-loop-once av-loop-manual-endless av-default-height-applied avia-slideshow-1' data-slideshow-options=\"{&quot;animation&quot;:&quot;slide&quot;,&quot;autoplay&quot;:false,&quot;loop_autoplay&quot;:&quot;once&quot;,&quot;interval&quot;:5,&quot;loop_manual&quot;:&quot;manual-endless&quot;,&quot;autoplay_stopper&quot;:false,&quot;noNavigation&quot;:false,&quot;bg_slider&quot;:false,&quot;keep_padding&quot;:false,&quot;hoverpause&quot;:false,&quot;show_slide_delay&quot;:0}\"  itemprop=\"image\" itemscope=\"itemscope\" itemtype=\"https:\/\/schema.org\/ImageObject\" ><ul class='avia-slideshow-inner ' style='padding-bottom: 20%;'><li  class='avia-slideshow-slide av-jslrcbj5-acf5e14173d2ede4df958eb4d4928e75__0  av-single-slide slide-1 slide-odd'><div data-rel='slideshow-1' class='avia-slide-wrap '   ><img decoding=\"async\" fetchpriority=\"high\" class=\"wp-image-13248 avia-img-lazy-loading-not-13248\"  src=\"https:\/\/www.bs-ti.be\/home\/wp-content\/uploads\/Geschichte-1-1500x300.jpg\" width=\"1500\" height=\"300\" title='Geschichte' alt=''  itemprop=\"thumbnailUrl\" srcset=\"https:\/\/www.bs-ti.be\/home\/wp-content\/uploads\/Geschichte-1.jpg 1500w, https:\/\/www.bs-ti.be\/home\/wp-content\/uploads\/Geschichte-1-768x154.jpg 768w, https:\/\/www.bs-ti.be\/home\/wp-content\/uploads\/Geschichte-1-705x141.jpg 705w, https:\/\/www.bs-ti.be\/home\/wp-content\/uploads\/Geschichte-1-450x90.jpg 450w\" sizes=\"(max-width: 1500px) 100vw, 1500px\" \/><\/div><\/li><\/ul><\/div><\/div>\n<style type=\"text\/css\" data-created_by=\"avia_inline_auto\" id=\"style-css-av-jslnbita-499bf61de8f7cf1a59166df352d0e660\">\n#top .flex_column.av-jslnbita-499bf61de8f7cf1a59166df352d0e660{\nmargin-top:-15%;\nmargin-bottom:0px;\n}\n.flex_column.av-jslnbita-499bf61de8f7cf1a59166df352d0e660{\nborder-radius:0px 0px 0px 0px;\npadding:0px 0px 0px 0px;\nbackground-color:rgba(10,10,10,0.2);\n}\n.responsive #top #wrap_all .flex_column.av-jslnbita-499bf61de8f7cf1a59166df352d0e660{\nmargin-top:-15%;\nmargin-bottom:0px;\n}\n<\/style>\n<div  class='flex_column av-jslnbita-499bf61de8f7cf1a59166df352d0e660 av_one_full  avia-builder-el-4  el_after_av_one_full  avia-builder-el-last  first no_margin flex_column_div av-zero-column-padding  column-top-margin'     ><style type=\"text\/css\" data-created_by=\"avia_inline_auto\" id=\"style-css-av-jqrt86b2-4d1b1b02ab13bb1531b1a42a2046e882\">\n#top .av_textblock_section.av-jqrt86b2-4d1b1b02ab13bb1531b1a42a2046e882 .avia_textblock{\nfont-size:40px;\ncolor:#ffffff;\n}\n\n@media only screen and (min-width: 768px) and (max-width: 989px){ \n#top .av_textblock_section.av-jqrt86b2-4d1b1b02ab13bb1531b1a42a2046e882 .avia_textblock{\nfont-size:30px;\n}\n}\n\n@media only screen and (min-width: 480px) and (max-width: 767px){ \n#top .av_textblock_section.av-jqrt86b2-4d1b1b02ab13bb1531b1a42a2046e882 .avia_textblock{\nfont-size:20px;\n}\n}\n\n@media only screen and (max-width: 479px){ \n#top .av_textblock_section.av-jqrt86b2-4d1b1b02ab13bb1531b1a42a2046e882 .avia_textblock{\nfont-size:15px;\n}\n}\n<\/style>\n<section  class='av_textblock_section av-jqrt86b2-4d1b1b02ab13bb1531b1a42a2046e882 '   itemscope=\"itemscope\" itemtype=\"https:\/\/schema.org\/CreativeWork\" ><div class='avia_textblock av_inherit_color'  itemprop=\"text\" ><p style=\"text-align: center;\"><b>GESCHICHTE<\/b><\/p>\n<\/div><\/section><\/div><\/p>\n<\/div><\/div><\/div><div id='after_grid_row_1'  class='main_color av_default_container_wrap container_wrap sidebar_right'  ><div class='container av-section-cont-open' ><div class='template-page content  av-content-small alpha units'><div class='post-entry post-entry-type-page post-entry-13420'><div class='entry-content-wrapper clearfix'>\n<style type=\"text\/css\" data-created_by=\"avia_inline_auto\" id=\"style-css-av-jsludwpt-3f55ce64c04eb0556cfb8c8fe5165bf8\">\n.flex_column.av-jsludwpt-3f55ce64c04eb0556cfb8c8fe5165bf8{\nborder-radius:0px 0px 0px 0px;\npadding:0px 0px 0px 0px;\n}\n<\/style>\n<div  class='flex_column av-jsludwpt-3f55ce64c04eb0556cfb8c8fe5165bf8 av_one_full  avia-builder-el-6  el_after_av_layout_row  el_before_av_one_full  avia-builder-el-first  first flex_column_div  '     ><p><section  class='av_textblock_section av-jsltomol-88d1ea60b8d098ad91c6b09a2e564e6d '   itemscope=\"itemscope\" itemtype=\"https:\/\/schema.org\/CreativeWork\" ><div class='avia_textblock'  itemprop=\"text\" ><p>Das Fach Geschichte ist ab dem 5. Jahr w\u00e4hlbar und umfasst vier Unterrichtsstunden pro Woche. Im Vergleich zum regul\u00e4ren Geschichtsunterricht werden Inhalte und Kompetenzen des Rahmenplans Geschichte vertiefend behandelt.<\/p>\n<p>In thematischer Hinsicht bilden die Ereignisse der zweiten H\u00e4lfte des 19. Jahrhunderts und des kompletten 20. Jahrhunderts den roten Faden des Unterrichts.<\/p>\n<p>Allerdings bietet der Kurs auch Raum f\u00fcr geschichtliche Projekte, die nicht unbedingt auf dem Lehrplan stehen. Diese Projekte gehen nicht selten mit kleineren Studienreisen einher, die sich bei den Sch\u00fcler\/-innen gro\u00dfer Beliebtheit erfreuen. Weiterer Vorteil: Die Lerngruppen sind ziemlich klein, was sich positiv auf die Lernatmosph\u00e4re auswirkt.<\/p>\n<\/div><\/section><br \/>\n<section  class='av_textblock_section av-jsltomol-88d1ea60b8d098ad91c6b09a2e564e6d '   itemscope=\"itemscope\" itemtype=\"https:\/\/schema.org\/CreativeWork\" ><div class='avia_textblock'  itemprop=\"text\" ><p>Hier stehen der Mensch und seine Schaffenskunst im Mittelpunkt. Hierzu z\u00e4hlen nat\u00fcrlich auch Pflichtf\u00e4cher wie Religion (2 Stunden), Erdkunde (1 &#8211; 2 Stunden), Musik (1. Jahr, 1 Stunde), Medienkunde (ab 5. Jahr, 2 Stunden) oder das Erg\u00e4nzungswahlfach Kunst (1. Jahr, 2 Stunden).<\/p>\n<p>Falls der Sch\u00fcler sich besonders f\u00fcr politische, soziale und wirtschaftliche, aber auch kulturelle und religi\u00f6se Hintergr\u00fcnde von Gesellschaften interessiert, dann empfehlen wir den Leistungskurs Geschichte (4 Stunden, ab 5. Jahr). Die kritische Auseinandersetzung mit Geschichtsquellen wird dem Sch\u00fcler helfen, Zusammenh\u00e4nge in Vergangenheit, Gegenwart und Zukunft besser zu begreifen.<\/p>\n<\/div><\/section><\/p><\/div><\/p>\n\n<style type=\"text\/css\" data-created_by=\"avia_inline_auto\" id=\"style-css-av-jsludwpt-3f55ce64c04eb0556cfb8c8fe5165bf8\">\n.flex_column.av-jsludwpt-3f55ce64c04eb0556cfb8c8fe5165bf8{\nborder-radius:0px 0px 0px 0px;\npadding:0px 0px 0px 0px;\n}\n<\/style>\n<div  class='flex_column av-jsludwpt-3f55ce64c04eb0556cfb8c8fe5165bf8 av_one_full  avia-builder-el-9  el_after_av_one_full  el_before_av_hr  first flex_column_div  column-top-margin'     ><section  class='av_textblock_section av-jsltomol-88d1ea60b8d098ad91c6b09a2e564e6d '   itemscope=\"itemscope\" itemtype=\"https:\/\/schema.org\/CreativeWork\" ><div class='avia_textblock'  itemprop=\"text\" ><h4>Kombinierbar (ab dem 5. Jahr) als:<\/h4>\n<p>GESCHICHTE &#8211; LATEIN &#8211; (SPRACHEN)<br \/>GESCHICHTE &#8211; MATHEMATIK &#8211; (SPRACHEN)<br \/>GESCHICHTE &#8211; SPRACHEN<br \/>GESCHICHTE &#8211; NATURWISSENSCHAFTEN &#8211; (SPRACHEN)<\/p>\n<\/div><\/section><\/div>\n\n<style type=\"text\/css\" data-created_by=\"avia_inline_auto\" id=\"style-css-av-jspx5zad-ecad92b0a11451e3effa19951d7f7f3d\">\n#top .hr.hr-invisible.av-jspx5zad-ecad92b0a11451e3effa19951d7f7f3d{\nheight:50px;\n}\n<\/style>\n<div  class='hr av-jspx5zad-ecad92b0a11451e3effa19951d7f7f3d hr-invisible  avia-builder-el-11  el_after_av_one_full  avia-builder-el-last '><span class='hr-inner '><span class=\"hr-inner-style\"><\/span><\/span><\/div>\n","protected":false},"excerpt":{"rendered":"","protected":false},"author":5,"featured_media":0,"parent":12203,"menu_order":1,"comment_status":"closed","ping_status":"closed","template":"","meta":{"footnotes":""},"class_list":["post-13420","page","type-page","status-publish","hentry"],"_links":{"self":[{"href":"https:\/\/www.bs-ti.be\/home\/wp-json\/wp\/v2\/pages\/13420","targetHints":{"allow":["GET"]}}],"collection":[{"href":"https:\/\/www.bs-ti.be\/home\/wp-json\/wp\/v2\/pages"}],"about":[{"href":"https:\/\/www.bs-ti.be\/home\/wp-json\/wp\/v2\/types\/page"}],"author":[{"embeddable":true,"href":"https:\/\/www.bs-ti.be\/home\/wp-json\/wp\/v2\/users\/5"}],"replies":[{"embeddable":true,"href":"https:\/\/www.bs-ti.be\/home\/wp-json\/wp\/v2\/comments?post=13420"}],"version-history":[{"count":6,"href":"https:\/\/www.bs-ti.be\/home\/wp-json\/wp\/v2\/pages\/13420\/revisions"}],"predecessor-version":[{"id":20965,"href":"https:\/\/www.bs-ti.be\/home\/wp-json\/wp\/v2\/pages\/13420\/revisions\/20965"}],"up":[{"embeddable":true,"href":"https:\/\/www.bs-ti.be\/home\/wp-json\/wp\/v2\/pages\/12203"}],"wp:attachment":[{"href":"https:\/\/www.bs-ti.be\/home\/wp-json\/wp\/v2\/media?parent=13420"}],"curies":[{"name":"wp","href":"https:\/\/api.w.org\/{rel}","templated":true}]}}