{"id":14066,"date":"2019-05-28T10:55:10","date_gmt":"2019-05-28T08:55:10","guid":{"rendered":"http:\/\/www.bs-ti.be\/home\/?page_id=14066"},"modified":"2019-05-29T09:52:01","modified_gmt":"2019-05-29T07:52:01","slug":"qualiflex","status":"publish","type":"page","link":"https:\/\/www.bs-ti.be\/home\/teilzeitunterricht\/qualiflex\/","title":{"rendered":"Qualiflex"},"content":{"rendered":"<div id='av-layout-grid-1'  class='av-layout-grid-container av-1i4o0ch-8a9d204c3fde6df58cea92daafb5a515 entry-content-wrapper main_color av-flex-cells  avia-builder-el-0  el_before_av_one_full  avia-builder-el-first   container_wrap sidebar_right'  >\n\n<style type=\"text\/css\" data-created_by=\"avia_inline_auto\" id=\"style-css-av-jslrebqf-41ea07491f708bf3552647b6947794c3\">\n.flex_cell.av-jslrebqf-41ea07491f708bf3552647b6947794c3{\nvertical-align:top;\n}\n.responsive #top #wrap_all .flex_cell.av-jslrebqf-41ea07491f708bf3552647b6947794c3{\npadding:30px 0px 0px 0px !important;\n}\n<\/style>\n<div class='flex_cell av-jslrebqf-41ea07491f708bf3552647b6947794c3 av-gridrow-cell av_one_full no_margin  avia-builder-el-1  avia-builder-el-no-sibling  content-align-top'  ><div class='flex_cell_inner'><p>\n<style type=\"text\/css\" data-created_by=\"avia_inline_auto\" id=\"style-css-av-417vtt-795c79977eec5eeba7a7cda40fd13c67\">\n.flex_column.av-417vtt-795c79977eec5eeba7a7cda40fd13c67{\nborder-radius:0px 0px 0px 0px;\npadding:0px 0px 0px 0px;\n}\n<\/style>\n<div  class='flex_column av-417vtt-795c79977eec5eeba7a7cda40fd13c67 av_one_full  avia-builder-el-2  el_before_av_one_full  avia-builder-el-first  first flex_column_div av-zero-column-padding  '     ><div  class='avia-slideshow av-jslrcbj5-b729a55939381a7d540851aa1157f440 avia-slideshow-no scaling av_slideshow avia-slide-slider  avia-builder-el-3  avia-builder-el-no-sibling  av-slideshow-ui av-control-default av-slideshow-manual av-loop-once av-loop-manual-endless av-default-height-applied avia-slideshow-1' data-slideshow-options=\"{&quot;animation&quot;:&quot;slide&quot;,&quot;autoplay&quot;:false,&quot;loop_autoplay&quot;:&quot;once&quot;,&quot;interval&quot;:5,&quot;loop_manual&quot;:&quot;manual-endless&quot;,&quot;autoplay_stopper&quot;:false,&quot;noNavigation&quot;:false,&quot;bg_slider&quot;:false,&quot;keep_padding&quot;:false,&quot;hoverpause&quot;:false,&quot;show_slide_delay&quot;:0}\"  itemprop=\"image\" itemscope=\"itemscope\" itemtype=\"https:\/\/schema.org\/ImageObject\" ><ul class='avia-slideshow-inner ' style='padding-bottom: 20%;'><li  class='avia-slideshow-slide av-jslrcbj5-b729a55939381a7d540851aa1157f440__0  av-single-slide slide-1 slide-odd'><div data-rel='slideshow-1' class='avia-slide-wrap '   ><img decoding=\"async\" fetchpriority=\"high\" class=\"wp-image-13411 avia-img-lazy-loading-not-13411\"  src=\"https:\/\/www.bs-ti.be\/home\/wp-content\/uploads\/TZU-3.jpg\" width=\"1500\" height=\"300\" title='TZU' alt=''  itemprop=\"thumbnailUrl\" srcset=\"https:\/\/www.bs-ti.be\/home\/wp-content\/uploads\/TZU-3.jpg 1500w, https:\/\/www.bs-ti.be\/home\/wp-content\/uploads\/TZU-3-768x154.jpg 768w, https:\/\/www.bs-ti.be\/home\/wp-content\/uploads\/TZU-3-705x141.jpg 705w, https:\/\/www.bs-ti.be\/home\/wp-content\/uploads\/TZU-3-450x90.jpg 450w\" sizes=\"(max-width: 1500px) 100vw, 1500px\" \/><\/div><\/li><\/ul><\/div><\/div>\n<style type=\"text\/css\" data-created_by=\"avia_inline_auto\" id=\"style-css-av-jslnbita-4e530fc9c82ad743f0f4481c78dcf2d8\">\n#top .flex_column.av-jslnbita-4e530fc9c82ad743f0f4481c78dcf2d8{\nmargin-top:-15%;\nmargin-bottom:0px;\n}\n.flex_column.av-jslnbita-4e530fc9c82ad743f0f4481c78dcf2d8{\nborder-radius:0px 0px 0px 0px;\npadding:0px 0px 0px 0px;\nbackground-color:rgba(10,10,10,0.2);\n}\n.responsive #top #wrap_all .flex_column.av-jslnbita-4e530fc9c82ad743f0f4481c78dcf2d8{\nmargin-top:-15%;\nmargin-bottom:0px;\n}\n<\/style>\n<div  class='flex_column av-jslnbita-4e530fc9c82ad743f0f4481c78dcf2d8 av_one_full  avia-builder-el-4  el_after_av_one_full  avia-builder-el-last  first flex_column_div av-zero-column-padding  column-top-margin'     ><style type=\"text\/css\" data-created_by=\"avia_inline_auto\" id=\"style-css-av-jqrt86b2-4d1b1b02ab13bb1531b1a42a2046e882\">\n#top .av_textblock_section.av-jqrt86b2-4d1b1b02ab13bb1531b1a42a2046e882 .avia_textblock{\nfont-size:40px;\ncolor:#ffffff;\n}\n\n@media only screen and (min-width: 768px) and (max-width: 989px){ \n#top .av_textblock_section.av-jqrt86b2-4d1b1b02ab13bb1531b1a42a2046e882 .avia_textblock{\nfont-size:30px;\n}\n}\n\n@media only screen and (min-width: 480px) and (max-width: 767px){ \n#top .av_textblock_section.av-jqrt86b2-4d1b1b02ab13bb1531b1a42a2046e882 .avia_textblock{\nfont-size:20px;\n}\n}\n\n@media only screen and (max-width: 479px){ \n#top .av_textblock_section.av-jqrt86b2-4d1b1b02ab13bb1531b1a42a2046e882 .avia_textblock{\nfont-size:15px;\n}\n}\n<\/style>\n<section  class='av_textblock_section av-jqrt86b2-4d1b1b02ab13bb1531b1a42a2046e882 '   itemscope=\"itemscope\" itemtype=\"https:\/\/schema.org\/CreativeWork\" ><div class='avia_textblock av_inherit_color'  itemprop=\"text\" ><p style=\"text-align: center;\"><strong>Qualiflex<\/strong><\/p>\n<\/div><\/section><\/div><\/p>\n<\/div><\/div>\n<\/div><div id='after_grid_row_1'  class='main_color av_default_container_wrap container_wrap sidebar_right'  ><div class='container av-section-cont-open' ><div class='template-page content  av-content-small alpha units'><div class='post-entry post-entry-type-page post-entry-14066'><div class='entry-content-wrapper clearfix'>\n\n<style type=\"text\/css\" data-created_by=\"avia_inline_auto\" id=\"style-css-av-1tg52rl-77da312d1dcfc106ccbe6890b76def07\">\n.flex_column.av-1tg52rl-77da312d1dcfc106ccbe6890b76def07{\nborder-radius:0px 0px 0px 0px;\npadding:0px 0px 0px 0px;\n}\n<\/style>\n<div  class='flex_column av-1tg52rl-77da312d1dcfc106ccbe6890b76def07 av_one_full  avia-builder-el-6  el_after_av_layout_row  el_before_av_one_full  avia-builder-el-first  first flex_column_div av-zero-column-padding  '     ><p>\n<style type=\"text\/css\" data-created_by=\"avia_inline_auto\" id=\"style-css-av-jw7onnf8-b05a2f0e5b34a51be9e51e2a6bce6265\">\n#top .av-special-heading.av-jw7onnf8-b05a2f0e5b34a51be9e51e2a6bce6265{\npadding-bottom:10px;\n}\nbody .av-special-heading.av-jw7onnf8-b05a2f0e5b34a51be9e51e2a6bce6265 .av-special-heading-tag .heading-char{\nfont-size:25px;\n}\n.av-special-heading.av-jw7onnf8-b05a2f0e5b34a51be9e51e2a6bce6265 .av-subheading{\nfont-size:15px;\n}\n<\/style>\n<div  class='av-special-heading av-jw7onnf8-b05a2f0e5b34a51be9e51e2a6bce6265 av-special-heading-h3  avia-builder-el-7  el_before_av_textblock  avia-builder-el-first '><h3 class='av-special-heading-tag '  itemprop=\"headline\"  >Qualiflex<\/h3><div class=\"special-heading-border\"><div class=\"special-heading-inner-border\"><\/div><\/div><\/div><br \/>\n<section  class='av_textblock_section av-jqnl7opd-b413064f9dc6077e527919ef0b904376 '   itemscope=\"itemscope\" itemtype=\"https:\/\/schema.org\/CreativeWork\" ><div class='avia_textblock'  itemprop=\"text\" ><p>Qualiflex ist eine Ausbildungsform, in der die Fachkunde von qualifizierten Partnerschulen erteilt wird.<\/p>\n<p>Die allgemeine Bildung, sowie die sozial-p\u00e4dagogische und berufliche Begleitung werden vom TZU \u00fcbernommen. Zeitgleich werden die Sch\u00fcler in einem Betrieb praktisch ausgebildet.<\/p>\n<p>Am Ende der Ausbildung erhalten sie eine Teilqualifizierung.<\/p>\n<\/div><\/section><\/p><\/div>\n\n<style type=\"text\/css\" data-created_by=\"avia_inline_auto\" id=\"style-css-av-12gju4y-e3250981680325d9769f0ed3762ceb2b\">\n.flex_column.av-12gju4y-e3250981680325d9769f0ed3762ceb2b{\nborder-radius:0px 0px 0px 0px;\npadding:0px 0px 0px 0px;\n}\n<\/style>\n<div  class='flex_column av-12gju4y-e3250981680325d9769f0ed3762ceb2b av_one_full  avia-builder-el-9  el_after_av_one_full  avia-builder-el-last  first flex_column_div av-zero-column-padding  column-top-margin'     ><p>\n<style type=\"text\/css\" data-created_by=\"avia_inline_auto\" id=\"style-css-av-av_heading-08806853315ef67ecf321f0bb7e0a647\">\n#top .av-special-heading.av-av_heading-08806853315ef67ecf321f0bb7e0a647{\npadding-bottom:10px;\n}\nbody .av-special-heading.av-av_heading-08806853315ef67ecf321f0bb7e0a647 .av-special-heading-tag .heading-char{\nfont-size:25px;\n}\n.av-special-heading.av-av_heading-08806853315ef67ecf321f0bb7e0a647 .av-subheading{\nfont-size:15px;\n}\n<\/style>\n<div  class='av-special-heading av-av_heading-08806853315ef67ecf321f0bb7e0a647 av-special-heading-h4  avia-builder-el-10  el_before_av_masonry_gallery  avia-builder-el-no-sibling '><h4 class='av-special-heading-tag '  itemprop=\"headline\"  >Unsere Ausbildungspartner sind:<\/h4><div class=\"special-heading-border\"><div class=\"special-heading-inner-border\"><\/div><\/div><\/div><br \/>\n<div id='av-masonry-1' class='av-masonry av-jw7p4n6y-272454af402845ff3ec8c55b6556e1ec noHover av-flex-size av-large-gap av-hover-overlay-active av-masonry-animation- av-masonry-col-flexible av-caption-always av-caption-style- av-masonry-gallery ' data-post_id=\"14066\"><div class=\"av-masonry-container isotope av-js-disabled\"><div class='av-masonry-entry isotope-item av-masonry-item-no-image '><\/div><div id='av-masonry-1-item-14132' data-av-masonry-item='14132' class='av-masonry-entry isotope-item post-14132 attachment type-attachment status-inherit hentry category-allgemein  av-masonry-item-with-image'    itemprop=\"thumbnailUrl\" ><div class='av-inner-masonry-sizer'><\/div><figure class='av-inner-masonry main_color'><div class=\"av-masonry-outerimage-container\"><div class='av-masonry-image-container'  ><img decoding=\"async\" width=\"193\" height=\"109\" fetchpriority=\"high\" class=\"wp-image-14132 avia-img-lazy-loading-not-14132\"  src=\"https:\/\/www.bs-ti.be\/home\/wp-content\/uploads\/MG.jpg\" title=\"MG\" alt=\"\" \/><\/div><\/div><\/figure><\/div><!--end av-masonry entry--><div id='av-masonry-1-item-14131' data-av-masonry-item='14131' class='av-masonry-entry isotope-item post-14131 attachment type-attachment status-inherit hentry category-allgemein  av-masonry-item-with-image'    itemprop=\"thumbnailUrl\" ><div class='av-inner-masonry-sizer'><\/div><figure class='av-inner-masonry main_color'><div class=\"av-masonry-outerimage-container\"><div class='av-masonry-image-container'  ><img decoding=\"async\" width=\"270\" height=\"156\" fetchpriority=\"high\" class=\"wp-image-14131 avia-img-lazy-loading-not-14131\"  src=\"https:\/\/www.bs-ti.be\/home\/wp-content\/uploads\/logo_ZAWM_neu.png\" title=\"Logo ZAWM Neu\" alt=\"\" \/><\/div><\/div><\/figure><\/div><!--end av-masonry entry--><div id='av-masonry-1-item-14130' data-av-masonry-item='14130' class='av-masonry-entry isotope-item post-14130 attachment type-attachment status-inherit hentry category-allgemein  av-masonry-item-with-image'    itemprop=\"thumbnailUrl\" ><div class='av-inner-masonry-sizer'><\/div><figure class='av-inner-masonry main_color'><div class=\"av-masonry-outerimage-container\"><div class='av-masonry-image-container'  ><img decoding=\"async\" width=\"457\" height=\"459\" fetchpriority=\"high\" class=\"wp-image-14130 avia-img-lazy-loading-not-14130\"  src=\"https:\/\/www.bs-ti.be\/home\/wp-content\/uploads\/bsti.png\" title=\"Bsti\" alt=\"\" srcset=\"https:\/\/www.bs-ti.be\/home\/wp-content\/uploads\/bsti.png 457w, https:\/\/www.bs-ti.be\/home\/wp-content\/uploads\/bsti-80x80.png 80w, https:\/\/www.bs-ti.be\/home\/wp-content\/uploads\/bsti-300x300.png 300w, https:\/\/www.bs-ti.be\/home\/wp-content\/uploads\/bsti-36x36.png 36w, https:\/\/www.bs-ti.be\/home\/wp-content\/uploads\/bsti-180x180.png 180w, https:\/\/www.bs-ti.be\/home\/wp-content\/uploads\/bsti-120x120.png 120w, https:\/\/www.bs-ti.be\/home\/wp-content\/uploads\/bsti-450x452.png 450w\" sizes=\"(max-width: 457px) 100vw, 457px\" \/><\/div><\/div><\/figure><\/div><!--end av-masonry entry--><div id='av-masonry-1-item-14129' data-av-masonry-item='14129' class='av-masonry-entry isotope-item post-14129 attachment type-attachment status-inherit hentry category-allgemein  av-masonry-item-with-image'    itemprop=\"thumbnailUrl\" ><div class='av-inner-masonry-sizer'><\/div><figure class='av-inner-masonry main_color'><div class=\"av-masonry-outerimage-container\"><div class='av-masonry-image-container'  ><img decoding=\"async\" width=\"705\" height=\"225\" fetchpriority=\"high\" class=\"wp-image-14129 avia-img-lazy-loading-not-14129\"  src=\"https:\/\/www.bs-ti.be\/home\/wp-content\/uploads\/OSB-Logo_selbstbestimmt-be_Blue_sRGB-705x225.jpg\" title=\"OSB Logo Selbstbestimmt Be Blue SRGB\" alt=\"\" srcset=\"https:\/\/www.bs-ti.be\/home\/wp-content\/uploads\/OSB-Logo_selbstbestimmt-be_Blue_sRGB-705x225.jpg 705w, https:\/\/www.bs-ti.be\/home\/wp-content\/uploads\/OSB-Logo_selbstbestimmt-be_Blue_sRGB-768x245.jpg 768w, https:\/\/www.bs-ti.be\/home\/wp-content\/uploads\/OSB-Logo_selbstbestimmt-be_Blue_sRGB-1500x478.jpg 1500w, https:\/\/www.bs-ti.be\/home\/wp-content\/uploads\/OSB-Logo_selbstbestimmt-be_Blue_sRGB-450x143.jpg 450w\" sizes=\"(max-width: 705px) 100vw, 705px\" \/><\/div><\/div><\/figure><\/div><!--end av-masonry entry--><\/div><\/div><\/p><\/div>\n","protected":false},"excerpt":{"rendered":"","protected":false},"author":4,"featured_media":0,"parent":12636,"menu_order":3,"comment_status":"closed","ping_status":"closed","template":"","meta":{"footnotes":""},"class_list":["post-14066","page","type-page","status-publish","hentry"],"_links":{"self":[{"href":"https:\/\/www.bs-ti.be\/home\/wp-json\/wp\/v2\/pages\/14066","targetHints":{"allow":["GET"]}}],"collection":[{"href":"https:\/\/www.bs-ti.be\/home\/wp-json\/wp\/v2\/pages"}],"about":[{"href":"https:\/\/www.bs-ti.be\/home\/wp-json\/wp\/v2\/types\/page"}],"author":[{"embeddable":true,"href":"https:\/\/www.bs-ti.be\/home\/wp-json\/wp\/v2\/users\/4"}],"replies":[{"embeddable":true,"href":"https:\/\/www.bs-ti.be\/home\/wp-json\/wp\/v2\/comments?post=14066"}],"version-history":[{"count":19,"href":"https:\/\/www.bs-ti.be\/home\/wp-json\/wp\/v2\/pages\/14066\/revisions"}],"predecessor-version":[{"id":19872,"href":"https:\/\/www.bs-ti.be\/home\/wp-json\/wp\/v2\/pages\/14066\/revisions\/19872"}],"up":[{"embeddable":true,"href":"https:\/\/www.bs-ti.be\/home\/wp-json\/wp\/v2\/pages\/12636"}],"wp:attachment":[{"href":"https:\/\/www.bs-ti.be\/home\/wp-json\/wp\/v2\/media?parent=14066"}],"curies":[{"name":"wp","href":"https:\/\/api.w.org\/{rel}","templated":true}]}}