{"id":14073,"date":"2019-05-28T11:14:29","date_gmt":"2019-05-28T09:14:29","guid":{"rendered":"http:\/\/www.bs-ti.be\/home\/?page_id=14073"},"modified":"2021-08-23T10:18:33","modified_gmt":"2021-08-23T08:18:33","slug":"ausserschulisches","status":"publish","type":"page","link":"https:\/\/www.bs-ti.be\/home\/teilzeitunterricht\/ausserschulisches\/","title":{"rendered":"Au\u00dferschulisches"},"content":{"rendered":"<div id='av-layout-grid-1'  class='av-layout-grid-container av-1i4o0ch-8a9d204c3fde6df58cea92daafb5a515 entry-content-wrapper main_color av-flex-cells  avia-builder-el-0  el_before_av_one_full  avia-builder-el-first   container_wrap sidebar_right'  >\n\n<style type=\"text\/css\" data-created_by=\"avia_inline_auto\" id=\"style-css-av-jslrebqf-41ea07491f708bf3552647b6947794c3\">\n.flex_cell.av-jslrebqf-41ea07491f708bf3552647b6947794c3{\nvertical-align:top;\n}\n.responsive #top #wrap_all .flex_cell.av-jslrebqf-41ea07491f708bf3552647b6947794c3{\npadding:30px 0px 0px 0px !important;\n}\n<\/style>\n<div class='flex_cell av-jslrebqf-41ea07491f708bf3552647b6947794c3 av-gridrow-cell av_one_full no_margin  avia-builder-el-1  avia-builder-el-no-sibling  content-align-top'  ><div class='flex_cell_inner'><p>\n<style type=\"text\/css\" data-created_by=\"avia_inline_auto\" id=\"style-css-av-417vtt-795c79977eec5eeba7a7cda40fd13c67\">\n.flex_column.av-417vtt-795c79977eec5eeba7a7cda40fd13c67{\nborder-radius:0px 0px 0px 0px;\npadding:0px 0px 0px 0px;\n}\n<\/style>\n<div  class='flex_column av-417vtt-795c79977eec5eeba7a7cda40fd13c67 av_one_full  avia-builder-el-2  el_before_av_one_full  avia-builder-el-first  first flex_column_div av-zero-column-padding  '     ><div  class='avia-slideshow av-jslrcbj5-acf5e14173d2ede4df958eb4d4928e75 avia-slideshow-featured_large av_slideshow avia-slide-slider  avia-builder-el-3  avia-builder-el-no-sibling  av-slideshow-ui av-control-default av-slideshow-manual av-loop-once av-loop-manual-endless av-default-height-applied avia-slideshow-1' data-slideshow-options=\"{&quot;animation&quot;:&quot;slide&quot;,&quot;autoplay&quot;:false,&quot;loop_autoplay&quot;:&quot;once&quot;,&quot;interval&quot;:5,&quot;loop_manual&quot;:&quot;manual-endless&quot;,&quot;autoplay_stopper&quot;:false,&quot;noNavigation&quot;:false,&quot;bg_slider&quot;:false,&quot;keep_padding&quot;:false,&quot;hoverpause&quot;:false,&quot;show_slide_delay&quot;:0}\"  itemprop=\"image\" itemscope=\"itemscope\" itemtype=\"https:\/\/schema.org\/ImageObject\" ><ul class='avia-slideshow-inner ' style='padding-bottom: 10%;'><li  class='avia-slideshow-slide av-jslrcbj5-acf5e14173d2ede4df958eb4d4928e75__0  av-single-slide slide-1 slide-odd'><div data-rel='slideshow-1' class='avia-slide-wrap '   ><img decoding=\"async\" fetchpriority=\"high\" class=\"wp-image-13184 avia-img-lazy-loading-not-13184\"  src=\"https:\/\/www.bs-ti.be\/home\/wp-content\/uploads\/grauX2.jpg\" width=\"1000\" height=\"100\" title='grauX2' alt=''  itemprop=\"thumbnailUrl\" srcset=\"https:\/\/www.bs-ti.be\/home\/wp-content\/uploads\/grauX2.jpg 1000w, https:\/\/www.bs-ti.be\/home\/wp-content\/uploads\/grauX2-768x77.jpg 768w, https:\/\/www.bs-ti.be\/home\/wp-content\/uploads\/grauX2-705x71.jpg 705w, https:\/\/www.bs-ti.be\/home\/wp-content\/uploads\/grauX2-450x45.jpg 450w\" sizes=\"(max-width: 1000px) 100vw, 1000px\" \/><\/div><\/li><\/ul><\/div><\/div>\n<style type=\"text\/css\" data-created_by=\"avia_inline_auto\" id=\"style-css-av-jslnbita-3e4909338e788d5f9f99ab577c3d9730\">\n#top .flex_column.av-jslnbita-3e4909338e788d5f9f99ab577c3d9730{\nmargin-top:-20%;\nmargin-bottom:0px;\n}\n.flex_column.av-jslnbita-3e4909338e788d5f9f99ab577c3d9730{\nborder-radius:0px 0px 0px 0px;\npadding:0px 0px 0px 0px;\nbackground-color:rgba(10,10,10,0.2);\n}\n.responsive #top #wrap_all .flex_column.av-jslnbita-3e4909338e788d5f9f99ab577c3d9730{\nmargin-top:-20%;\nmargin-bottom:0px;\n}\n<\/style>\n<div  class='flex_column av-jslnbita-3e4909338e788d5f9f99ab577c3d9730 av_one_full  avia-builder-el-4  el_after_av_one_full  avia-builder-el-last  first flex_column_div av-zero-column-padding  column-top-margin'     ><style type=\"text\/css\" data-created_by=\"avia_inline_auto\" id=\"style-css-av-jqrt86b2-fa3fb6217894e53b0b0a733191e1c50f\">\n#top .av_textblock_section.av-jqrt86b2-fa3fb6217894e53b0b0a733191e1c50f .avia_textblock{\nfont-size:40px;\ncolor:#ffffff;\n}\n\n@media only screen and (min-width: 768px) and (max-width: 989px){ \n#top .av_textblock_section.av-jqrt86b2-fa3fb6217894e53b0b0a733191e1c50f .avia_textblock{\nfont-size:30px;\n}\n}\n\n@media only screen and (min-width: 480px) and (max-width: 767px){ \n#top .av_textblock_section.av-jqrt86b2-fa3fb6217894e53b0b0a733191e1c50f .avia_textblock{\nfont-size:20px;\n}\n}\n\n@media only screen and (max-width: 479px){ \n#top .av_textblock_section.av-jqrt86b2-fa3fb6217894e53b0b0a733191e1c50f .avia_textblock{\nfont-size:15px;\n}\n}\n<\/style>\n<section  class='av_textblock_section av-jqrt86b2-fa3fb6217894e53b0b0a733191e1c50f '   itemscope=\"itemscope\" itemtype=\"https:\/\/schema.org\/CreativeWork\" ><div class='avia_textblock av_inherit_color'  itemprop=\"text\" ><p style=\"text-align: center;\">Au\u00dferschulische Aktivit\u00e4ten<\/p>\n<\/div><\/section><\/div><\/p>\n<\/div><\/div><\/div><div id='after_grid_row_1'  class='main_color av_default_container_wrap container_wrap sidebar_right'  ><div class='container av-section-cont-open' ><div class='template-page content  av-content-small alpha units'><div class='post-entry post-entry-type-page post-entry-14073'><div class='entry-content-wrapper clearfix'>\n<style type=\"text\/css\" data-created_by=\"avia_inline_auto\" id=\"style-css-av-1tg52rl-77da312d1dcfc106ccbe6890b76def07\">\n.flex_column.av-1tg52rl-77da312d1dcfc106ccbe6890b76def07{\nborder-radius:0px 0px 0px 0px;\npadding:0px 0px 0px 0px;\n}\n<\/style>\n<div  class='flex_column av-1tg52rl-77da312d1dcfc106ccbe6890b76def07 av_one_full  avia-builder-el-6  el_after_av_layout_row  avia-builder-el-no-sibling  first flex_column_div av-zero-column-padding  '     ><section  class='av_textblock_section av-jqnl7opd-894303e5b8068f19d225f960b4cfb650 '   itemscope=\"itemscope\" itemtype=\"https:\/\/schema.org\/CreativeWork\" ><div class='avia_textblock'  itemprop=\"text\" ><p>Neben \u201erein schulischen\u201c Aktivit\u00e4ten werden auch au\u00dferschulische Aktivit\u00e4ten angeboten. So bieten wir, wenn die sanit\u00e4re Situation es erlaubt, w\u00e4hrend des Schuljahres an:<br \/>&#8211; einen Sporttag f\u00fcr die Sch\u00fcler des 1. und 2. Jahres<br \/>&#8211; diverse Klassenfahrten (f\u00fcr die Sch\u00fcler des 1. bis 4. Jahres)<br \/>&#8211; eine einw\u00f6chige Studienreise f\u00fcr die Sch\u00fcler der 5., 6.und 7. Klassen<br \/>&#8211; Teilnahme an verschiedenen Sch\u00fcleraustauschprojekten<br \/>&#8211; Besinnungstage f\u00fcr die Sch\u00fcler des 5. Jahres<br \/>&#8211; Kino-, Theater- , Opern- und Ausstellungsbesuche<br \/>&#8211; Besuche fachbezogener Ausstellungen<br \/>&#8211; Informationen seitens Kaleido-DG zur Berufswahlfindung<br \/>&#8211; Besuch der Abschlussklassen des \u201eSalon \u00e9tudes et professions\u201c (Information zu Studium und Beruf) in Eupen und L\u00fcttich<br \/>&#8211; erfolgreiche Teilnahme an der Mathe-, Physik- und Chemieolympiade, am Kristallwachstumswettbewerb (Chemie), an verschiedenen Sport-wettk\u00e4mpfen, an der Meca-Trophy, \u2026<br \/>&#8211; Wanderungen f\u00fcr die Sch\u00fcler der 1. und 2. BU-Klassen<br \/>&#8211; Organisation einer Kappensitzung durch die Sch\u00fcler des 5.Jahres<br \/>&#8211; Gestaltung einer Tageszeitung und TV- und Radio-Reportagen im Rahmen des Projektes \u201eJournalist f\u00fcr einen Tag\u201c<br \/>&#8211; Teilnahme an verschiedenen internationalen Projekten<br \/>&#8211; Autorenlesungen<br \/>&#8211; Organisation eines Fu\u00dfball- und Volleyballspiels Lehrer gegen Sch\u00fcler<br \/>&#8211; Verpflichtendes Berufspraktikum f\u00fcr die Sch\u00fcler der 5. 6. und 7. Klassen der TB- und BU- Abteilung w\u00e4hrend des Schuljahres und der Ferien<br \/>&#8211; Projekttage f\u00fcr die Sch\u00fcler sowie \u201eSchule mal anders\u201c<br \/>&#8211; u.v.a.m.<\/p>\n<\/div><\/section><\/div><\/p>\n","protected":false},"excerpt":{"rendered":"","protected":false},"author":5,"featured_media":0,"parent":12636,"menu_order":3,"comment_status":"closed","ping_status":"closed","template":"","meta":{"footnotes":""},"class_list":["post-14073","page","type-page","status-publish","hentry"],"_links":{"self":[{"href":"https:\/\/www.bs-ti.be\/home\/wp-json\/wp\/v2\/pages\/14073","targetHints":{"allow":["GET"]}}],"collection":[{"href":"https:\/\/www.bs-ti.be\/home\/wp-json\/wp\/v2\/pages"}],"about":[{"href":"https:\/\/www.bs-ti.be\/home\/wp-json\/wp\/v2\/types\/page"}],"author":[{"embeddable":true,"href":"https:\/\/www.bs-ti.be\/home\/wp-json\/wp\/v2\/users\/5"}],"replies":[{"embeddable":true,"href":"https:\/\/www.bs-ti.be\/home\/wp-json\/wp\/v2\/comments?post=14073"}],"version-history":[{"count":4,"href":"https:\/\/www.bs-ti.be\/home\/wp-json\/wp\/v2\/pages\/14073\/revisions"}],"predecessor-version":[{"id":19869,"href":"https:\/\/www.bs-ti.be\/home\/wp-json\/wp\/v2\/pages\/14073\/revisions\/19869"}],"up":[{"embeddable":true,"href":"https:\/\/www.bs-ti.be\/home\/wp-json\/wp\/v2\/pages\/12636"}],"wp:attachment":[{"href":"https:\/\/www.bs-ti.be\/home\/wp-json\/wp\/v2\/media?parent=14073"}],"curies":[{"name":"wp","href":"https:\/\/api.w.org\/{rel}","templated":true}]}}