{"id":14308,"date":"2019-06-13T12:34:47","date_gmt":"2019-06-13T10:34:47","guid":{"rendered":"http:\/\/www.bs-ti.be\/home\/?page_id=14308"},"modified":"2025-09-02T07:53:02","modified_gmt":"2025-09-02T05:53:02","slug":"schuelerrat-bsti","status":"publish","type":"page","link":"https:\/\/www.bs-ti.be\/home\/bsti\/schuelerrat-bsti\/","title":{"rendered":"Sch\u00fclerrat BSTI"},"content":{"rendered":"<div id='av-layout-grid-1'  class='av-layout-grid-container av-1i4o0ch-8a9d204c3fde6df58cea92daafb5a515 entry-content-wrapper main_color av-flex-cells  avia-builder-el-0  el_before_av_one_full  avia-builder-el-first   container_wrap sidebar_right'  >\n\n<style type=\"text\/css\" data-created_by=\"avia_inline_auto\" id=\"style-css-av-jslrebqf-41ea07491f708bf3552647b6947794c3\">\n.flex_cell.av-jslrebqf-41ea07491f708bf3552647b6947794c3{\nvertical-align:top;\n}\n.responsive #top #wrap_all .flex_cell.av-jslrebqf-41ea07491f708bf3552647b6947794c3{\npadding:30px 0px 0px 0px !important;\n}\n<\/style>\n<div class='flex_cell av-jslrebqf-41ea07491f708bf3552647b6947794c3 av-gridrow-cell av_one_full no_margin  avia-builder-el-1  avia-builder-el-no-sibling  content-align-top'  ><div class='flex_cell_inner'><p>\n<style type=\"text\/css\" data-created_by=\"avia_inline_auto\" id=\"style-css-av-417vtt-3359b7b6b99720ae5d5d19eb64bb8c62\">\n.flex_column.av-417vtt-3359b7b6b99720ae5d5d19eb64bb8c62{\nborder-radius:0px 0px 0px 0px;\npadding:0px 0px 0px 0px;\n}\n<\/style>\n<div  class='flex_column av-417vtt-3359b7b6b99720ae5d5d19eb64bb8c62 av_one_full  avia-builder-el-2  el_before_av_one_full  avia-builder-el-first  first flex_column_div av-zero-column-padding  '     ><div  class='avia-slideshow av-jslrcbj5-dc003b401be13b8588d3533ae460a9ed avia-slideshow-featured av_slideshow avia-slide-slider  avia-builder-el-3  avia-builder-el-no-sibling  av-slideshow-ui av-control-default av-slideshow-manual av-loop-once av-loop-manual-endless av-default-height-applied avia-slideshow-1' data-slideshow-options=\"{&quot;animation&quot;:&quot;slide&quot;,&quot;autoplay&quot;:false,&quot;loop_autoplay&quot;:&quot;once&quot;,&quot;interval&quot;:5,&quot;loop_manual&quot;:&quot;manual-endless&quot;,&quot;autoplay_stopper&quot;:false,&quot;noNavigation&quot;:false,&quot;bg_slider&quot;:false,&quot;keep_padding&quot;:false,&quot;hoverpause&quot;:false,&quot;show_slide_delay&quot;:0}\"  itemprop=\"image\" itemscope=\"itemscope\" itemtype=\"https:\/\/schema.org\/ImageObject\" ><ul class='avia-slideshow-inner ' style='padding-bottom: 28.666666666667%;'><li  class='avia-slideshow-slide av-jslrcbj5-dc003b401be13b8588d3533ae460a9ed__0  av-single-slide slide-1 slide-odd'><div data-rel='slideshow-1' class='avia-slide-wrap '   ><img decoding=\"async\" fetchpriority=\"high\" class=\"wp-image-14543 avia-img-lazy-loading-not-14543\"  src=\"https:\/\/www.bs-ti.be\/home\/wp-content\/uploads\/Hintergrund_Schuelerrat-e1561986349550-1500x430.jpg\" width=\"1500\" height=\"430\" title='Hintergrund Schuelerrat' alt=''  itemprop=\"thumbnailUrl\"   \/><\/div><\/li><\/ul><\/div><\/div>\n<style type=\"text\/css\" data-created_by=\"avia_inline_auto\" id=\"style-css-av-jvzclbqw-3f14287197f024eb241d2631a1a1aa91\">\n#top .flex_column.av-jvzclbqw-3f14287197f024eb241d2631a1a1aa91{\nmargin-top:-15%;\nmargin-bottom:0px;\n}\n.flex_column.av-jvzclbqw-3f14287197f024eb241d2631a1a1aa91{\nborder-radius:0px 0px 0px 0px;\npadding:0px 0px 0px 0px;\n}\n.responsive #top #wrap_all .flex_column.av-jvzclbqw-3f14287197f024eb241d2631a1a1aa91{\nmargin-top:-15%;\nmargin-bottom:0px;\n}\n<\/style>\n<div  class='flex_column av-jvzclbqw-3f14287197f024eb241d2631a1a1aa91 av_one_full  avia-builder-el-4  el_after_av_one_full  avia-builder-el-last  first flex_column_div av-zero-column-padding  column-top-margin'     ><style type=\"text\/css\" data-created_by=\"avia_inline_auto\" id=\"style-css-av-jqrt86b2-4d1b1b02ab13bb1531b1a42a2046e882\">\n#top .av_textblock_section.av-jqrt86b2-4d1b1b02ab13bb1531b1a42a2046e882 .avia_textblock{\nfont-size:40px;\ncolor:#ffffff;\n}\n\n@media only screen and (min-width: 768px) and (max-width: 989px){ \n#top .av_textblock_section.av-jqrt86b2-4d1b1b02ab13bb1531b1a42a2046e882 .avia_textblock{\nfont-size:30px;\n}\n}\n\n@media only screen and (min-width: 480px) and (max-width: 767px){ \n#top .av_textblock_section.av-jqrt86b2-4d1b1b02ab13bb1531b1a42a2046e882 .avia_textblock{\nfont-size:20px;\n}\n}\n\n@media only screen and (max-width: 479px){ \n#top .av_textblock_section.av-jqrt86b2-4d1b1b02ab13bb1531b1a42a2046e882 .avia_textblock{\nfont-size:15px;\n}\n}\n<\/style>\n<section  class='av_textblock_section av-jqrt86b2-4d1b1b02ab13bb1531b1a42a2046e882 '   itemscope=\"itemscope\" itemtype=\"https:\/\/schema.org\/CreativeWork\" ><div class='avia_textblock av_inherit_color'  itemprop=\"text\" ><p style=\"text-align: center;\"><strong>\u00a0<\/strong><\/p>\n<\/div><\/section><\/div><\/p>\n<\/div><\/div>\n<\/div><div id='after_grid_row_1'  class='main_color av_default_container_wrap container_wrap sidebar_right'  ><div class='container av-section-cont-open' ><div class='template-page content  av-content-small alpha units'><div class='post-entry post-entry-type-page post-entry-14308'><div class='entry-content-wrapper clearfix'>\n\n<style type=\"text\/css\" data-created_by=\"avia_inline_auto\" id=\"style-css-av-1iuzexw-165d821ad8c95cbc776e86dd1d32b830\">\n.flex_column.av-1iuzexw-165d821ad8c95cbc776e86dd1d32b830{\nborder-radius:0px 0px 0px 0px;\npadding:0px 0px 0px 0px;\n}\n<\/style>\n<div  class='flex_column av-1iuzexw-165d821ad8c95cbc776e86dd1d32b830 av_one_full  avia-builder-el-6  el_after_av_layout_row  el_before_av_heading  avia-builder-el-first  first flex_column_div av-zero-column-padding  '     ><p><section  class='av_textblock_section av-jwvx14ui-8e751e1b6f810ef15949de99f3effb7b '   itemscope=\"itemscope\" itemtype=\"https:\/\/schema.org\/CreativeWork\" ><div class='avia_textblock'  itemprop=\"text\" ><p>Wir vom Sch\u00fclerrat halten alle M\u00f6glichkeiten in der Hand, uns f\u00fcr unsere Mitsch\u00fcler einzusetzen. Das tun wir in gleich welchen schulischen Bereichen, und selbst dar\u00fcber hinaus: das Zusammenleben in der Schule, Unterrichte, Freizeitangebote \u2026<\/p>\n<\/div><\/section><br \/>\n<section  class='av_textblock_section av-jwvx14ui-5-1ae9a9cc0626f60b09ccb2fe28e82cbe '   itemscope=\"itemscope\" itemtype=\"https:\/\/schema.org\/CreativeWork\" ><div class='avia_textblock'  itemprop=\"text\" ><p>Seit der Wiedereinf\u00fchrung haben wir viele Ziele erreichen k\u00f6nnen. Wir konnten dabei aus uns herauswachsen und nahmen auch Konflikte in Kauf. Sehr oft k\u00f6nnen wir auch Lehrer, Erzieher, Eltern und Direktoren von unseren Zielen \u00fcberzeugen. Geholfen hat uns auch sicherlich ein spezielles Training mit diesen Schwerpunkten:<\/p>\n<p>Der Sch\u00fclerrat soll als Team:<br \/>\n&#8211; Meinungen anderer ernst nehmen <strong><span style=\"color: #808000;\">&#8211; H\u00d6REN!<\/span><\/strong><br \/>\n&#8211; andere \u00fcberzeugen <strong><span style=\"color: #808000;\">&#8211; REDEN!<\/span><\/strong><br \/>\n&#8211; Projektplanung von A bis Z vornehmen <strong><span style=\"color: #808000;\">&#8211; GESTALTEN!<\/span><\/strong><\/p>\n<p>Jeder Sch\u00fclerjahrgang sowohl der BS als auch des TI entsenden je ein Mitglied in den Rat.<br \/>\nWir organisieren uns dann wie ein klassischer Verein:<\/p>\n<ul>\n<li>Pr\u00e4sident<\/li>\n<li>Schulsprecher<\/li>\n<li>Kassierer sowie Vizekassierer<\/li>\n<li>Schriftf\u00fchrer sowie Vizeschriftf\u00fchrer<\/li>\n<\/ul>\n<p><strong>Es sind schon etliche Projekte ausgef\u00fchrt worden, wie zum Beispiel:<\/strong><\/p>\n<p>&#8211; Teilnahme am P\u00e4dagogischen Rat<br \/>\n&#8211; Die L\u00e4nge der Pr\u00fcfung angemessen zu gestalten<br \/>\n&#8211; Wasserspender im Haupteingang<br \/>\n&#8211; Sensibilisierungskampagne zum Thema \u201eM\u00fcll an unserer Schule\u201c<br \/>\n&#8211; Br\u00f6tchenverkauf<br \/>\n&#8211; Gestaltung der Aufenthaltsr\u00e4ume<br \/>\n&#8211; Sch\u00fclerratsdisko f\u00fcr alle BSTIler<br \/>\n&#8211; Mitwirkung beim Imagefilm der Schule<br \/>\n&#8211; Meinungen der Sch\u00fcler und Sch\u00fclerinnen wiedergeben<br \/>\n&#8211; Projekt Nachhaltigkeit: auff\u00fcllende Trinkflaschen aus Edelstahl f\u00fcr jeden Sch\u00fcler<\/p>\n<\/div><\/section><\/p><\/div>\n\n<style type=\"text\/css\" data-created_by=\"avia_inline_auto\" id=\"style-css-av-lfyy04-01313b6c23408b93a176a5b69a80b927\">\n#top .av-special-heading.av-lfyy04-01313b6c23408b93a176a5b69a80b927{\npadding-bottom:10px;\n}\nbody .av-special-heading.av-lfyy04-01313b6c23408b93a176a5b69a80b927 .av-special-heading-tag .heading-char{\nfont-size:25px;\n}\n.av-special-heading.av-lfyy04-01313b6c23408b93a176a5b69a80b927 .av-subheading{\nfont-size:15px;\n}\n<\/style>\n<div  class='av-special-heading av-lfyy04-01313b6c23408b93a176a5b69a80b927 av-special-heading-h4  avia-builder-el-9  el_after_av_one_full  el_before_av_one_half  av-linked-heading'><h4 class='av-special-heading-tag '  itemprop=\"headline\"  >Funktion und Kriterien des Sch\u00fclerrates<\/h4><div class=\"special-heading-border\"><div class=\"special-heading-inner-border\"><\/div><\/div><\/div>\n\n<style type=\"text\/css\" data-created_by=\"avia_inline_auto\" id=\"style-css-av-2dbpdu-7-b9f3f6afd4ab5329acaf225fb5a5a447\">\n.flex_column.av-2dbpdu-7-b9f3f6afd4ab5329acaf225fb5a5a447{\nborder-radius:0px 0px 0px 0px;\npadding:0px 0px 0px 0px;\n}\n<\/style>\n<div  class='flex_column av-2dbpdu-7-b9f3f6afd4ab5329acaf225fb5a5a447 av_one_half  avia-builder-el-10  el_after_av_heading  el_before_av_one_half  first flex_column_div av-zero-column-padding  '     ><p><section  class='av_textblock_section av-jw0r3w2m-6-08be7c9e6fb2652386f8e29fa2b3810f '   itemscope=\"itemscope\" itemtype=\"https:\/\/schema.org\/CreativeWork\" ><div class='avia_textblock'  itemprop=\"text\" ><p><strong>F\u00fcr die Sch\u00fcler des 1.-3. Jahres<\/strong><\/p>\n<ul>\n<li>Meinungen der Sch\u00fcler und Sch\u00fclerinnen wiedergeben<\/li>\n<li>ein offenes Ohr haben und Streit schlichten<\/li>\n<li>Projekte vorschlagen, durchf\u00fchren<\/li>\n<li>zu einem positiven Schulklima beitragen<\/li>\n<li>Interesse am Leben in der Schule haben<\/li>\n<li>Allen gegen\u00fcber sicher auftreten<\/li>\n<li>\u00fcber Eigeninitiative verf\u00fcgen und im Team arbeiten k\u00f6nnen<\/li>\n<li>zuverl\u00e4ssig arbeiten.<\/li>\n<li>motiviert an Versammlungen teilnehmen.<\/li>\n<\/ul>\n<\/div><\/section><br \/>\n\n<style type=\"text\/css\" data-created_by=\"avia_inline_auto\" id=\"style-css-av-jw0r3w2m-3-c7e8e0f28f1f8217322a7e2ad65cc21b\">\n#top .av_textblock_section.av-jw0r3w2m-3-c7e8e0f28f1f8217322a7e2ad65cc21b .avia_textblock{\nfont-size:18px;\n}\n<\/style>\n<section  class='av_textblock_section av-jw0r3w2m-3-c7e8e0f28f1f8217322a7e2ad65cc21b '   itemscope=\"itemscope\" itemtype=\"https:\/\/schema.org\/CreativeWork\" ><div class='avia_textblock'  itemprop=\"text\" >\n<style type=\"text\/css\" data-created_by=\"avia_inline_auto\" id=\"style-css-av-1czze5g-d609f1e6db2008b64e1676ef7f3f426f\">\n#top .hr.hr-invisible.av-1czze5g-d609f1e6db2008b64e1676ef7f3f426f{\nheight:25px;\n}\n<\/style>\n<div  class='hr av-1czze5g-d609f1e6db2008b64e1676ef7f3f426f hr-invisible  avia-builder-el-13  avia-builder-el-no-sibling '><span class='hr-inner '><span class=\"hr-inner-style\"><\/span><\/span><\/div>\n<p>Wenn wir DEIN Interesse geweckt haben, dann komm doch einfach auf uns zu!<\/p>\n<p><strong><span style=\"color: #808000;\">Lasst uns gemeinsam den Schulalltag ver\u00e4ndern!<\/span><\/strong><\/p>\n<\/div><\/section><\/p><\/div>\n\n<style type=\"text\/css\" data-created_by=\"avia_inline_auto\" id=\"style-css-av-2dbpdu-4-3ba865a39f534a8ba4585c11c22e6bd9\">\n.flex_column.av-2dbpdu-4-3ba865a39f534a8ba4585c11c22e6bd9{\nborder-radius:0px 0px 0px 0px;\npadding:0px 0px 0px 0px;\n}\n<\/style>\n<div  class='flex_column av-2dbpdu-4-3ba865a39f534a8ba4585c11c22e6bd9 av_one_half  avia-builder-el-14  el_after_av_one_half  avia-builder-el-last  flex_column_div av-zero-column-padding  '     ><section  class='av_textblock_section av-jw0r3w2m-2-eff938a90e273f17cc0e831c7f979b12 '   itemscope=\"itemscope\" itemtype=\"https:\/\/schema.org\/CreativeWork\" ><div class='avia_textblock'  itemprop=\"text\" ><p><strong>F\u00fcr die Sch\u00fcler des 4.-7. Jahres<\/strong><\/p>\n<ul>\n<li>Meinungen der Sch\u00fcler und Sch\u00fclerinnen wiedergeben<\/li>\n<li>ein offenes Ohr haben und Streit schlichten<\/li>\n<li>Vorschl\u00e4ge zur Organisation des Schulalltages einbringen<\/li>\n<li>Projekte und Anl\u00e4sse vorschlagen, organisieren, durchf\u00fchren und auswerten k\u00f6nnen<\/li>\n<li>selbst\u00e4ndig Antr\u00e4ge an die Schulleitung stellen<\/li>\n<li>zu einem positiven Schulklima beitragen.<\/li>\n<li>Interesse am Leben in der Schule haben.<\/li>\n<li>Mit Sch\u00fclern, Eltern, Lehrern, Direktoren und anderen verhandeln k\u00f6nnen<\/li>\n<li>ein sehr sicheres Auftreten haben<\/li>\n<li>\u00fcber Eigeninitiative verf\u00fcgen und andere motivieren.<\/li>\n<li>selbstst\u00e4ndig und verantwortungsbewusst arbeiten.<\/li>\n<li>R\u00fcckschl\u00e4ge einstecken k\u00f6nnen bei der Durchsetzung der Interessen des Sch\u00fclerrats.<\/li>\n<li>motiviert an Versammlungen teilnehmen und dabei seine Interessen hinter denen der Sch\u00fcler und des Sch\u00fclerrats stellen<\/li>\n<\/ul>\n<\/div><\/section><\/div>\n","protected":false},"excerpt":{"rendered":"","protected":false},"author":4,"featured_media":0,"parent":12161,"menu_order":6,"comment_status":"closed","ping_status":"closed","template":"","meta":{"footnotes":""},"class_list":["post-14308","page","type-page","status-publish","hentry"],"_links":{"self":[{"href":"https:\/\/www.bs-ti.be\/home\/wp-json\/wp\/v2\/pages\/14308","targetHints":{"allow":["GET"]}}],"collection":[{"href":"https:\/\/www.bs-ti.be\/home\/wp-json\/wp\/v2\/pages"}],"about":[{"href":"https:\/\/www.bs-ti.be\/home\/wp-json\/wp\/v2\/types\/page"}],"author":[{"embeddable":true,"href":"https:\/\/www.bs-ti.be\/home\/wp-json\/wp\/v2\/users\/4"}],"replies":[{"embeddable":true,"href":"https:\/\/www.bs-ti.be\/home\/wp-json\/wp\/v2\/comments?post=14308"}],"version-history":[{"count":63,"href":"https:\/\/www.bs-ti.be\/home\/wp-json\/wp\/v2\/pages\/14308\/revisions"}],"predecessor-version":[{"id":23311,"href":"https:\/\/www.bs-ti.be\/home\/wp-json\/wp\/v2\/pages\/14308\/revisions\/23311"}],"up":[{"embeddable":true,"href":"https:\/\/www.bs-ti.be\/home\/wp-json\/wp\/v2\/pages\/12161"}],"wp:attachment":[{"href":"https:\/\/www.bs-ti.be\/home\/wp-json\/wp\/v2\/media?parent=14308"}],"curies":[{"name":"wp","href":"https:\/\/api.w.org\/{rel}","templated":true}]}}