{"id":14317,"date":"2019-06-14T08:20:16","date_gmt":"2019-06-14T06:20:16","guid":{"rendered":"http:\/\/www.bs-ti.be\/home\/?page_id=14317"},"modified":"2019-07-01T16:12:36","modified_gmt":"2019-07-01T14:12:36","slug":"foodsharing","status":"publish","type":"page","link":"https:\/\/www.bs-ti.be\/home\/bsti\/schuelerrat-bsti\/foodsharing\/","title":{"rendered":"Trinkflasche"},"content":{"rendered":"<div id='av-layout-grid-1'  class='av-layout-grid-container av-1i4o0ch-8a9d204c3fde6df58cea92daafb5a515 entry-content-wrapper main_color av-flex-cells  avia-builder-el-0  el_before_av_one_third  avia-builder-el-first   container_wrap sidebar_right'  >\n\n<style type=\"text\/css\" data-created_by=\"avia_inline_auto\" id=\"style-css-av-jslrebqf-41ea07491f708bf3552647b6947794c3\">\n.flex_cell.av-jslrebqf-41ea07491f708bf3552647b6947794c3{\nvertical-align:top;\n}\n.responsive #top #wrap_all .flex_cell.av-jslrebqf-41ea07491f708bf3552647b6947794c3{\npadding:30px 0px 0px 0px !important;\n}\n<\/style>\n<div class='flex_cell av-jslrebqf-41ea07491f708bf3552647b6947794c3 av-gridrow-cell av_one_full no_margin  avia-builder-el-1  avia-builder-el-no-sibling  content-align-top'  ><div class='flex_cell_inner'><p>\n<style type=\"text\/css\" data-created_by=\"avia_inline_auto\" id=\"style-css-av-417vtt-3359b7b6b99720ae5d5d19eb64bb8c62\">\n.flex_column.av-417vtt-3359b7b6b99720ae5d5d19eb64bb8c62{\nborder-radius:0px 0px 0px 0px;\npadding:0px 0px 0px 0px;\n}\n<\/style>\n<div  class='flex_column av-417vtt-3359b7b6b99720ae5d5d19eb64bb8c62 av_one_full  avia-builder-el-2  el_before_av_one_full  avia-builder-el-first  first flex_column_div av-zero-column-padding  '     ><div  class='avia-slideshow av-jslrcbj5-b729a55939381a7d540851aa1157f440 avia-slideshow-no scaling av_slideshow avia-slide-slider  avia-builder-el-3  avia-builder-el-no-sibling  av-slideshow-ui av-control-default av-slideshow-manual av-loop-once av-loop-manual-endless av-default-height-applied avia-slideshow-1' data-slideshow-options=\"{&quot;animation&quot;:&quot;slide&quot;,&quot;autoplay&quot;:false,&quot;loop_autoplay&quot;:&quot;once&quot;,&quot;interval&quot;:5,&quot;loop_manual&quot;:&quot;manual-endless&quot;,&quot;autoplay_stopper&quot;:false,&quot;noNavigation&quot;:false,&quot;bg_slider&quot;:false,&quot;keep_padding&quot;:false,&quot;hoverpause&quot;:false,&quot;show_slide_delay&quot;:0}\"  itemprop=\"image\" itemscope=\"itemscope\" itemtype=\"https:\/\/schema.org\/ImageObject\" ><ul class='avia-slideshow-inner ' style='padding-bottom: 31.25%;'><li  class='avia-slideshow-slide av-jslrcbj5-b729a55939381a7d540851aa1157f440__0  av-single-slide slide-1 slide-odd'><div data-rel='slideshow-1' class='avia-slide-wrap '   ><img decoding=\"async\" fetchpriority=\"high\" class=\"wp-image-14398 avia-img-lazy-loading-not-14398\"  src=\"https:\/\/www.bs-ti.be\/home\/wp-content\/uploads\/Wasser-2-e1560520818566.jpg\" width=\"960\" height=\"300\" title='Wasser' alt=''  itemprop=\"thumbnailUrl\" srcset=\"https:\/\/www.bs-ti.be\/home\/wp-content\/uploads\/Wasser-2-e1560520818566.jpg 960w, https:\/\/www.bs-ti.be\/home\/wp-content\/uploads\/Wasser-2-e1560520818566-768x240.jpg 768w, https:\/\/www.bs-ti.be\/home\/wp-content\/uploads\/Wasser-2-e1560520818566-705x220.jpg 705w, https:\/\/www.bs-ti.be\/home\/wp-content\/uploads\/Wasser-2-e1560520818566-450x141.jpg 450w\" sizes=\"(max-width: 960px) 100vw, 960px\" \/><\/div><\/li><\/ul><\/div><\/div>\n<style type=\"text\/css\" data-created_by=\"avia_inline_auto\" id=\"style-css-av-jvzclbqw-bf22258a6c740b5148f9e45259f6191d\">\n#top .flex_column.av-jvzclbqw-bf22258a6c740b5148f9e45259f6191d{\nmargin-top:-15%;\nmargin-bottom:0px;\n}\n.flex_column.av-jvzclbqw-bf22258a6c740b5148f9e45259f6191d{\nborder-radius:0px 0px 0px 0px;\npadding:0px 0px 0px 0px;\nbackground-color:rgba(10,10,10,0.2);\n}\n.responsive #top #wrap_all .flex_column.av-jvzclbqw-bf22258a6c740b5148f9e45259f6191d{\nmargin-top:-15%;\nmargin-bottom:0px;\n}\n<\/style>\n<div  class='flex_column av-jvzclbqw-bf22258a6c740b5148f9e45259f6191d av_one_full  avia-builder-el-4  el_after_av_one_full  avia-builder-el-last  first flex_column_div av-zero-column-padding  column-top-margin'     ><style type=\"text\/css\" data-created_by=\"avia_inline_auto\" id=\"style-css-av-jqrt86b2-4d1b1b02ab13bb1531b1a42a2046e882\">\n#top .av_textblock_section.av-jqrt86b2-4d1b1b02ab13bb1531b1a42a2046e882 .avia_textblock{\nfont-size:40px;\ncolor:#ffffff;\n}\n\n@media only screen and (min-width: 768px) and (max-width: 989px){ \n#top .av_textblock_section.av-jqrt86b2-4d1b1b02ab13bb1531b1a42a2046e882 .avia_textblock{\nfont-size:30px;\n}\n}\n\n@media only screen and (min-width: 480px) and (max-width: 767px){ \n#top .av_textblock_section.av-jqrt86b2-4d1b1b02ab13bb1531b1a42a2046e882 .avia_textblock{\nfont-size:20px;\n}\n}\n\n@media only screen and (max-width: 479px){ \n#top .av_textblock_section.av-jqrt86b2-4d1b1b02ab13bb1531b1a42a2046e882 .avia_textblock{\nfont-size:15px;\n}\n}\n<\/style>\n<section  class='av_textblock_section av-jqrt86b2-4d1b1b02ab13bb1531b1a42a2046e882 '   itemscope=\"itemscope\" itemtype=\"https:\/\/schema.org\/CreativeWork\" ><div class='avia_textblock av_inherit_color'  itemprop=\"text\" ><p style=\"text-align: center;\">Wasser gut, alles gut!<\/p>\n<\/div><\/section><\/div><\/p>\n<\/div><\/div>\n<\/div><div id='after_grid_row_1'  class='main_color av_default_container_wrap container_wrap sidebar_right'  ><div class='container av-section-cont-open' ><div class='template-page content  av-content-small alpha units'><div class='post-entry post-entry-type-page post-entry-14317'><div class='entry-content-wrapper clearfix'>\n\n<style type=\"text\/css\" data-created_by=\"avia_inline_auto\" id=\"style-css-av-z6hkr9-b74702aaf2ec66e0745179db172b5c39\">\n.flex_column.av-z6hkr9-b74702aaf2ec66e0745179db172b5c39{\nborder-radius:0px 0px 0px 0px;\npadding:0px 0px 0px 0px;\n}\n<\/style>\n<div  class='flex_column av-z6hkr9-b74702aaf2ec66e0745179db172b5c39 av_one_third  avia-builder-el-6  el_after_av_layout_row  el_before_av_one_third  avia-builder-el-first  first flex_column_div av-zero-column-padding  '     ><style type=\"text\/css\" data-created_by=\"avia_inline_auto\" id=\"style-css-av-jwvq7j82-d59e7975e690f971608a6d66763e0c18\">\n.avia-image-container.av-jwvq7j82-d59e7975e690f971608a6d66763e0c18 img.avia_image{\nbox-shadow:none;\n}\n.avia-image-container.av-jwvq7j82-d59e7975e690f971608a6d66763e0c18 .av-image-caption-overlay-center{\ncolor:#ffffff;\n}\n<\/style>\n<div  class='avia-image-container av-jwvq7j82-d59e7975e690f971608a6d66763e0c18 av-styling- avia-align-center  avia-builder-el-7  avia-builder-el-no-sibling '   itemprop=\"image\" itemscope=\"itemscope\" itemtype=\"https:\/\/schema.org\/ImageObject\" ><div class=\"avia-image-container-inner\"><div class=\"avia-image-overlay-wrap\"><img decoding=\"async\" fetchpriority=\"high\" class='wp-image-14345 avia-img-lazy-loading-not-14345 avia_image ' src=\"https:\/\/www.bs-ti.be\/home\/wp-content\/uploads\/Trinkflasche.jpg\" alt='' title='Trinkflasche'  height=\"1024\" width=\"582\"  itemprop=\"thumbnailUrl\" srcset=\"https:\/\/www.bs-ti.be\/home\/wp-content\/uploads\/Trinkflasche.jpg 582w, https:\/\/www.bs-ti.be\/home\/wp-content\/uploads\/Trinkflasche-401x705.jpg 401w, https:\/\/www.bs-ti.be\/home\/wp-content\/uploads\/Trinkflasche-450x792.jpg 450w\" sizes=\"(max-width: 582px) 100vw, 582px\" \/><\/div><\/div><\/div><\/div>\n\n<style type=\"text\/css\" data-created_by=\"avia_inline_auto\" id=\"style-css-av-z6hkr9-485c0d22e6ceb4651be0b87e23a0d9e8\">\n.flex_column.av-z6hkr9-485c0d22e6ceb4651be0b87e23a0d9e8{\nborder-radius:0px 0px 0px 0px;\npadding:0px 0px 0px 0px;\n}\n<\/style>\n<div  class='flex_column av-z6hkr9-485c0d22e6ceb4651be0b87e23a0d9e8 av_one_third  avia-builder-el-8  el_after_av_one_third  el_before_av_one_third  flex_column_div av-zero-column-padding  '     ><p><br \/>\n\n<style type=\"text\/css\" data-created_by=\"avia_inline_auto\" id=\"style-css-av-lv7n3h-4198f350faf099c5ca37b68da8708d80\">\n#top .av_textblock_section.av-lv7n3h-4198f350faf099c5ca37b68da8708d80 .avia_textblock{\nfont-size:16px;\n}\n<\/style>\n<section  class='av_textblock_section av-lv7n3h-4198f350faf099c5ca37b68da8708d80 '   itemscope=\"itemscope\" itemtype=\"https:\/\/schema.org\/CreativeWork\" ><div class='avia_textblock'  itemprop=\"text\" ><p>Wer kennt dieses Problem nicht:<br \/>\n\u201eAb der 4. Stunde ist kein Wasser mehr in meiner Trinkflasche.\u201c Und dann muss ich den Rest des Tages durstig bleiben, wobei doch jeder sagt: \u201eTrinkt genug!\u201c\u00a0 Ja, toll, wenn aber meine Trinkflasche leer ist, was nun?<\/p>\n<p>Diese Frage stellte sich der Sch\u00fclerrat und seitdem ist in der Eingangshalle der BS <strong><span style=\"color: #800080;\">ein Wasserspender<\/span> <\/strong>aufzufinden.<\/p>\n<p>Aber das ist noch nicht alles &#8230; zum Projekt Nachhaltigkeit gibt es jetzt auch <strong><span style=\"color: #800080;\">auff\u00fcllbare Trinkflaschen aus Edelstahl f\u00fcr jeden Sch\u00fcler!<\/span><\/strong><\/p>\n<\/div><\/section><br \/>\n\n<style type=\"text\/css\" data-created_by=\"avia_inline_auto\" id=\"style-css-av-jwvsbkme-9137abaa954aa3a77369f91b9657bf95\">\n.avia-image-container.av-jwvsbkme-9137abaa954aa3a77369f91b9657bf95 img.avia_image{\nbox-shadow:none;\n}\n.avia-image-container.av-jwvsbkme-9137abaa954aa3a77369f91b9657bf95 .av-image-caption-overlay-center{\ncolor:#ffffff;\n}\n<\/style>\n<div  class='avia-image-container av-jwvsbkme-9137abaa954aa3a77369f91b9657bf95 av-styling- avia-align-center  avia-builder-el-11  el_after_av_textblock  avia-builder-el-last '   itemprop=\"image\" itemscope=\"itemscope\" itemtype=\"https:\/\/schema.org\/ImageObject\" ><div class=\"avia-image-container-inner\"><div class=\"avia-image-overlay-wrap\"><img decoding=\"async\" fetchpriority=\"high\" class='wp-image-14324 avia-img-lazy-loading-not-14324 avia_image ' src=\"https:\/\/www.bs-ti.be\/home\/wp-content\/uploads\/Gruppenfoto-300x300.jpg\" alt='' title='Gruppenfoto'  height=\"300\" width=\"300\"  itemprop=\"thumbnailUrl\" srcset=\"https:\/\/www.bs-ti.be\/home\/wp-content\/uploads\/Gruppenfoto-300x300.jpg 300w, https:\/\/www.bs-ti.be\/home\/wp-content\/uploads\/Gruppenfoto-80x80.jpg 80w, https:\/\/www.bs-ti.be\/home\/wp-content\/uploads\/Gruppenfoto-36x36.jpg 36w, https:\/\/www.bs-ti.be\/home\/wp-content\/uploads\/Gruppenfoto-180x180.jpg 180w, https:\/\/www.bs-ti.be\/home\/wp-content\/uploads\/Gruppenfoto-120x120.jpg 120w, https:\/\/www.bs-ti.be\/home\/wp-content\/uploads\/Gruppenfoto-450x450.jpg 450w\" sizes=\"(max-width: 300px) 100vw, 300px\" \/><\/div><\/div><\/div><\/p><\/div>\n<style type=\"text\/css\" data-created_by=\"avia_inline_auto\" id=\"style-css-av-z6hkr9-485c0d22e6ceb4651be0b87e23a0d9e8\">\n.flex_column.av-z6hkr9-485c0d22e6ceb4651be0b87e23a0d9e8{\nborder-radius:0px 0px 0px 0px;\npadding:0px 0px 0px 0px;\n}\n<\/style>\n<div  class='flex_column av-z6hkr9-485c0d22e6ceb4651be0b87e23a0d9e8 av_one_third  avia-builder-el-12  el_after_av_one_third  avia-builder-el-last  flex_column_div av-zero-column-padding  '     ><style type=\"text\/css\" data-created_by=\"avia_inline_auto\" id=\"style-css-av-jwvq7j82-b051b3a01f7426d2229dd98402b06f14\">\n.avia-image-container.av-jwvq7j82-b051b3a01f7426d2229dd98402b06f14 img.avia_image{\nbox-shadow:none;\n}\n.avia-image-container.av-jwvq7j82-b051b3a01f7426d2229dd98402b06f14 .av-image-caption-overlay-center{\ncolor:#ffffff;\n}\n<\/style>\n<div  class='avia-image-container av-jwvq7j82-b051b3a01f7426d2229dd98402b06f14 av-styling- avia-align-center  avia-builder-el-13  avia-builder-el-no-sibling '   itemprop=\"image\" itemscope=\"itemscope\" itemtype=\"https:\/\/schema.org\/ImageObject\" ><div class=\"avia-image-container-inner\"><div class=\"avia-image-overlay-wrap\"><img decoding=\"async\" fetchpriority=\"high\" class='wp-image-14344 avia-img-lazy-loading-not-14344 avia_image ' src=\"https:\/\/www.bs-ti.be\/home\/wp-content\/uploads\/Trinkflasche_Pr\u00e4sentation.jpg\" alt='' title='Trinkflasche Pr\u00e4sentation'  height=\"1118\" width=\"522\"  itemprop=\"thumbnailUrl\" srcset=\"https:\/\/www.bs-ti.be\/home\/wp-content\/uploads\/Trinkflasche_Pr\u00e4sentation.jpg 522w, https:\/\/www.bs-ti.be\/home\/wp-content\/uploads\/Trinkflasche_Pr\u00e4sentation-329x705.jpg 329w, https:\/\/www.bs-ti.be\/home\/wp-content\/uploads\/Trinkflasche_Pr\u00e4sentation-450x964.jpg 450w\" sizes=\"(max-width: 522px) 100vw, 522px\" \/><\/div><\/div><\/div><\/div><\/p>\n","protected":false},"excerpt":{"rendered":"","protected":false},"author":5,"featured_media":0,"parent":14308,"menu_order":6,"comment_status":"closed","ping_status":"closed","template":"","meta":{"footnotes":""},"class_list":["post-14317","page","type-page","status-publish","hentry"],"_links":{"self":[{"href":"https:\/\/www.bs-ti.be\/home\/wp-json\/wp\/v2\/pages\/14317","targetHints":{"allow":["GET"]}}],"collection":[{"href":"https:\/\/www.bs-ti.be\/home\/wp-json\/wp\/v2\/pages"}],"about":[{"href":"https:\/\/www.bs-ti.be\/home\/wp-json\/wp\/v2\/types\/page"}],"author":[{"embeddable":true,"href":"https:\/\/www.bs-ti.be\/home\/wp-json\/wp\/v2\/users\/5"}],"replies":[{"embeddable":true,"href":"https:\/\/www.bs-ti.be\/home\/wp-json\/wp\/v2\/comments?post=14317"}],"version-history":[{"count":30,"href":"https:\/\/www.bs-ti.be\/home\/wp-json\/wp\/v2\/pages\/14317\/revisions"}],"predecessor-version":[{"id":18962,"href":"https:\/\/www.bs-ti.be\/home\/wp-json\/wp\/v2\/pages\/14317\/revisions\/18962"}],"up":[{"embeddable":true,"href":"https:\/\/www.bs-ti.be\/home\/wp-json\/wp\/v2\/pages\/14308"}],"wp:attachment":[{"href":"https:\/\/www.bs-ti.be\/home\/wp-json\/wp\/v2\/media?parent=14317"}],"curies":[{"name":"wp","href":"https:\/\/api.w.org\/{rel}","templated":true}]}}