{"id":14778,"date":"2019-07-03T09:35:18","date_gmt":"2019-07-03T07:35:18","guid":{"rendered":"http:\/\/www.bs-ti.be\/home\/?page_id=14778"},"modified":"2019-07-03T10:16:55","modified_gmt":"2019-07-03T08:16:55","slug":"studienreise-ti","status":"publish","type":"page","link":"https:\/\/www.bs-ti.be\/home\/bsti\/studienreise-ti\/","title":{"rendered":"Studienreise TI"},"content":{"rendered":"<div id='av-layout-grid-1'  class='av-layout-grid-container av-1i4o0ch-8a9d204c3fde6df58cea92daafb5a515 entry-content-wrapper main_color av-flex-cells  avia-builder-el-0  el_before_av_textblock  avia-builder-el-first   container_wrap sidebar_right'  >\n\n<style type=\"text\/css\" data-created_by=\"avia_inline_auto\" id=\"style-css-av-jslrebqf-41ea07491f708bf3552647b6947794c3\">\n.flex_cell.av-jslrebqf-41ea07491f708bf3552647b6947794c3{\nvertical-align:top;\n}\n.responsive #top #wrap_all .flex_cell.av-jslrebqf-41ea07491f708bf3552647b6947794c3{\npadding:30px 0px 0px 0px !important;\n}\n<\/style>\n<div class='flex_cell av-jslrebqf-41ea07491f708bf3552647b6947794c3 av-gridrow-cell av_one_full no_margin  avia-builder-el-1  avia-builder-el-no-sibling  content-align-top'  ><div class='flex_cell_inner'><p>\n<style type=\"text\/css\" data-created_by=\"avia_inline_auto\" id=\"style-css-av-417vtt-47b388905e656b912d011425b96f11b6\">\n.flex_column.av-417vtt-47b388905e656b912d011425b96f11b6{\nborder-radius:0px 0px 0px 0px;\npadding:0px 0px 0px 0px;\n}\n<\/style>\n<div  class='flex_column av-417vtt-47b388905e656b912d011425b96f11b6 av_one_full  avia-builder-el-2  el_before_av_one_full  avia-builder-el-first  first flex_column_div av-zero-column-padding  '     ><div  class='avia-slideshow av-jslrcbj5-b729a55939381a7d540851aa1157f440 avia-slideshow-no scaling av_slideshow avia-slide-slider  avia-builder-el-3  avia-builder-el-no-sibling  av-slideshow-ui av-control-default av-slideshow-manual av-loop-once av-loop-manual-endless avia-slideshow-1' data-slideshow-options=\"{&quot;animation&quot;:&quot;slide&quot;,&quot;autoplay&quot;:false,&quot;loop_autoplay&quot;:&quot;once&quot;,&quot;interval&quot;:5,&quot;loop_manual&quot;:&quot;manual-endless&quot;,&quot;autoplay_stopper&quot;:false,&quot;noNavigation&quot;:false,&quot;bg_slider&quot;:false,&quot;keep_padding&quot;:false,&quot;hoverpause&quot;:false,&quot;show_slide_delay&quot;:0}\"  itemprop=\"image\" itemscope=\"itemscope\" itemtype=\"https:\/\/schema.org\/ImageObject\" ><ul class='avia-slideshow-inner ' ><\/ul><\/div><\/div>\n<style type=\"text\/css\" data-created_by=\"avia_inline_auto\" id=\"style-css-av-jvzclbqw-33cce7d739c4032623f2ec5f72bdf7ef\">\n#top .flex_column.av-jvzclbqw-33cce7d739c4032623f2ec5f72bdf7ef{\nmargin-top:-15%;\nmargin-bottom:0%;\n}\n.flex_column.av-jvzclbqw-33cce7d739c4032623f2ec5f72bdf7ef{\nborder-radius:0px 0px 0px 0px;\npadding:0px 0px 0px 0px;\nbackground-color:rgba(10,10,10,0.2);\n}\n.responsive #top #wrap_all .flex_column.av-jvzclbqw-33cce7d739c4032623f2ec5f72bdf7ef{\nmargin-top:-15%;\nmargin-bottom:0%;\n}\n<\/style>\n<div  class='flex_column av-jvzclbqw-33cce7d739c4032623f2ec5f72bdf7ef av_one_full  avia-builder-el-4  el_after_av_one_full  avia-builder-el-last  first flex_column_div av-zero-column-padding  column-top-margin'     ><style type=\"text\/css\" data-created_by=\"avia_inline_auto\" id=\"style-css-av-jqrt86b2-4d1b1b02ab13bb1531b1a42a2046e882\">\n#top .av_textblock_section.av-jqrt86b2-4d1b1b02ab13bb1531b1a42a2046e882 .avia_textblock{\nfont-size:40px;\ncolor:#ffffff;\n}\n\n@media only screen and (min-width: 768px) and (max-width: 989px){ \n#top .av_textblock_section.av-jqrt86b2-4d1b1b02ab13bb1531b1a42a2046e882 .avia_textblock{\nfont-size:30px;\n}\n}\n\n@media only screen and (min-width: 480px) and (max-width: 767px){ \n#top .av_textblock_section.av-jqrt86b2-4d1b1b02ab13bb1531b1a42a2046e882 .avia_textblock{\nfont-size:20px;\n}\n}\n\n@media only screen and (max-width: 479px){ \n#top .av_textblock_section.av-jqrt86b2-4d1b1b02ab13bb1531b1a42a2046e882 .avia_textblock{\nfont-size:15px;\n}\n}\n<\/style>\n<section  class='av_textblock_section av-jqrt86b2-4d1b1b02ab13bb1531b1a42a2046e882 '   itemscope=\"itemscope\" itemtype=\"https:\/\/schema.org\/CreativeWork\" ><div class='avia_textblock av_inherit_color'  itemprop=\"text\" ><p style=\"text-align: center;\">Studienreise TI<\/p>\n<\/div><\/section><\/div><\/p>\n<\/div><\/div>\n<\/div><div id='after_grid_row_1'  class='main_color av_default_container_wrap container_wrap sidebar_right'  ><div class='container av-section-cont-open' ><div class='template-page content  av-content-small alpha units'><div class='post-entry post-entry-type-page post-entry-14778'><div class='entry-content-wrapper clearfix'>\n<section  class='av_textblock_section av-jqnl7opd-b413064f9dc6077e527919ef0b904376 '   itemscope=\"itemscope\" itemtype=\"https:\/\/schema.org\/CreativeWork\" ><div class='avia_textblock'  itemprop=\"text\" ><p>An einem fr\u00fchen Sonntagmorgen im Mai starteten wir, das hei\u00dft, eine Sch\u00fclerin, sechsundf\u00fcnfzig Sch\u00fcler und sechs Lehrpersonen gut gelaunt in ein neues Abenteuer. Dieses Jahr standen zwei Gro\u00dfst\u00e4dte, Berlin und Hamburg, auf unserem Programm. Unser erstes Ziel sollte die Hauptstadt Deutschlands sein. Gegen Mittag erreichten wir die Metropole, wo uns sonniges Fr\u00fchlingswetter erwartete. Als Erstes sahen wir uns den Berliner Hauptbahnhof an, der sich am Spreebogen befindet und als modernster Kreuzungsbahnhof der Welt gilt. Von dort aus ging es zum Gel\u00e4nde vor dem Reichstag, wo wir uns versammelten, um die Reichstagskuppel zu besteigen. Die Aussicht von der Dachterrasse gew\u00e4hrte uns einen Gesamtblick \u00fcber die Gr\u00f6\u00dfe und das Ausma\u00df der Bundeshauptstadt mit ihrer gr\u00fcnen Lunge, dem Tiergarten. Auch andere Sehensw\u00fcrdigkeiten stachen ins Auge \u2013 somit hatten wir einen guten \u00dcberblick dar\u00fcber, was Berlin alles zu bieten hat. Au\u00dferdem erholten wir uns \u00fcber den D\u00e4chern Berlins von den Strapazen der langen Fahrt, indem wir etwas Sonne tankten.<\/p>\n<\/div><\/section>\n\n<style type=\"text\/css\" data-created_by=\"avia_inline_auto\" id=\"style-css-av-z6hkr9-b74702aaf2ec66e0745179db172b5c39\">\n.flex_column.av-z6hkr9-b74702aaf2ec66e0745179db172b5c39{\nborder-radius:0px 0px 0px 0px;\npadding:0px 0px 0px 0px;\n}\n<\/style>\n<div  class='flex_column av-z6hkr9-b74702aaf2ec66e0745179db172b5c39 av_one_third  avia-builder-el-7  el_after_av_textblock  el_before_av_one_third  first flex_column_div av-zero-column-padding  column-top-margin'     ><section  class='av_textblock_section av-jw62erk8-2dc477360546af014a225cb8952e1bd5 '   itemscope=\"itemscope\" itemtype=\"https:\/\/schema.org\/CreativeWork\" ><div class='avia_textblock'  itemprop=\"text\" ><p>Als N\u00e4chstes spazierten wir zum Technikmuseum. Der Weg dorthin f\u00fchrte am Brandenburger Tor vorbei, Mittelpunkt zweier ber\u00fchmter Stra\u00dfen. Schaut man entlang der \u201eStra\u00dfe des 17. Juni\u201c, so erkennt man in der Ferne die Siegess\u00e4ule. Auf der anderen Seite des Tors schlie\u00dft an den Pariser Platz mit dem \u201eHotel Adlon\u201c der Boulevard \u201eUnter den Linden\u201c an.  Die beeindruckende Architektur wirkte noch auf uns ein, w\u00e4hrend wir schon auf ein anderes Monument \u201estie\u00dfen\u201c: 2 711 graue Betonstelen bilden zusammen das Holocaust-Mahnmal: ein Ort der Erinnerung an die Opfer des Holocausts. Sichtlich beeindruckt davon n\u00e4herten wir uns nun dem \u201ePotsdamer Platz\u201c mit der Daimler-Chrysler-City und dem Sony-Center. Unser Spaziergang endete dann am Technikmuseum, wo jeder nach Herzenslust das Museum erkunden konnte.  Das Science Center Spectrum, neben dem Museum, lud zum Experimentieren<br \/>\nund Erforschen ein. Elektrizit\u00e4t und Magnetismus, Musik und H\u00f6ren sowie Mechanik und Bewegung sind nur einige der Teilgebiete, zu denen Stationen angeboten werden. Nach einem wirklich beeindruckenden ersten Tag checkten wir abends im Hotel ein und genossen dann etwas sp\u00e4ter ein \u00fcppiges Abendessen im indischen Restaurant \u201eAmrit\u201c.<\/p>\n<\/div><\/section><\/div>\n\n<style type=\"text\/css\" data-created_by=\"avia_inline_auto\" id=\"style-css-av-1tg52rl-99918a325cfc866f131f470440c96b88\">\n.flex_column.av-1tg52rl-99918a325cfc866f131f470440c96b88{\nborder-radius:0px 0px 0px 0px;\npadding:0px 0px 0px 0px;\n}\n<\/style>\n<div  class='flex_column av-1tg52rl-99918a325cfc866f131f470440c96b88 av_one_third  avia-builder-el-9  el_after_av_one_third  el_before_av_one_third  flex_column_div av-zero-column-padding  column-top-margin'     ><p><section  class='av_textblock_section av-jw62erk8-2dc477360546af014a225cb8952e1bd5 '   itemscope=\"itemscope\" itemtype=\"https:\/\/schema.org\/CreativeWork\" ><div class='avia_textblock'  itemprop=\"text\" ><p><img loading=\"lazy\" decoding=\"async\" class=\"aligncenter wp-image-14779 size-medium\" src=\"https:\/\/www.bs-ti.be\/home\/wp-content\/uploads\/Gruppenfoto-2-300x300.jpg\" alt=\"\" width=\"300\" height=\"300\" srcset=\"https:\/\/www.bs-ti.be\/home\/wp-content\/uploads\/Gruppenfoto-2-300x300.jpg 300w, https:\/\/www.bs-ti.be\/home\/wp-content\/uploads\/Gruppenfoto-2-80x80.jpg 80w, https:\/\/www.bs-ti.be\/home\/wp-content\/uploads\/Gruppenfoto-2-36x36.jpg 36w, https:\/\/www.bs-ti.be\/home\/wp-content\/uploads\/Gruppenfoto-2-180x180.jpg 180w, https:\/\/www.bs-ti.be\/home\/wp-content\/uploads\/Gruppenfoto-2-120x120.jpg 120w, https:\/\/www.bs-ti.be\/home\/wp-content\/uploads\/Gruppenfoto-2-450x450.jpg 450w\" sizes=\"auto, (max-width: 300px) 100vw, 300px\" \/><\/p>\n<\/div><\/section><br \/>\n<section  class='av_textblock_section av-jw62erk8-2dc477360546af014a225cb8952e1bd5 '   itemscope=\"itemscope\" itemtype=\"https:\/\/schema.org\/CreativeWork\" ><div class='avia_textblock'  itemprop=\"text\" ><p><img loading=\"lazy\" decoding=\"async\" class=\"alignnone size-full wp-image-14817\" src=\"https:\/\/www.bs-ti.be\/home\/wp-content\/uploads\/HolocaustMahnmal.jpg\" alt=\"\" width=\"960\" height=\"640\" srcset=\"https:\/\/www.bs-ti.be\/home\/wp-content\/uploads\/HolocaustMahnmal.jpg 960w, https:\/\/www.bs-ti.be\/home\/wp-content\/uploads\/HolocaustMahnmal-768x512.jpg 768w, https:\/\/www.bs-ti.be\/home\/wp-content\/uploads\/HolocaustMahnmal-705x470.jpg 705w, https:\/\/www.bs-ti.be\/home\/wp-content\/uploads\/HolocaustMahnmal-450x300.jpg 450w, https:\/\/www.bs-ti.be\/home\/wp-content\/uploads\/HolocaustMahnmal-272x182.jpg 272w\" sizes=\"auto, (max-width: 960px) 100vw, 960px\" \/><\/p>\n<\/div><\/section><\/p><\/div>\n<style type=\"text\/css\" data-created_by=\"avia_inline_auto\" id=\"style-css-av-o9hcc5-39d627cfb163f34da6873c05b97c7481\">\n.flex_column.av-o9hcc5-39d627cfb163f34da6873c05b97c7481{\nborder-radius:0px 0px 0px 0px;\npadding:0px 0px 0px 0px;\n}\n<\/style>\n<div  class='flex_column av-o9hcc5-39d627cfb163f34da6873c05b97c7481 av_one_third  avia-builder-el-12  el_after_av_one_third  el_before_av_two_third  flex_column_div av-zero-column-padding  column-top-margin'     ><section  class='av_textblock_section av-jqnl7opd-b413064f9dc6077e527919ef0b904376 '   itemscope=\"itemscope\" itemtype=\"https:\/\/schema.org\/CreativeWork\" ><div class='avia_textblock'  itemprop=\"text\" ><p>Am n\u00e4chsten Morgen besuchten wir das DDR-Museum. Dort konnten wir selbst aktiv werden und mit allen Sinnen in den sozialistischen Alltag eintauchen. Ein Trabi, bestimmte Gebrauchsgegenst\u00e4nde, B\u00fcckware (Waren, die nur unter dem Ladentisch zu bekommen war), die Freizeitgestaltung sowie die Verh\u00f6rmethoden der damaligen Zeit sind nur einige Dinge, die das allgemeine Interesse weckten.<\/p>\n<p>Nachmittags fuhren wir mit dem Bus zum Bahnhof Zoo. Auf eigene Faust erkundeten die Sch\u00fcler in Kleingruppen den westlichen Teil der Stadt. Bei einer Stadtrallye brachten sie Interessantes zu verschiedenen Besichtigungspunkten in Erfahrung und machten originelle Selfies. Zu den Besichtigungspunkten geh\u00f6rten das Theater des Westens, der Delphi-Filmpalast, der Savigny-Platz, Szene-Ort und beliebteste Wohngegend Berlins, der Kurf\u00fcrstendamm mit der Kaiser-Wilhelm-Ged\u00e4chtniskirche, das KaDeWe sowie der Breitscheidplatz mit dem Weltkugelbrunnen. Im Braugasthaus \u201eDolden M\u00e4del\u201c nahmen wir das Abendessen zu uns.<\/p>\n<\/div><\/section><\/div><\/p>\n\n<style type=\"text\/css\" data-created_by=\"avia_inline_auto\" id=\"style-css-av-o9hcc5-e30ebdce5296ea5cb678eeccef275480\">\n.flex_column.av-o9hcc5-e30ebdce5296ea5cb678eeccef275480{\nborder-radius:0px 0px 0px 0px;\npadding:0px 0px 0px 0px;\n}\n<\/style>\n<div  class='flex_column av-o9hcc5-e30ebdce5296ea5cb678eeccef275480 av_two_third  avia-builder-el-14  el_after_av_one_third  el_before_av_one_third  first flex_column_div av-zero-column-padding  column-top-margin'     ><section  class='av_textblock_section av-jqnl7opd-b413064f9dc6077e527919ef0b904376 '   itemscope=\"itemscope\" itemtype=\"https:\/\/schema.org\/CreativeWork\" ><div class='avia_textblock'  itemprop=\"text\" ><p>Unseren letzten Tag in Berlin verbrachten wir vorwiegend in drei Untergruppen. Drei verschiedene Aktivit\u00e4ten standen zur Wahl: Das BMW Motorradwerk Spandau, die Ausstellung K\u00f6rperwelten im Menschen Museum und der Besuch im deutschen Spionage Museum. F\u00fcr die BWM Begeisterten ging es durch verschiedene Hallen: Von der Fertigung der Motoren- und Rahmenteile \u00fcber zu den Motoren, die auf Laufb\u00e4ndern zusammengebaut und getestet werden, bis hin zur finalen Zusammensetzung der Motorr\u00e4der.  Im Spionage Museum konnten wir nach einer kleinen F\u00fchrung selbst die Welt des Spionierens mit zum Teil raffinierten und skurrilen Methoden erkunden. Im Menschenmuseum sahen wir 200 einzigartige Plastinate, die uns leicht verst\u00e4ndliches Wissen \u00fcber einzelne Organfunktionen vermittelten sowie Einblicke in die Strukturen des K\u00f6rperinnern gew\u00e4hrten.  Nachmittags \u201etauchten wir unter\u201c in die \u201eBerliner Unterwelten\u201c.  Wir besichtigten eine Bunkeranalage f\u00fcr den Zivilschutz, fuhren mit der U-Bahn zum benachbarten U-Bahnhof und konnten uns dort ansehen, wie ein moderner Bunker im Falle eines Atomkriegs funktioniert h\u00e4tte.  Das weitere Programm f\u00fchrte uns wieder in den Stadtteil \u201eBerlin Mitte\u201c, wo wir zuerst auf dem Alexanderplatz den Fernsehturm bestaunten.  Dann flanierten wir entlang des Roten Rathauses, Sitz des regierenden Oberb\u00fcrgermeisters, und betrachteten den Neptunbrunnen und die Marienkirche, Berlins \u00e4lteste Kirche.  Weiter ging es \u00fcber die Museumsinsel mit Blick auf den Berliner Dom und den Lustgarten.  Unsere F\u00fchrung brachte uns dann auf die Stra\u00dfe \u201eUnter den Linden\u201c mit der Neuen Wache, der Humboldt-Universit\u00e4t, dem Denkmal Friedrichs des Gro\u00dfen und dem Bebelplatz, der auch Ort der B\u00fccherverbrennung im Jahre 1933 war.  Heute erinnern das \u201eDenkmal der versunkenen Bibliothek\u201c und eine Gedenkplatte mit einem Zitat von Heinrich Heine an die Gr\u00e4ueltaten dieser Zeit.  Nach einer kurzen Zeit des Innehaltens kamen wir zum Gendarmenmarkt mit dem Deutschen und dem Franz\u00f6sischen Dom.  Dann erreichten wir die Friedrichsstra\u00dfe, die heute wieder zu den Prachtboulevards z\u00e4hlt.  Am Ende dieser Stra\u00dfe sieht man den originalgetreuen Nachbau des Checkpoint Charlie, Kontrollpunkt zwischen dem amerikanischen und russischen Sektor w\u00e4hrend der Zeit des Kalten Krieges.  Etwas ersch\u00f6pft, nach circa 15 km Fu\u00dfmarsch, waren wir froh, eine Erholungspause einlegen zu k\u00f6nnen. Unser letzter Abend in Berlin endete mit einem typischen Berliner Essen im Traditionsrestaurant \u201eDicke Wirtin\u201c.<\/p>\n<\/div><\/section><\/div>\n\n<style type=\"text\/css\" data-created_by=\"avia_inline_auto\" id=\"style-css-av-z6hkr9-485c0d22e6ceb4651be0b87e23a0d9e8\">\n.flex_column.av-z6hkr9-485c0d22e6ceb4651be0b87e23a0d9e8{\nborder-radius:0px 0px 0px 0px;\npadding:0px 0px 0px 0px;\n}\n<\/style>\n<div  class='flex_column av-z6hkr9-485c0d22e6ceb4651be0b87e23a0d9e8 av_one_third  avia-builder-el-16  el_after_av_two_third  el_before_av_one_third  flex_column_div av-zero-column-padding  column-top-margin'     ><p><section  class='av_textblock_section av-jw62erk8-2dc477360546af014a225cb8952e1bd5 '   itemscope=\"itemscope\" itemtype=\"https:\/\/schema.org\/CreativeWork\" ><div class='avia_textblock'  itemprop=\"text\" ><p><img loading=\"lazy\" decoding=\"async\" class=\"alignnone size-full wp-image-14781\" src=\"https:\/\/www.bs-ti.be\/home\/wp-content\/uploads\/Berliner-Dom.jpg\" alt=\"\" width=\"904\" height=\"615\" srcset=\"https:\/\/www.bs-ti.be\/home\/wp-content\/uploads\/Berliner-Dom.jpg 904w, https:\/\/www.bs-ti.be\/home\/wp-content\/uploads\/Berliner-Dom-768x522.jpg 768w, https:\/\/www.bs-ti.be\/home\/wp-content\/uploads\/Berliner-Dom-705x480.jpg 705w, https:\/\/www.bs-ti.be\/home\/wp-content\/uploads\/Berliner-Dom-450x306.jpg 450w\" sizes=\"auto, (max-width: 904px) 100vw, 904px\" \/><\/p>\n<\/div><\/section><br \/>\n<section  class='av_textblock_section av-jw62erk8-2dc477360546af014a225cb8952e1bd5 '   itemscope=\"itemscope\" itemtype=\"https:\/\/schema.org\/CreativeWork\" ><div class='avia_textblock'  itemprop=\"text\" ><p><img loading=\"lazy\" decoding=\"async\" class=\"alignnone size-full wp-image-14812\" src=\"https:\/\/www.bs-ti.be\/home\/wp-content\/uploads\/Alexanderplatz_Fernsehturm.jpg\" alt=\"\" width=\"960\" height=\"640\" srcset=\"https:\/\/www.bs-ti.be\/home\/wp-content\/uploads\/Alexanderplatz_Fernsehturm.jpg 960w, https:\/\/www.bs-ti.be\/home\/wp-content\/uploads\/Alexanderplatz_Fernsehturm-768x512.jpg 768w, https:\/\/www.bs-ti.be\/home\/wp-content\/uploads\/Alexanderplatz_Fernsehturm-705x470.jpg 705w, https:\/\/www.bs-ti.be\/home\/wp-content\/uploads\/Alexanderplatz_Fernsehturm-450x300.jpg 450w, https:\/\/www.bs-ti.be\/home\/wp-content\/uploads\/Alexanderplatz_Fernsehturm-272x182.jpg 272w\" sizes=\"auto, (max-width: 960px) 100vw, 960px\" \/><\/p>\n<\/div><\/section><\/p><\/div>\n\n<style type=\"text\/css\" data-created_by=\"avia_inline_auto\" id=\"style-css-av-o9hcc5-e30ebdce5296ea5cb678eeccef275480\">\n.flex_column.av-o9hcc5-e30ebdce5296ea5cb678eeccef275480{\nborder-radius:0px 0px 0px 0px;\npadding:0px 0px 0px 0px;\n}\n<\/style>\n<div  class='flex_column av-o9hcc5-e30ebdce5296ea5cb678eeccef275480 av_one_third  avia-builder-el-19  el_after_av_one_third  el_before_av_two_third  first flex_column_div av-zero-column-padding  column-top-margin'     ><section  class='av_textblock_section av-jw62erk8-2dc477360546af014a225cb8952e1bd5 '   itemscope=\"itemscope\" itemtype=\"https:\/\/schema.org\/CreativeWork\" ><div class='avia_textblock'  itemprop=\"text\" ><p><img loading=\"lazy\" decoding=\"async\" class=\"alignnone size-full wp-image-14780\" src=\"https:\/\/www.bs-ti.be\/home\/wp-content\/uploads\/Schifffahrt.jpg\" alt=\"\" width=\"711\" height=\"462\" srcset=\"https:\/\/www.bs-ti.be\/home\/wp-content\/uploads\/Schifffahrt.jpg 711w, https:\/\/www.bs-ti.be\/home\/wp-content\/uploads\/Schifffahrt-705x458.jpg 705w, https:\/\/www.bs-ti.be\/home\/wp-content\/uploads\/Schifffahrt-450x292.jpg 450w\" sizes=\"auto, (max-width: 711px) 100vw, 711px\" \/><\/p>\n<\/div><\/section><\/div>\n\n<style type=\"text\/css\" data-created_by=\"avia_inline_auto\" id=\"style-css-av-o9hcc5-39d627cfb163f34da6873c05b97c7481\">\n.flex_column.av-o9hcc5-39d627cfb163f34da6873c05b97c7481{\nborder-radius:0px 0px 0px 0px;\npadding:0px 0px 0px 0px;\n}\n<\/style>\n<div  class='flex_column av-o9hcc5-39d627cfb163f34da6873c05b97c7481 av_two_third  avia-builder-el-21  el_after_av_one_third  el_before_av_textblock  flex_column_div av-zero-column-padding  column-top-margin'     ><section  class='av_textblock_section av-jqnl7opd-b413064f9dc6077e527919ef0b904376 '   itemscope=\"itemscope\" itemtype=\"https:\/\/schema.org\/CreativeWork\" ><div class='avia_textblock'  itemprop=\"text\" ><p>Nach einer kurzen Nacht starteten wir am fr\u00fchen Mittwochmorgen schon Richtung Hamburg, wo uns ebenfalls sonniges Wetter erwarten sollte.  Ziemlich ausgehungert erreichten wir gegen 13.00 Uhr die Stadt, wo wir uns erst einmal st\u00e4rkten.  Nach dem Mittagessen im Hotel wurden die Zimmer bezogen, bevor es dann zu Fu\u00df weiterging. Ausgestattet mit einem Stadtplan und der Aufgabe betraut, diverse Besichtigungspunkte in der Hafenstadt zu finden, machten sich die Sch\u00fcler auf den Weg vom Hotel bis zum Stage Theater Neue Flora. Zu den Besichtigungspunkten z\u00e4hlten unter anderem der Hauptbahnhof, das Rathaus, die Alsterarkaden, der Jungfernstieg, das Lessing Denkmal sowie das Monument Hommage an Brahms. H\u00f6hepunkt dieses Tages war wohl am Abend der Besuch des Musicals Cirque du Soleil \u201eParamour\u201c, das erste Musical des kanadischen Zirkus. Wir erlebten eine atemberaubende Show, in der mit spektakul\u00e4rer Artistik, innovativer Beleuchtung und farbenpr\u00e4chtigen Kost\u00fcmen eine Liebesgeschichte aus der goldenen \u00c4ra Hollywoods erz\u00e4hlt wurde. Nach einem langen Tag bedienten wir uns beim Abendessen im Restaurant \u201eBr\u00fcckenstern\u201c an einem reichhaltigen Buffet.<\/p>\n<\/div><\/section><\/div>\n<section  class='av_textblock_section av-jqnl7opd-b413064f9dc6077e527919ef0b904376 '   itemscope=\"itemscope\" itemtype=\"https:\/\/schema.org\/CreativeWork\" ><div class='avia_textblock'  itemprop=\"text\" ><p>Am darauffolgenden Morgen teilten wir die Gro\u00dfgruppe wieder in zwei kleinere Gruppen, und so verbrachten wir ebenfalls den Donnerstag mit versetztem Programm. W\u00e4hrend die erste Gruppe ihren Tag mit einer Airbus Werksf\u00fchrung begann, schlenderten die anderen beiden Gruppen durch das verregnete Hamburg. Zuflucht fanden wir in der Elbphilharmonie, dem wohl teuersten und architektonisch auffallendsten Konzerthaus der Hansestadt. Mit einer Rolltreppe, der l\u00e4ngsten Westeuropas, gelangten wir ins Innere und fuhren auf ein Plateau zu, wo ein gro\u00dfes Panoramafenster eine wundersch\u00f6ne Aussicht auf den Hamburger Hafen und die Elbe bot. Nachdem wir uns dieses Gesamtkunstwerk angesehen hatten, stand ein bisschen Gruseln auf dem Programm, im Dungeon. Hier wurden schaurige historische Ereignisse erneut zum Leben erweckt. Mit Witz und Ironie hauchten professionelle Schauspieler der Vergangenheit wieder Leben ein und versetzten den ein oder anderen doch in Schrecken. Auch der Besuch bei Airbus wird doch vielen im Ged\u00e4chtnis bleiben. Hier erfuhren wir erst Wissenswertes \u00fcber Airbus, das seinen Hauptsitz in Toulouse hat und in Hamburg 17 000 Menschen besch\u00e4ftigt. Wir lernten au\u00dferdem, dass es neun Tage dauert, um ein Flugzeug zusammenzubauen. Bei einem Rundgang \u00fcber das Werksgel\u00e4nde besuchten wir unterschiedliche Hallen, in denen wir sowohl Einblicke in den Innenausbau als auch die Endmontage der Flugzeuge aus der A320 Familie erhielten. Nach diesem informationsreichen Tag freuten wir uns auf ein leckeres Abendessen im Gasthaus \u201eHeimathafen\u201c. Da es der letzte Abend in Hamburg war, st\u00fcrzten wir uns an diesem Abend ins Hamburger Nachtleben und kosteten es ergiebig aus.<br \/>\nSichtlich m\u00fcde, doch trotzdem gut gelaunt, machten wir uns am n\u00e4chsten Morgen wieder auf zur Reeperbahn, wo uns eine abwechslungsreiche und interessante F\u00fchrung mit den Kiez Jungs durch die ber\u00fchmt ber\u00fcchtigte Partymeile Hamburgs erwartete. Gest\u00e4rkt durch einen kleinen Mittagssnack ging es dann nachmittags mit einer Hafenrundfahrt XXL weiter, auf der uns ein Schiffsmeister auf humorvolle Art und Weise in \u201eHamburger Schnack\u201c Interessantes zum und um den Hafen berichtete.<\/p>\n<p>Nach ein paar Stunden Freizeit trafen wir uns alle zu einem letzten gemeinsamen Abendessen an den Landungsbr\u00fccken. Um 21.30 Uhr stiegen wir ersch\u00f6pft in den Bus und freuten uns auf eine \u201eerholsame\u201c Nacht.<\/p>\n<p>R\u00fcckblickend k\u00f6nnen wir sagen, dass wir gemeinsam viel Sch\u00f6nes erlebt und gesehen haben. Vielen wird diese Reise wohl in positiver Erinnerung bleiben.<\/p>\n<p>Wir, das Team der Studienreise, freuen uns schon auf die n\u00e4chste Reise.<\/p>\n<\/div><\/section>\n","protected":false},"excerpt":{"rendered":"","protected":false},"author":5,"featured_media":0,"parent":12161,"menu_order":6,"comment_status":"closed","ping_status":"closed","template":"","meta":{"footnotes":""},"class_list":["post-14778","page","type-page","status-publish","hentry"],"_links":{"self":[{"href":"https:\/\/www.bs-ti.be\/home\/wp-json\/wp\/v2\/pages\/14778","targetHints":{"allow":["GET"]}}],"collection":[{"href":"https:\/\/www.bs-ti.be\/home\/wp-json\/wp\/v2\/pages"}],"about":[{"href":"https:\/\/www.bs-ti.be\/home\/wp-json\/wp\/v2\/types\/page"}],"author":[{"embeddable":true,"href":"https:\/\/www.bs-ti.be\/home\/wp-json\/wp\/v2\/users\/5"}],"replies":[{"embeddable":true,"href":"https:\/\/www.bs-ti.be\/home\/wp-json\/wp\/v2\/comments?post=14778"}],"version-history":[{"count":16,"href":"https:\/\/www.bs-ti.be\/home\/wp-json\/wp\/v2\/pages\/14778\/revisions"}],"predecessor-version":[{"id":14818,"href":"https:\/\/www.bs-ti.be\/home\/wp-json\/wp\/v2\/pages\/14778\/revisions\/14818"}],"up":[{"embeddable":true,"href":"https:\/\/www.bs-ti.be\/home\/wp-json\/wp\/v2\/pages\/12161"}],"wp:attachment":[{"href":"https:\/\/www.bs-ti.be\/home\/wp-json\/wp\/v2\/media?parent=14778"}],"curies":[{"name":"wp","href":"https:\/\/api.w.org\/{rel}","templated":true}]}}