{"id":14932,"date":"2019-07-04T10:36:35","date_gmt":"2019-07-04T08:36:35","guid":{"rendered":"http:\/\/www.bs-ti.be\/home\/?page_id=14932"},"modified":"2019-07-04T10:36:36","modified_gmt":"2019-07-04T08:36:36","slug":"klima","status":"publish","type":"page","link":"https:\/\/www.bs-ti.be\/home\/bsti\/klima\/","title":{"rendered":"Klima"},"content":{"rendered":"<div id='av-layout-grid-1'  class='av-layout-grid-container av-1i4o0ch-8a9d204c3fde6df58cea92daafb5a515 entry-content-wrapper main_color av-flex-cells  avia-builder-el-0  el_before_av_three_fifth  avia-builder-el-first   container_wrap sidebar_right'  >\n\n<style type=\"text\/css\" data-created_by=\"avia_inline_auto\" id=\"style-css-av-jslrebqf-41ea07491f708bf3552647b6947794c3\">\n.flex_cell.av-jslrebqf-41ea07491f708bf3552647b6947794c3{\nvertical-align:top;\n}\n.responsive #top #wrap_all .flex_cell.av-jslrebqf-41ea07491f708bf3552647b6947794c3{\npadding:30px 0px 0px 0px !important;\n}\n<\/style>\n<div class='flex_cell av-jslrebqf-41ea07491f708bf3552647b6947794c3 av-gridrow-cell av_one_full no_margin  avia-builder-el-1  avia-builder-el-no-sibling  content-align-top'  ><div class='flex_cell_inner'><p>\n<style type=\"text\/css\" data-created_by=\"avia_inline_auto\" id=\"style-css-av-417vtt-3359b7b6b99720ae5d5d19eb64bb8c62\">\n.flex_column.av-417vtt-3359b7b6b99720ae5d5d19eb64bb8c62{\nborder-radius:0px 0px 0px 0px;\npadding:0px 0px 0px 0px;\n}\n<\/style>\n<div  class='flex_column av-417vtt-3359b7b6b99720ae5d5d19eb64bb8c62 av_one_full  avia-builder-el-2  el_before_av_one_full  avia-builder-el-first  first flex_column_div av-zero-column-padding  '     ><div  class='avia-slideshow av-jslrcbj5-b729a55939381a7d540851aa1157f440 avia-slideshow-no scaling av_slideshow avia-slide-slider  avia-builder-el-3  avia-builder-el-no-sibling  av-slideshow-ui av-control-default av-slideshow-manual av-loop-once av-loop-manual-endless av-default-height-applied avia-slideshow-1' data-slideshow-options=\"{&quot;animation&quot;:&quot;slide&quot;,&quot;autoplay&quot;:false,&quot;loop_autoplay&quot;:&quot;once&quot;,&quot;interval&quot;:5,&quot;loop_manual&quot;:&quot;manual-endless&quot;,&quot;autoplay_stopper&quot;:false,&quot;noNavigation&quot;:false,&quot;bg_slider&quot;:false,&quot;keep_padding&quot;:false,&quot;hoverpause&quot;:false,&quot;show_slide_delay&quot;:0}\"  itemprop=\"image\" itemscope=\"itemscope\" itemtype=\"https:\/\/schema.org\/ImageObject\" ><ul class='avia-slideshow-inner ' style='padding-bottom: 31.25%;'><li  class='avia-slideshow-slide av-jslrcbj5-b729a55939381a7d540851aa1157f440__0  av-single-slide slide-1 slide-odd'><div data-rel='slideshow-1' class='avia-slide-wrap '   ><img decoding=\"async\" fetchpriority=\"high\" class=\"wp-image-14933 avia-img-lazy-loading-not-14933\"  src=\"https:\/\/www.bs-ti.be\/home\/wp-content\/uploads\/Kapuzinerkresse.jpg\" width=\"960\" height=\"300\" title='Kapuzinerkresse' alt=''  itemprop=\"thumbnailUrl\" srcset=\"https:\/\/www.bs-ti.be\/home\/wp-content\/uploads\/Kapuzinerkresse.jpg 960w, https:\/\/www.bs-ti.be\/home\/wp-content\/uploads\/Kapuzinerkresse-768x240.jpg 768w, https:\/\/www.bs-ti.be\/home\/wp-content\/uploads\/Kapuzinerkresse-705x220.jpg 705w, https:\/\/www.bs-ti.be\/home\/wp-content\/uploads\/Kapuzinerkresse-450x141.jpg 450w\" sizes=\"(max-width: 960px) 100vw, 960px\" \/><\/div><\/li><\/ul><\/div><\/div>\n<style type=\"text\/css\" data-created_by=\"avia_inline_auto\" id=\"style-css-av-jvzclbqw-bf22258a6c740b5148f9e45259f6191d\">\n#top .flex_column.av-jvzclbqw-bf22258a6c740b5148f9e45259f6191d{\nmargin-top:-15%;\nmargin-bottom:0px;\n}\n.flex_column.av-jvzclbqw-bf22258a6c740b5148f9e45259f6191d{\nborder-radius:0px 0px 0px 0px;\npadding:0px 0px 0px 0px;\nbackground-color:rgba(10,10,10,0.2);\n}\n.responsive #top #wrap_all .flex_column.av-jvzclbqw-bf22258a6c740b5148f9e45259f6191d{\nmargin-top:-15%;\nmargin-bottom:0px;\n}\n<\/style>\n<div  class='flex_column av-jvzclbqw-bf22258a6c740b5148f9e45259f6191d av_one_full  avia-builder-el-4  el_after_av_one_full  avia-builder-el-last  first flex_column_div av-zero-column-padding  column-top-margin'     ><style type=\"text\/css\" data-created_by=\"avia_inline_auto\" id=\"style-css-av-jqrt86b2-4d1b1b02ab13bb1531b1a42a2046e882\">\n#top .av_textblock_section.av-jqrt86b2-4d1b1b02ab13bb1531b1a42a2046e882 .avia_textblock{\nfont-size:40px;\ncolor:#ffffff;\n}\n\n@media only screen and (min-width: 768px) and (max-width: 989px){ \n#top .av_textblock_section.av-jqrt86b2-4d1b1b02ab13bb1531b1a42a2046e882 .avia_textblock{\nfont-size:30px;\n}\n}\n\n@media only screen and (min-width: 480px) and (max-width: 767px){ \n#top .av_textblock_section.av-jqrt86b2-4d1b1b02ab13bb1531b1a42a2046e882 .avia_textblock{\nfont-size:20px;\n}\n}\n\n@media only screen and (max-width: 479px){ \n#top .av_textblock_section.av-jqrt86b2-4d1b1b02ab13bb1531b1a42a2046e882 .avia_textblock{\nfont-size:15px;\n}\n}\n<\/style>\n<section  class='av_textblock_section av-jqrt86b2-4d1b1b02ab13bb1531b1a42a2046e882 '   itemscope=\"itemscope\" itemtype=\"https:\/\/schema.org\/CreativeWork\" ><div class='avia_textblock av_inherit_color'  itemprop=\"text\" ><p style=\"text-align: center;\">Ostbelgische Landwirtschaft unter der &#8222;Klima-Lupe&#8220;<\/p>\n<\/div><\/section><\/div><\/p>\n<\/div><\/div><\/div><div id='after_grid_row_1'  class='main_color av_default_container_wrap container_wrap sidebar_right'  ><div class='container av-section-cont-open' ><div class='template-page content  av-content-small alpha units'><div class='post-entry post-entry-type-page post-entry-14932'><div class='entry-content-wrapper clearfix'>\n<style type=\"text\/css\" data-created_by=\"avia_inline_auto\" id=\"style-css-av-1tg52rl-77da312d1dcfc106ccbe6890b76def07\">\n.flex_column.av-1tg52rl-77da312d1dcfc106ccbe6890b76def07{\nborder-radius:0px 0px 0px 0px;\npadding:0px 0px 0px 0px;\n}\n<\/style>\n<div  class='flex_column av-1tg52rl-77da312d1dcfc106ccbe6890b76def07 av_three_fifth  avia-builder-el-6  el_after_av_layout_row  el_before_av_one_third  avia-builder-el-first  first flex_column_div av-zero-column-padding  '     ><style type=\"text\/css\" data-created_by=\"avia_inline_auto\" id=\"style-css-av-jw62fg2b-dfe136834f57f805a743d50f8b15217a\">\n.avia-image-container.av-jw62fg2b-dfe136834f57f805a743d50f8b15217a img.avia_image{\nbox-shadow:none;\n}\n.avia-image-container.av-jw62fg2b-dfe136834f57f805a743d50f8b15217a .av-image-caption-overlay-center{\ncolor:#ffffff;\n}\n<\/style>\n<div  class='avia-image-container av-jw62fg2b-dfe136834f57f805a743d50f8b15217a av-styling- av-img-linked avia-align-center  avia-builder-el-7  avia-builder-el-no-sibling '   itemprop=\"image\" itemscope=\"itemscope\" itemtype=\"https:\/\/schema.org\/ImageObject\" ><div class=\"avia-image-container-inner\"><div class=\"avia-image-overlay-wrap\"><a href=\"https:\/\/www.bs-ti.be\/home\/wp-content\/uploads\/Gruppenfoto_Banner.jpg\" data-srcset=\"https:\/\/www.bs-ti.be\/home\/wp-content\/uploads\/Gruppenfoto_Banner.jpg 1275w, https:\/\/www.bs-ti.be\/home\/wp-content\/uploads\/Gruppenfoto_Banner-768x294.jpg 768w, https:\/\/www.bs-ti.be\/home\/wp-content\/uploads\/Gruppenfoto_Banner-705x270.jpg 705w, https:\/\/www.bs-ti.be\/home\/wp-content\/uploads\/Gruppenfoto_Banner-450x172.jpg 450w\" data-sizes=\"(max-width: 1275px) 100vw, 1275px\" class='avia_image '  aria-label='Gruppenfoto Banner'><img decoding=\"async\" fetchpriority=\"high\" class='wp-image-14928 avia-img-lazy-loading-not-14928 avia_image ' src=\"https:\/\/www.bs-ti.be\/home\/wp-content\/uploads\/Gruppenfoto_Banner.jpg\" alt='' title='Gruppenfoto Banner'  height=\"488\" width=\"1275\"  itemprop=\"thumbnailUrl\" srcset=\"https:\/\/www.bs-ti.be\/home\/wp-content\/uploads\/Gruppenfoto_Banner.jpg 1275w, https:\/\/www.bs-ti.be\/home\/wp-content\/uploads\/Gruppenfoto_Banner-768x294.jpg 768w, https:\/\/www.bs-ti.be\/home\/wp-content\/uploads\/Gruppenfoto_Banner-705x270.jpg 705w, https:\/\/www.bs-ti.be\/home\/wp-content\/uploads\/Gruppenfoto_Banner-450x172.jpg 450w\" sizes=\"(max-width: 1275px) 100vw, 1275px\" \/><\/a><\/div><\/div><\/div><\/div>\n<style type=\"text\/css\" data-created_by=\"avia_inline_auto\" id=\"style-css-av-z6hkr9-485c0d22e6ceb4651be0b87e23a0d9e8\">\n.flex_column.av-z6hkr9-485c0d22e6ceb4651be0b87e23a0d9e8{\nborder-radius:0px 0px 0px 0px;\npadding:0px 0px 0px 0px;\n}\n<\/style>\n<div  class='flex_column av-z6hkr9-485c0d22e6ceb4651be0b87e23a0d9e8 av_one_third  avia-builder-el-8  el_after_av_three_fifth  el_before_av_one_full  flex_column_div av-zero-column-padding  '     ><section  class='av_textblock_section av-jw62erk8-2dc477360546af014a225cb8952e1bd5 '   itemscope=\"itemscope\" itemtype=\"https:\/\/schema.org\/CreativeWork\" ><div class='avia_textblock'  itemprop=\"text\" ><p>In den letzten Jahren ist die Landwirtschaft weltweit in ein sehr schlechtes Licht ger\u00fcckt (worden). Der gro\u00dffl\u00e4chige Anbau von Monokulturen mit steigendem Verbrauch von D\u00fcngemitteln und Pestiziden, die Massentierhaltung, erm\u00f6glicht durch den Einsatz von billig hergestellten Pflanzenprodukten, Antibiotika oder Bioziden oder aber die Methan aussto\u00dfende Kuh als Klimas\u00fcnder Nummer eins \u2013 all diese Themen werden in den Medien immer wieder aus einem einseitigen Blickwinkel heraus aufgegriffen. Der Landwirt bleibt mit seinem Beruf als Verursacher von Umwelt- und Klimasch\u00e4den im \u00f6ffentlichen Ged\u00e4chtnis.<\/p>\n<\/div><\/section><\/div>\n<style type=\"text\/css\" data-created_by=\"avia_inline_auto\" id=\"style-css-av-o9hcc5-e30ebdce5296ea5cb678eeccef275480\">\n.flex_column.av-o9hcc5-e30ebdce5296ea5cb678eeccef275480{\nborder-radius:0px 0px 0px 0px;\npadding:0px 0px 0px 0px;\n}\n<\/style>\n<div  class='flex_column av-o9hcc5-e30ebdce5296ea5cb678eeccef275480 av_one_full  avia-builder-el-10  el_after_av_one_third  el_before_av_one_half  first flex_column_div av-zero-column-padding  column-top-margin'     ><section  class='av_textblock_section av-jqnl7opd-b413064f9dc6077e527919ef0b904376 '   itemscope=\"itemscope\" itemtype=\"https:\/\/schema.org\/CreativeWork\" ><div class='avia_textblock'  itemprop=\"text\" ><p>Die Sch\u00fcler der landwirtschaftlichen Abteilung \u2013 angehende Landwirte und Gartenbauer unserer Region \u2013 f\u00fchlen sich durch viele dieser Vorw\u00fcrfe zu Unrecht angegriffen. Und so haben wir in einem zweit\u00e4gigen Projekt gemeinsam die Landwirtschaft Ostbelgiens durchleuchtet. In sechs gemischten Gruppen wurden verschiedene Themen bearbeitet. Die Resultate der Recherchen durfte jede Gruppe den Mitsch\u00fclern am Ende des Projektes vorstellen.<\/p>\n<\/div><\/section><\/div>\n<style type=\"text\/css\" data-created_by=\"avia_inline_auto\" id=\"style-css-av-av_one_half-25347b0a799d5b9f7058434b2a9c3182\">\n.flex_column.av-av_one_half-25347b0a799d5b9f7058434b2a9c3182{\nborder-radius:0px 0px 0px 0px;\npadding:0px 0px 0px 0px;\n}\n<\/style>\n<div  class='flex_column av-av_one_half-25347b0a799d5b9f7058434b2a9c3182 av_one_half  avia-builder-el-12  el_after_av_one_full  el_before_av_one_half  first flex_column_div av-zero-column-padding  column-top-margin'     ><section  class='av_textblock_section av-jqnl7opd-b413064f9dc6077e527919ef0b904376 '   itemscope=\"itemscope\" itemtype=\"https:\/\/schema.org\/CreativeWork\" ><div class='avia_textblock'  itemprop=\"text\" ><p>Die Gartenbau-Gruppe hat sich mit dem Thema \u201ePermakultur\u201c besch\u00e4ftigt. Bei dieser Art der Kultur werden nachhaltige Lebensformen und Lebensr\u00e4ume entwickelt und entworfen. Die Permakultur richtet sich nach drei Leits\u00e4tzen: Earth Care (Sorge f\u00fcr die Erde) \u2013 People Care (Sorge f\u00fcr die Menschen) \u2013 Fair Share (Begrenze Konsum und Wachstum; teile \u00dcbersch\u00fcsse).<\/p>\n<\/div><\/section><\/div>\n<style type=\"text\/css\" data-created_by=\"avia_inline_auto\" id=\"style-css-av-av_one_half-f7c1061df29de8cca6b42fcf455fe4a0\">\n.flex_column.av-av_one_half-f7c1061df29de8cca6b42fcf455fe4a0{\nborder-radius:0px 0px 0px 0px;\npadding:0px 0px 0px 0px;\n}\n<\/style>\n<div  class='flex_column av-av_one_half-f7c1061df29de8cca6b42fcf455fe4a0 av_one_half  avia-builder-el-14  el_after_av_one_half  el_before_av_one_half  flex_column_div av-zero-column-padding  column-top-margin'     ><section  class='av_textblock_section av-jqnl7opd-b413064f9dc6077e527919ef0b904376 '   itemscope=\"itemscope\" itemtype=\"https:\/\/schema.org\/CreativeWork\" ><div class='avia_textblock'  itemprop=\"text\" ><p>Die Landwirtschaftsgruppen haben folgende Feststellungen gemacht:<br \/>\nDie Gr\u00fcnlandwirtschaft ist perfekt an Klima und H\u00f6henlage unserer Region angepasst und steht in keinerlei Konkurrenz zu anderen m\u00f6glichen Nutzungen. Die Pflanzen des Dauergr\u00fcnlands sind wichtige CO2-Speicher sowie effiziente O2-Produzenten. Gr\u00fcnlandb\u00f6den gelten als eigene, sehr stabile \u00d6kosysteme, mit hohem Humus-Anteil (= CO2-Speicher) und vielf\u00e4ltigem Bodenleben.<\/p>\n<\/div><\/section><\/div>\n<style type=\"text\/css\" data-created_by=\"avia_inline_auto\" id=\"style-css-av-av_one_half-25347b0a799d5b9f7058434b2a9c3182\">\n.flex_column.av-av_one_half-25347b0a799d5b9f7058434b2a9c3182{\nborder-radius:0px 0px 0px 0px;\npadding:0px 0px 0px 0px;\n}\n<\/style>\n<div  class='flex_column av-av_one_half-25347b0a799d5b9f7058434b2a9c3182 av_one_half  avia-builder-el-16  el_after_av_one_half  el_before_av_one_half  first flex_column_div av-zero-column-padding  column-top-margin'     ><section  class='av_textblock_section av-jqnl7opd-b413064f9dc6077e527919ef0b904376 '   itemscope=\"itemscope\" itemtype=\"https:\/\/schema.org\/CreativeWork\" ><div class='avia_textblock'  itemprop=\"text\" ><p>Der Pestizideinsatz ist extrem gering und beschr\u00e4nkt sich haupts\u00e4chlich auf den Gebrauch von Herbiziden.  Aus Daten der Wallonischen Region geht hervor, dass sowohl Oberfl\u00e4chen- wie Grundgew\u00e4sser unseres Gebietes weder Nitrat- noch Pestizidbelastungen aufweisen.  Ganz im Gegenteil \u2013 der gr\u00f6\u00dfte Anteil der biologisch bewirtschafteten Fl\u00e4che der Wallonischen Region (insgesamt 76 072 ha) liegt in der Gr\u00fcnlandzone der Hochardennen bzw. der Ardennen!  Und aus Angaben zu den Agrarumwelt- und Klimama\u00dfnahmen ist zu entnehmen, dass die ostbelgische Landwirtschaft mit ca. 2072 km \u201egesch\u00fctzter\u201c Hecken und rund 680 ha \u201ebiologisch wertvollem Gr\u00fcnland\u201c einen wesentlichen Beitrag zum Artenschutz leistet (Zahlen 2015).<\/p>\n<\/div><\/section><\/div>\n<style type=\"text\/css\" data-created_by=\"avia_inline_auto\" id=\"style-css-av-av_one_half-f7c1061df29de8cca6b42fcf455fe4a0\">\n.flex_column.av-av_one_half-f7c1061df29de8cca6b42fcf455fe4a0{\nborder-radius:0px 0px 0px 0px;\npadding:0px 0px 0px 0px;\n}\n<\/style>\n<div  class='flex_column av-av_one_half-f7c1061df29de8cca6b42fcf455fe4a0 av_one_half  avia-builder-el-18  el_after_av_one_half  el_before_av_one_full  flex_column_div av-zero-column-padding  column-top-margin'     ><section  class='av_textblock_section av-jqnl7opd-b413064f9dc6077e527919ef0b904376 '   itemscope=\"itemscope\" itemtype=\"https:\/\/schema.org\/CreativeWork\" ><div class='avia_textblock'  itemprop=\"text\" ><p>Das Rindvieh als Grasfresser passt perfekt zu dieser Gr\u00fcnlandproduktion, zumal seine Ausscheidungen als wertvolle D\u00fcngemittel in den Kreislauf zur\u00fcckgef\u00fchrt werden.  Damit dies sich in Ma\u00dfen h\u00e4lt, ist der Landwirt durch den \u201eBodenbindungssatz\u201c verpflichtet, seine Herdengr\u00f6\u00dfe an die bewirtschaftete Fl\u00e4che anzupassen.  Unter diesem Blickwinkel betrachtet, erscheint \u201eunsere ostbelgische Kuh\u201c weniger als Klimakiller denn als zur Region passendes Nutztier.<\/p>\n<\/div><\/section><\/div>\n<style type=\"text\/css\" data-created_by=\"avia_inline_auto\" id=\"style-css-av-av_one_full-25347b0a799d5b9f7058434b2a9c3182\">\n.flex_column.av-av_one_full-25347b0a799d5b9f7058434b2a9c3182{\nborder-radius:0px 0px 0px 0px;\npadding:0px 0px 0px 0px;\n}\n<\/style>\n<div  class='flex_column av-av_one_full-25347b0a799d5b9f7058434b2a9c3182 av_one_full  avia-builder-el-20  el_after_av_one_half  avia-builder-el-last  first flex_column_div av-zero-column-padding  column-top-margin'     ><section  class='av_textblock_section av-jqnl7opd-b413064f9dc6077e527919ef0b904376 '   itemscope=\"itemscope\" itemtype=\"https:\/\/schema.org\/CreativeWork\" ><div class='avia_textblock'  itemprop=\"text\" ><p>Dank der Erkenntnisse aus unseren Projekttagen k\u00f6nnen wir uns mit Stolz \u201eLandwirte Ostbelgiens\u201c nennen. \u2013 Und den Skeptikern bleibt, sich folgende Frage zu stellen: \u201eWelchen KONKRETEN Beitrag leiste ich, privat oder durch meinen Beruf, um Natur und Klima zu sch\u00fctzen?\u201c<\/p>\n<p>Die Sch\u00fcler und Lehrer der Abteilung Landwirtschaft und Gartenbau<\/p>\n<\/div><\/section><\/div><\/p>\n","protected":false},"excerpt":{"rendered":"","protected":false},"author":5,"featured_media":0,"parent":12161,"menu_order":6,"comment_status":"closed","ping_status":"closed","template":"","meta":{"footnotes":""},"class_list":["post-14932","page","type-page","status-publish","hentry"],"_links":{"self":[{"href":"https:\/\/www.bs-ti.be\/home\/wp-json\/wp\/v2\/pages\/14932","targetHints":{"allow":["GET"]}}],"collection":[{"href":"https:\/\/www.bs-ti.be\/home\/wp-json\/wp\/v2\/pages"}],"about":[{"href":"https:\/\/www.bs-ti.be\/home\/wp-json\/wp\/v2\/types\/page"}],"author":[{"embeddable":true,"href":"https:\/\/www.bs-ti.be\/home\/wp-json\/wp\/v2\/users\/5"}],"replies":[{"embeddable":true,"href":"https:\/\/www.bs-ti.be\/home\/wp-json\/wp\/v2\/comments?post=14932"}],"version-history":[{"count":1,"href":"https:\/\/www.bs-ti.be\/home\/wp-json\/wp\/v2\/pages\/14932\/revisions"}],"predecessor-version":[{"id":14934,"href":"https:\/\/www.bs-ti.be\/home\/wp-json\/wp\/v2\/pages\/14932\/revisions\/14934"}],"up":[{"embeddable":true,"href":"https:\/\/www.bs-ti.be\/home\/wp-json\/wp\/v2\/pages\/12161"}],"wp:attachment":[{"href":"https:\/\/www.bs-ti.be\/home\/wp-json\/wp\/v2\/media?parent=14932"}],"curies":[{"name":"wp","href":"https:\/\/api.w.org\/{rel}","templated":true}]}}