{"id":15617,"date":"2019-09-17T08:45:42","date_gmt":"2019-09-17T06:45:42","guid":{"rendered":"http:\/\/www.bs-ti.be\/home\/?page_id=15617"},"modified":"2020-01-28T10:36:24","modified_gmt":"2020-01-28T09:36:24","slug":"elternvereinigung","status":"publish","type":"page","link":"https:\/\/www.bs-ti.be\/home\/bsti\/elternrat-bsti\/elternvereinigung\/","title":{"rendered":"Elternvereinigung"},"content":{"rendered":"<div id='av-layout-grid-1'  class='av-layout-grid-container av-1i4o0ch-d5ab0c0ac4d8c2c520a295d35431324d entry-content-wrapper main_color av-flex-cells  avia-builder-el-0  el_before_av_one_full  avia-builder-el-first   container_wrap sidebar_right'  >\n\n<style type=\"text\/css\" data-created_by=\"avia_inline_auto\" id=\"style-css-av-jslrebqf-41ea07491f708bf3552647b6947794c3\">\n.flex_cell.av-jslrebqf-41ea07491f708bf3552647b6947794c3{\nvertical-align:top;\n}\n.responsive #top #wrap_all .flex_cell.av-jslrebqf-41ea07491f708bf3552647b6947794c3{\npadding:30px 0px 0px 0px !important;\n}\n<\/style>\n<div class='flex_cell av-jslrebqf-41ea07491f708bf3552647b6947794c3 av-gridrow-cell av_one_full no_margin  avia-builder-el-1  avia-builder-el-no-sibling  content-align-top'  ><div class='flex_cell_inner'><p>\n<style type=\"text\/css\" data-created_by=\"avia_inline_auto\" id=\"style-css-av-417vtt-795c79977eec5eeba7a7cda40fd13c67\">\n.flex_column.av-417vtt-795c79977eec5eeba7a7cda40fd13c67{\nborder-radius:0px 0px 0px 0px;\npadding:0px 0px 0px 0px;\n}\n<\/style>\n<div  class='flex_column av-417vtt-795c79977eec5eeba7a7cda40fd13c67 av_one_full  avia-builder-el-2  el_before_av_one_full  avia-builder-el-first  first flex_column_div av-zero-column-padding  '     ><div  class='avia-slideshow av-jslrcbj5-b729a55939381a7d540851aa1157f440 avia-slideshow-no scaling av_slideshow avia-slide-slider  avia-builder-el-3  avia-builder-el-no-sibling  av-slideshow-ui av-control-default av-slideshow-manual av-loop-once av-loop-manual-endless av-default-height-applied avia-slideshow-1' data-slideshow-options=\"{&quot;animation&quot;:&quot;slide&quot;,&quot;autoplay&quot;:false,&quot;loop_autoplay&quot;:&quot;once&quot;,&quot;interval&quot;:5,&quot;loop_manual&quot;:&quot;manual-endless&quot;,&quot;autoplay_stopper&quot;:false,&quot;noNavigation&quot;:false,&quot;bg_slider&quot;:false,&quot;keep_padding&quot;:false,&quot;hoverpause&quot;:false,&quot;show_slide_delay&quot;:0}\"  itemprop=\"image\" itemscope=\"itemscope\" itemtype=\"https:\/\/schema.org\/ImageObject\" ><ul class='avia-slideshow-inner ' style='padding-bottom: 27%;'><li  class='avia-slideshow-slide av-jslrcbj5-b729a55939381a7d540851aa1157f440__0  av-single-slide slide-1 slide-odd'><div data-rel='slideshow-1' class='avia-slide-wrap '   ><img decoding=\"async\" fetchpriority=\"high\" class=\"wp-image-15618 avia-img-lazy-loading-not-15618\"  src=\"https:\/\/www.bs-ti.be\/home\/wp-content\/uploads\/BSTI-WECHSEL-Elternrat1.jpg\" width=\"1500\" height=\"405\" title='' alt='Slider Generation Handy'  itemprop=\"thumbnailUrl\" srcset=\"https:\/\/www.bs-ti.be\/home\/wp-content\/uploads\/BSTI-WECHSEL-Elternrat1.jpg 1500w, https:\/\/www.bs-ti.be\/home\/wp-content\/uploads\/BSTI-WECHSEL-Elternrat1-768x207.jpg 768w, https:\/\/www.bs-ti.be\/home\/wp-content\/uploads\/BSTI-WECHSEL-Elternrat1-705x190.jpg 705w, https:\/\/www.bs-ti.be\/home\/wp-content\/uploads\/BSTI-WECHSEL-Elternrat1-450x122.jpg 450w\" sizes=\"(max-width: 1500px) 100vw, 1500px\" \/><\/div><\/li><\/ul><\/div><\/div>\n<style type=\"text\/css\" data-created_by=\"avia_inline_auto\" id=\"style-css-av-jslnbita-499bf61de8f7cf1a59166df352d0e660\">\n#top .flex_column.av-jslnbita-499bf61de8f7cf1a59166df352d0e660{\nmargin-top:-15%;\nmargin-bottom:0px;\n}\n.flex_column.av-jslnbita-499bf61de8f7cf1a59166df352d0e660{\nborder-radius:0px 0px 0px 0px;\npadding:0px 0px 0px 0px;\nbackground-color:rgba(10,10,10,0.2);\n}\n.responsive #top #wrap_all .flex_column.av-jslnbita-499bf61de8f7cf1a59166df352d0e660{\nmargin-top:-15%;\nmargin-bottom:0px;\n}\n<\/style>\n<div  class='flex_column av-jslnbita-499bf61de8f7cf1a59166df352d0e660 av_one_full  avia-builder-el-4  el_after_av_one_full  avia-builder-el-last  first no_margin flex_column_div av-zero-column-padding  column-top-margin'     ><style type=\"text\/css\" data-created_by=\"avia_inline_auto\" id=\"style-css-av-jqrt86b2-4d1b1b02ab13bb1531b1a42a2046e882\">\n#top .av_textblock_section.av-jqrt86b2-4d1b1b02ab13bb1531b1a42a2046e882 .avia_textblock{\nfont-size:40px;\ncolor:#ffffff;\n}\n\n@media only screen and (min-width: 768px) and (max-width: 989px){ \n#top .av_textblock_section.av-jqrt86b2-4d1b1b02ab13bb1531b1a42a2046e882 .avia_textblock{\nfont-size:30px;\n}\n}\n\n@media only screen and (min-width: 480px) and (max-width: 767px){ \n#top .av_textblock_section.av-jqrt86b2-4d1b1b02ab13bb1531b1a42a2046e882 .avia_textblock{\nfont-size:20px;\n}\n}\n\n@media only screen and (max-width: 479px){ \n#top .av_textblock_section.av-jqrt86b2-4d1b1b02ab13bb1531b1a42a2046e882 .avia_textblock{\nfont-size:15px;\n}\n}\n<\/style>\n<section  class='av_textblock_section av-jqrt86b2-4d1b1b02ab13bb1531b1a42a2046e882 '   itemscope=\"itemscope\" itemtype=\"https:\/\/schema.org\/CreativeWork\" ><div class='avia_textblock av_inherit_color'  itemprop=\"text\" ><p style=\"text-align: center;\"><b>Fluch und Segen f\u00fcr die \u201aGeneration Handy\u2019!<\/b><\/p>\n<\/div><\/section><\/div><\/p>\n<\/div><\/div>\n<\/div><div id='after_grid_row_1'  class='main_color av_default_container_wrap container_wrap sidebar_right'  ><div class='container av-section-cont-open' ><div class='template-page content  av-content-small alpha units'><div class='post-entry post-entry-type-page post-entry-15617'><div class='entry-content-wrapper clearfix'>\n\n<style type=\"text\/css\" data-created_by=\"avia_inline_auto\" id=\"style-css-av-jsludwpt-3f55ce64c04eb0556cfb8c8fe5165bf8\">\n.flex_column.av-jsludwpt-3f55ce64c04eb0556cfb8c8fe5165bf8{\nborder-radius:0px 0px 0px 0px;\npadding:0px 0px 0px 0px;\n}\n<\/style>\n<div  class='flex_column av-jsludwpt-3f55ce64c04eb0556cfb8c8fe5165bf8 av_one_full  avia-builder-el-6  el_after_av_layout_row  el_before_av_one_full  avia-builder-el-first  first flex_column_div  '     ><section  class='av_textblock_section av-jsltomol-88d1ea60b8d098ad91c6b09a2e564e6d '   itemscope=\"itemscope\" itemtype=\"https:\/\/schema.org\/CreativeWork\" ><div class='avia_textblock'  itemprop=\"text\" ><p>Freundes- und F\u00f6rderkreis BSTI empfiehlt:<\/p>\n<p><strong>\u201eImmer App-to-date?!\u201c \u2013 Einblicke und Antworten aus der Soziologie, der Kommunikationsforschung und der Neurobiologie<\/strong><\/p>\n<p><span style=\"color: #ff0000;\">Es spricht und steht Rede und Antwort auf Einladung des Elternrates BSTI: Studiendirektor Peter K\u00f6ster aus K\u00f6ln<\/span><br \/>\n<strong>Auditorium: Dienstag, 24. September 2019, 19.30 Uhr<\/strong><\/p>\n<\/div><\/section><\/div>\n<style type=\"text\/css\" data-created_by=\"avia_inline_auto\" id=\"style-css-av-jsludwpt-3f55ce64c04eb0556cfb8c8fe5165bf8\">\n.flex_column.av-jsludwpt-3f55ce64c04eb0556cfb8c8fe5165bf8{\nborder-radius:0px 0px 0px 0px;\npadding:0px 0px 0px 0px;\n}\n<\/style>\n<div  class='flex_column av-jsludwpt-3f55ce64c04eb0556cfb8c8fe5165bf8 av_one_full  avia-builder-el-8  el_after_av_one_full  avia-builder-el-last  first flex_column_div  column-top-margin'     ><section  class='av_textblock_section av-jsltomol-88d1ea60b8d098ad91c6b09a2e564e6d '   itemscope=\"itemscope\" itemtype=\"https:\/\/schema.org\/CreativeWork\" ><div class='avia_textblock'  itemprop=\"text\" ><h3><b>Fluch und Segen f\u00fcr die \u201aGeneration Handy\u2019!<\/b><\/h3>\n<p>Wer nur noch auf sein Smartphone schaut und von der Umwelt nicht mehr viel mitbekommt ist ein \u201eSmombie<em>\u201c.<\/em> Diese Kreation des Jugendwortes 2016 bringt die Ambivalenz aus Technikbegeisterung einerseits und dysfunktionalem Nutzungsverhalten andererseits auf den Punkt: Smartphone + Zombie = Smombie.<\/p>\n<p>Handy und mobiles Internet gewinnen f\u00fcr immer j\u00fcngere Kinder und Jugendliche an Bedeutung. Eltern und P\u00e4dagogen betrachten die ausschweifendere Handynutzung von Kindern und Jugendlichen dagegen mit zunehmender Sorge und \u00c4ngsten.<\/p>\n<p>Doch was macht das Handy so faszinierend und sind die Sorgen der Eltern und P\u00e4dagogen gerechtfertigt? Gibt es Unterschiede im Nutzungsverhalten von Jungen und M\u00e4dchen? Hat ein zunehmender Handy-\/Internetkonsum Auswirkungen auf die Gehirnentwicklung von Kindern und Jugendlichen?<\/p>\n<p>Peter liefert neben aktuellen Forschungsergebnissen aus den Bereichen der Soziologie und Kommunikations-forschung auch neurobiologische Erkl\u00e4rungsans\u00e4tze f\u00fcr Gefahren und Potentiale der zunehmenden Handynutzung und Medialisierung des Alltages von Kindern und Jugendlichen.<\/p>\n<p>Smartphones sind in der heutigen Zeit st\u00e4ndiger Begleiter. Doch wie entsteht die Faszination f\u00fcr dieses Medium und kann es zu sucht\u00e4hnlichen Zust\u00e4nden kommen? Neben Antworten auf diese Fragen werden auch Tools zur Eigen- und Fremdkontrolle sowie Methoden zur Selbststeuerung praxisnah erl\u00e4utert.<\/p>\n<p>Studiendirektor Peter K\u00f6ster ist Fach- und Kernseminarleiter am Zentrum f\u00fcr schulpraktische Lehrerausbildung in K\u00f6ln und war langj\u00e4hriger Lehrbeauftragter an der Universit\u00e4t zu K\u00f6ln. Mit seinen Vortr\u00e4gen zur Pubert\u00e4t sowie zur Handynutzung bei Kindern und Jugendlichen ist er mittlerweile in ganz Deutschland unterwegs. Dabei referiert K\u00f6ster nicht nur vor einer interessierten Zuh\u00f6rerschaft, sondern ber\u00e4t sowohl P\u00e4dagogen als auch Eltern in Workshops.<\/p>\n<p>Weitere Infos unter: <a href=\"http:\/\/www.peterkoester.de\/\">www.peterkoester.de<\/a><\/p>\n<\/div><\/section><\/div><\/p>\n","protected":false},"excerpt":{"rendered":"","protected":false},"author":3,"featured_media":0,"parent":14299,"menu_order":5,"comment_status":"closed","ping_status":"closed","template":"","meta":{"footnotes":""},"class_list":["post-15617","page","type-page","status-publish","hentry"],"_links":{"self":[{"href":"https:\/\/www.bs-ti.be\/home\/wp-json\/wp\/v2\/pages\/15617","targetHints":{"allow":["GET"]}}],"collection":[{"href":"https:\/\/www.bs-ti.be\/home\/wp-json\/wp\/v2\/pages"}],"about":[{"href":"https:\/\/www.bs-ti.be\/home\/wp-json\/wp\/v2\/types\/page"}],"author":[{"embeddable":true,"href":"https:\/\/www.bs-ti.be\/home\/wp-json\/wp\/v2\/users\/3"}],"replies":[{"embeddable":true,"href":"https:\/\/www.bs-ti.be\/home\/wp-json\/wp\/v2\/comments?post=15617"}],"version-history":[{"count":13,"href":"https:\/\/www.bs-ti.be\/home\/wp-json\/wp\/v2\/pages\/15617\/revisions"}],"predecessor-version":[{"id":15660,"href":"https:\/\/www.bs-ti.be\/home\/wp-json\/wp\/v2\/pages\/15617\/revisions\/15660"}],"up":[{"embeddable":true,"href":"https:\/\/www.bs-ti.be\/home\/wp-json\/wp\/v2\/pages\/14299"}],"wp:attachment":[{"href":"https:\/\/www.bs-ti.be\/home\/wp-json\/wp\/v2\/media?parent=15617"}],"curies":[{"name":"wp","href":"https:\/\/api.w.org\/{rel}","templated":true}]}}