{"id":15832,"date":"2019-10-25T08:53:10","date_gmt":"2019-10-25T06:53:10","guid":{"rendered":"http:\/\/www.bs-ti.be\/home\/?page_id=15832"},"modified":"2019-10-25T15:01:06","modified_gmt":"2019-10-25T13:01:06","slug":"tag-des-sportes-1-jahr","status":"publish","type":"page","link":"https:\/\/www.bs-ti.be\/home\/bsti\/tag-des-sportes-1-jahr\/","title":{"rendered":"Tag des Sportes 1. Jahr"},"content":{"rendered":"<div id='av-layout-grid-1'  class='av-layout-grid-container av-1i4o0ch-8a9d204c3fde6df58cea92daafb5a515 entry-content-wrapper main_color av-flex-cells  avia-builder-el-0  el_before_av_one_half  avia-builder-el-first   container_wrap sidebar_right'  >\n\n<style type=\"text\/css\" data-created_by=\"avia_inline_auto\" id=\"style-css-av-jslrebqf-41ea07491f708bf3552647b6947794c3\">\n.flex_cell.av-jslrebqf-41ea07491f708bf3552647b6947794c3{\nvertical-align:top;\n}\n.responsive #top #wrap_all .flex_cell.av-jslrebqf-41ea07491f708bf3552647b6947794c3{\npadding:30px 0px 0px 0px !important;\n}\n<\/style>\n<div class='flex_cell av-jslrebqf-41ea07491f708bf3552647b6947794c3 av-gridrow-cell av_one_full no_margin  avia-builder-el-1  avia-builder-el-no-sibling  content-align-top'  ><div class='flex_cell_inner'><p>\n<style type=\"text\/css\" data-created_by=\"avia_inline_auto\" id=\"style-css-av-417vtt-3359b7b6b99720ae5d5d19eb64bb8c62\">\n.flex_column.av-417vtt-3359b7b6b99720ae5d5d19eb64bb8c62{\nborder-radius:0px 0px 0px 0px;\npadding:0px 0px 0px 0px;\n}\n<\/style>\n<div  class='flex_column av-417vtt-3359b7b6b99720ae5d5d19eb64bb8c62 av_one_full  avia-builder-el-2  el_before_av_one_full  avia-builder-el-first  first flex_column_div av-zero-column-padding  '     ><div  class='avia-slideshow av-jslrcbj5-acf5e14173d2ede4df958eb4d4928e75 avia-slideshow-featured_large av_slideshow avia-slide-slider  avia-builder-el-3  avia-builder-el-no-sibling  av-slideshow-ui av-control-default av-slideshow-manual av-loop-once av-loop-manual-endless av-default-height-applied avia-slideshow-1' data-slideshow-options=\"{&quot;animation&quot;:&quot;slide&quot;,&quot;autoplay&quot;:false,&quot;loop_autoplay&quot;:&quot;once&quot;,&quot;interval&quot;:5,&quot;loop_manual&quot;:&quot;manual-endless&quot;,&quot;autoplay_stopper&quot;:false,&quot;noNavigation&quot;:false,&quot;bg_slider&quot;:false,&quot;keep_padding&quot;:false,&quot;hoverpause&quot;:false,&quot;show_slide_delay&quot;:0}\"  itemprop=\"image\" itemscope=\"itemscope\" itemtype=\"https:\/\/schema.org\/ImageObject\" ><ul class='avia-slideshow-inner ' style='padding-bottom: 25.729166666667%;'><li  class='avia-slideshow-slide av-jslrcbj5-acf5e14173d2ede4df958eb4d4928e75__0  av-single-slide slide-1 slide-odd'><div data-rel='slideshow-1' class='avia-slide-wrap '   ><img decoding=\"async\" fetchpriority=\"high\" class=\"wp-image-15881 avia-img-lazy-loading-not-15881\"  src=\"https:\/\/www.bs-ti.be\/home\/wp-content\/uploads\/Banner-3.jpg\" width=\"960\" height=\"247\" title='Banner' alt=''  itemprop=\"thumbnailUrl\" srcset=\"https:\/\/www.bs-ti.be\/home\/wp-content\/uploads\/Banner-3.jpg 960w, https:\/\/www.bs-ti.be\/home\/wp-content\/uploads\/Banner-3-768x198.jpg 768w, https:\/\/www.bs-ti.be\/home\/wp-content\/uploads\/Banner-3-705x181.jpg 705w, https:\/\/www.bs-ti.be\/home\/wp-content\/uploads\/Banner-3-450x116.jpg 450w\" sizes=\"(max-width: 960px) 100vw, 960px\" \/><\/div><\/li><\/ul><\/div><\/div>\n<style type=\"text\/css\" data-created_by=\"avia_inline_auto\" id=\"style-css-av-jvzclbqw-bf22258a6c740b5148f9e45259f6191d\">\n#top .flex_column.av-jvzclbqw-bf22258a6c740b5148f9e45259f6191d{\nmargin-top:-15%;\nmargin-bottom:0px;\n}\n.flex_column.av-jvzclbqw-bf22258a6c740b5148f9e45259f6191d{\nborder-radius:0px 0px 0px 0px;\npadding:0px 0px 0px 0px;\nbackground-color:rgba(10,10,10,0.2);\n}\n.responsive #top #wrap_all .flex_column.av-jvzclbqw-bf22258a6c740b5148f9e45259f6191d{\nmargin-top:-15%;\nmargin-bottom:0px;\n}\n<\/style>\n<div  class='flex_column av-jvzclbqw-bf22258a6c740b5148f9e45259f6191d av_one_full  avia-builder-el-4  el_after_av_one_full  avia-builder-el-last  first flex_column_div av-zero-column-padding  column-top-margin'     ><style type=\"text\/css\" data-created_by=\"avia_inline_auto\" id=\"style-css-av-jqrt86b2-4d1b1b02ab13bb1531b1a42a2046e882\">\n#top .av_textblock_section.av-jqrt86b2-4d1b1b02ab13bb1531b1a42a2046e882 .avia_textblock{\nfont-size:40px;\ncolor:#ffffff;\n}\n\n@media only screen and (min-width: 768px) and (max-width: 989px){ \n#top .av_textblock_section.av-jqrt86b2-4d1b1b02ab13bb1531b1a42a2046e882 .avia_textblock{\nfont-size:30px;\n}\n}\n\n@media only screen and (min-width: 480px) and (max-width: 767px){ \n#top .av_textblock_section.av-jqrt86b2-4d1b1b02ab13bb1531b1a42a2046e882 .avia_textblock{\nfont-size:20px;\n}\n}\n\n@media only screen and (max-width: 479px){ \n#top .av_textblock_section.av-jqrt86b2-4d1b1b02ab13bb1531b1a42a2046e882 .avia_textblock{\nfont-size:15px;\n}\n}\n<\/style>\n<section  class='av_textblock_section av-jqrt86b2-4d1b1b02ab13bb1531b1a42a2046e882 '   itemscope=\"itemscope\" itemtype=\"https:\/\/schema.org\/CreativeWork\" ><div class='avia_textblock av_inherit_color'  itemprop=\"text\" ><p style=\"text-align: center;\">Tag des Sportes des 1. Jahres BSTI<\/p>\n<\/div><\/section><\/div><\/p>\n<\/div><\/div>\n<\/div><div id='after_grid_row_1'  class='main_color av_default_container_wrap container_wrap sidebar_right'  ><div class='container av-section-cont-open' ><div class='template-page content  av-content-small alpha units'><div class='post-entry post-entry-type-page post-entry-15832'><div class='entry-content-wrapper clearfix'>\n\n<style type=\"text\/css\" data-created_by=\"avia_inline_auto\" id=\"style-css-av-z6hkr9-b74702aaf2ec66e0745179db172b5c39\">\n.flex_column.av-z6hkr9-b74702aaf2ec66e0745179db172b5c39{\nborder-radius:0px 0px 0px 0px;\npadding:0px 0px 0px 0px;\n}\n<\/style>\n<div  class='flex_column av-z6hkr9-b74702aaf2ec66e0745179db172b5c39 av_one_half  avia-builder-el-6  el_after_av_layout_row  el_before_av_two_fifth  avia-builder-el-first  first flex_column_div av-zero-column-padding  '     ><p><section  class='av_textblock_section av-jw62erk8-2dc477360546af014a225cb8952e1bd5 '   itemscope=\"itemscope\" itemtype=\"https:\/\/schema.org\/CreativeWork\" ><div class='avia_textblock'  itemprop=\"text\" ><p>Am Freitag, dem 27. September war es wieder einmal so weit:<br \/>\nIn vielf\u00e4ltigen Aktivit\u00e4ten rannten, sprangen und warfen die Sch\u00fcler aller ersten Klassen.<br \/>\nSie zeigten in den Disziplinen: Tischtennis, BB Zielwerfen, MTB Hindernisparcours, Leichtathletik, Shuttle Run Test und MB Transport viel Ausdauer, Geschicklichkeit und vor allem Zusammenarbeit.<br \/>\nAm Nachmittag wurde die Teamarbeit der Klasse bei einem Fu\u00dfball-, Hockey- und V\u00f6lkerballturnier auf die Probe gestellt. Erst Im abschlie\u00dfenden Tauziehen kam es zur Entscheidung \u00fcber den Tagessieg.<br \/>\nNach einem ereignisreichen Tag, bei dem alle Sch\u00fcler mit Begeisterung dabei waren, stand die 1. A2 als Sieger und \u201esportlichste Klasse\u201c fest.<br \/>\nAm Ende des Tages erhielt jeder Sch\u00fcler eine Urkunde. Die Siegerklasse wurde sogar mit Freikarten f\u00fcrs Kino belohnt.<br \/>\nOlivier Klinges<\/p>\n<\/div><\/section><br \/>\n<section  class='av_textblock_section av-jw62erk8-2dc477360546af014a225cb8952e1bd5 '   itemscope=\"itemscope\" itemtype=\"https:\/\/schema.org\/CreativeWork\" ><div class='avia_textblock'  itemprop=\"text\" ><p><a href=\"https:\/\/www.bs-ti.be\/home\/wp-content\/uploads\/Ergebnisse.pdf\" target=\"_blank\" rel=\"noopener noreferrer\">Ergebnisse<\/a><\/p>\n<\/div><\/section><\/p><\/div>\n<style type=\"text\/css\" data-created_by=\"avia_inline_auto\" id=\"style-css-av-1tg52rl-99918a325cfc866f131f470440c96b88\">\n.flex_column.av-1tg52rl-99918a325cfc866f131f470440c96b88{\nborder-radius:0px 0px 0px 0px;\npadding:0px 0px 0px 0px;\n}\n<\/style>\n<div  class='flex_column av-1tg52rl-99918a325cfc866f131f470440c96b88 av_two_fifth  avia-builder-el-9  el_after_av_one_half  avia-builder-el-last  flex_column_div av-zero-column-padding  '     ><p>\n<style type=\"text\/css\" data-created_by=\"avia_inline_auto\" id=\"style-css-av-jqnl7opd-5f7f65f45cf92e8cbd0b504db2a95982\">\n#top .av_textblock_section.av-jqnl7opd-5f7f65f45cf92e8cbd0b504db2a95982 .avia_textblock{\nfont-size:14px;\n}\n<\/style>\n<section  class='av_textblock_section av-jqnl7opd-5f7f65f45cf92e8cbd0b504db2a95982 '   itemscope=\"itemscope\" itemtype=\"https:\/\/schema.org\/CreativeWork\" ><div class='avia_textblock'  itemprop=\"text\" ><p><strong><span style=\"color: #000000;\">1. A2 als Sieger und \u201esportlichste Klasse\u201c <\/span><\/strong><\/p>\n<\/div><\/section><br \/>\n\n<style type=\"text\/css\" data-created_by=\"avia_inline_auto\" id=\"style-css-av-jw62fg2b-f07edc554ab123b49c09164bb8a5a280\">\n.avia-image-container.av-jw62fg2b-f07edc554ab123b49c09164bb8a5a280 img.avia_image{\nbox-shadow:none;\n}\n.avia-image-container.av-jw62fg2b-f07edc554ab123b49c09164bb8a5a280 .av-image-caption-overlay-center{\ncolor:#ffffff;\n}\n<\/style>\n<div  class='avia-image-container av-jw62fg2b-f07edc554ab123b49c09164bb8a5a280 av-styling- avia-align-center  avia-builder-el-11  el_after_av_textblock  el_before_av_hr '   itemprop=\"image\" itemscope=\"itemscope\" itemtype=\"https:\/\/schema.org\/ImageObject\" ><div class=\"avia-image-container-inner\"><div class=\"avia-image-overlay-wrap\"><img decoding=\"async\" fetchpriority=\"high\" class='wp-image-15882 avia-img-lazy-loading-not-15882 avia_image ' src=\"https:\/\/www.bs-ti.be\/home\/wp-content\/uploads\/Sieger.jpg\" alt='' title='Sieger'  height=\"1125\" width=\"1500\"  itemprop=\"thumbnailUrl\" srcset=\"https:\/\/www.bs-ti.be\/home\/wp-content\/uploads\/Sieger.jpg 1500w, https:\/\/www.bs-ti.be\/home\/wp-content\/uploads\/Sieger-768x576.jpg 768w, https:\/\/www.bs-ti.be\/home\/wp-content\/uploads\/Sieger-705x529.jpg 705w, https:\/\/www.bs-ti.be\/home\/wp-content\/uploads\/Sieger-450x338.jpg 450w\" sizes=\"(max-width: 1500px) 100vw, 1500px\" \/><\/div><\/div><\/div><br \/>\n\n<style type=\"text\/css\" data-created_by=\"avia_inline_auto\" id=\"style-css-av-iiy42g-90e9da63e1e5941683b71e1d60504df6\">\n#top .hr.hr-invisible.av-iiy42g-90e9da63e1e5941683b71e1d60504df6{\nheight:50px;\n}\n<\/style>\n<div  class='hr av-iiy42g-90e9da63e1e5941683b71e1d60504df6 hr-invisible  avia-builder-el-12  el_after_av_image  avia-builder-el-last '><span class='hr-inner '><span class=\"hr-inner-style\"><\/span><\/span><\/div><\/p><\/div><\/p>\n","protected":false},"excerpt":{"rendered":"","protected":false},"author":5,"featured_media":0,"parent":12161,"menu_order":4,"comment_status":"closed","ping_status":"closed","template":"","meta":{"footnotes":""},"class_list":["post-15832","page","type-page","status-publish","hentry"],"_links":{"self":[{"href":"https:\/\/www.bs-ti.be\/home\/wp-json\/wp\/v2\/pages\/15832","targetHints":{"allow":["GET"]}}],"collection":[{"href":"https:\/\/www.bs-ti.be\/home\/wp-json\/wp\/v2\/pages"}],"about":[{"href":"https:\/\/www.bs-ti.be\/home\/wp-json\/wp\/v2\/types\/page"}],"author":[{"embeddable":true,"href":"https:\/\/www.bs-ti.be\/home\/wp-json\/wp\/v2\/users\/5"}],"replies":[{"embeddable":true,"href":"https:\/\/www.bs-ti.be\/home\/wp-json\/wp\/v2\/comments?post=15832"}],"version-history":[{"count":36,"href":"https:\/\/www.bs-ti.be\/home\/wp-json\/wp\/v2\/pages\/15832\/revisions"}],"predecessor-version":[{"id":15904,"href":"https:\/\/www.bs-ti.be\/home\/wp-json\/wp\/v2\/pages\/15832\/revisions\/15904"}],"up":[{"embeddable":true,"href":"https:\/\/www.bs-ti.be\/home\/wp-json\/wp\/v2\/pages\/12161"}],"wp:attachment":[{"href":"https:\/\/www.bs-ti.be\/home\/wp-json\/wp\/v2\/media?parent=15832"}],"curies":[{"name":"wp","href":"https:\/\/api.w.org\/{rel}","templated":true}]}}