{"id":15870,"date":"2019-10-25T10:53:39","date_gmt":"2019-10-25T08:53:39","guid":{"rendered":"http:\/\/www.bs-ti.be\/home\/?page_id=15870"},"modified":"2019-10-25T10:54:43","modified_gmt":"2019-10-25T08:54:43","slug":"jugendkongress","status":"publish","type":"page","link":"https:\/\/www.bs-ti.be\/home\/bsti\/jugendkongress\/","title":{"rendered":"Jugendkongress"},"content":{"rendered":"<div id='av-layout-grid-1'  class='av-layout-grid-container av-1i4o0ch-8a9d204c3fde6df58cea92daafb5a515 entry-content-wrapper main_color av-flex-cells  avia-builder-el-0  el_before_av_two_third  avia-builder-el-first   container_wrap sidebar_right'  >\n\n<style type=\"text\/css\" data-created_by=\"avia_inline_auto\" id=\"style-css-av-jslrebqf-41ea07491f708bf3552647b6947794c3\">\n.flex_cell.av-jslrebqf-41ea07491f708bf3552647b6947794c3{\nvertical-align:top;\n}\n.responsive #top #wrap_all .flex_cell.av-jslrebqf-41ea07491f708bf3552647b6947794c3{\npadding:30px 0px 0px 0px !important;\n}\n<\/style>\n<div class='flex_cell av-jslrebqf-41ea07491f708bf3552647b6947794c3 av-gridrow-cell av_one_full no_margin  avia-builder-el-1  avia-builder-el-no-sibling  content-align-top'  ><div class='flex_cell_inner'><p>\n<style type=\"text\/css\" data-created_by=\"avia_inline_auto\" id=\"style-css-av-417vtt-3359b7b6b99720ae5d5d19eb64bb8c62\">\n.flex_column.av-417vtt-3359b7b6b99720ae5d5d19eb64bb8c62{\nborder-radius:0px 0px 0px 0px;\npadding:0px 0px 0px 0px;\n}\n<\/style>\n<div  class='flex_column av-417vtt-3359b7b6b99720ae5d5d19eb64bb8c62 av_one_full  avia-builder-el-2  el_before_av_one_full  avia-builder-el-first  first flex_column_div av-zero-column-padding  '     ><div  class='avia-slideshow av-jslrcbj5-acf5e14173d2ede4df958eb4d4928e75 avia-slideshow-featured_large av_slideshow avia-slide-slider  avia-builder-el-3  avia-builder-el-no-sibling  av-slideshow-ui av-control-default av-slideshow-manual av-loop-once av-loop-manual-endless av-default-height-applied avia-slideshow-1' data-slideshow-options=\"{&quot;animation&quot;:&quot;slide&quot;,&quot;autoplay&quot;:false,&quot;loop_autoplay&quot;:&quot;once&quot;,&quot;interval&quot;:5,&quot;loop_manual&quot;:&quot;manual-endless&quot;,&quot;autoplay_stopper&quot;:false,&quot;noNavigation&quot;:false,&quot;bg_slider&quot;:false,&quot;keep_padding&quot;:false,&quot;hoverpause&quot;:false,&quot;show_slide_delay&quot;:0}\"  itemprop=\"image\" itemscope=\"itemscope\" itemtype=\"https:\/\/schema.org\/ImageObject\" ><ul class='avia-slideshow-inner ' style='padding-bottom: 32.666666666667%;'><li  class='avia-slideshow-slide av-jslrcbj5-acf5e14173d2ede4df958eb4d4928e75__0  av-single-slide slide-1 slide-odd'><div data-rel='slideshow-1' class='avia-slide-wrap '   ><img decoding=\"async\" fetchpriority=\"high\" class=\"wp-image-15872 avia-img-lazy-loading-not-15872\"  src=\"https:\/\/www.bs-ti.be\/home\/wp-content\/uploads\/Vertrag-Versailles-Banner-1500x490.jpg\" width=\"1500\" height=\"490\" title='Vertrag Versailles Banner' alt=''  itemprop=\"thumbnailUrl\" srcset=\"https:\/\/www.bs-ti.be\/home\/wp-content\/uploads\/Vertrag-Versailles-Banner.jpg 1500w, https:\/\/www.bs-ti.be\/home\/wp-content\/uploads\/Vertrag-Versailles-Banner-768x251.jpg 768w, https:\/\/www.bs-ti.be\/home\/wp-content\/uploads\/Vertrag-Versailles-Banner-705x230.jpg 705w, https:\/\/www.bs-ti.be\/home\/wp-content\/uploads\/Vertrag-Versailles-Banner-450x147.jpg 450w\" sizes=\"(max-width: 1500px) 100vw, 1500px\" \/><\/div><\/li><\/ul><\/div><\/div>\n<style type=\"text\/css\" data-created_by=\"avia_inline_auto\" id=\"style-css-av-jvzclbqw-bf22258a6c740b5148f9e45259f6191d\">\n#top .flex_column.av-jvzclbqw-bf22258a6c740b5148f9e45259f6191d{\nmargin-top:-15%;\nmargin-bottom:0px;\n}\n.flex_column.av-jvzclbqw-bf22258a6c740b5148f9e45259f6191d{\nborder-radius:0px 0px 0px 0px;\npadding:0px 0px 0px 0px;\nbackground-color:rgba(10,10,10,0.2);\n}\n.responsive #top #wrap_all .flex_column.av-jvzclbqw-bf22258a6c740b5148f9e45259f6191d{\nmargin-top:-15%;\nmargin-bottom:0px;\n}\n<\/style>\n<div  class='flex_column av-jvzclbqw-bf22258a6c740b5148f9e45259f6191d av_one_full  avia-builder-el-4  el_after_av_one_full  avia-builder-el-last  first flex_column_div av-zero-column-padding  column-top-margin'     ><style type=\"text\/css\" data-created_by=\"avia_inline_auto\" id=\"style-css-av-jqrt86b2-4d1b1b02ab13bb1531b1a42a2046e882\">\n#top .av_textblock_section.av-jqrt86b2-4d1b1b02ab13bb1531b1a42a2046e882 .avia_textblock{\nfont-size:40px;\ncolor:#ffffff;\n}\n\n@media only screen and (min-width: 768px) and (max-width: 989px){ \n#top .av_textblock_section.av-jqrt86b2-4d1b1b02ab13bb1531b1a42a2046e882 .avia_textblock{\nfont-size:30px;\n}\n}\n\n@media only screen and (min-width: 480px) and (max-width: 767px){ \n#top .av_textblock_section.av-jqrt86b2-4d1b1b02ab13bb1531b1a42a2046e882 .avia_textblock{\nfont-size:20px;\n}\n}\n\n@media only screen and (max-width: 479px){ \n#top .av_textblock_section.av-jqrt86b2-4d1b1b02ab13bb1531b1a42a2046e882 .avia_textblock{\nfont-size:15px;\n}\n}\n<\/style>\n<section  class='av_textblock_section av-jqrt86b2-4d1b1b02ab13bb1531b1a42a2046e882 '   itemscope=\"itemscope\" itemtype=\"https:\/\/schema.org\/CreativeWork\" ><div class='avia_textblock av_inherit_color'  itemprop=\"text\" ><p style=\"text-align: center;\">100 Jahre Vertrag von Versailles<\/p>\n<\/div><\/section><\/div><\/p>\n<\/div><\/div>\n<\/div><div id='after_grid_row_1'  class='main_color av_default_container_wrap container_wrap sidebar_right'  ><div class='container av-section-cont-open' ><div class='template-page content  av-content-small alpha units'><div class='post-entry post-entry-type-page post-entry-15870'><div class='entry-content-wrapper clearfix'>\n\n<style type=\"text\/css\" data-created_by=\"avia_inline_auto\" id=\"style-css-av-1tg52rl-77da312d1dcfc106ccbe6890b76def07\">\n.flex_column.av-1tg52rl-77da312d1dcfc106ccbe6890b76def07{\nborder-radius:0px 0px 0px 0px;\npadding:0px 0px 0px 0px;\n}\n<\/style>\n<div  class='flex_column av-1tg52rl-77da312d1dcfc106ccbe6890b76def07 av_two_third  avia-builder-el-6  el_after_av_layout_row  el_before_av_one_third  avia-builder-el-first  first flex_column_div av-zero-column-padding  '     ><section  class='av_textblock_section av-jqnl7opd-b413064f9dc6077e527919ef0b904376 '   itemscope=\"itemscope\" itemtype=\"https:\/\/schema.org\/CreativeWork\" ><div class='avia_textblock'  itemprop=\"text\" ><h4>BS-Abiturienten nahmen an Jugendkongress teil<\/h4>\n<\/div><\/section><br \/>\n<section  class='av_textblock_section av-jw62erk8-2dc477360546af014a225cb8952e1bd5 '   itemscope=\"itemscope\" itemtype=\"https:\/\/schema.org\/CreativeWork\" ><div class='avia_textblock'  itemprop=\"text\" ><p>Neun BS-Abiturienten mit dem Wahlfach Geschichte nahmen im September an einem Jugendkongress in Eupen teil.  Anlass des Austauschs war der Vertrag von Versailles. Dieser wurde 1919 geschlossen \u2013 vor 100 Jahren also. <\/p>\n<p>Der Vetrag von Versailles war Bestandteil der sogenannten Pariser Vorortvertr\u00e4ge, die das Ende des Ersten Weltkrieges besiegelten. Der Vertrag von Versailles f\u00fchrte zur Angliederung von Eupen-Malmedy an Belgien. Eupen-Malmedy war vorher preu\u00dfisch gewesen.<\/p>\n<p>Der Kongress wurde vom Zentrum f\u00fcr Ostbelgische Geschichte und von der deutschen Bundeszentrale f\u00fcr Politische Bildung organisiert.  Die Organisatoren konnten Jugendliche aus Deutschland, Luxemburg, den Niederlanden und Belgien am Tagungsort, dem Kloster Heidberg, begr\u00fc\u00dfen. In verschiedenen Workshops (u. a. zu den Themen Redekunst, Presse, Karikatur, Theater) konnten sich die Jugendlichen drei Tage lang kreativ austauschen.<\/p>\n<p>Norbert Nicoll<\/p>\n<\/div><\/section><\/p><\/div>\n\n<style type=\"text\/css\" data-created_by=\"avia_inline_auto\" id=\"style-css-av-z6hkr9-485c0d22e6ceb4651be0b87e23a0d9e8\">\n.flex_column.av-z6hkr9-485c0d22e6ceb4651be0b87e23a0d9e8{\nborder-radius:0px 0px 0px 0px;\npadding:0px 0px 0px 0px;\n}\n<\/style>\n<div  class='flex_column av-z6hkr9-485c0d22e6ceb4651be0b87e23a0d9e8 av_one_third  avia-builder-el-9  el_after_av_two_third  avia-builder-el-last  flex_column_div av-zero-column-padding  '     ><style type=\"text\/css\" data-created_by=\"avia_inline_auto\" id=\"style-css-av-jw62fg2b-434c0ee1b83fea86429940bb91b5aeb3\">\n.avia-image-container.av-jw62fg2b-434c0ee1b83fea86429940bb91b5aeb3 img.avia_image{\nbox-shadow:none;\n}\n.avia-image-container.av-jw62fg2b-434c0ee1b83fea86429940bb91b5aeb3 .av-image-caption-overlay-center{\ncolor:#ffffff;\n}\n<\/style>\n<div  class='avia-image-container av-jw62fg2b-434c0ee1b83fea86429940bb91b5aeb3 av-styling- avia-align-center  avia-builder-el-10  avia-builder-el-no-sibling '   itemprop=\"image\" itemscope=\"itemscope\" itemtype=\"https:\/\/schema.org\/ImageObject\" ><div class=\"avia-image-container-inner\"><div class=\"avia-image-overlay-wrap\"><img decoding=\"async\" fetchpriority=\"high\" class='wp-image-15871 avia-img-lazy-loading-not-15871 avia_image ' src=\"https:\/\/www.bs-ti.be\/home\/wp-content\/uploads\/Vertrag-Versailles1.jpg\" alt='' title='Vertrag Versailles1'  height=\"1125\" width=\"1500\"  itemprop=\"thumbnailUrl\" srcset=\"https:\/\/www.bs-ti.be\/home\/wp-content\/uploads\/Vertrag-Versailles1.jpg 1500w, https:\/\/www.bs-ti.be\/home\/wp-content\/uploads\/Vertrag-Versailles1-768x576.jpg 768w, https:\/\/www.bs-ti.be\/home\/wp-content\/uploads\/Vertrag-Versailles1-705x529.jpg 705w, https:\/\/www.bs-ti.be\/home\/wp-content\/uploads\/Vertrag-Versailles1-450x338.jpg 450w\" sizes=\"(max-width: 1500px) 100vw, 1500px\" \/><\/div><\/div><\/div><\/div>\n","protected":false},"excerpt":{"rendered":"","protected":false},"author":5,"featured_media":0,"parent":12161,"menu_order":6,"comment_status":"closed","ping_status":"closed","template":"","meta":{"footnotes":""},"class_list":["post-15870","page","type-page","status-publish","hentry"],"_links":{"self":[{"href":"https:\/\/www.bs-ti.be\/home\/wp-json\/wp\/v2\/pages\/15870","targetHints":{"allow":["GET"]}}],"collection":[{"href":"https:\/\/www.bs-ti.be\/home\/wp-json\/wp\/v2\/pages"}],"about":[{"href":"https:\/\/www.bs-ti.be\/home\/wp-json\/wp\/v2\/types\/page"}],"author":[{"embeddable":true,"href":"https:\/\/www.bs-ti.be\/home\/wp-json\/wp\/v2\/users\/5"}],"replies":[{"embeddable":true,"href":"https:\/\/www.bs-ti.be\/home\/wp-json\/wp\/v2\/comments?post=15870"}],"version-history":[{"count":2,"href":"https:\/\/www.bs-ti.be\/home\/wp-json\/wp\/v2\/pages\/15870\/revisions"}],"predecessor-version":[{"id":15874,"href":"https:\/\/www.bs-ti.be\/home\/wp-json\/wp\/v2\/pages\/15870\/revisions\/15874"}],"up":[{"embeddable":true,"href":"https:\/\/www.bs-ti.be\/home\/wp-json\/wp\/v2\/pages\/12161"}],"wp:attachment":[{"href":"https:\/\/www.bs-ti.be\/home\/wp-json\/wp\/v2\/media?parent=15870"}],"curies":[{"name":"wp","href":"https:\/\/api.w.org\/{rel}","templated":true}]}}