{"id":15879,"date":"2019-10-25T12:07:36","date_gmt":"2019-10-25T10:07:36","guid":{"rendered":"http:\/\/www.bs-ti.be\/home\/?page_id=15879"},"modified":"2019-11-13T08:37:32","modified_gmt":"2019-11-13T07:37:32","slug":"baseballmeisterschaft","status":"publish","type":"page","link":"https:\/\/www.bs-ti.be\/home\/bsti\/baseballmeisterschaft\/","title":{"rendered":"Baseballmeisterschaft"},"content":{"rendered":"<div id='av-layout-grid-1'  class='av-layout-grid-container av-1i4o0ch-8a9d204c3fde6df58cea92daafb5a515 entry-content-wrapper main_color av-flex-cells  avia-builder-el-0  el_before_av_three_fifth  avia-builder-el-first   container_wrap sidebar_right'  >\n\n<style type=\"text\/css\" data-created_by=\"avia_inline_auto\" id=\"style-css-av-jslrebqf-41ea07491f708bf3552647b6947794c3\">\n.flex_cell.av-jslrebqf-41ea07491f708bf3552647b6947794c3{\nvertical-align:top;\n}\n.responsive #top #wrap_all .flex_cell.av-jslrebqf-41ea07491f708bf3552647b6947794c3{\npadding:30px 0px 0px 0px !important;\n}\n<\/style>\n<div class='flex_cell av-jslrebqf-41ea07491f708bf3552647b6947794c3 av-gridrow-cell av_one_full no_margin  avia-builder-el-1  avia-builder-el-no-sibling  content-align-top'  ><div class='flex_cell_inner'><p>\n<style type=\"text\/css\" data-created_by=\"avia_inline_auto\" id=\"style-css-av-417vtt-3359b7b6b99720ae5d5d19eb64bb8c62\">\n.flex_column.av-417vtt-3359b7b6b99720ae5d5d19eb64bb8c62{\nborder-radius:0px 0px 0px 0px;\npadding:0px 0px 0px 0px;\n}\n<\/style>\n<div  class='flex_column av-417vtt-3359b7b6b99720ae5d5d19eb64bb8c62 av_one_full  avia-builder-el-2  el_before_av_one_full  avia-builder-el-first  first flex_column_div av-zero-column-padding  '     ><div  class='avia-slideshow av-jslrcbj5-acf5e14173d2ede4df958eb4d4928e75 avia-slideshow-featured_large av_slideshow avia-slide-slider  avia-builder-el-3  avia-builder-el-no-sibling  av-slideshow-ui av-control-default av-slideshow-manual av-loop-once av-loop-manual-endless av-default-height-applied avia-slideshow-1' data-slideshow-options=\"{&quot;animation&quot;:&quot;slide&quot;,&quot;autoplay&quot;:false,&quot;loop_autoplay&quot;:&quot;once&quot;,&quot;interval&quot;:5,&quot;loop_manual&quot;:&quot;manual-endless&quot;,&quot;autoplay_stopper&quot;:false,&quot;noNavigation&quot;:false,&quot;bg_slider&quot;:false,&quot;keep_padding&quot;:false,&quot;hoverpause&quot;:false,&quot;show_slide_delay&quot;:0}\"  itemprop=\"image\" itemscope=\"itemscope\" itemtype=\"https:\/\/schema.org\/ImageObject\" ><ul class='avia-slideshow-inner ' style='padding-bottom: 31.25%;'><li  class='avia-slideshow-slide av-jslrcbj5-acf5e14173d2ede4df958eb4d4928e75__0  av-single-slide slide-1 slide-odd'><div data-rel='slideshow-1' class='avia-slide-wrap '   ><img decoding=\"async\" fetchpriority=\"high\" class=\"wp-image-15843 avia-img-lazy-loading-not-15843\"  src=\"https:\/\/www.bs-ti.be\/home\/wp-content\/uploads\/Banner-2.jpg\" width=\"960\" height=\"300\" title='Banner' alt=''  itemprop=\"thumbnailUrl\" srcset=\"https:\/\/www.bs-ti.be\/home\/wp-content\/uploads\/Banner-2.jpg 960w, https:\/\/www.bs-ti.be\/home\/wp-content\/uploads\/Banner-2-768x240.jpg 768w, https:\/\/www.bs-ti.be\/home\/wp-content\/uploads\/Banner-2-705x220.jpg 705w, https:\/\/www.bs-ti.be\/home\/wp-content\/uploads\/Banner-2-450x141.jpg 450w\" sizes=\"(max-width: 960px) 100vw, 960px\" \/><\/div><\/li><\/ul><\/div><\/div>\n<style type=\"text\/css\" data-created_by=\"avia_inline_auto\" id=\"style-css-av-jvzclbqw-bf22258a6c740b5148f9e45259f6191d\">\n#top .flex_column.av-jvzclbqw-bf22258a6c740b5148f9e45259f6191d{\nmargin-top:-15%;\nmargin-bottom:0px;\n}\n.flex_column.av-jvzclbqw-bf22258a6c740b5148f9e45259f6191d{\nborder-radius:0px 0px 0px 0px;\npadding:0px 0px 0px 0px;\nbackground-color:rgba(10,10,10,0.2);\n}\n.responsive #top #wrap_all .flex_column.av-jvzclbqw-bf22258a6c740b5148f9e45259f6191d{\nmargin-top:-15%;\nmargin-bottom:0px;\n}\n<\/style>\n<div  class='flex_column av-jvzclbqw-bf22258a6c740b5148f9e45259f6191d av_one_full  avia-builder-el-4  el_after_av_one_full  avia-builder-el-last  first flex_column_div av-zero-column-padding  column-top-margin'     ><style type=\"text\/css\" data-created_by=\"avia_inline_auto\" id=\"style-css-av-jqrt86b2-4d1b1b02ab13bb1531b1a42a2046e882\">\n#top .av_textblock_section.av-jqrt86b2-4d1b1b02ab13bb1531b1a42a2046e882 .avia_textblock{\nfont-size:40px;\ncolor:#ffffff;\n}\n\n@media only screen and (min-width: 768px) and (max-width: 989px){ \n#top .av_textblock_section.av-jqrt86b2-4d1b1b02ab13bb1531b1a42a2046e882 .avia_textblock{\nfont-size:30px;\n}\n}\n\n@media only screen and (min-width: 480px) and (max-width: 767px){ \n#top .av_textblock_section.av-jqrt86b2-4d1b1b02ab13bb1531b1a42a2046e882 .avia_textblock{\nfont-size:20px;\n}\n}\n\n@media only screen and (max-width: 479px){ \n#top .av_textblock_section.av-jqrt86b2-4d1b1b02ab13bb1531b1a42a2046e882 .avia_textblock{\nfont-size:15px;\n}\n}\n<\/style>\n<section  class='av_textblock_section av-jqrt86b2-4d1b1b02ab13bb1531b1a42a2046e882 '   itemscope=\"itemscope\" itemtype=\"https:\/\/schema.org\/CreativeWork\" ><div class='avia_textblock av_inherit_color'  itemprop=\"text\" ><p style=\"text-align: center;\">Baseballmeisterschaft f\u00fcr Jungen und M\u00e4dchen<\/p>\n<\/div><\/section><\/div><\/p>\n<\/div><\/div>\n<\/div><div id='after_grid_row_1'  class='main_color av_default_container_wrap container_wrap sidebar_right'  ><div class='container av-section-cont-open' ><div class='template-page content  av-content-small alpha units'><div class='post-entry post-entry-type-page post-entry-15879'><div class='entry-content-wrapper clearfix'>\n\n<style type=\"text\/css\" data-created_by=\"avia_inline_auto\" id=\"style-css-av-z6hkr9-b74702aaf2ec66e0745179db172b5c39\">\n.flex_column.av-z6hkr9-b74702aaf2ec66e0745179db172b5c39{\nborder-radius:0px 0px 0px 0px;\npadding:0px 0px 0px 0px;\n}\n<\/style>\n<div  class='flex_column av-z6hkr9-b74702aaf2ec66e0745179db172b5c39 av_three_fifth  avia-builder-el-6  el_after_av_layout_row  el_before_av_two_fifth  avia-builder-el-first  first flex_column_div av-zero-column-padding  '     ><style type=\"text\/css\" data-created_by=\"avia_inline_auto\" id=\"style-css-av-jqnl7opd-5f7f65f45cf92e8cbd0b504db2a95982\">\n#top .av_textblock_section.av-jqnl7opd-5f7f65f45cf92e8cbd0b504db2a95982 .avia_textblock{\nfont-size:14px;\n}\n<\/style>\n<section  class='av_textblock_section av-jqnl7opd-5f7f65f45cf92e8cbd0b504db2a95982 '   itemscope=\"itemscope\" itemtype=\"https:\/\/schema.org\/CreativeWork\" ><div class='avia_textblock'  itemprop=\"text\" ><p style=\"text-align: left;\"><strong><span style=\"color: #000000;\">\u201eNasse\u201c Premiere bei der diesj\u00e4hrigen Schulmeisterschaft der DG<\/span><\/strong><\/p>\n<\/div><\/section><br \/>\n<section  class='av_textblock_section av-jw62erk8-2dc477360546af014a225cb8952e1bd5 '   itemscope=\"itemscope\" itemtype=\"https:\/\/schema.org\/CreativeWork\" ><div class='avia_textblock'  itemprop=\"text\" ><p>Zum ersten Mal fand am 16.10.2019 auf dem Sportgel\u00e4nde in B\u00fcllingen die von der BIB organisierte Baseballmeisterschaft f\u00fcr Jungen und M\u00e4dchen statt.<br \/>\nEin starkes Wettertief \u00fcberschattete jedoch diesen Sportnachmittag und machte ihn somit zu einer sportlichen Herausforderung f\u00fcr alle Teilnehmer.<br \/>\nBei anhaltender K\u00e4lte und kr\u00e4ftigem Dauerregen trafen sich insgesamt 32 Mannschaften vom KA Eupen, KA Sankt-Vith, MG, BIB, PDS und Sch\u00fcler\/innen der BS\/TI, um bei extremen Bedingungen in den verschiedenen Kategorien gegeneinander anzutreten.<br \/>\nUnsere Sch\u00fclerInnen lie\u00dfen sich jedoch nicht abschrecken. Manche hatten sogar zeitweise richtig Spa\u00df, auf rutschigem Boden ihre eifeler Wetterfestigkeit unter Beweis zu stellen.<br \/>\nNach dem Tief aber folgten die erfreulich hohen Platzierungen unserer BSTI Mannschaften, die als Team bedingungslos f\u00fcr jeden Punkt gek\u00e4mpft haben:<\/p>\n<p>Kat 15 M\u00e4dchen:\u00a0 \u00a0 \u00a0 \u00a0Platz 1<br \/>\nKat 16 Jungen:\u00a0 \u00a0 \u00a0 \u00a0 \u00a0 Platz 1<br \/>\nKat 17 M\u00e4dchen:\u00a0 \u00a0 \u00a0 \u00a0Platz 4<br \/>\nKat 18 Jungen BS:\u00a0 \u00a0 Platz 2<br \/>\nKat 18 Jungen: TI:\u00a0 \u00a0 \u00a0Platz 3<\/p>\n<p><strong><span style=\"color: #800080;\">Gratulation allen Teilnehmern und ein gro\u00dfes Lob an unsere starken Mannschaften!<\/span><\/strong><\/p>\n<p>Die Sportlehrer<\/p>\n<\/div><\/section><\/p><\/div>\n\n<style type=\"text\/css\" data-created_by=\"avia_inline_auto\" id=\"style-css-av-1tg52rl-99918a325cfc866f131f470440c96b88\">\n.flex_column.av-1tg52rl-99918a325cfc866f131f470440c96b88{\nborder-radius:0px 0px 0px 0px;\npadding:0px 0px 0px 0px;\n}\n<\/style>\n<div  class='flex_column av-1tg52rl-99918a325cfc866f131f470440c96b88 av_two_fifth  avia-builder-el-9  el_after_av_three_fifth  el_before_av_one_fourth  flex_column_div av-zero-column-padding  '     ><p>\n<style type=\"text\/css\" data-created_by=\"avia_inline_auto\" id=\"style-css-av-jw62fg2b-c9745a1d3085cdf1c118dd1bb8f77821\">\n.avia-image-container.av-jw62fg2b-c9745a1d3085cdf1c118dd1bb8f77821 img.avia_image{\nbox-shadow:none;\n}\n.avia-image-container.av-jw62fg2b-c9745a1d3085cdf1c118dd1bb8f77821 .av-image-caption-overlay-center{\ncolor:#ffffff;\n}\n<\/style>\n<div  class='avia-image-container av-jw62fg2b-c9745a1d3085cdf1c118dd1bb8f77821 av-styling- avia-align-center  avia-builder-el-10  el_before_av_image  avia-builder-el-first '   itemprop=\"image\" itemscope=\"itemscope\" itemtype=\"https:\/\/schema.org\/ImageObject\" ><div class=\"avia-image-container-inner\"><div class=\"avia-image-overlay-wrap\"><img decoding=\"async\" fetchpriority=\"high\" class='wp-image-15929 avia-img-lazy-loading-not-15929 avia_image ' src=\"https:\/\/www.bs-ti.be\/home\/wp-content\/uploads\/Maedchen.jpg\" alt='' title='Maedchen'  height=\"881\" width=\"1483\"  itemprop=\"thumbnailUrl\" srcset=\"https:\/\/www.bs-ti.be\/home\/wp-content\/uploads\/Maedchen.jpg 1483w, https:\/\/www.bs-ti.be\/home\/wp-content\/uploads\/Maedchen-768x456.jpg 768w, https:\/\/www.bs-ti.be\/home\/wp-content\/uploads\/Maedchen-705x419.jpg 705w, https:\/\/www.bs-ti.be\/home\/wp-content\/uploads\/Maedchen-450x267.jpg 450w\" sizes=\"(max-width: 1483px) 100vw, 1483px\" \/><\/div><\/div><\/div><br \/>\n\n<style type=\"text\/css\" data-created_by=\"avia_inline_auto\" id=\"style-css-av-jw62fg2b-6c20a8a4aca937e091d74f19a49e0dac\">\n.avia-image-container.av-jw62fg2b-6c20a8a4aca937e091d74f19a49e0dac img.avia_image{\nbox-shadow:none;\n}\n.avia-image-container.av-jw62fg2b-6c20a8a4aca937e091d74f19a49e0dac .av-image-caption-overlay-center{\ncolor:#ffffff;\n}\n<\/style>\n<div  class='avia-image-container av-jw62fg2b-6c20a8a4aca937e091d74f19a49e0dac av-styling- avia-align-center  avia-builder-el-11  el_after_av_image  el_before_av_hr '   itemprop=\"image\" itemscope=\"itemscope\" itemtype=\"https:\/\/schema.org\/ImageObject\" ><div class=\"avia-image-container-inner\"><div class=\"avia-image-overlay-wrap\"><img decoding=\"async\" fetchpriority=\"high\" class='wp-image-15826 avia-img-lazy-loading-not-15826 avia_image ' src=\"https:\/\/www.bs-ti.be\/home\/wp-content\/uploads\/Jungen1.jpg\" alt='' title='Jungen1'  height=\"747\" width=\"1416\"  itemprop=\"thumbnailUrl\" srcset=\"https:\/\/www.bs-ti.be\/home\/wp-content\/uploads\/Jungen1.jpg 1416w, https:\/\/www.bs-ti.be\/home\/wp-content\/uploads\/Jungen1-768x405.jpg 768w, https:\/\/www.bs-ti.be\/home\/wp-content\/uploads\/Jungen1-710x375.jpg 710w, https:\/\/www.bs-ti.be\/home\/wp-content\/uploads\/Jungen1-705x372.jpg 705w, https:\/\/www.bs-ti.be\/home\/wp-content\/uploads\/Jungen1-450x237.jpg 450w\" sizes=\"(max-width: 1416px) 100vw, 1416px\" \/><\/div><\/div><\/div><br \/>\n\n<style type=\"text\/css\" data-created_by=\"avia_inline_auto\" id=\"style-css-av-iiy42g-90e9da63e1e5941683b71e1d60504df6\">\n#top .hr.hr-invisible.av-iiy42g-90e9da63e1e5941683b71e1d60504df6{\nheight:50px;\n}\n<\/style>\n<div  class='hr av-iiy42g-90e9da63e1e5941683b71e1d60504df6 hr-invisible  avia-builder-el-12  el_after_av_image  avia-builder-el-last '><span class='hr-inner '><span class=\"hr-inner-style\"><\/span><\/span><\/div><\/p><\/div>\n<style type=\"text\/css\" data-created_by=\"avia_inline_auto\" id=\"style-css-av-o9hcc5-e30ebdce5296ea5cb678eeccef275480\">\n.flex_column.av-o9hcc5-e30ebdce5296ea5cb678eeccef275480{\nborder-radius:0px 0px 0px 0px;\npadding:0px 0px 0px 0px;\n}\n<\/style>\n<div  class='flex_column av-o9hcc5-e30ebdce5296ea5cb678eeccef275480 av_one_fourth  avia-builder-el-13  el_after_av_two_fifth  el_before_av_one_fourth  first flex_column_div av-zero-column-padding  '     ><section  class='av_textblock_section av-jqnl7opd-b413064f9dc6077e527919ef0b904376 '   itemscope=\"itemscope\" itemtype=\"https:\/\/schema.org\/CreativeWork\" ><div class='avia_textblock'  itemprop=\"text\" ><p><strong>Kategorie 15 (M\u00e4dchen 05-04)<\/strong><br \/>\nMetens Lola (4A)<br \/>\nBungartz Camila (3A)<br \/>\nBackes Zo\u00e9 (4A)<br \/>\nTreinen Lynn (4A)<br \/>\nJakobs Elisa (4A)<br \/>\nTheiss Eva (3A)<br \/>\nDethier Emilie (4A)<br \/>\nCohnen Sally (4A)<br \/>\nRoosens Zo\u00e9 (3A)<\/p>\n<\/div><\/section><\/div><\/p>\n\n<style type=\"text\/css\" data-created_by=\"avia_inline_auto\" id=\"style-css-av-o9hcc5-39d627cfb163f34da6873c05b97c7481\">\n.flex_column.av-o9hcc5-39d627cfb163f34da6873c05b97c7481{\nborder-radius:0px 0px 0px 0px;\npadding:0px 0px 0px 0px;\n}\n<\/style>\n<div  class='flex_column av-o9hcc5-39d627cfb163f34da6873c05b97c7481 av_one_fourth  avia-builder-el-15  el_after_av_one_fourth  el_before_av_one_fourth  flex_column_div av-zero-column-padding  '     ><section  class='av_textblock_section av-jqnl7opd-b413064f9dc6077e527919ef0b904376 '   itemscope=\"itemscope\" itemtype=\"https:\/\/schema.org\/CreativeWork\" ><div class='avia_textblock'  itemprop=\"text\" ><p><strong>Kategorie 16 (Jungen 05-04)<\/strong><br \/>\nEicher Aaron (4A)<br \/>\nFurio Loris (3A)<br \/>\nJuffern Mathias (4A)<br \/>\nWeber Timo (3A)<br \/>\nSarlette Jo\u00e9 (3A)<br \/>\nSchmitz Louis (4A)<br \/>\nEhnimb Florian (3A)<br \/>\nRauw Noah (4A)<br \/>\nSch\u00f6pges Jason (4A)<\/p>\n<\/div><\/section><\/div>\n\n<style type=\"text\/css\" data-created_by=\"avia_inline_auto\" id=\"style-css-av-o9hcc5-39d627cfb163f34da6873c05b97c7481\">\n.flex_column.av-o9hcc5-39d627cfb163f34da6873c05b97c7481{\nborder-radius:0px 0px 0px 0px;\npadding:0px 0px 0px 0px;\n}\n<\/style>\n<div  class='flex_column av-o9hcc5-39d627cfb163f34da6873c05b97c7481 av_one_fourth  avia-builder-el-17  el_after_av_one_fourth  el_before_av_one_fourth  flex_column_div av-zero-column-padding  '     ><section  class='av_textblock_section av-jqnl7opd-b413064f9dc6077e527919ef0b904376 '   itemscope=\"itemscope\" itemtype=\"https:\/\/schema.org\/CreativeWork\" ><div class='avia_textblock'  itemprop=\"text\" ><p><strong>Kategorie 17 (M\u00e4dchen 03 u. \u00e4lter)<\/strong><br \/>\nGoenen Yara (6A)<br \/>\nBastien Clara (5A)<br \/>\nPip Marie (6A)<br \/>\nPaquet Mayra (5A)<br \/>\nLeyens Mariah (5A)<br \/>\nHaas Kathrin (5A)<br \/>\nNeuens Mandy (5A)<br \/>\nVermeulen Anne (5A)<br \/>\nHeinen Emilie (6A)<br \/>\nWeidisch Victoria (6A)<\/p>\n<\/div><\/section><\/div>\n\n<style type=\"text\/css\" data-created_by=\"avia_inline_auto\" id=\"style-css-av-o9hcc5-39d627cfb163f34da6873c05b97c7481\">\n.flex_column.av-o9hcc5-39d627cfb163f34da6873c05b97c7481{\nborder-radius:0px 0px 0px 0px;\npadding:0px 0px 0px 0px;\n}\n<\/style>\n<div  class='flex_column av-o9hcc5-39d627cfb163f34da6873c05b97c7481 av_one_fourth  avia-builder-el-19  el_after_av_one_fourth  avia-builder-el-last  flex_column_div av-zero-column-padding  '     ><section  class='av_textblock_section av-jqnl7opd-b413064f9dc6077e527919ef0b904376 '   itemscope=\"itemscope\" itemtype=\"https:\/\/schema.org\/CreativeWork\" ><div class='avia_textblock'  itemprop=\"text\" ><p><strong>Kategorie 18 (Jungen 03 u. \u00e4lter)<\/strong><br \/>\nCarabin Dorian (4A)<br \/>\nRoderburg Loris (5A)<br \/>\nHeinen Sam (4A)<br \/>\nKoole Pjotre (5A)<br \/>\nThelen Mike (4A)<br \/>\nVilz Chris (5A)<br \/>\nSchmitz Niko (4A)<br \/>\nSchmitz Jan (5A)<br \/>\nBertemes Luca (5A)<br \/>\nKoch Liam (5A)<br \/>\nPasquasy Yves (4A)<br \/>\nBr\u00fcls Pol (5LB)<br \/>\nHanf Jona (4A)<br \/>\nMasson Amory (6A)<br \/>\nHanf Ilan (4A)<br \/>\nDujardin Miguel (6A)<\/p>\n<\/div><\/section><\/div>\n","protected":false},"excerpt":{"rendered":"","protected":false},"author":5,"featured_media":0,"parent":12161,"menu_order":6,"comment_status":"closed","ping_status":"closed","template":"","meta":{"footnotes":""},"class_list":["post-15879","page","type-page","status-publish","hentry"],"_links":{"self":[{"href":"https:\/\/www.bs-ti.be\/home\/wp-json\/wp\/v2\/pages\/15879","targetHints":{"allow":["GET"]}}],"collection":[{"href":"https:\/\/www.bs-ti.be\/home\/wp-json\/wp\/v2\/pages"}],"about":[{"href":"https:\/\/www.bs-ti.be\/home\/wp-json\/wp\/v2\/types\/page"}],"author":[{"embeddable":true,"href":"https:\/\/www.bs-ti.be\/home\/wp-json\/wp\/v2\/users\/5"}],"replies":[{"embeddable":true,"href":"https:\/\/www.bs-ti.be\/home\/wp-json\/wp\/v2\/comments?post=15879"}],"version-history":[{"count":5,"href":"https:\/\/www.bs-ti.be\/home\/wp-json\/wp\/v2\/pages\/15879\/revisions"}],"predecessor-version":[{"id":20212,"href":"https:\/\/www.bs-ti.be\/home\/wp-json\/wp\/v2\/pages\/15879\/revisions\/20212"}],"up":[{"embeddable":true,"href":"https:\/\/www.bs-ti.be\/home\/wp-json\/wp\/v2\/pages\/12161"}],"wp:attachment":[{"href":"https:\/\/www.bs-ti.be\/home\/wp-json\/wp\/v2\/media?parent=15879"}],"curies":[{"name":"wp","href":"https:\/\/api.w.org\/{rel}","templated":true}]}}