{"id":16454,"date":"2020-03-10T12:11:18","date_gmt":"2020-03-10T11:11:18","guid":{"rendered":"http:\/\/www.bs-ti.be\/home\/?page_id=16454"},"modified":"2025-03-27T10:22:47","modified_gmt":"2025-03-27T09:22:47","slug":"tagesinternat","status":"publish","type":"page","link":"https:\/\/www.bs-ti.be\/home\/home\/tagesinternat\/","title":{"rendered":"Tagesinternat"},"content":{"rendered":"<div id='av-layout-grid-1'  class='av-layout-grid-container av-1i4o0ch-8a9d204c3fde6df58cea92daafb5a515 entry-content-wrapper main_color av-flex-cells  avia-builder-el-0  el_before_av_three_fifth  avia-builder-el-first   container_wrap sidebar_right'  >\n\n<style type=\"text\/css\" data-created_by=\"avia_inline_auto\" id=\"style-css-av-jslrebqf-41ea07491f708bf3552647b6947794c3\">\n.flex_cell.av-jslrebqf-41ea07491f708bf3552647b6947794c3{\nvertical-align:top;\n}\n.responsive #top #wrap_all .flex_cell.av-jslrebqf-41ea07491f708bf3552647b6947794c3{\npadding:30px 0px 0px 0px !important;\n}\n<\/style>\n<div class='flex_cell av-jslrebqf-41ea07491f708bf3552647b6947794c3 av-gridrow-cell av_one_full no_margin  avia-builder-el-1  avia-builder-el-no-sibling  content-align-top'  ><div class='flex_cell_inner'><p>\n<style type=\"text\/css\" data-created_by=\"avia_inline_auto\" id=\"style-css-av-417vtt-01d20704e3074c2bb3603a8bbb299d9a\">\n#top .flex_column.av-417vtt-01d20704e3074c2bb3603a8bbb299d9a{\nmargin-top:-15px;\nmargin-bottom:-15px;\n}\n.flex_column.av-417vtt-01d20704e3074c2bb3603a8bbb299d9a{\nborder-radius:0px 0px 0px 0px;\npadding:0px 0px 0px 0px;\n}\n.responsive #top #wrap_all .flex_column.av-417vtt-01d20704e3074c2bb3603a8bbb299d9a{\nmargin-top:-15px;\nmargin-bottom:-15px;\n}\n<\/style>\n<div  class='flex_column av-417vtt-01d20704e3074c2bb3603a8bbb299d9a av_one_full  avia-builder-el-2  el_before_av_one_full  avia-builder-el-first  first flex_column_div av-zero-column-padding  '     ><div  class='avia-slideshow av-jslrcbj5-7717e702c0b0be1ffd060649c4a63d40 avia-slideshow-featured_large av_slideshow avia-slide-slider  avia-builder-el-3  avia-builder-el-no-sibling  av-slideshow-ui av-control-default av-slideshow-manual av-loop-once av-loop-manual-endless av-default-height-applied avia-slideshow-1' data-slideshow-options=\"{&quot;animation&quot;:&quot;slide&quot;,&quot;autoplay&quot;:false,&quot;loop_autoplay&quot;:&quot;once&quot;,&quot;interval&quot;:5,&quot;loop_manual&quot;:&quot;manual-endless&quot;,&quot;autoplay_stopper&quot;:false,&quot;noNavigation&quot;:false,&quot;bg_slider&quot;:false,&quot;keep_padding&quot;:false,&quot;hoverpause&quot;:false,&quot;show_slide_delay&quot;:0}\"  itemprop=\"image\" itemscope=\"itemscope\" itemtype=\"https:\/\/schema.org\/ImageObject\" ><ul class='avia-slideshow-inner ' style='padding-bottom: 20%;'><li  class='avia-slideshow-slide av-jslrcbj5-7717e702c0b0be1ffd060649c4a63d40__0  av-single-slide slide-1 slide-odd'><div data-rel='slideshow-1' class='avia-slide-wrap '   ><img decoding=\"async\" fetchpriority=\"high\" class=\"wp-image-18282 avia-img-lazy-loading-not-18282\"  src=\"https:\/\/www.bs-ti.be\/home\/wp-content\/uploads\/2021\/01\/Internat_300.png\" width=\"1500\" height=\"300\" title='Internat 300' alt=''  itemprop=\"thumbnailUrl\" srcset=\"https:\/\/www.bs-ti.be\/home\/wp-content\/uploads\/2021\/01\/Internat_300.png 1500w, https:\/\/www.bs-ti.be\/home\/wp-content\/uploads\/2021\/01\/Internat_300-768x154.png 768w, https:\/\/www.bs-ti.be\/home\/wp-content\/uploads\/2021\/01\/Internat_300-705x141.png 705w, https:\/\/www.bs-ti.be\/home\/wp-content\/uploads\/2021\/01\/Internat_300-450x90.png 450w\" sizes=\"(max-width: 1500px) 100vw, 1500px\" \/><\/div><\/li><\/ul><\/div><\/div>\n<style type=\"text\/css\" data-created_by=\"avia_inline_auto\" id=\"style-css-av-jslnbita-5aea5fed5ca064889754f5225d98c109\">\n#top .flex_column.av-jslnbita-5aea5fed5ca064889754f5225d98c109{\nmargin-top:-15%;\nmargin-bottom:0px;\n}\n.flex_column.av-jslnbita-5aea5fed5ca064889754f5225d98c109{\nborder-radius:0px 0px 0px 0px;\npadding:0px 0px 0px 0px;\nbackground-color:rgba(10,10,10,0.2);\n}\n.responsive #top #wrap_all .flex_column.av-jslnbita-5aea5fed5ca064889754f5225d98c109{\nmargin-top:-15%;\nmargin-bottom:0px;\n}\n<\/style>\n<div  class='flex_column av-jslnbita-5aea5fed5ca064889754f5225d98c109 av_one_full  avia-builder-el-4  el_after_av_one_full  avia-builder-el-last  first flex_column_div av-zero-column-padding  column-top-margin'     ><style type=\"text\/css\" data-created_by=\"avia_inline_auto\" id=\"style-css-av-jqrt86b2-fa3fb6217894e53b0b0a733191e1c50f\">\n#top .av_textblock_section.av-jqrt86b2-fa3fb6217894e53b0b0a733191e1c50f .avia_textblock{\nfont-size:40px;\ncolor:#ffffff;\n}\n\n@media only screen and (min-width: 768px) and (max-width: 989px){ \n#top .av_textblock_section.av-jqrt86b2-fa3fb6217894e53b0b0a733191e1c50f .avia_textblock{\nfont-size:30px;\n}\n}\n\n@media only screen and (min-width: 480px) and (max-width: 767px){ \n#top .av_textblock_section.av-jqrt86b2-fa3fb6217894e53b0b0a733191e1c50f .avia_textblock{\nfont-size:20px;\n}\n}\n\n@media only screen and (max-width: 479px){ \n#top .av_textblock_section.av-jqrt86b2-fa3fb6217894e53b0b0a733191e1c50f .avia_textblock{\nfont-size:15px;\n}\n}\n<\/style>\n<section  class='av_textblock_section av-jqrt86b2-fa3fb6217894e53b0b0a733191e1c50f '   itemscope=\"itemscope\" itemtype=\"https:\/\/schema.org\/CreativeWork\" ><div class='avia_textblock av_inherit_color'  itemprop=\"text\" ><p style=\"text-align: center;\">Zeit f\u00fcr mehr &#8230; &#8222;Tagesinternat&#8220;<\/p>\n<\/div><\/section><\/div><\/p>\n<\/div><\/div>\n<\/div><div id='after_grid_row_1'  class='main_color av_default_container_wrap container_wrap sidebar_right'  ><div class='container av-section-cont-open' ><div class='template-page content  av-content-small alpha units'><div class='post-entry post-entry-type-page post-entry-16454'><div class='entry-content-wrapper clearfix'>\n\n<style type=\"text\/css\" data-created_by=\"avia_inline_auto\" id=\"style-css-av-1tg52rl-77da312d1dcfc106ccbe6890b76def07\">\n.flex_column.av-1tg52rl-77da312d1dcfc106ccbe6890b76def07{\nborder-radius:0px 0px 0px 0px;\npadding:0px 0px 0px 0px;\n}\n<\/style>\n<div  class='flex_column av-1tg52rl-77da312d1dcfc106ccbe6890b76def07 av_three_fifth  avia-builder-el-6  el_after_av_layout_row  el_before_av_two_fifth  avia-builder-el-first  first flex_column_div av-zero-column-padding  '     ><p>\n<style type=\"text\/css\" data-created_by=\"avia_inline_auto\" id=\"style-css-av-2ec7eu-4dafe13af08147c7dd47533110cd10be\">\n#top .av-special-heading.av-2ec7eu-4dafe13af08147c7dd47533110cd10be{\npadding-bottom:10px;\ncolor:#adc806;\n}\nbody .av-special-heading.av-2ec7eu-4dafe13af08147c7dd47533110cd10be .av-special-heading-tag .heading-char{\nfont-size:25px;\n}\n.av-special-heading.av-2ec7eu-4dafe13af08147c7dd47533110cd10be .special-heading-inner-border{\nborder-color:#adc806;\n}\n.av-special-heading.av-2ec7eu-4dafe13af08147c7dd47533110cd10be .av-subheading{\nfont-size:15px;\n}\n<\/style>\n<div  class='av-special-heading av-2ec7eu-4dafe13af08147c7dd47533110cd10be av-special-heading-h2 custom-color-heading  avia-builder-el-7  el_before_av_textblock  avia-builder-el-first '><h2 class='av-special-heading-tag '  itemprop=\"headline\"  >Wir k\u00fcmmern uns &#8230;<\/h2><div class=\"special-heading-border\"><div class=\"special-heading-inner-border\"><\/div><\/div><\/div><br \/>\n<section  class='av_textblock_section av-jqnl7opd-894303e5b8068f19d225f960b4cfb650 '   itemscope=\"itemscope\" itemtype=\"https:\/\/schema.org\/CreativeWork\" ><div class='avia_textblock'  itemprop=\"text\" ><h3><span style=\"color: #adc806;\">ZEIT F\u00dcR MEHR &#8230; &#8222;TAGESINTERNAT&#8220;<\/span><\/h3>\n<p>Als Schulgemeinschaft BSTI bieten wir seit dem Jahre 2020 eine Neuheit an: das Tagesinternat, angegliedert an das Jungeninternat BSTI.<\/p>\n<p>Gesellschaftliche Ver\u00e4nderungen f\u00fchren bei der Betreuung der Kinder und Jugendlichen immer mehr zu Engp\u00e4ssen. Und genau da wollen wir ein Angebot schaffen, mit dem Druck und Stress genommen und der Feierabend angenehmer und entspannter werden kann.<\/p>\n<p>Das Tagesinternat bietet Jungen ab 10 Jahren (aller Schulen) und den M\u00e4dchen unserer Schulgemeinschaft einen betreuten Rahmen nach Schulschluss.<\/p>\n<p><strong><span style=\"color: #adc806;\">Betreuter Rahmen nach Schulschluss<\/span><\/strong><br \/>\nDas Tagesinternat bietet eine Betreuung bis in die fr\u00fchen Abendstunden, jedoch ohne \u00dcbernachtung. Das Mittagessen k\u00f6nnen die Sekundarsch\u00fcler im Speisesaal der Internatssch\u00fcler einnehmen, die Primarsch\u00fcler bleiben daf\u00fcr in der jeweiligen Primarschule. Um 16.00 Uhr gibt es einen kleinen Imbiss und ein wenig Freizeit, die sie bei einer Aktivit\u00e4t, allein oder mit Freunden, genie\u00dfen k\u00f6nnen.<\/p>\n<p>Ab 17.00 Uhr bietet das Internatsstudium w\u00e4hrend 90 Minuten den Rahmen f\u00fcr das Erledigen der Hausaufgaben. Dabei besteht die M\u00f6glichkeit, sich mit anderen auszutauschen und sich gegenseitig zu helfen. Das Erzieherteam unterst\u00fctzt bei der Bew\u00e4ltigung der Hausaufgaben, die haupts\u00e4chliche Arbeit leistet jedoch der Sch\u00fcler. Es kann aber immer noch vorkommen, dass der 90-Minuten-Rahmen nicht ausreicht und die Hausaufgaben zu Hause beendet werden m\u00fcssen.<\/p>\n<p>Um 18.30 Uhr kann der Sch\u00fcler dann abgeholt werden oder noch zum Abendessen bleiben und erst um 19.00 Uhr nach Hause fahren. Am Mittwochnachmittag finden regelm\u00e4\u00dfig Aktivit\u00e4ten statt, die mit Mehrkosten verbunden sein k\u00f6nnen. Die Teilnahme ist nicht verpflichtend, wird aber w\u00e4rmstens empfohlen, um das Zugeh\u00f6rigkeitsgef\u00fchl zu st\u00e4rken.<\/p>\n<p><strong><span style=\"color: #adc806;\">Schnuppertage<\/span><\/strong><br \/>\nBesteht das Interesse am Besuch des Tagesinternates, so bieten wir kostenlose Schnuppertage in der Woche vor der eventuellen Einschreibung, an den Wochentagen, die auch sp\u00e4ter zur Betreuung genutzt w\u00fcrden, an. So kann jede Familie erst einmal testen, ob dieses Angebot etwas f\u00fcr sie ist.<\/p>\n<p><strong><span style=\"color: #adc806;\">Unkosten<\/span><\/strong><br \/>\nDie Unkosten betragen 6,50 \u20ac (ohne Mittagessen), bzw. 10,50 \u20ac pro Tag. Darin enthalten sind dann eventuell ein warmes Mittagessen, ein Imbiss und die Betreuung bis 18.30 Uhr. Bleibt der Sch\u00fcler f\u00fcrs Abendessen, so kommen noch einmal 2,50 \u20ac hinzu. Die Bezahlung erfolgt monatlich, bei der Anmeldung ist eine Kaution zu hinterlegen. Erfolgt eine Betreuung w\u00e4hrend der Pr\u00fcfungszeit ab 11.00 Uhr, so ist das Mittagessen verpflichtend und es werden, zu den Kosten des Mittagessens, 1,50 \u20ac hinzugerechnet.<\/p>\n<p><strong><span style=\"color: #adc806;\">Weitere Infos und Anmeldung<\/span><\/strong><br \/>\nWeitere Infos erteilen das Erzieherteam BSTI und die Direktion des Internates.<br \/>\nKontaktieren Sie uns per Telefon (080 44 09 50 \u2013 16.00-20.00 Uhr) oder unter tagesinternat@bsti-mail.be<\/p>\n<p>Achtung: Die Anzahl der Pl\u00e4tze ist begrenzt.<\/p>\n<p><strong><span style=\"color: #000000;\">Anmeldungen mit Erziehungsberechtigten nur auf Termin.<\/span><\/strong><\/p>\n<\/div><\/section><\/p><\/div>\n<style type=\"text\/css\" data-created_by=\"avia_inline_auto\" id=\"style-css-av-onexuu-2a9191290c4f8a15ce58bfbcf7404245\">\n.flex_column.av-onexuu-2a9191290c4f8a15ce58bfbcf7404245{\nborder-radius:0px 0px 0px 0px;\npadding:0px 0px 0px 0px;\n}\n<\/style>\n<div  class='flex_column av-onexuu-2a9191290c4f8a15ce58bfbcf7404245 av_two_fifth  avia-builder-el-9  el_after_av_three_fifth  avia-builder-el-last  flex_column_div av-zero-column-padding  '     ><p>\n<style type=\"text\/css\" data-created_by=\"avia_inline_auto\" id=\"style-css-av-k7lvswgw-149379f62619b515c058b346f5ab6ab0\">\n.avia-image-container.av-k7lvswgw-149379f62619b515c058b346f5ab6ab0 img.avia_image{\nbox-shadow:none;\n}\n.avia-image-container.av-k7lvswgw-149379f62619b515c058b346f5ab6ab0 .av-image-caption-overlay-center{\ncolor:#ffffff;\n}\n<\/style>\n<div  class='avia-image-container av-k7lvswgw-149379f62619b515c058b346f5ab6ab0 av-styling- avia-align-center  avia-builder-el-10  el_before_av_textblock  avia-builder-el-first '   itemprop=\"image\" itemscope=\"itemscope\" itemtype=\"https:\/\/schema.org\/ImageObject\" ><div class=\"avia-image-container-inner\"><div class=\"avia-image-overlay-wrap\"><img decoding=\"async\" fetchpriority=\"high\" class='wp-image- avia-img-lazy-loading-not- avia_image ' src=\"https:\/\/www.bs-ti.be\/home\/wp-content\/uploads\/Uhr_Webseite-845x630.jpg\" alt='' title=''   itemprop=\"thumbnailUrl\"  \/><\/div><\/div><\/div><br \/>\n<section  class='av_textblock_section av-jqnl7opd-b1e4d51b54e5f64e235b344c3bb071f0 '   itemscope=\"itemscope\" itemtype=\"https:\/\/schema.org\/CreativeWork\" ><div class='avia_textblock'  itemprop=\"text\" ><p><img loading=\"lazy\" decoding=\"async\" class=\"alignnone size-gallery wp-image-18279\" src=\"https:\/\/www.bs-ti.be\/home\/wp-content\/uploads\/2021\/01\/Tagesinternat_Inhalt_Uhr-1-845x684.png\" alt=\"\" width=\"845\" height=\"684\" srcset=\"https:\/\/www.bs-ti.be\/home\/wp-content\/uploads\/2021\/01\/Tagesinternat_Inhalt_Uhr-1-845x684.png 845w, https:\/\/www.bs-ti.be\/home\/wp-content\/uploads\/2021\/01\/Tagesinternat_Inhalt_Uhr-1-495x400.png 495w\" sizes=\"auto, (max-width: 845px) 100vw, 845px\" \/><\/p>\n<\/div><\/section><\/p><\/div><\/p>\n","protected":false},"excerpt":{"rendered":"","protected":false},"author":5,"featured_media":0,"parent":23149,"menu_order":2,"comment_status":"closed","ping_status":"closed","template":"","meta":{"footnotes":""},"class_list":["post-16454","page","type-page","status-publish","hentry"],"_links":{"self":[{"href":"https:\/\/www.bs-ti.be\/home\/wp-json\/wp\/v2\/pages\/16454","targetHints":{"allow":["GET"]}}],"collection":[{"href":"https:\/\/www.bs-ti.be\/home\/wp-json\/wp\/v2\/pages"}],"about":[{"href":"https:\/\/www.bs-ti.be\/home\/wp-json\/wp\/v2\/types\/page"}],"author":[{"embeddable":true,"href":"https:\/\/www.bs-ti.be\/home\/wp-json\/wp\/v2\/users\/5"}],"replies":[{"embeddable":true,"href":"https:\/\/www.bs-ti.be\/home\/wp-json\/wp\/v2\/comments?post=16454"}],"version-history":[{"count":22,"href":"https:\/\/www.bs-ti.be\/home\/wp-json\/wp\/v2\/pages\/16454\/revisions"}],"predecessor-version":[{"id":19039,"href":"https:\/\/www.bs-ti.be\/home\/wp-json\/wp\/v2\/pages\/16454\/revisions\/19039"}],"up":[{"embeddable":true,"href":"https:\/\/www.bs-ti.be\/home\/wp-json\/wp\/v2\/pages\/23149"}],"wp:attachment":[{"href":"https:\/\/www.bs-ti.be\/home\/wp-json\/wp\/v2\/media?parent=16454"}],"curies":[{"name":"wp","href":"https:\/\/api.w.org\/{rel}","templated":true}]}}