{"id":17460,"date":"2020-06-19T15:41:39","date_gmt":"2020-06-19T13:41:39","guid":{"rendered":"http:\/\/www.bs-ti.be\/home\/?page_id=17460"},"modified":"2020-06-19T15:45:24","modified_gmt":"2020-06-19T13:45:24","slug":"mog-2020-3","status":"publish","type":"page","link":"https:\/\/www.bs-ti.be\/home\/bsti\/mog-2020-3\/","title":{"rendered":"MoG 2020"},"content":{"rendered":"<div id='av-layout-grid-1'  class='av-layout-grid-container av-1i4o0ch-8a9d204c3fde6df58cea92daafb5a515 entry-content-wrapper main_color av-flex-cells  avia-builder-el-0  el_before_av_one_full  avia-builder-el-first   container_wrap sidebar_right'  >\n\n<style type=\"text\/css\" data-created_by=\"avia_inline_auto\" id=\"style-css-av-jslrebqf-41ea07491f708bf3552647b6947794c3\">\n.flex_cell.av-jslrebqf-41ea07491f708bf3552647b6947794c3{\nvertical-align:top;\n}\n.responsive #top #wrap_all .flex_cell.av-jslrebqf-41ea07491f708bf3552647b6947794c3{\npadding:30px 0px 0px 0px !important;\n}\n<\/style>\n<div class='flex_cell av-jslrebqf-41ea07491f708bf3552647b6947794c3 av-gridrow-cell av_one_full no_margin  avia-builder-el-1  avia-builder-el-no-sibling  content-align-top'  ><div class='flex_cell_inner'><p>\n<style type=\"text\/css\" data-created_by=\"avia_inline_auto\" id=\"style-css-av-417vtt-47b388905e656b912d011425b96f11b6\">\n.flex_column.av-417vtt-47b388905e656b912d011425b96f11b6{\nborder-radius:0px 0px 0px 0px;\npadding:0px 0px 0px 0px;\n}\n<\/style>\n<div  class='flex_column av-417vtt-47b388905e656b912d011425b96f11b6 av_one_full  avia-builder-el-2  el_before_av_one_full  avia-builder-el-first  first flex_column_div av-zero-column-padding  '     ><div  class='avia-slideshow av-jslrcbj5-0c9d43739d8d2f1b7b7206ddda173e77 avia-slideshow-no scaling av_slideshow avia-slide-slider  avia-builder-el-3  avia-builder-el-no-sibling  av-slideshow-ui av-control-default av-slideshow-manual av-loop-once av-loop-manual-endless av-default-height-applied avia-slideshow-1' data-slideshow-options=\"{&quot;animation&quot;:&quot;slide&quot;,&quot;autoplay&quot;:false,&quot;loop_autoplay&quot;:&quot;once&quot;,&quot;interval&quot;:5,&quot;loop_manual&quot;:&quot;manual-endless&quot;,&quot;autoplay_stopper&quot;:false,&quot;noNavigation&quot;:false,&quot;bg_slider&quot;:false,&quot;keep_padding&quot;:false,&quot;hoverpause&quot;:false,&quot;show_slide_delay&quot;:0}\"  itemprop=\"image\" itemscope=\"itemscope\" itemtype=\"https:\/\/schema.org\/ImageObject\" ><ul class='avia-slideshow-inner ' style='padding-bottom: 20%;'><li  class='avia-slideshow-slide av-jslrcbj5-0c9d43739d8d2f1b7b7206ddda173e77__0  av-single-slide slide-1 slide-odd'><div data-rel='slideshow-1' class='avia-slide-wrap '   ><img decoding=\"async\" fetchpriority=\"high\" class=\"wp-image-17461 avia-img-lazy-loading-not-17461\"  src=\"https:\/\/www.bs-ti.be\/home\/wp-content\/uploads\/Slide_Math.png\" width=\"1500\" height=\"300\" title='Slide Math' alt=''  itemprop=\"thumbnailUrl\" srcset=\"https:\/\/www.bs-ti.be\/home\/wp-content\/uploads\/Slide_Math.png 1500w, https:\/\/www.bs-ti.be\/home\/wp-content\/uploads\/Slide_Math-768x154.png 768w, https:\/\/www.bs-ti.be\/home\/wp-content\/uploads\/Slide_Math-705x141.png 705w, https:\/\/www.bs-ti.be\/home\/wp-content\/uploads\/Slide_Math-450x90.png 450w\" sizes=\"(max-width: 1500px) 100vw, 1500px\" \/><\/div><\/li><\/ul><\/div><\/div>\n<style type=\"text\/css\" data-created_by=\"avia_inline_auto\" id=\"style-css-av-jvzclbqw-33cce7d739c4032623f2ec5f72bdf7ef\">\n#top .flex_column.av-jvzclbqw-33cce7d739c4032623f2ec5f72bdf7ef{\nmargin-top:-15%;\nmargin-bottom:0%;\n}\n.flex_column.av-jvzclbqw-33cce7d739c4032623f2ec5f72bdf7ef{\nborder-radius:0px 0px 0px 0px;\npadding:0px 0px 0px 0px;\nbackground-color:rgba(10,10,10,0.2);\n}\n.responsive #top #wrap_all .flex_column.av-jvzclbqw-33cce7d739c4032623f2ec5f72bdf7ef{\nmargin-top:-15%;\nmargin-bottom:0%;\n}\n<\/style>\n<div  class='flex_column av-jvzclbqw-33cce7d739c4032623f2ec5f72bdf7ef av_one_full  avia-builder-el-4  el_after_av_one_full  avia-builder-el-last  first flex_column_div av-zero-column-padding  column-top-margin'     ><style type=\"text\/css\" data-created_by=\"avia_inline_auto\" id=\"style-css-av-jqrt86b2-26fd47fed5c9a6dc745637eb49ccbf03\">\n#top .av_textblock_section.av-jqrt86b2-26fd47fed5c9a6dc745637eb49ccbf03 .avia_textblock{\nfont-size:40px;\ncolor:#ffffff;\n}\n\n@media only screen and (min-width: 768px) and (max-width: 989px){ \n#top .av_textblock_section.av-jqrt86b2-26fd47fed5c9a6dc745637eb49ccbf03 .avia_textblock{\nfont-size:30px;\n}\n}\n\n@media only screen and (min-width: 480px) and (max-width: 767px){ \n#top .av_textblock_section.av-jqrt86b2-26fd47fed5c9a6dc745637eb49ccbf03 .avia_textblock{\nfont-size:20px;\n}\n}\n\n@media only screen and (max-width: 479px){ \n#top .av_textblock_section.av-jqrt86b2-26fd47fed5c9a6dc745637eb49ccbf03 .avia_textblock{\nfont-size:15px;\n}\n}\n<\/style>\n<section  class='av_textblock_section av-jqrt86b2-26fd47fed5c9a6dc745637eb49ccbf03 '   itemscope=\"itemscope\" itemtype=\"https:\/\/schema.org\/CreativeWork\" ><div class='avia_textblock av_inherit_color'  itemprop=\"text\" ><p style=\"text-align: center;\">Mathematik ohne Grenzen 2020<\/p>\n<\/div><\/section><\/div><\/p>\n<\/div><\/div>\n<\/div><div id='after_grid_row_1'  class='main_color av_default_container_wrap container_wrap sidebar_right'  ><div class='container av-section-cont-open' ><div class='template-page content  av-content-small alpha units'><div class='post-entry post-entry-type-page post-entry-17460'><div class='entry-content-wrapper clearfix'>\n\n<style type=\"text\/css\" data-created_by=\"avia_inline_auto\" id=\"style-css-av-1852b1w-0e5ac6fa2a0c83d3694d2a9915135d77\">\n.flex_column.av-1852b1w-0e5ac6fa2a0c83d3694d2a9915135d77{\nborder-radius:0px 0px 0px 0px;\npadding:0px 0px 0px 0px;\n}\n<\/style>\n<div  class='flex_column av-1852b1w-0e5ac6fa2a0c83d3694d2a9915135d77 av_one_full  avia-builder-el-6  el_after_av_layout_row  el_before_av_one_half  avia-builder-el-first  first flex_column_div av-zero-column-padding  '     ><p><section  class='av_textblock_section av-jqnl7opd-b1e4d51b54e5f64e235b344c3bb071f0 '   itemscope=\"itemscope\" itemtype=\"https:\/\/schema.org\/CreativeWork\" ><div class='avia_textblock'  itemprop=\"text\" ><p>MoG findet seit 7 Jahren in Ostbelgien statt. In diesem Jahr haben 469 Sch\u00fcler aus der DG und dem Athen\u00e4um Weismes daran teilgenommen.<\/p>\n<\/div><\/section><br \/>\n<section  class='av_textblock_section av-jqnl7opd-b1e4d51b54e5f64e235b344c3bb071f0 '   itemscope=\"itemscope\" itemtype=\"https:\/\/schema.org\/CreativeWork\" ><div class='avia_textblock'  itemprop=\"text\" ><p>Herr Pascal Fickers hat ein interessantes Video erstellt, das eine kurze \u00dcbersicht von MoG 2020 gibt.<\/p>\n<\/div><\/section><br \/>\n<div  class='avia-video av-kbm9a1s2-7aa980a877bd2003cf096defcf1070ee avia-video-16-9 av-no-preview-image avia-video-load-always av-lazyload-immediate av-lazyload-video-embed'  itemprop=\"video\" itemtype=\"https:\/\/schema.org\/VideoObject\"  data-original_url='https:\/\/youtu.be\/lIEeF9YU8EU'><script type='text\/html' class='av-video-tmpl'><div class='avia-iframe-wrap'><iframe loading=\"lazy\" title=\"mysimpleshow MOG 2020 Danke\" width=\"1500\" height=\"844\" src=\"https:\/\/www.youtube.com\/embed\/lIEeF9YU8EU?feature=oembed&autoplay=0&loop=0&controls=1&mute=0\" frameborder=\"0\" allow=\"accelerometer; autoplay; encrypted-media; gyroscope; picture-in-picture\" allowfullscreen><\/iframe><\/div><\/script><div class='av-click-to-play-overlay'><div class=\"avia_playpause_icon\"><\/div><\/div><\/div><\/p><\/div>\n<style type=\"text\/css\" data-created_by=\"avia_inline_auto\" id=\"style-css-av-z6hkr9-b74702aaf2ec66e0745179db172b5c39\">\n.flex_column.av-z6hkr9-b74702aaf2ec66e0745179db172b5c39{\nborder-radius:0px 0px 0px 0px;\npadding:0px 0px 0px 0px;\n}\n<\/style>\n<div  class='flex_column av-z6hkr9-b74702aaf2ec66e0745179db172b5c39 av_one_half  avia-builder-el-10  el_after_av_one_full  el_before_av_one_half  first flex_column_div av-zero-column-padding  column-top-margin'     ><p><section  class='av_textblock_section av-jqnl7opd-b1e4d51b54e5f64e235b344c3bb071f0 '   itemscope=\"itemscope\" itemtype=\"https:\/\/schema.org\/CreativeWork\" ><div class='avia_textblock'  itemprop=\"text\" ><p>Dieses Jahr konnten 2.360 \u20ac gesammelt werden, die der Organisation AEC (Aide aux Enfants Canc\u00e9reux &#8211; Hilfe f\u00fcr krebskranke Kinder) gespendet werden.<\/p>\n<p>Hierzu ein Dankesch\u00f6n von Frau Fran\u00e7oise Claisse (Verantwortliche der AEC).<\/p>\n<\/div><\/section><br \/>\n<div  class='avia-video av-kbm9a1s2-69180e869ebf3b27f83fa06480639224 avia-video-16-9 av-no-preview-image avia-video-load-always av-lazyload-immediate av-lazyload-video-embed'  itemprop=\"video\" itemtype=\"https:\/\/schema.org\/VideoObject\"  data-original_url='https:\/\/youtu.be\/D-aJsTKX-ek'><script type='text\/html' class='av-video-tmpl'><div class='avia-iframe-wrap'><iframe loading=\"lazy\" title=\"die AEC bedankt  sich\" width=\"1333\" height=\"1000\" src=\"https:\/\/www.youtube.com\/embed\/D-aJsTKX-ek?feature=oembed&autoplay=0&loop=0&controls=1&mute=0\" frameborder=\"0\" allow=\"accelerometer; autoplay; encrypted-media; gyroscope; picture-in-picture\" allowfullscreen><\/iframe><\/div><\/script><div class='av-click-to-play-overlay'><div class=\"avia_playpause_icon\"><\/div><\/div><\/div><\/p><\/div><\/p>\n\n<style type=\"text\/css\" data-created_by=\"avia_inline_auto\" id=\"style-css-av-ne60no-af16168bdcd1a2b648048ad8b4bf488c\">\n.flex_column.av-ne60no-af16168bdcd1a2b648048ad8b4bf488c{\nborder-radius:0px 0px 0px 0px;\npadding:0px 0px 0px 0px;\n}\n<\/style>\n<div  class='flex_column av-ne60no-af16168bdcd1a2b648048ad8b4bf488c av_one_half  avia-builder-el-13  el_after_av_one_half  avia-builder-el-last  flex_column_div av-zero-column-padding  column-top-margin'     ><section  class='av_textblock_section av-jqnl7opd-b1e4d51b54e5f64e235b344c3bb071f0 '   itemscope=\"itemscope\" itemtype=\"https:\/\/schema.org\/CreativeWork\" ><div class='avia_textblock'  itemprop=\"text\" ><p>Auch wenn die Sch\u00fcler(innen) der Bisch\u00f6flichen Schule dieses Jahr keinen Preis erhalten haben, so war es doch ganz sicher eine sch\u00f6ne Erfahrung, dabei gewesen zu sein.<\/p>\n<p>Die diesj\u00e4hrigen Gewinner sind:<\/p>\n<ul>\n<li>4Ab der Maria Goretti Schule St. Vith<\/li>\n<li>4A LK Bil des K\u00f6niglilchen Athen\u00e4ums Eupen<\/li>\n<li>5A LK+ des K\u00f6niglichen Athen\u00e4ums St. Vith<\/li>\n<\/ul>\n<\/div><\/section><\/div>\n","protected":false},"excerpt":{"rendered":"","protected":false},"author":5,"featured_media":0,"parent":12161,"menu_order":6,"comment_status":"closed","ping_status":"closed","template":"","meta":{"footnotes":""},"class_list":["post-17460","page","type-page","status-publish","hentry"],"_links":{"self":[{"href":"https:\/\/www.bs-ti.be\/home\/wp-json\/wp\/v2\/pages\/17460","targetHints":{"allow":["GET"]}}],"collection":[{"href":"https:\/\/www.bs-ti.be\/home\/wp-json\/wp\/v2\/pages"}],"about":[{"href":"https:\/\/www.bs-ti.be\/home\/wp-json\/wp\/v2\/types\/page"}],"author":[{"embeddable":true,"href":"https:\/\/www.bs-ti.be\/home\/wp-json\/wp\/v2\/users\/5"}],"replies":[{"embeddable":true,"href":"https:\/\/www.bs-ti.be\/home\/wp-json\/wp\/v2\/comments?post=17460"}],"version-history":[{"count":2,"href":"https:\/\/www.bs-ti.be\/home\/wp-json\/wp\/v2\/pages\/17460\/revisions"}],"predecessor-version":[{"id":17464,"href":"https:\/\/www.bs-ti.be\/home\/wp-json\/wp\/v2\/pages\/17460\/revisions\/17464"}],"up":[{"embeddable":true,"href":"https:\/\/www.bs-ti.be\/home\/wp-json\/wp\/v2\/pages\/12161"}],"wp:attachment":[{"href":"https:\/\/www.bs-ti.be\/home\/wp-json\/wp\/v2\/media?parent=17460"}],"curies":[{"name":"wp","href":"https:\/\/api.w.org\/{rel}","templated":true}]}}