{"id":17807,"date":"2020-10-13T10:02:54","date_gmt":"2020-10-13T08:02:54","guid":{"rendered":"http:\/\/www.bs-ti.be\/home\/?page_id=17807"},"modified":"2020-10-21T10:59:00","modified_gmt":"2020-10-21T08:59:00","slug":"focus-erde-2020","status":"publish","type":"page","link":"https:\/\/www.bs-ti.be\/home\/bsti\/focus-erde-2020\/","title":{"rendered":"Fokus Erde 2020"},"content":{"rendered":"<div id='av-layout-grid-1'  class='av-layout-grid-container av-1i4o0ch-8a9d204c3fde6df58cea92daafb5a515 entry-content-wrapper main_color av-flex-cells  avia-builder-el-0  el_before_av_one_full  avia-builder-el-first   container_wrap sidebar_right'  >\n\n<style type=\"text\/css\" data-created_by=\"avia_inline_auto\" id=\"style-css-av-jslrebqf-41ea07491f708bf3552647b6947794c3\">\n.flex_cell.av-jslrebqf-41ea07491f708bf3552647b6947794c3{\nvertical-align:top;\n}\n.responsive #top #wrap_all .flex_cell.av-jslrebqf-41ea07491f708bf3552647b6947794c3{\npadding:30px 0px 0px 0px !important;\n}\n<\/style>\n<div class='flex_cell av-jslrebqf-41ea07491f708bf3552647b6947794c3 av-gridrow-cell av_one_full no_margin  avia-builder-el-1  avia-builder-el-no-sibling  content-align-top'  ><div class='flex_cell_inner'><p>\n<style type=\"text\/css\" data-created_by=\"avia_inline_auto\" id=\"style-css-av-417vtt-47b388905e656b912d011425b96f11b6\">\n.flex_column.av-417vtt-47b388905e656b912d011425b96f11b6{\nborder-radius:0px 0px 0px 0px;\npadding:0px 0px 0px 0px;\n}\n<\/style>\n<div  class='flex_column av-417vtt-47b388905e656b912d011425b96f11b6 av_one_full  avia-builder-el-2  el_before_av_one_full  avia-builder-el-first  first flex_column_div av-zero-column-padding  '     ><div  class='avia-slideshow av-jslrcbj5-0c9d43739d8d2f1b7b7206ddda173e77 avia-slideshow-no scaling av_slideshow avia-slide-slider  avia-builder-el-3  avia-builder-el-no-sibling  av-slideshow-ui av-control-default av-slideshow-manual av-loop-once av-loop-manual-endless av-default-height-applied avia-slideshow-1' data-slideshow-options=\"{&quot;animation&quot;:&quot;slide&quot;,&quot;autoplay&quot;:false,&quot;loop_autoplay&quot;:&quot;once&quot;,&quot;interval&quot;:5,&quot;loop_manual&quot;:&quot;manual-endless&quot;,&quot;autoplay_stopper&quot;:false,&quot;noNavigation&quot;:false,&quot;bg_slider&quot;:false,&quot;keep_padding&quot;:false,&quot;hoverpause&quot;:false,&quot;show_slide_delay&quot;:0}\"  itemprop=\"image\" itemscope=\"itemscope\" itemtype=\"https:\/\/schema.org\/ImageObject\" ><ul class='avia-slideshow-inner ' style='padding-bottom: 26.145833333333%;'><li  class='avia-slideshow-slide av-jslrcbj5-0c9d43739d8d2f1b7b7206ddda173e77__0  av-single-slide slide-1 slide-odd'><div data-rel='slideshow-1' class='avia-slide-wrap '   ><img decoding=\"async\" fetchpriority=\"high\" class=\"wp-image-17805 avia-img-lazy-loading-not-17805\"  src=\"https:\/\/www.bs-ti.be\/home\/wp-content\/uploads\/Aktivitaet.jpg\" width=\"960\" height=\"251\" title='Aktivitaet' alt=''  itemprop=\"thumbnailUrl\" srcset=\"https:\/\/www.bs-ti.be\/home\/wp-content\/uploads\/Aktivitaet.jpg 960w, https:\/\/www.bs-ti.be\/home\/wp-content\/uploads\/Aktivitaet-768x201.jpg 768w, https:\/\/www.bs-ti.be\/home\/wp-content\/uploads\/Aktivitaet-705x184.jpg 705w, https:\/\/www.bs-ti.be\/home\/wp-content\/uploads\/Aktivitaet-450x118.jpg 450w\" sizes=\"(max-width: 960px) 100vw, 960px\" \/><\/div><\/li><\/ul><\/div><\/div>\n<style type=\"text\/css\" data-created_by=\"avia_inline_auto\" id=\"style-css-av-jvzclbqw-33cce7d739c4032623f2ec5f72bdf7ef\">\n#top .flex_column.av-jvzclbqw-33cce7d739c4032623f2ec5f72bdf7ef{\nmargin-top:-15%;\nmargin-bottom:0%;\n}\n.flex_column.av-jvzclbqw-33cce7d739c4032623f2ec5f72bdf7ef{\nborder-radius:0px 0px 0px 0px;\npadding:0px 0px 0px 0px;\nbackground-color:rgba(10,10,10,0.2);\n}\n.responsive #top #wrap_all .flex_column.av-jvzclbqw-33cce7d739c4032623f2ec5f72bdf7ef{\nmargin-top:-15%;\nmargin-bottom:0%;\n}\n<\/style>\n<div  class='flex_column av-jvzclbqw-33cce7d739c4032623f2ec5f72bdf7ef av_one_full  avia-builder-el-4  el_after_av_one_full  avia-builder-el-last  first flex_column_div av-zero-column-padding  column-top-margin'     ><style type=\"text\/css\" data-created_by=\"avia_inline_auto\" id=\"style-css-av-jqrt86b2-26fd47fed5c9a6dc745637eb49ccbf03\">\n#top .av_textblock_section.av-jqrt86b2-26fd47fed5c9a6dc745637eb49ccbf03 .avia_textblock{\nfont-size:40px;\ncolor:#ffffff;\n}\n\n@media only screen and (min-width: 768px) and (max-width: 989px){ \n#top .av_textblock_section.av-jqrt86b2-26fd47fed5c9a6dc745637eb49ccbf03 .avia_textblock{\nfont-size:30px;\n}\n}\n\n@media only screen and (min-width: 480px) and (max-width: 767px){ \n#top .av_textblock_section.av-jqrt86b2-26fd47fed5c9a6dc745637eb49ccbf03 .avia_textblock{\nfont-size:20px;\n}\n}\n\n@media only screen and (max-width: 479px){ \n#top .av_textblock_section.av-jqrt86b2-26fd47fed5c9a6dc745637eb49ccbf03 .avia_textblock{\nfont-size:15px;\n}\n}\n<\/style>\n<section  class='av_textblock_section av-jqrt86b2-26fd47fed5c9a6dc745637eb49ccbf03 '   itemscope=\"itemscope\" itemtype=\"https:\/\/schema.org\/CreativeWork\" ><div class='avia_textblock av_inherit_color'  itemprop=\"text\" ><p style=\"text-align: center;\">Fokus Erde 2020<\/p>\n<\/div><\/section><\/div><\/p>\n<\/div><\/div>\n<\/div><div id='after_grid_row_1'  class='main_color av_default_container_wrap container_wrap sidebar_right'  ><div class='container av-section-cont-open' ><div class='template-page content  av-content-small alpha units'><div class='post-entry post-entry-type-page post-entry-17807'><div class='entry-content-wrapper clearfix'>\n\n<style type=\"text\/css\" data-created_by=\"avia_inline_auto\" id=\"style-css-av-z6hkr9-b74702aaf2ec66e0745179db172b5c39\">\n.flex_column.av-z6hkr9-b74702aaf2ec66e0745179db172b5c39{\nborder-radius:0px 0px 0px 0px;\npadding:0px 0px 0px 0px;\n}\n<\/style>\n<div  class='flex_column av-z6hkr9-b74702aaf2ec66e0745179db172b5c39 av_one_full  avia-builder-el-6  el_after_av_layout_row  avia-builder-el-no-sibling  first flex_column_div av-zero-column-padding  '     ><section  class='av_textblock_section av-jqnl7opd-b1e4d51b54e5f64e235b344c3bb071f0 '   itemscope=\"itemscope\" itemtype=\"https:\/\/schema.org\/CreativeWork\" ><div class='avia_textblock'  itemprop=\"text\" ><p><strong><span style=\"color: #000080;\">Gl\u00fcckliche Gewinner beim Wettbewerb &#8222;Fokus Erde&#8220; der K\u00f6nigin-Paola-Stiftung:<\/span><\/strong><\/p>\n<p>&#8211; <strong><span style=\"color: #000080;\">Daniel Collard<\/span><\/strong> landete mit der digitalen Version des Spiels \u201eSchiffe versenken, mehr als nur ein Spiel\u201c, das er f\u00fcr \u00e4ltere Menschen entwickelt hat, auf dem ersten Platz.<br \/>\n&#8211; <strong><span style=\"color: #000080;\">Marin Duvnjak<\/span><\/strong> erhielt den zweiten Preis f\u00fcr einen elektronischen Handschuh, der Geb\u00e4rdensprache in gesprochene Sprache \u00fcbersetzt.<br \/>\n&#8211; <strong><span style=\"color: #000080;\">Cedric Veithen<\/span><\/strong> wurde Dritter. Gegenstand seiner Endarbeit war ein energiesparendes Smart Home-System.<\/p>\n<p>Im Beisein von K\u00f6nig Albert und K\u00f6nigin Paola fand die Preisverleihung am Mittwoch, dem 7. Oktober 2020 im K\u00f6niglichen Palast in Br\u00fcssel statt.<br \/>\n<a href=\"https:\/\/www.grenzecho.net\/43581\/artikel\/2020-10-12\/drei-eifeler-schuler-gewinnen-bei-wettbewerb-fokus-erde\"><span style=\"color: #000080;\">Grenzecho<\/span><\/a> und <span style=\"color: #000080;\"><a style=\"color: #000080;\" href=\"https:\/\/brf.be\/regional\/1423332\/\">BRF<\/a><\/span> berichten &#8230;<\/p>\n<\/div><\/section><\/div>\n","protected":false},"excerpt":{"rendered":"","protected":false},"author":5,"featured_media":0,"parent":12161,"menu_order":6,"comment_status":"closed","ping_status":"closed","template":"","meta":{"footnotes":""},"class_list":["post-17807","page","type-page","status-publish","hentry"],"_links":{"self":[{"href":"https:\/\/www.bs-ti.be\/home\/wp-json\/wp\/v2\/pages\/17807","targetHints":{"allow":["GET"]}}],"collection":[{"href":"https:\/\/www.bs-ti.be\/home\/wp-json\/wp\/v2\/pages"}],"about":[{"href":"https:\/\/www.bs-ti.be\/home\/wp-json\/wp\/v2\/types\/page"}],"author":[{"embeddable":true,"href":"https:\/\/www.bs-ti.be\/home\/wp-json\/wp\/v2\/users\/5"}],"replies":[{"embeddable":true,"href":"https:\/\/www.bs-ti.be\/home\/wp-json\/wp\/v2\/comments?post=17807"}],"version-history":[{"count":7,"href":"https:\/\/www.bs-ti.be\/home\/wp-json\/wp\/v2\/pages\/17807\/revisions"}],"predecessor-version":[{"id":17862,"href":"https:\/\/www.bs-ti.be\/home\/wp-json\/wp\/v2\/pages\/17807\/revisions\/17862"}],"up":[{"embeddable":true,"href":"https:\/\/www.bs-ti.be\/home\/wp-json\/wp\/v2\/pages\/12161"}],"wp:attachment":[{"href":"https:\/\/www.bs-ti.be\/home\/wp-json\/wp\/v2\/media?parent=17807"}],"curies":[{"name":"wp","href":"https:\/\/api.w.org\/{rel}","templated":true}]}}