{"id":18712,"date":"2021-03-18T12:01:52","date_gmt":"2021-03-18T11:01:52","guid":{"rendered":"https:\/\/www.bs-ti.be\/home\/?page_id=18712"},"modified":"2021-03-19T16:21:38","modified_gmt":"2021-03-19T15:21:38","slug":"natagora-pilzausstellung","status":"publish","type":"page","link":"https:\/\/www.bs-ti.be\/home\/bsti\/natagora-pilzausstellung\/","title":{"rendered":"Natagora-Pilzausstellung"},"content":{"rendered":"<div id='av-layout-grid-1'  class='av-layout-grid-container av-1i4o0ch-8a9d204c3fde6df58cea92daafb5a515 entry-content-wrapper main_color av-flex-cells  avia-builder-el-0  el_before_av_one_full  avia-builder-el-first   container_wrap sidebar_right'  >\n\n<style type=\"text\/css\" data-created_by=\"avia_inline_auto\" id=\"style-css-av-jslrebqf-41ea07491f708bf3552647b6947794c3\">\n.flex_cell.av-jslrebqf-41ea07491f708bf3552647b6947794c3{\nvertical-align:top;\n}\n.responsive #top #wrap_all .flex_cell.av-jslrebqf-41ea07491f708bf3552647b6947794c3{\npadding:30px 0px 0px 0px !important;\n}\n<\/style>\n<div class='flex_cell av-jslrebqf-41ea07491f708bf3552647b6947794c3 av-gridrow-cell av_one_full no_margin  avia-builder-el-1  avia-builder-el-no-sibling  content-align-top'  ><div class='flex_cell_inner'><p>\n<style type=\"text\/css\" data-created_by=\"avia_inline_auto\" id=\"style-css-av-417vtt-3359b7b6b99720ae5d5d19eb64bb8c62\">\n.flex_column.av-417vtt-3359b7b6b99720ae5d5d19eb64bb8c62{\nborder-radius:0px 0px 0px 0px;\npadding:0px 0px 0px 0px;\n}\n<\/style>\n<div  class='flex_column av-417vtt-3359b7b6b99720ae5d5d19eb64bb8c62 av_one_full  avia-builder-el-2  el_before_av_one_full  avia-builder-el-first  first flex_column_div av-zero-column-padding  '     ><div  class='avia-slideshow av-jslrcbj5-9382eba3920d5db16eb172bb6badfce0 avia-slideshow-no scaling av_slideshow avia-slide-slider  avia-builder-el-3  avia-builder-el-no-sibling  av-slideshow-ui av-control-default av-slideshow-manual av-loop-once av-loop-manual-endless av-default-height-applied avia-slideshow-1' data-slideshow-options=\"{&quot;animation&quot;:&quot;slide&quot;,&quot;autoplay&quot;:false,&quot;loop_autoplay&quot;:&quot;once&quot;,&quot;interval&quot;:5,&quot;loop_manual&quot;:&quot;manual-endless&quot;,&quot;autoplay_stopper&quot;:false,&quot;noNavigation&quot;:false,&quot;bg_slider&quot;:false,&quot;keep_padding&quot;:false,&quot;hoverpause&quot;:false,&quot;show_slide_delay&quot;:0}\"  itemprop=\"image\" itemscope=\"itemscope\" itemtype=\"https:\/\/schema.org\/ImageObject\" ><ul class='avia-slideshow-inner ' style='padding-bottom: 20%;'><li  class='avia-slideshow-slide av-jslrcbj5-9382eba3920d5db16eb172bb6badfce0__0  av-single-slide slide-1 slide-odd'><div data-rel='slideshow-1' class='avia-slide-wrap '   ><img decoding=\"async\" fetchpriority=\"high\" class=\"wp-image-18716 avia-img-lazy-loading-not-18716\"  src=\"https:\/\/www.bs-ti.be\/home\/wp-content\/uploads\/2021\/03\/Slider.png\" width=\"1500\" height=\"300\" title='Slider' alt=''  itemprop=\"thumbnailUrl\" srcset=\"https:\/\/www.bs-ti.be\/home\/wp-content\/uploads\/2021\/03\/Slider.png 1500w, https:\/\/www.bs-ti.be\/home\/wp-content\/uploads\/2021\/03\/Slider-768x154.png 768w, https:\/\/www.bs-ti.be\/home\/wp-content\/uploads\/2021\/03\/Slider-705x141.png 705w, https:\/\/www.bs-ti.be\/home\/wp-content\/uploads\/2021\/03\/Slider-450x90.png 450w\" sizes=\"(max-width: 1500px) 100vw, 1500px\" \/><\/div><\/li><\/ul><\/div><\/div>\n<style type=\"text\/css\" data-created_by=\"avia_inline_auto\" id=\"style-css-av-jvzclbqw-bf22258a6c740b5148f9e45259f6191d\">\n#top .flex_column.av-jvzclbqw-bf22258a6c740b5148f9e45259f6191d{\nmargin-top:-15%;\nmargin-bottom:0px;\n}\n.flex_column.av-jvzclbqw-bf22258a6c740b5148f9e45259f6191d{\nborder-radius:0px 0px 0px 0px;\npadding:0px 0px 0px 0px;\nbackground-color:rgba(10,10,10,0.2);\n}\n.responsive #top #wrap_all .flex_column.av-jvzclbqw-bf22258a6c740b5148f9e45259f6191d{\nmargin-top:-15%;\nmargin-bottom:0px;\n}\n<\/style>\n<div  class='flex_column av-jvzclbqw-bf22258a6c740b5148f9e45259f6191d av_one_full  avia-builder-el-4  el_after_av_one_full  avia-builder-el-last  first flex_column_div av-zero-column-padding  column-top-margin'     ><style type=\"text\/css\" data-created_by=\"avia_inline_auto\" id=\"style-css-av-jqrt86b2-fa3fb6217894e53b0b0a733191e1c50f\">\n#top .av_textblock_section.av-jqrt86b2-fa3fb6217894e53b0b0a733191e1c50f .avia_textblock{\nfont-size:40px;\ncolor:#ffffff;\n}\n\n@media only screen and (min-width: 768px) and (max-width: 989px){ \n#top .av_textblock_section.av-jqrt86b2-fa3fb6217894e53b0b0a733191e1c50f .avia_textblock{\nfont-size:30px;\n}\n}\n\n@media only screen and (min-width: 480px) and (max-width: 767px){ \n#top .av_textblock_section.av-jqrt86b2-fa3fb6217894e53b0b0a733191e1c50f .avia_textblock{\nfont-size:20px;\n}\n}\n\n@media only screen and (max-width: 479px){ \n#top .av_textblock_section.av-jqrt86b2-fa3fb6217894e53b0b0a733191e1c50f .avia_textblock{\nfont-size:15px;\n}\n}\n<\/style>\n<section  class='av_textblock_section av-jqrt86b2-fa3fb6217894e53b0b0a733191e1c50f '   itemscope=\"itemscope\" itemtype=\"https:\/\/schema.org\/CreativeWork\" ><div class='avia_textblock av_inherit_color'  itemprop=\"text\" ><p style=\"text-align: center;\">Besuch der Pilzausstellung von NATAGORA<\/p>\n<\/div><\/section><\/div><\/p>\n<\/div><\/div>\n<\/div><div id='after_grid_row_1'  class='main_color av_default_container_wrap container_wrap sidebar_right'  ><div class='container av-section-cont-open' ><div class='template-page content  av-content-small alpha units'><div class='post-entry post-entry-type-page post-entry-18712'><div class='entry-content-wrapper clearfix'>\n\n<style type=\"text\/css\" data-created_by=\"avia_inline_auto\" id=\"style-css-av-1tg52rl-90b7d5abcd091958998b31ed41c8153f\">\n.flex_column.av-1tg52rl-90b7d5abcd091958998b31ed41c8153f{\nborder-radius:0px 0px 0px 0px;\npadding:0px 0px 0px 0px;\n}\n<\/style>\n<div  class='flex_column av-1tg52rl-90b7d5abcd091958998b31ed41c8153f av_one_full  avia-builder-el-6  el_after_av_layout_row  el_before_av_one_third  avia-builder-el-first  first no_margin flex_column_div av-zero-column-padding  '     ><section  class='av_textblock_section av-jw62erk8-0eddbe985dc4b695c95e3962a14be947 '   itemscope=\"itemscope\" itemtype=\"https:\/\/schema.org\/CreativeWork\" ><div class='avia_textblock'  itemprop=\"text\" ><p><strong><span style=\"color: #000080;\">Die Sch\u00fcler der 5. + 6. AT GWF Gartenbau<\/span><\/strong> besuchten am 13. Oktober 2020 die <span style=\"color: #000000;\">Pilzausstellung von NATAGORA<\/span> in Medell. Die Ausstellung wurde uns durch die fachlich sehr kompetente Mitarbeiterin Sarah Pieper vorgestellt. Zuerst gab sie uns einige allgemeine Informationen \u00fcber die Pilze. Sie stellte vor allem das \u201ePilze sammeln\u201c in den Vordergrund, da die meisten Pilze \u201egef\u00e4hrliche Br\u00fcder\u201c haben und es eines der gef\u00e4hrlichsten Hobbys der Welt sei. Die meisten unwissenden Pilzsammler h\u00e4tten oft mehr Gl\u00fcck als Verstand laut Sarah Pieper.<\/p>\n<\/div><\/section><\/div>\n\n<style type=\"text\/css\" data-created_by=\"avia_inline_auto\" id=\"style-css-av-19kqrbs-705bd43057fc4a5a0ba4f83a4aa95f97\">\n.flex_column.av-19kqrbs-705bd43057fc4a5a0ba4f83a4aa95f97{\nborder-radius:0px 0px 0px 0px;\npadding:0px 0px 0px 0px;\n}\n<\/style>\n<div  class='flex_column av-19kqrbs-705bd43057fc4a5a0ba4f83a4aa95f97 av_one_third  avia-builder-el-8  el_after_av_one_full  el_before_av_two_third  first flex_column_div av-zero-column-padding  column-top-margin'     ><p><section  class='av_textblock_section av-kmgf40eg-7935881ea3f4ebf383cb3152f6bb8f1d '   itemscope=\"itemscope\" itemtype=\"https:\/\/schema.org\/CreativeWork\" ><div class='avia_textblock'  itemprop=\"text\" ><p><img loading=\"lazy\" decoding=\"async\" class=\"alignnone size-full wp-image-18727\" src=\"https:\/\/www.bs-ti.be\/home\/wp-content\/uploads\/2021\/03\/Pilze1.png\" alt=\"\" width=\"2337\" height=\"2448\" srcset=\"https:\/\/www.bs-ti.be\/home\/wp-content\/uploads\/2021\/03\/Pilze1.png 2337w, https:\/\/www.bs-ti.be\/home\/wp-content\/uploads\/2021\/03\/Pilze1-1432x1500.png 1432w, https:\/\/www.bs-ti.be\/home\/wp-content\/uploads\/2021\/03\/Pilze1-768x804.png 768w, https:\/\/www.bs-ti.be\/home\/wp-content\/uploads\/2021\/03\/Pilze1-1466x1536.png 1466w\" sizes=\"auto, (max-width: 2337px) 100vw, 2337px\" \/><\/p>\n<\/div><\/section><br \/>\n<section  class='av_textblock_section av-kmgfcw99-9a74556c18477159757c3bb0dd3429c1 '   itemscope=\"itemscope\" itemtype=\"https:\/\/schema.org\/CreativeWork\" ><div class='avia_textblock'  itemprop=\"text\" ><p>Frau Pieper hat uns aber auch einige essbare Pilze gezeigt, unteranderem ihren Lieblingspilz die Krause-Glucke. Dieser Pilz sieht zwar etwas sonderbar aus, h\u00e4tte aber mit Abstand den besten Geschmack.<\/p>\n<\/div><\/section><br \/>\n\n<style type=\"text\/css\" data-created_by=\"avia_inline_auto\" id=\"style-css-av-kmgf6733-03da02bd0d891b169a55e93f5c40a799\">\n.avia-image-container.av-kmgf6733-03da02bd0d891b169a55e93f5c40a799 img.avia_image{\nbox-shadow:none;\n}\n.avia-image-container.av-kmgf6733-03da02bd0d891b169a55e93f5c40a799 .av-image-caption-overlay-center{\ncolor:#ffffff;\n}\n<\/style>\n<div  class='avia-image-container av-kmgf6733-03da02bd0d891b169a55e93f5c40a799 av-styling- avia-align-center  avia-builder-el-11  el_after_av_textblock  avia-builder-el-last '   itemprop=\"image\" itemscope=\"itemscope\" itemtype=\"https:\/\/schema.org\/ImageObject\" ><div class=\"avia-image-container-inner\"><div class=\"avia-image-overlay-wrap\"><img decoding=\"async\" fetchpriority=\"high\" class='wp-image-18728 avia-img-lazy-loading-not-18728 avia_image ' src=\"https:\/\/www.bs-ti.be\/home\/wp-content\/uploads\/2021\/03\/KrauseGlucke-845x637.jpg\" alt='' title='KrauseGlucke'  height=\"637\" width=\"845\"  itemprop=\"thumbnailUrl\"  \/><\/div><\/div><\/div><\/p><\/div>\n\n<style type=\"text\/css\" data-created_by=\"avia_inline_auto\" id=\"style-css-av-mhhcig-62b422a665a79bf89975d5f68969ff12\">\n.flex_column.av-mhhcig-62b422a665a79bf89975d5f68969ff12{\nborder-radius:0px 0px 0px 0px;\npadding:0px 0px 0px 0px;\n}\n<\/style>\n<div  class='flex_column av-mhhcig-62b422a665a79bf89975d5f68969ff12 av_two_third  avia-builder-el-12  el_after_av_one_third  el_before_av_one_half  flex_column_div av-zero-column-padding  column-top-margin'     ><p><section  class='av_textblock_section av-kmgf1dza-736180f7288d3394b2891874db134538 '   itemscope=\"itemscope\" itemtype=\"https:\/\/schema.org\/CreativeWork\" ><div class='avia_textblock'  itemprop=\"text\" ><p>Weltweit gibt es 120 000 verschiedene Pilzarten, davon kommen allein in Mitteleuropa 2 500 verschiedene Gro\u00dfpilze vor. Ein Teil dieser Pilze ist sehr giftig, der giftigste Pilz Europas ist der Pantherpilz. Ein winziges St\u00fcck reicht, um einen Menschen zu t\u00f6ten. Nach dem Verzehr ist man nach einer halben Stunde tot! Der Pantherpilz geh\u00f6rt wie der bekannte Fliegenpilz zu den Knollenbl\u00e4tterpilzen, welche fast alle giftig sind, bis auf den Perlpilz.<br \/>\nEin weiterer interessanter Pilz ist der Faltentintling. Diesen Pilz kann man zwar essen, jedoch darf man drei Tage danach keinen Alkohol trinken, ansonsten bekommt man Hitzewallungen \u00fcber \u00dcbelkeit bis hin zu Herz-Kreislauf-Problemen. Einer Bekannten von Frau Pieper ist dies passiert und w\u00e4re fast im Krankenhaus gelandet.<br \/>\nVon all diesen giftigen Pilzen gibt es drei verschiedene Gifttypen:<\/p>\n<ol>\n<li>Ein Gift, welches das Nervensystem angreift.<\/li>\n<li>Ein Gift, welches den Magen und Darm angreift.<\/li>\n<li>Ein Gift, welches die inneren Organe zerfrisst. Dieses Gift ist am gef\u00e4hrlichsten, denn ehe man es bemerkt, ist es schon zu sp\u00e4t und endet in einen qualvollen Tod.<\/li>\n<\/ol>\n<p>Deshalb sollte man beim Pilzsammeln die Finger von jedem Pilz lassen, bei dem man sich nicht zu<br \/>\n100 % sicher ist. Au\u00dferdem sollte man auf das Alter der Pilze achten, denn je \u00e4lter ein Pilz ist, desto ungenie\u00dfbarer ist er. Man erkennt es an der Farbe der Hutinnenseite, diese sollte nicht dunkel oder fleckig sein. Pilze sind sehr unterschiedlich, auch innerhalb der gleichen Art k\u00f6nnen unterschiedliche Erscheinungsformen auftreten.<\/p>\n<\/div><\/section><br \/>\n\n<style type=\"text\/css\" data-created_by=\"avia_inline_auto\" id=\"style-css-av-kmgfspxu-6f4aca72f5d939c20de2daa0a29eb76d\">\n#top .avia-gallery.av-kmgfspxu-6f4aca72f5d939c20de2daa0a29eb76d .avia-gallery-thumb a{\nwidth:20%;\n}\n<\/style>\n<div  class='avia-gallery av-kmgfspxu-6f4aca72f5d939c20de2daa0a29eb76d avia_animate_when_visible  avia-builder-el-14  el_after_av_textblock  el_before_av_textblock  avia_lazyload avia-gallery-animate avia-gallery-1'  itemprop=\"image\" itemscope=\"itemscope\" itemtype=\"https:\/\/schema.org\/ImageObject\" ><meta itemprop=\"contentURL\" content=\"https:\/\/www.bs-ti.be\/home\/bsti\/natagora-pilzausstellung\/\"><div class='avia-gallery-thumb'><a href=\"https:\/\/www.bs-ti.be\/home\/wp-content\/uploads\/2021\/03\/Pilze.png\" data-srcset=\"https:\/\/www.bs-ti.be\/home\/wp-content\/uploads\/2021\/03\/Pilze.png 1285w, https:\/\/www.bs-ti.be\/home\/wp-content\/uploads\/2021\/03\/Pilze-768x455.png 768w, https:\/\/www.bs-ti.be\/home\/wp-content\/uploads\/2021\/03\/Pilze-705x418.png 705w, https:\/\/www.bs-ti.be\/home\/wp-content\/uploads\/2021\/03\/Pilze-450x266.png 450w\" data-sizes=\"(max-width: 1285px) 100vw, 1285px\" data-rel='gallery-1' data-prev-img='https:\/\/www.bs-ti.be\/home\/wp-content\/uploads\/2021\/03\/Pilze-495x400.png' class='first_thumb lightbox ' data-onclick='1' title='Pilze'  itemprop=\"thumbnailUrl\"  ><img decoding=\"async\" fetchpriority=\"high\" class=\"wp-image-18720 avia-img-lazy-loading-not-18720\"   src=\"https:\/\/www.bs-ti.be\/home\/wp-content\/uploads\/2021\/03\/Pilze-495x400.png\" width=\"495\" height=\"400\"  title='Pilze' alt='' srcset=\"https:\/\/www.bs-ti.be\/home\/wp-content\/uploads\/2021\/03\/Pilze-495x400.png 495w, https:\/\/www.bs-ti.be\/home\/wp-content\/uploads\/2021\/03\/Pilze-845x684.png 845w\" sizes=\"(max-width: 495px) 100vw, 495px\" \/><div class='big-prev-fake'><img decoding=\"async\" loading=\"lazy\" class=\"wp-image-18720 avia-img-lazy-loading-18720\"  width=\"495\" height=\"400\" src=\"https:\/\/www.bs-ti.be\/home\/wp-content\/uploads\/2021\/03\/Pilze-495x400.png\" title='Pilze' alt='' srcset=\"https:\/\/www.bs-ti.be\/home\/wp-content\/uploads\/2021\/03\/Pilze-495x400.png 495w, https:\/\/www.bs-ti.be\/home\/wp-content\/uploads\/2021\/03\/Pilze-845x684.png 845w\" sizes=\"auto, (max-width: 495px) 100vw, 495px\" \/><\/div><\/a><a href=\"https:\/\/www.bs-ti.be\/home\/wp-content\/uploads\/2021\/03\/Pilze2-1500x926.png\" data-srcset=\"https:\/\/www.bs-ti.be\/home\/wp-content\/uploads\/2021\/03\/Pilze2-1500x926.png 1500w, https:\/\/www.bs-ti.be\/home\/wp-content\/uploads\/2021\/03\/Pilze2-768x474.png 768w, https:\/\/www.bs-ti.be\/home\/wp-content\/uploads\/2021\/03\/Pilze2-1536x948.png 1536w, https:\/\/www.bs-ti.be\/home\/wp-content\/uploads\/2021\/03\/Pilze2-2048x1264.png 2048w, https:\/\/www.bs-ti.be\/home\/wp-content\/uploads\/2021\/03\/Pilze2-705x435.png 705w, https:\/\/www.bs-ti.be\/home\/wp-content\/uploads\/2021\/03\/Pilze2-450x278.png 450w\" data-sizes=\"(max-width: 1500px) 100vw, 1500px\" data-rel='gallery-1' data-prev-img='https:\/\/www.bs-ti.be\/home\/wp-content\/uploads\/2021\/03\/Pilze2-495x400.png' class='lightbox ' data-onclick='2' title='Pilze2'  itemprop=\"thumbnailUrl\"  ><img decoding=\"async\" fetchpriority=\"high\" class=\"wp-image-18724 avia-img-lazy-loading-not-18724\"   src=\"https:\/\/www.bs-ti.be\/home\/wp-content\/uploads\/2021\/03\/Pilze2-495x400.png\" width=\"495\" height=\"400\"  title='Pilze2' alt='' srcset=\"https:\/\/www.bs-ti.be\/home\/wp-content\/uploads\/2021\/03\/Pilze2-495x400.png 495w, https:\/\/www.bs-ti.be\/home\/wp-content\/uploads\/2021\/03\/Pilze2-845x684.png 845w\" sizes=\"(max-width: 495px) 100vw, 495px\" \/><div class='big-prev-fake'><img decoding=\"async\" loading=\"lazy\" class=\"wp-image-18724 avia-img-lazy-loading-18724\"  width=\"495\" height=\"400\" src=\"https:\/\/www.bs-ti.be\/home\/wp-content\/uploads\/2021\/03\/Pilze2-495x400.png\" title='Pilze2' alt='' srcset=\"https:\/\/www.bs-ti.be\/home\/wp-content\/uploads\/2021\/03\/Pilze2-495x400.png 495w, https:\/\/www.bs-ti.be\/home\/wp-content\/uploads\/2021\/03\/Pilze2-845x684.png 845w\" sizes=\"auto, (max-width: 495px) 100vw, 495px\" \/><\/div><\/a><a href=\"https:\/\/www.bs-ti.be\/home\/wp-content\/uploads\/2021\/03\/Tintling.jpg\" data-srcset=\"https:\/\/www.bs-ti.be\/home\/wp-content\/uploads\/2021\/03\/Tintling.jpg 960w, https:\/\/www.bs-ti.be\/home\/wp-content\/uploads\/2021\/03\/Tintling-768x576.jpg 768w, https:\/\/www.bs-ti.be\/home\/wp-content\/uploads\/2021\/03\/Tintling-705x529.jpg 705w, https:\/\/www.bs-ti.be\/home\/wp-content\/uploads\/2021\/03\/Tintling-450x338.jpg 450w\" data-sizes=\"(max-width: 960px) 100vw, 960px\" data-rel='gallery-1' data-prev-img='https:\/\/www.bs-ti.be\/home\/wp-content\/uploads\/2021\/03\/Tintling-495x400.jpg' class='lightbox ' data-onclick='3' title='Tintling'  itemprop=\"thumbnailUrl\"  ><img decoding=\"async\" fetchpriority=\"high\" class=\"wp-image-18730 avia-img-lazy-loading-not-18730\"  data-avia-tooltip='Tintling' src=\"https:\/\/www.bs-ti.be\/home\/wp-content\/uploads\/2021\/03\/Tintling-495x400.jpg\" width=\"495\" height=\"400\"  title='Tintling' alt='' srcset=\"https:\/\/www.bs-ti.be\/home\/wp-content\/uploads\/2021\/03\/Tintling-495x400.jpg 495w, https:\/\/www.bs-ti.be\/home\/wp-content\/uploads\/2021\/03\/Tintling-845x684.jpg 845w\" sizes=\"(max-width: 495px) 100vw, 495px\" \/><div class='big-prev-fake'><img decoding=\"async\" loading=\"lazy\" class=\"wp-image-18730 avia-img-lazy-loading-18730\"  width=\"495\" height=\"400\" src=\"https:\/\/www.bs-ti.be\/home\/wp-content\/uploads\/2021\/03\/Tintling-495x400.jpg\" title='Tintling' alt='' srcset=\"https:\/\/www.bs-ti.be\/home\/wp-content\/uploads\/2021\/03\/Tintling-495x400.jpg 495w, https:\/\/www.bs-ti.be\/home\/wp-content\/uploads\/2021\/03\/Tintling-845x684.jpg 845w\" sizes=\"auto, (max-width: 495px) 100vw, 495px\" \/><\/div><\/a><a href=\"https:\/\/www.bs-ti.be\/home\/wp-content\/uploads\/2021\/03\/Pantherpilz.jpg\" data-srcset=\"https:\/\/www.bs-ti.be\/home\/wp-content\/uploads\/2021\/03\/Pantherpilz.jpg 960w, https:\/\/www.bs-ti.be\/home\/wp-content\/uploads\/2021\/03\/Pantherpilz-768x512.jpg 768w, https:\/\/www.bs-ti.be\/home\/wp-content\/uploads\/2021\/03\/Pantherpilz-705x470.jpg 705w, https:\/\/www.bs-ti.be\/home\/wp-content\/uploads\/2021\/03\/Pantherpilz-450x300.jpg 450w, https:\/\/www.bs-ti.be\/home\/wp-content\/uploads\/2021\/03\/Pantherpilz-272x182.jpg 272w\" data-sizes=\"(max-width: 960px) 100vw, 960px\" data-rel='gallery-1' data-prev-img='https:\/\/www.bs-ti.be\/home\/wp-content\/uploads\/2021\/03\/Pantherpilz-495x400.jpg' class='lightbox ' data-onclick='4' title='Pantherpilz\/Fliegenpilz'  itemprop=\"thumbnailUrl\"  ><img decoding=\"async\" fetchpriority=\"high\" class=\"wp-image-18734 avia-img-lazy-loading-not-18734\"  data-avia-tooltip='Pantherpilz\/Fliegenpilz' src=\"https:\/\/www.bs-ti.be\/home\/wp-content\/uploads\/2021\/03\/Pantherpilz-495x400.jpg\" width=\"495\" height=\"400\"  title='Pantherpilz' alt='' \/><div class='big-prev-fake'><img decoding=\"async\" loading=\"lazy\" class=\"wp-image-18734 avia-img-lazy-loading-18734\"  width=\"495\" height=\"400\" src=\"https:\/\/www.bs-ti.be\/home\/wp-content\/uploads\/2021\/03\/Pantherpilz-495x400.jpg\" title='Pantherpilz' alt='' \/><\/div><\/a><a href=\"https:\/\/www.bs-ti.be\/home\/wp-content\/uploads\/2021\/03\/Perlpilz.jpg\" data-srcset=\"https:\/\/www.bs-ti.be\/home\/wp-content\/uploads\/2021\/03\/Perlpilz.jpg 960w, https:\/\/www.bs-ti.be\/home\/wp-content\/uploads\/2021\/03\/Perlpilz-768x512.jpg 768w, https:\/\/www.bs-ti.be\/home\/wp-content\/uploads\/2021\/03\/Perlpilz-705x470.jpg 705w, https:\/\/www.bs-ti.be\/home\/wp-content\/uploads\/2021\/03\/Perlpilz-450x300.jpg 450w, https:\/\/www.bs-ti.be\/home\/wp-content\/uploads\/2021\/03\/Perlpilz-272x182.jpg 272w\" data-sizes=\"(max-width: 960px) 100vw, 960px\" data-rel='gallery-1' data-prev-img='https:\/\/www.bs-ti.be\/home\/wp-content\/uploads\/2021\/03\/Perlpilz-495x400.jpg' class='lightbox ' data-onclick='5' title='Pantherpilz'  itemprop=\"thumbnailUrl\"  ><img decoding=\"async\" fetchpriority=\"high\" class=\"wp-image-18729 avia-img-lazy-loading-not-18729\"  data-avia-tooltip='Pantherpilz' src=\"https:\/\/www.bs-ti.be\/home\/wp-content\/uploads\/2021\/03\/Perlpilz-495x400.jpg\" width=\"495\" height=\"400\"  title='Perlpilz' alt='' \/><div class='big-prev-fake'><img decoding=\"async\" loading=\"lazy\" class=\"wp-image-18729 avia-img-lazy-loading-18729\"  width=\"495\" height=\"400\" src=\"https:\/\/www.bs-ti.be\/home\/wp-content\/uploads\/2021\/03\/Perlpilz-495x400.jpg\" title='Perlpilz' alt='' \/><\/div><\/a><\/div><\/div><br \/>\n<section  class='av_textblock_section av-kmgg8zd6-148dfc35da7a37c5d45c02e00e4a6a5c '   itemscope=\"itemscope\" itemtype=\"https:\/\/schema.org\/CreativeWork\" ><div class='avia_textblock'  itemprop=\"text\" ><p>Auch ein h\u00e4ufiger Vertreter der giftigen Pilze ist das Mutterkorn. Er lebt an den \u00c4hren der Gr\u00e4ser und gerne auch an Getreidek\u00f6rnern. Fr\u00fcher starben viele Menschen an den Folgen einer Mutterkornvergiftung, wenn mit verseuchtem Mehl Brot gebacken wurde. Nasse und kalte Sommer f\u00f6rdern das Wachstum dieses Pilzes. Ebenfalls wurde das Gift zur Herstellung von LSD gebraucht.<\/p>\n<\/div><\/section><\/p><\/div>\n<style type=\"text\/css\" data-created_by=\"avia_inline_auto\" id=\"style-css-av-kmgf6l71-cae23fadcb15a50717e5f6aacff4f147\">\n.flex_column.av-kmgf6l71-cae23fadcb15a50717e5f6aacff4f147{\nborder-radius:0px 0px 0px 0px;\npadding:0px 0px 0px 0px;\n}\n<\/style>\n<div  class='flex_column av-kmgf6l71-cae23fadcb15a50717e5f6aacff4f147 av_one_half  avia-builder-el-16  el_after_av_two_third  el_before_av_one_fourth  first flex_column_div av-zero-column-padding  column-top-margin'     ><section  class='av_textblock_section av-kmgeymha-22851e28e1185e945c7ec95e4787b868 '   itemscope=\"itemscope\" itemtype=\"https:\/\/schema.org\/CreativeWork\" ><div class='avia_textblock'  itemprop=\"text\" ><p>Zum Schluss wurden uns die Baumpilze vorgestellt, es gibt einj\u00e4hrige und zweij\u00e4hrige. Aus diesen Pilzen kann man eine Art \u201eStoff\u201c herstellen. Ein Kollege von Frau Pieper hat uns einen Hut aus Fichtporling gezeigt, das gleiche Modell, welches \u00d6tzi schon getragen hat. Aus diesen Baumpilzen wird ebenfalls Zunder gewonnen, welches man zum Feuermachen braucht. Das haben wir dann auch ausprobiert mit Feuerstein und Zunder und h\u00e4tten auch fast ein Feuer entz\u00fcndet, es hat schonmal gequalmt. Die Menschen aus der Zeit von \u00d6tzi brauchten den Zunder jedoch nicht nur zum Feuer entfachen und H\u00fcte n\u00e4hen, sondern auch als Verbandsmaterial, denn die Porlinge haben eine regenerative Wirkung auf die Haut.<br \/>\nZum Abschluss k\u00f6nnen wir sagen, dass es eine hoch interessante Reise in die bunte Welt der Pilze war und wir viel Neues und Skurriles \u00fcber die Pilze gelernt haben.<\/p>\n<\/div><\/section><\/div><\/p>\n\n<style type=\"text\/css\" data-created_by=\"avia_inline_auto\" id=\"style-css-av-5g8vfc-3f6c9e5e4fcee113450fc26ae43a06c2\">\n.flex_column.av-5g8vfc-3f6c9e5e4fcee113450fc26ae43a06c2{\nborder-radius:0px 0px 0px 0px;\npadding:0px 0px 0px 0px;\n}\n<\/style>\n<div  class='flex_column av-5g8vfc-3f6c9e5e4fcee113450fc26ae43a06c2 av_one_fourth  avia-builder-el-18  el_after_av_one_half  el_before_av_one_fourth  flex_column_div av-zero-column-padding  column-top-margin'     ><section  class='av_textblock_section av-169lx6g-f2d4cd23e8d6ceb664b05a2e5717d609 '   itemscope=\"itemscope\" itemtype=\"https:\/\/schema.org\/CreativeWork\" ><div class='avia_textblock'  itemprop=\"text\" ><p><img loading=\"lazy\" decoding=\"async\" class=\"alignnone size-gallery wp-image-18731\" src=\"https:\/\/www.bs-ti.be\/home\/wp-content\/uploads\/2021\/03\/Zunderschwamm-845x684.jpg\" alt=\"\" width=\"845\" height=\"684\" srcset=\"https:\/\/www.bs-ti.be\/home\/wp-content\/uploads\/2021\/03\/Zunderschwamm-845x684.jpg 845w, https:\/\/www.bs-ti.be\/home\/wp-content\/uploads\/2021\/03\/Zunderschwamm-495x400.jpg 495w\" sizes=\"auto, (max-width: 845px) 100vw, 845px\" \/><\/p>\n<\/div><\/section><\/div>\n\n<style type=\"text\/css\" data-created_by=\"avia_inline_auto\" id=\"style-css-av-wxtfzs-ba04654769a85ed88d475ca8b850a516\">\n.flex_column.av-wxtfzs-ba04654769a85ed88d475ca8b850a516{\nborder-radius:0px 0px 0px 0px;\npadding:0px 0px 0px 0px;\n}\n<\/style>\n<div  class='flex_column av-wxtfzs-ba04654769a85ed88d475ca8b850a516 av_one_fourth  avia-builder-el-20  el_after_av_one_fourth  avia-builder-el-last  flex_column_div av-zero-column-padding  column-top-margin'     ><section  class='av_textblock_section av-kmgfy60e-0d2a12eb03bedc0a967a457eeec1ce1e '   itemscope=\"itemscope\" itemtype=\"https:\/\/schema.org\/CreativeWork\" ><div class='avia_textblock'  itemprop=\"text\" ><p><img loading=\"lazy\" decoding=\"async\" class=\"alignnone size-gallery wp-image-18735\" src=\"https:\/\/www.bs-ti.be\/home\/wp-content\/uploads\/2021\/03\/Baumpilz-845x640.png\" alt=\"\" width=\"845\" height=\"640\" \/><\/p>\n<\/div><\/section><\/div>\n","protected":false},"excerpt":{"rendered":"","protected":false},"author":5,"featured_media":0,"parent":12161,"menu_order":6,"comment_status":"closed","ping_status":"closed","template":"","meta":{"footnotes":""},"class_list":["post-18712","page","type-page","status-publish","hentry"],"_links":{"self":[{"href":"https:\/\/www.bs-ti.be\/home\/wp-json\/wp\/v2\/pages\/18712","targetHints":{"allow":["GET"]}}],"collection":[{"href":"https:\/\/www.bs-ti.be\/home\/wp-json\/wp\/v2\/pages"}],"about":[{"href":"https:\/\/www.bs-ti.be\/home\/wp-json\/wp\/v2\/types\/page"}],"author":[{"embeddable":true,"href":"https:\/\/www.bs-ti.be\/home\/wp-json\/wp\/v2\/users\/5"}],"replies":[{"embeddable":true,"href":"https:\/\/www.bs-ti.be\/home\/wp-json\/wp\/v2\/comments?post=18712"}],"version-history":[{"count":12,"href":"https:\/\/www.bs-ti.be\/home\/wp-json\/wp\/v2\/pages\/18712\/revisions"}],"predecessor-version":[{"id":18746,"href":"https:\/\/www.bs-ti.be\/home\/wp-json\/wp\/v2\/pages\/18712\/revisions\/18746"}],"up":[{"embeddable":true,"href":"https:\/\/www.bs-ti.be\/home\/wp-json\/wp\/v2\/pages\/12161"}],"wp:attachment":[{"href":"https:\/\/www.bs-ti.be\/home\/wp-json\/wp\/v2\/media?parent=18712"}],"curies":[{"name":"wp","href":"https:\/\/api.w.org\/{rel}","templated":true}]}}