{"id":19989,"date":"2021-10-28T15:12:22","date_gmt":"2021-10-28T13:12:22","guid":{"rendered":"https:\/\/www.bs-ti.be\/home\/?page_id=19989"},"modified":"2021-10-28T16:02:49","modified_gmt":"2021-10-28T14:02:49","slug":"tzu","status":"publish","type":"page","link":"https:\/\/www.bs-ti.be\/home\/bsti\/tzu\/","title":{"rendered":"TZU"},"content":{"rendered":"<div id='av-layout-grid-1'  class='av-layout-grid-container av-1i4o0ch-8a9d204c3fde6df58cea92daafb5a515 entry-content-wrapper main_color av-flex-cells  avia-builder-el-0  el_before_av_one_half  avia-builder-el-first   container_wrap sidebar_right'  >\n\n<style type=\"text\/css\" data-created_by=\"avia_inline_auto\" id=\"style-css-av-jslrebqf-41ea07491f708bf3552647b6947794c3\">\n.flex_cell.av-jslrebqf-41ea07491f708bf3552647b6947794c3{\nvertical-align:top;\n}\n.responsive #top #wrap_all .flex_cell.av-jslrebqf-41ea07491f708bf3552647b6947794c3{\npadding:30px 0px 0px 0px !important;\n}\n<\/style>\n<div class='flex_cell av-jslrebqf-41ea07491f708bf3552647b6947794c3 av-gridrow-cell av_one_full no_margin  avia-builder-el-1  avia-builder-el-no-sibling  content-align-top'  ><div class='flex_cell_inner'><p>\n<style type=\"text\/css\" data-created_by=\"avia_inline_auto\" id=\"style-css-av-417vtt-3359b7b6b99720ae5d5d19eb64bb8c62\">\n.flex_column.av-417vtt-3359b7b6b99720ae5d5d19eb64bb8c62{\nborder-radius:0px 0px 0px 0px;\npadding:0px 0px 0px 0px;\n}\n<\/style>\n<div  class='flex_column av-417vtt-3359b7b6b99720ae5d5d19eb64bb8c62 av_one_full  avia-builder-el-2  el_before_av_one_full  avia-builder-el-first  first flex_column_div av-zero-column-padding  '     ><div  class='avia-slideshow av-jxltvjxi-e75fe25b5c7f8ca2552761d5fff95364 avia-slideshow-featured av_slideshow avia-slide-slider  avia-builder-el-3  avia-builder-el-no-sibling  av-slideshow-ui av-control-default av-slideshow-manual av-loop-once av-loop-manual-endless av-default-height-applied avia-slideshow-1' data-slideshow-options=\"{&quot;animation&quot;:&quot;slide&quot;,&quot;autoplay&quot;:false,&quot;loop_autoplay&quot;:&quot;once&quot;,&quot;interval&quot;:5,&quot;loop_manual&quot;:&quot;manual-endless&quot;,&quot;autoplay_stopper&quot;:false,&quot;noNavigation&quot;:false,&quot;bg_slider&quot;:false,&quot;keep_padding&quot;:false,&quot;hoverpause&quot;:false,&quot;show_slide_delay&quot;:0}\"  itemprop=\"image\" itemscope=\"itemscope\" itemtype=\"https:\/\/schema.org\/ImageObject\" ><ul class='avia-slideshow-inner ' style='padding-bottom: 28.666666666667%;'><\/ul><\/div><\/div>\n<style type=\"text\/css\" data-created_by=\"avia_inline_auto\" id=\"style-css-av-jvzclbqw-bf22258a6c740b5148f9e45259f6191d\">\n#top .flex_column.av-jvzclbqw-bf22258a6c740b5148f9e45259f6191d{\nmargin-top:-15%;\nmargin-bottom:0px;\n}\n.flex_column.av-jvzclbqw-bf22258a6c740b5148f9e45259f6191d{\nborder-radius:0px 0px 0px 0px;\npadding:0px 0px 0px 0px;\nbackground-color:rgba(10,10,10,0.2);\n}\n.responsive #top #wrap_all .flex_column.av-jvzclbqw-bf22258a6c740b5148f9e45259f6191d{\nmargin-top:-15%;\nmargin-bottom:0px;\n}\n<\/style>\n<div  class='flex_column av-jvzclbqw-bf22258a6c740b5148f9e45259f6191d av_one_full  avia-builder-el-4  el_after_av_one_full  avia-builder-el-last  first flex_column_div av-zero-column-padding  column-top-margin'     ><style type=\"text\/css\" data-created_by=\"avia_inline_auto\" id=\"style-css-av-jqnl7opd-2441694f451fa48d9afe76ea656548d9\">\n#top .av_textblock_section.av-jqnl7opd-2441694f451fa48d9afe76ea656548d9 .avia_textblock{\nfont-size:40px;\ncolor:#ffffff;\n}\n<\/style>\n<section  class='av_textblock_section av-jqnl7opd-2441694f451fa48d9afe76ea656548d9 '   itemscope=\"itemscope\" itemtype=\"https:\/\/schema.org\/CreativeWork\" ><div class='avia_textblock av_inherit_color'  itemprop=\"text\" ><p style=\"text-align: center;\">Erlebnisp\u00e4dagogik\u00a0im Hohen Venn\u00a0und in Worriken<\/p>\n<\/div><\/section><\/div><\/p>\n<\/div><\/div>\n<\/div><div id='after_grid_row_1'  class='main_color av_default_container_wrap container_wrap sidebar_right'  ><div class='container av-section-cont-open' ><div class='template-page content  av-content-small alpha units'><div class='post-entry post-entry-type-page post-entry-19989'><div class='entry-content-wrapper clearfix'>\n\n<style type=\"text\/css\" data-created_by=\"avia_inline_auto\" id=\"style-css-av-oo8y7h-ea1c361794b4d761d052b35e6007f436\">\n.flex_column.av-oo8y7h-ea1c361794b4d761d052b35e6007f436{\nborder-radius:0px 0px 0px 0px;\npadding:0px 0px 0px 0px;\n}\n<\/style>\n<div  class='flex_column av-oo8y7h-ea1c361794b4d761d052b35e6007f436 av_one_half  avia-builder-el-6  el_after_av_layout_row  el_before_av_one_half  avia-builder-el-first  first flex_column_div av-zero-column-padding  '     ><section  class='av_textblock_section av-jqnl7opd-894303e5b8068f19d225f960b4cfb650 '   itemscope=\"itemscope\" itemtype=\"https:\/\/schema.org\/CreativeWork\" ><div class='avia_textblock'  itemprop=\"text\" ><p>Am 8. Oktober machten wir einen Ausflug ins Hohe Venn und nach Worriken. Morgens um 8H20 mussten alle wie gewohnt in der Schule sein. Dann sind wir mit 2 Autos losgefahren (mit den Lehrern). Zuerst sind wir ins Hohe Venn gefahren. Dort haben wir auf einer Tafel nachgeschaut, welche Route wir wandern gehen. Dann sind wir zusammen die Route gegangen und haben zusammen geredet und viel gelacht. Die Tour hat ungef\u00e4hr 2,5 Stunden gedauert und f\u00fchrte am h\u00f6chsten Punkt Belgiens (Botrange, 694m) vorbei. Das Wetter spielte zum Gl\u00fcck mit, die Sonne schien, der Himmel war blau und wolkenlos. Dann sind wir zur\u00fcck zum Auto gegangen und machten kurz eine Pause, um etwas zu trinken.<br \/>\nAnschlie\u00dfend sind wir nach Worriken gefahren und haben um 12 Uhr zusammen zu Mittag gegessen. Es gab Lasagne oder Pastetchen mit Fritten. Als wir dann fertig waren, hatten wir eine Pause bis 13 Uhr und wir durften uns drau\u00dfen hinsetzen. Als die Pause vorbei war, stand Klettern im Hochseilgarten auf dem Programm. Der Leiter hat uns die Regeln erkl\u00e4rt. Dann durften wir von 13h30 bis 14h45 auf bis zu 8m-H\u00f6he klettern.<br \/>\nAls wir um 14h45 wieder festen Boden unter den F\u00fc\u00dfen hatten, gingen wir zum Bogenschie\u00dfen. Als alle fertig waren, hat der Leiter uns die Sicherheitsregeln erkl\u00e4rt und wie man mit Pfeil und Bogen umgeht. Dann durften wir um Punkte auf der Zielscheibe schie\u00dfen.<br \/>\nUm 15h30 mussten wir uns verabschieden und sind wieder von Worriken Richtung St. Vith aufgebrochen.<br \/>\nAm Ende des Tages fand ich es echt sehr sch\u00f6n. Alles hat sehr viel Spa\u00df gemacht.<br \/>\nIch fand es sehr sch\u00f6n etwas mit der Klasse au\u00dferhalb der Schule zu unternehmen.<\/p>\n<p>Caroline Scheid<br \/>\nSch\u00fclerin TZU<\/p>\n<\/div><\/section><\/div>\n\n<style type=\"text\/css\" data-created_by=\"avia_inline_auto\" id=\"style-css-av-tn7sp4-07aaf0f87ee3f3c4f50c69c6516d75f9\">\n.flex_column.av-tn7sp4-07aaf0f87ee3f3c4f50c69c6516d75f9{\nborder-radius:0px 0px 0px 0px;\npadding:0px 0px 0px 0px;\n}\n<\/style>\n<div  class='flex_column av-tn7sp4-07aaf0f87ee3f3c4f50c69c6516d75f9 av_one_half  avia-builder-el-8  el_after_av_one_half  avia-builder-el-last  flex_column_div av-zero-column-padding  '     ><p><section  class='av_textblock_section av-kvb0kcq3-f30eec5724af257b9e845812a221ed5d '   itemscope=\"itemscope\" itemtype=\"https:\/\/schema.org\/CreativeWork\" ><div class='avia_textblock'  itemprop=\"text\" ><div  class='hr av-svezbp-03cecf2b539441a4bbc4902269ef2ebb hr-default  avia-builder-el-10  avia-builder-el-no-sibling '><span class='hr-inner '><span class=\"hr-inner-style\"><\/span><\/span><\/div>\n<\/div><\/section><br \/>\n\n<style type=\"text\/css\" data-created_by=\"avia_inline_auto\" id=\"style-css-av-kvayus4z-2db9ab80ccdcbc4a53a6b1c45908bf8a\">\n#top .avia-gallery.av-kvayus4z-2db9ab80ccdcbc4a53a6b1c45908bf8a .avia-gallery-thumb a{\nwidth:33.3333%;\n}\n<\/style>\n<div  class='avia-gallery av-kvayus4z-2db9ab80ccdcbc4a53a6b1c45908bf8a avia_animate_when_visible  avia-builder-el-11  el_after_av_textblock  el_before_av_textblock  deactivate_avia_lazyload avia-gallery-animate avia-gallery-1'  itemprop=\"image\" itemscope=\"itemscope\" itemtype=\"https:\/\/schema.org\/ImageObject\" ><meta itemprop=\"contentURL\" content=\"https:\/\/www.bs-ti.be\/home\/bsti\/tzu\/\"><div class='avia-gallery-thumb'><a href=\"https:\/\/www.bs-ti.be\/home\/wp-content\/uploads\/2021\/10\/IMG_20211008_0959106523-1125x1500.jpg\" data-srcset=\"https:\/\/www.bs-ti.be\/home\/wp-content\/uploads\/2021\/10\/IMG_20211008_0959106523-1125x1500.jpg 1125w, https:\/\/www.bs-ti.be\/home\/wp-content\/uploads\/2021\/10\/IMG_20211008_0959106523-768x1024.jpg 768w, https:\/\/www.bs-ti.be\/home\/wp-content\/uploads\/2021\/10\/IMG_20211008_0959106523-1152x1536.jpg 1152w, https:\/\/www.bs-ti.be\/home\/wp-content\/uploads\/2021\/10\/IMG_20211008_0959106523-1536x2048.jpg 1536w, https:\/\/www.bs-ti.be\/home\/wp-content\/uploads\/2021\/10\/IMG_20211008_0959106523-529x705.jpg 529w, https:\/\/www.bs-ti.be\/home\/wp-content\/uploads\/2021\/10\/IMG_20211008_0959106523-450x600.jpg 450w, https:\/\/www.bs-ti.be\/home\/wp-content\/uploads\/2021\/10\/IMG_20211008_0959106523-scaled.jpg 1920w\" data-sizes=\"(max-width: 1125px) 100vw, 1125px\" data-rel='gallery-1' data-prev-img='https:\/\/www.bs-ti.be\/home\/wp-content\/uploads\/2021\/10\/IMG_20211008_0959106523-495x400.jpg' class='first_thumb lightbox ' data-onclick='1' title=''  itemprop=\"thumbnailUrl\"  ><img decoding=\"async\" fetchpriority=\"high\" class=\"wp-image-19991 avia-img-lazy-loading-not-19991\"   src=\"https:\/\/www.bs-ti.be\/home\/wp-content\/uploads\/2021\/10\/IMG_20211008_0959106523-495x400.jpg\" width=\"495\" height=\"400\"  title='IMG 20211008 095910[6523]' alt='' srcset=\"https:\/\/www.bs-ti.be\/home\/wp-content\/uploads\/2021\/10\/IMG_20211008_0959106523-495x400.jpg 495w, https:\/\/www.bs-ti.be\/home\/wp-content\/uploads\/2021\/10\/IMG_20211008_0959106523-845x684.jpg 845w\" sizes=\"(max-width: 495px) 100vw, 495px\" \/><div class='big-prev-fake'><img decoding=\"async\" loading=\"lazy\" class=\"wp-image-19991 avia-img-lazy-loading-19991\"  width=\"495\" height=\"400\" src=\"https:\/\/www.bs-ti.be\/home\/wp-content\/uploads\/2021\/10\/IMG_20211008_0959106523-495x400.jpg\" title='IMG 20211008 095910[6523]' alt='' srcset=\"https:\/\/www.bs-ti.be\/home\/wp-content\/uploads\/2021\/10\/IMG_20211008_0959106523-495x400.jpg 495w, https:\/\/www.bs-ti.be\/home\/wp-content\/uploads\/2021\/10\/IMG_20211008_0959106523-845x684.jpg 845w\" sizes=\"auto, (max-width: 495px) 100vw, 495px\" \/><\/div><\/a><a href=\"https:\/\/www.bs-ti.be\/home\/wp-content\/uploads\/2021\/10\/IMG_20211008_1005536526-1125x1500.jpg\" data-srcset=\"https:\/\/www.bs-ti.be\/home\/wp-content\/uploads\/2021\/10\/IMG_20211008_1005536526-1125x1500.jpg 1125w, https:\/\/www.bs-ti.be\/home\/wp-content\/uploads\/2021\/10\/IMG_20211008_1005536526-768x1024.jpg 768w, https:\/\/www.bs-ti.be\/home\/wp-content\/uploads\/2021\/10\/IMG_20211008_1005536526-1152x1536.jpg 1152w, https:\/\/www.bs-ti.be\/home\/wp-content\/uploads\/2021\/10\/IMG_20211008_1005536526-1536x2048.jpg 1536w, https:\/\/www.bs-ti.be\/home\/wp-content\/uploads\/2021\/10\/IMG_20211008_1005536526-529x705.jpg 529w, https:\/\/www.bs-ti.be\/home\/wp-content\/uploads\/2021\/10\/IMG_20211008_1005536526-450x600.jpg 450w, https:\/\/www.bs-ti.be\/home\/wp-content\/uploads\/2021\/10\/IMG_20211008_1005536526-scaled.jpg 1920w\" data-sizes=\"(max-width: 1125px) 100vw, 1125px\" data-rel='gallery-1' data-prev-img='https:\/\/www.bs-ti.be\/home\/wp-content\/uploads\/2021\/10\/IMG_20211008_1005536526-495x400.jpg' class='lightbox ' data-onclick='2' title=''  itemprop=\"thumbnailUrl\"  ><img decoding=\"async\" fetchpriority=\"high\" class=\"wp-image-19992 avia-img-lazy-loading-not-19992\"   src=\"https:\/\/www.bs-ti.be\/home\/wp-content\/uploads\/2021\/10\/IMG_20211008_1005536526-495x400.jpg\" width=\"495\" height=\"400\"  title='IMG 20211008 100553[6526]' alt='' srcset=\"https:\/\/www.bs-ti.be\/home\/wp-content\/uploads\/2021\/10\/IMG_20211008_1005536526-495x400.jpg 495w, https:\/\/www.bs-ti.be\/home\/wp-content\/uploads\/2021\/10\/IMG_20211008_1005536526-845x684.jpg 845w\" sizes=\"(max-width: 495px) 100vw, 495px\" \/><div class='big-prev-fake'><img decoding=\"async\" loading=\"lazy\" class=\"wp-image-19992 avia-img-lazy-loading-19992\"  width=\"495\" height=\"400\" src=\"https:\/\/www.bs-ti.be\/home\/wp-content\/uploads\/2021\/10\/IMG_20211008_1005536526-495x400.jpg\" title='IMG 20211008 100553[6526]' alt='' srcset=\"https:\/\/www.bs-ti.be\/home\/wp-content\/uploads\/2021\/10\/IMG_20211008_1005536526-495x400.jpg 495w, https:\/\/www.bs-ti.be\/home\/wp-content\/uploads\/2021\/10\/IMG_20211008_1005536526-845x684.jpg 845w\" sizes=\"auto, (max-width: 495px) 100vw, 495px\" \/><\/div><\/a><a href=\"https:\/\/www.bs-ti.be\/home\/wp-content\/uploads\/2021\/10\/IMG-20211008-WA00026522-1125x1500.jpg\" data-srcset=\"https:\/\/www.bs-ti.be\/home\/wp-content\/uploads\/2021\/10\/IMG-20211008-WA00026522-1125x1500.jpg 1125w, https:\/\/www.bs-ti.be\/home\/wp-content\/uploads\/2021\/10\/IMG-20211008-WA00026522-768x1024.jpg 768w, https:\/\/www.bs-ti.be\/home\/wp-content\/uploads\/2021\/10\/IMG-20211008-WA00026522-1152x1536.jpg 1152w, https:\/\/www.bs-ti.be\/home\/wp-content\/uploads\/2021\/10\/IMG-20211008-WA00026522-529x705.jpg 529w, https:\/\/www.bs-ti.be\/home\/wp-content\/uploads\/2021\/10\/IMG-20211008-WA00026522-450x600.jpg 450w, https:\/\/www.bs-ti.be\/home\/wp-content\/uploads\/2021\/10\/IMG-20211008-WA00026522.jpg 1440w\" data-sizes=\"(max-width: 1125px) 100vw, 1125px\" data-rel='gallery-1' data-prev-img='https:\/\/www.bs-ti.be\/home\/wp-content\/uploads\/2021\/10\/IMG-20211008-WA00026522-495x400.jpg' class='lightbox ' data-onclick='3' title=''  itemprop=\"thumbnailUrl\"  ><img decoding=\"async\" fetchpriority=\"high\" class=\"wp-image-19995 avia-img-lazy-loading-not-19995\"   src=\"https:\/\/www.bs-ti.be\/home\/wp-content\/uploads\/2021\/10\/IMG-20211008-WA00026522-495x400.jpg\" width=\"495\" height=\"400\"  title='IMG 20211008 WA0002[6522]' alt='' srcset=\"https:\/\/www.bs-ti.be\/home\/wp-content\/uploads\/2021\/10\/IMG-20211008-WA00026522-495x400.jpg 495w, https:\/\/www.bs-ti.be\/home\/wp-content\/uploads\/2021\/10\/IMG-20211008-WA00026522-845x684.jpg 845w\" sizes=\"(max-width: 495px) 100vw, 495px\" \/><div class='big-prev-fake'><img decoding=\"async\" loading=\"lazy\" class=\"wp-image-19995 avia-img-lazy-loading-19995\"  width=\"495\" height=\"400\" src=\"https:\/\/www.bs-ti.be\/home\/wp-content\/uploads\/2021\/10\/IMG-20211008-WA00026522-495x400.jpg\" title='IMG 20211008 WA0002[6522]' alt='' srcset=\"https:\/\/www.bs-ti.be\/home\/wp-content\/uploads\/2021\/10\/IMG-20211008-WA00026522-495x400.jpg 495w, https:\/\/www.bs-ti.be\/home\/wp-content\/uploads\/2021\/10\/IMG-20211008-WA00026522-845x684.jpg 845w\" sizes=\"auto, (max-width: 495px) 100vw, 495px\" \/><\/div><\/a><a href=\"https:\/\/www.bs-ti.be\/home\/wp-content\/uploads\/2021\/10\/IMG_20211008_1514076520-1125x1500.jpg\" data-srcset=\"https:\/\/www.bs-ti.be\/home\/wp-content\/uploads\/2021\/10\/IMG_20211008_1514076520-1125x1500.jpg 1125w, https:\/\/www.bs-ti.be\/home\/wp-content\/uploads\/2021\/10\/IMG_20211008_1514076520-768x1024.jpg 768w, https:\/\/www.bs-ti.be\/home\/wp-content\/uploads\/2021\/10\/IMG_20211008_1514076520-1152x1536.jpg 1152w, https:\/\/www.bs-ti.be\/home\/wp-content\/uploads\/2021\/10\/IMG_20211008_1514076520-1536x2048.jpg 1536w, https:\/\/www.bs-ti.be\/home\/wp-content\/uploads\/2021\/10\/IMG_20211008_1514076520-529x705.jpg 529w, https:\/\/www.bs-ti.be\/home\/wp-content\/uploads\/2021\/10\/IMG_20211008_1514076520-450x600.jpg 450w, https:\/\/www.bs-ti.be\/home\/wp-content\/uploads\/2021\/10\/IMG_20211008_1514076520-scaled.jpg 1920w\" data-sizes=\"(max-width: 1125px) 100vw, 1125px\" data-rel='gallery-1' data-prev-img='https:\/\/www.bs-ti.be\/home\/wp-content\/uploads\/2021\/10\/IMG_20211008_1514076520-495x400.jpg' class='first_thumb lightbox ' data-onclick='4' title=''  itemprop=\"thumbnailUrl\"  ><img decoding=\"async\" fetchpriority=\"high\" class=\"wp-image-19994 avia-img-lazy-loading-not-19994\"   src=\"https:\/\/www.bs-ti.be\/home\/wp-content\/uploads\/2021\/10\/IMG_20211008_1514076520-495x400.jpg\" width=\"495\" height=\"400\"  title='IMG 20211008 151407[6520]' alt='' srcset=\"https:\/\/www.bs-ti.be\/home\/wp-content\/uploads\/2021\/10\/IMG_20211008_1514076520-495x400.jpg 495w, https:\/\/www.bs-ti.be\/home\/wp-content\/uploads\/2021\/10\/IMG_20211008_1514076520-845x684.jpg 845w\" sizes=\"(max-width: 495px) 100vw, 495px\" \/><div class='big-prev-fake'><img decoding=\"async\" loading=\"lazy\" class=\"wp-image-19994 avia-img-lazy-loading-19994\"  width=\"495\" height=\"400\" src=\"https:\/\/www.bs-ti.be\/home\/wp-content\/uploads\/2021\/10\/IMG_20211008_1514076520-495x400.jpg\" title='IMG 20211008 151407[6520]' alt='' srcset=\"https:\/\/www.bs-ti.be\/home\/wp-content\/uploads\/2021\/10\/IMG_20211008_1514076520-495x400.jpg 495w, https:\/\/www.bs-ti.be\/home\/wp-content\/uploads\/2021\/10\/IMG_20211008_1514076520-845x684.jpg 845w\" sizes=\"auto, (max-width: 495px) 100vw, 495px\" \/><\/div><\/a><a href=\"https:\/\/www.bs-ti.be\/home\/wp-content\/uploads\/2021\/10\/IMG_20211008_1506436521-1500x1125.jpg\" data-srcset=\"https:\/\/www.bs-ti.be\/home\/wp-content\/uploads\/2021\/10\/IMG_20211008_1506436521-1500x1125.jpg 1500w, https:\/\/www.bs-ti.be\/home\/wp-content\/uploads\/2021\/10\/IMG_20211008_1506436521-768x576.jpg 768w, https:\/\/www.bs-ti.be\/home\/wp-content\/uploads\/2021\/10\/IMG_20211008_1506436521-1536x1152.jpg 1536w, https:\/\/www.bs-ti.be\/home\/wp-content\/uploads\/2021\/10\/IMG_20211008_1506436521-2048x1536.jpg 2048w, https:\/\/www.bs-ti.be\/home\/wp-content\/uploads\/2021\/10\/IMG_20211008_1506436521-705x529.jpg 705w, https:\/\/www.bs-ti.be\/home\/wp-content\/uploads\/2021\/10\/IMG_20211008_1506436521-450x338.jpg 450w\" data-sizes=\"(max-width: 1500px) 100vw, 1500px\" data-rel='gallery-1' data-prev-img='https:\/\/www.bs-ti.be\/home\/wp-content\/uploads\/2021\/10\/IMG_20211008_1506436521-495x400.jpg' class='lightbox ' data-onclick='5' title=''  itemprop=\"thumbnailUrl\"  ><img decoding=\"async\" fetchpriority=\"high\" class=\"wp-image-19993 avia-img-lazy-loading-not-19993\"   src=\"https:\/\/www.bs-ti.be\/home\/wp-content\/uploads\/2021\/10\/IMG_20211008_1506436521-495x400.jpg\" width=\"495\" height=\"400\"  title='IMG 20211008 150643[6521]' alt='' srcset=\"https:\/\/www.bs-ti.be\/home\/wp-content\/uploads\/2021\/10\/IMG_20211008_1506436521-495x400.jpg 495w, https:\/\/www.bs-ti.be\/home\/wp-content\/uploads\/2021\/10\/IMG_20211008_1506436521-845x684.jpg 845w\" sizes=\"(max-width: 495px) 100vw, 495px\" \/><div class='big-prev-fake'><img decoding=\"async\" loading=\"lazy\" class=\"wp-image-19993 avia-img-lazy-loading-19993\"  width=\"495\" height=\"400\" src=\"https:\/\/www.bs-ti.be\/home\/wp-content\/uploads\/2021\/10\/IMG_20211008_1506436521-495x400.jpg\" title='IMG 20211008 150643[6521]' alt='' srcset=\"https:\/\/www.bs-ti.be\/home\/wp-content\/uploads\/2021\/10\/IMG_20211008_1506436521-495x400.jpg 495w, https:\/\/www.bs-ti.be\/home\/wp-content\/uploads\/2021\/10\/IMG_20211008_1506436521-845x684.jpg 845w\" sizes=\"auto, (max-width: 495px) 100vw, 495px\" \/><\/div><\/a><\/div><\/div><br \/>\n<section  class='av_textblock_section av-av_textblock-32af9c344aeda5838e62bcf702809feb '   itemscope=\"itemscope\" itemtype=\"https:\/\/schema.org\/CreativeWork\" ><div class='avia_textblock'  itemprop=\"text\" ><div  class='hr av-av_hr-34d966c1397a867a533fbb38af979625 hr-default  avia-builder-el-13  avia-builder-el-no-sibling '><span class='hr-inner '><span class=\"hr-inner-style\"><\/span><\/span><\/div>\n<\/div><\/section><\/p><\/div>\n","protected":false},"excerpt":{"rendered":"","protected":false},"author":5,"featured_media":0,"parent":12161,"menu_order":2,"comment_status":"closed","ping_status":"closed","template":"","meta":{"footnotes":""},"class_list":["post-19989","page","type-page","status-publish","hentry"],"_links":{"self":[{"href":"https:\/\/www.bs-ti.be\/home\/wp-json\/wp\/v2\/pages\/19989","targetHints":{"allow":["GET"]}}],"collection":[{"href":"https:\/\/www.bs-ti.be\/home\/wp-json\/wp\/v2\/pages"}],"about":[{"href":"https:\/\/www.bs-ti.be\/home\/wp-json\/wp\/v2\/types\/page"}],"author":[{"embeddable":true,"href":"https:\/\/www.bs-ti.be\/home\/wp-json\/wp\/v2\/users\/5"}],"replies":[{"embeddable":true,"href":"https:\/\/www.bs-ti.be\/home\/wp-json\/wp\/v2\/comments?post=19989"}],"version-history":[{"count":11,"href":"https:\/\/www.bs-ti.be\/home\/wp-json\/wp\/v2\/pages\/19989\/revisions"}],"predecessor-version":[{"id":20032,"href":"https:\/\/www.bs-ti.be\/home\/wp-json\/wp\/v2\/pages\/19989\/revisions\/20032"}],"up":[{"embeddable":true,"href":"https:\/\/www.bs-ti.be\/home\/wp-json\/wp\/v2\/pages\/12161"}],"wp:attachment":[{"href":"https:\/\/www.bs-ti.be\/home\/wp-json\/wp\/v2\/media?parent=19989"}],"curies":[{"name":"wp","href":"https:\/\/api.w.org\/{rel}","templated":true}]}}