{"id":20093,"date":"2021-11-29T15:12:08","date_gmt":"2021-11-29T14:12:08","guid":{"rendered":"https:\/\/www.bs-ti.be\/home\/?page_id=20093"},"modified":"2021-12-03T16:20:48","modified_gmt":"2021-12-03T15:20:48","slug":"auf-den-spuren-des-ersten-weltkriegs","status":"publish","type":"page","link":"https:\/\/www.bs-ti.be\/home\/bsti\/auf-den-spuren-des-ersten-weltkriegs\/","title":{"rendered":"Auf den Spuren des Ersten Weltkriegs"},"content":{"rendered":"<div id='av-layout-grid-1'  class='av-layout-grid-container av-1i4o0ch-8a9d204c3fde6df58cea92daafb5a515 entry-content-wrapper main_color av-flex-cells  avia-builder-el-0  el_before_av_one_half  avia-builder-el-first   container_wrap sidebar_right'  >\n\n<style type=\"text\/css\" data-created_by=\"avia_inline_auto\" id=\"style-css-av-jslrebqf-41ea07491f708bf3552647b6947794c3\">\n.flex_cell.av-jslrebqf-41ea07491f708bf3552647b6947794c3{\nvertical-align:top;\n}\n.responsive #top #wrap_all .flex_cell.av-jslrebqf-41ea07491f708bf3552647b6947794c3{\npadding:30px 0px 0px 0px !important;\n}\n<\/style>\n<div class='flex_cell av-jslrebqf-41ea07491f708bf3552647b6947794c3 av-gridrow-cell av_one_full no_margin  avia-builder-el-1  avia-builder-el-no-sibling  content-align-top'  ><div class='flex_cell_inner'><p>\n<style type=\"text\/css\" data-created_by=\"avia_inline_auto\" id=\"style-css-av-417vtt-3359b7b6b99720ae5d5d19eb64bb8c62\">\n.flex_column.av-417vtt-3359b7b6b99720ae5d5d19eb64bb8c62{\nborder-radius:0px 0px 0px 0px;\npadding:0px 0px 0px 0px;\n}\n<\/style>\n<div  class='flex_column av-417vtt-3359b7b6b99720ae5d5d19eb64bb8c62 av_one_full  avia-builder-el-2  el_before_av_one_full  avia-builder-el-first  first flex_column_div av-zero-column-padding  '     ><\/div>\n<style type=\"text\/css\" data-created_by=\"avia_inline_auto\" id=\"style-css-av-jvzclbqw-bf22258a6c740b5148f9e45259f6191d\">\n#top .flex_column.av-jvzclbqw-bf22258a6c740b5148f9e45259f6191d{\nmargin-top:-15%;\nmargin-bottom:0px;\n}\n.flex_column.av-jvzclbqw-bf22258a6c740b5148f9e45259f6191d{\nborder-radius:0px 0px 0px 0px;\npadding:0px 0px 0px 0px;\nbackground-color:rgba(10,10,10,0.2);\n}\n.responsive #top #wrap_all .flex_column.av-jvzclbqw-bf22258a6c740b5148f9e45259f6191d{\nmargin-top:-15%;\nmargin-bottom:0px;\n}\n<\/style>\n<div  class='flex_column av-jvzclbqw-bf22258a6c740b5148f9e45259f6191d av_one_full  avia-builder-el-4  el_after_av_one_full  avia-builder-el-last  first flex_column_div av-zero-column-padding  column-top-margin'     ><style type=\"text\/css\" data-created_by=\"avia_inline_auto\" id=\"style-css-av-jqnl7opd-2441694f451fa48d9afe76ea656548d9\">\n#top .av_textblock_section.av-jqnl7opd-2441694f451fa48d9afe76ea656548d9 .avia_textblock{\nfont-size:40px;\ncolor:#ffffff;\n}\n<\/style>\n<section  class='av_textblock_section av-jqnl7opd-2441694f451fa48d9afe76ea656548d9 '   itemscope=\"itemscope\" itemtype=\"https:\/\/schema.org\/CreativeWork\" ><div class='avia_textblock av_inherit_color'  itemprop=\"text\" ><p style=\"text-align: center;\">BS-Sch\u00fcler auf den Spuren des Ersten Weltkriegs<\/p>\n<\/div><\/section><\/div><\/p>\n<\/div><\/div>\n<\/div><div id='after_grid_row_1'  class='main_color av_default_container_wrap container_wrap sidebar_right'  ><div class='container av-section-cont-open' ><div class='template-page content  av-content-small alpha units'><div class='post-entry post-entry-type-page post-entry-20093'><div class='entry-content-wrapper clearfix'>\n\n<style type=\"text\/css\" data-created_by=\"avia_inline_auto\" id=\"style-css-av-oo8y7h-ea1c361794b4d761d052b35e6007f436\">\n.flex_column.av-oo8y7h-ea1c361794b4d761d052b35e6007f436{\nborder-radius:0px 0px 0px 0px;\npadding:0px 0px 0px 0px;\n}\n<\/style>\n<div  class='flex_column av-oo8y7h-ea1c361794b4d761d052b35e6007f436 av_one_half  avia-builder-el-6  el_after_av_layout_row  el_before_av_one_half  avia-builder-el-first  first flex_column_div av-zero-column-padding  '     ><section  class='av_textblock_section av-jqnl7opd-894303e5b8068f19d225f960b4cfb650 '   itemscope=\"itemscope\" itemtype=\"https:\/\/schema.org\/CreativeWork\" ><div class='avia_textblock'  itemprop=\"text\" ><p>Der Erste Weltkrieg ist ein zentrales Thema im Geschichtsunterricht des 6. Jahres. Um die Ereignisse zwischen 1914 und 1918 besser verstehen zu k\u00f6nnen, reisten die Sch\u00fcler des Grundwahlfaches Geschichte Anfang Oktober f\u00fcr drei Tage nach Westflandern.<br \/>\nSpeziell die Region um Ypern hat w\u00e4hrend des Ersten Weltkrieges schwer gelitten. Kaum eine Region in Westeuropa, die Gegend um Verdun einmal ausgenommen, wurde wohl so vom Ersten Weltkrieg gezeichnet wie der belgische Teil der sogenannten Westhoek (\u00bbWestecke\u00ab).<br \/>\nIn diesem Landesteil sind die Geschehnisse von vor \u00fcber 100 Jahren immer noch omnipr\u00e4sent. Davon zeugen unz\u00e4hlige Friedh\u00f6fe, Denkm\u00e4ler und Museen in dieser Region.<br \/>\nStationen der Rundreise waren u. a. das Flanders Fields Museum in Ypern, der Dodengang in Diksmuide und die gro\u00dfen Soldatenfriedh\u00f6fe Langemarck und Tyne Cot. Die Sch\u00fcler nahmen auch an der Last Post-Zeremonie teil. Jener traditionelle letzte Zapfenstreich wird jeden Abend um 20 Uhr in Ypern im Gedenken an die gefallenen britischen und alliierten Soldaten gespielt.<br \/>\nPeter Capyo, seines Zeichens Mitarbeiter der Mediothek, ehemaliger Berufssoldat und Kenner der Geschichte des Ersten Weltkriegs, f\u00fchrte die Reisegruppe durch seine Heimat Westflandern. Nicht zuletzt durch seine kenntnisreichen F\u00fchrungen begriffen die Sch\u00fcler, warum der Erste Weltkrieg auch der \u00bbGro\u00dfe Krieg\u00ab genannt wird.<\/p>\n<\/div><\/section><\/div>\n\n<style type=\"text\/css\" data-created_by=\"avia_inline_auto\" id=\"style-css-av-tn7sp4-07aaf0f87ee3f3c4f50c69c6516d75f9\">\n.flex_column.av-tn7sp4-07aaf0f87ee3f3c4f50c69c6516d75f9{\nborder-radius:0px 0px 0px 0px;\npadding:0px 0px 0px 0px;\n}\n<\/style>\n<div  class='flex_column av-tn7sp4-07aaf0f87ee3f3c4f50c69c6516d75f9 av_one_half  avia-builder-el-8  el_after_av_one_half  avia-builder-el-last  flex_column_div av-zero-column-padding  '     ><p><section  class='av_textblock_section av-kvb0kcq3-f30eec5724af257b9e845812a221ed5d '   itemscope=\"itemscope\" itemtype=\"https:\/\/schema.org\/CreativeWork\" ><div class='avia_textblock'  itemprop=\"text\" ><div  class='hr av-svezbp-03cecf2b539441a4bbc4902269ef2ebb hr-default  avia-builder-el-10  avia-builder-el-no-sibling '><span class='hr-inner '><span class=\"hr-inner-style\"><\/span><\/span><\/div>\n<\/div><\/section><br \/>\n\n<style type=\"text\/css\" data-created_by=\"avia_inline_auto\" id=\"style-css-av-kvayus4z-8e013995deebcffef33a59f78425067a\">\n#top .avia-gallery.av-kvayus4z-8e013995deebcffef33a59f78425067a .avia-gallery-thumb a{\nwidth:33.3333%;\n}\n<\/style>\n<div  class='avia-gallery av-kvayus4z-8e013995deebcffef33a59f78425067a avia_animate_when_visible  avia-builder-el-11  el_after_av_textblock  el_before_av_textblock  deactivate_avia_lazyload avia-gallery-animate avia-gallery-1'  itemprop=\"image\" itemscope=\"itemscope\" itemtype=\"https:\/\/schema.org\/ImageObject\" ><meta itemprop=\"contentURL\" content=\"https:\/\/www.bs-ti.be\/home\/bsti\/auf-den-spuren-des-ersten-weltkriegs\/\"><div class='avia-gallery-thumb'><a href=\"https:\/\/www.bs-ti.be\/home\/wp-content\/uploads\/2021\/11\/Bild2-1500x1125.jpg\" data-srcset=\"https:\/\/www.bs-ti.be\/home\/wp-content\/uploads\/2021\/11\/Bild2-1500x1125.jpg 1500w, https:\/\/www.bs-ti.be\/home\/wp-content\/uploads\/2021\/11\/Bild2-768x576.jpg 768w, https:\/\/www.bs-ti.be\/home\/wp-content\/uploads\/2021\/11\/Bild2-1536x1152.jpg 1536w, https:\/\/www.bs-ti.be\/home\/wp-content\/uploads\/2021\/11\/Bild2-2048x1536.jpg 2048w, https:\/\/www.bs-ti.be\/home\/wp-content\/uploads\/2021\/11\/Bild2-705x529.jpg 705w, https:\/\/www.bs-ti.be\/home\/wp-content\/uploads\/2021\/11\/Bild2-450x338.jpg 450w\" data-sizes=\"(max-width: 1500px) 100vw, 1500px\" data-rel='gallery-1' data-prev-img='https:\/\/www.bs-ti.be\/home\/wp-content\/uploads\/2021\/11\/Bild2-495x400.jpg' class='first_thumb lightbox ' data-onclick='1' title=''  itemprop=\"thumbnailUrl\"  ><img decoding=\"async\" fetchpriority=\"high\" class=\"wp-image-20095 avia-img-lazy-loading-not-20095\"   src=\"https:\/\/www.bs-ti.be\/home\/wp-content\/uploads\/2021\/11\/Bild2-495x400.jpg\" width=\"495\" height=\"400\"  title='Bild2' alt='' srcset=\"https:\/\/www.bs-ti.be\/home\/wp-content\/uploads\/2021\/11\/Bild2-495x400.jpg 495w, https:\/\/www.bs-ti.be\/home\/wp-content\/uploads\/2021\/11\/Bild2-845x684.jpg 845w\" sizes=\"(max-width: 495px) 100vw, 495px\" \/><div class='big-prev-fake'><img decoding=\"async\" loading=\"lazy\" class=\"wp-image-20095 avia-img-lazy-loading-20095\"  width=\"495\" height=\"400\" src=\"https:\/\/www.bs-ti.be\/home\/wp-content\/uploads\/2021\/11\/Bild2-495x400.jpg\" title='Bild2' alt='' srcset=\"https:\/\/www.bs-ti.be\/home\/wp-content\/uploads\/2021\/11\/Bild2-495x400.jpg 495w, https:\/\/www.bs-ti.be\/home\/wp-content\/uploads\/2021\/11\/Bild2-845x684.jpg 845w\" sizes=\"auto, (max-width: 495px) 100vw, 495px\" \/><\/div><\/a><a href=\"https:\/\/www.bs-ti.be\/home\/wp-content\/uploads\/2021\/11\/Gruppenfoto-1500x1125.jpg\" data-srcset=\"https:\/\/www.bs-ti.be\/home\/wp-content\/uploads\/2021\/11\/Gruppenfoto-1500x1125.jpg 1500w, https:\/\/www.bs-ti.be\/home\/wp-content\/uploads\/2021\/11\/Gruppenfoto-768x576.jpg 768w, https:\/\/www.bs-ti.be\/home\/wp-content\/uploads\/2021\/11\/Gruppenfoto-1536x1152.jpg 1536w, https:\/\/www.bs-ti.be\/home\/wp-content\/uploads\/2021\/11\/Gruppenfoto-2048x1536.jpg 2048w, https:\/\/www.bs-ti.be\/home\/wp-content\/uploads\/2021\/11\/Gruppenfoto-705x529.jpg 705w, https:\/\/www.bs-ti.be\/home\/wp-content\/uploads\/2021\/11\/Gruppenfoto-450x338.jpg 450w\" data-sizes=\"(max-width: 1500px) 100vw, 1500px\" data-rel='gallery-1' data-prev-img='https:\/\/www.bs-ti.be\/home\/wp-content\/uploads\/2021\/11\/Gruppenfoto-495x400.jpg' class='lightbox ' data-onclick='2' title=''  itemprop=\"thumbnailUrl\"  ><img decoding=\"async\" fetchpriority=\"high\" class=\"wp-image-20099 avia-img-lazy-loading-not-20099\"   src=\"https:\/\/www.bs-ti.be\/home\/wp-content\/uploads\/2021\/11\/Gruppenfoto-495x400.jpg\" width=\"495\" height=\"400\"  title='Gruppenfoto' alt='' srcset=\"https:\/\/www.bs-ti.be\/home\/wp-content\/uploads\/2021\/11\/Gruppenfoto-495x400.jpg 495w, https:\/\/www.bs-ti.be\/home\/wp-content\/uploads\/2021\/11\/Gruppenfoto-845x684.jpg 845w\" sizes=\"(max-width: 495px) 100vw, 495px\" \/><div class='big-prev-fake'><img decoding=\"async\" loading=\"lazy\" class=\"wp-image-20099 avia-img-lazy-loading-20099\"  width=\"495\" height=\"400\" src=\"https:\/\/www.bs-ti.be\/home\/wp-content\/uploads\/2021\/11\/Gruppenfoto-495x400.jpg\" title='Gruppenfoto' alt='' srcset=\"https:\/\/www.bs-ti.be\/home\/wp-content\/uploads\/2021\/11\/Gruppenfoto-495x400.jpg 495w, https:\/\/www.bs-ti.be\/home\/wp-content\/uploads\/2021\/11\/Gruppenfoto-845x684.jpg 845w\" sizes=\"auto, (max-width: 495px) 100vw, 495px\" \/><\/div><\/a><a href=\"https:\/\/www.bs-ti.be\/home\/wp-content\/uploads\/2021\/11\/Bild5-1500x1125.jpg\" data-srcset=\"https:\/\/www.bs-ti.be\/home\/wp-content\/uploads\/2021\/11\/Bild5-1500x1125.jpg 1500w, https:\/\/www.bs-ti.be\/home\/wp-content\/uploads\/2021\/11\/Bild5-768x576.jpg 768w, https:\/\/www.bs-ti.be\/home\/wp-content\/uploads\/2021\/11\/Bild5-1536x1152.jpg 1536w, https:\/\/www.bs-ti.be\/home\/wp-content\/uploads\/2021\/11\/Bild5-2048x1536.jpg 2048w, https:\/\/www.bs-ti.be\/home\/wp-content\/uploads\/2021\/11\/Bild5-705x529.jpg 705w, https:\/\/www.bs-ti.be\/home\/wp-content\/uploads\/2021\/11\/Bild5-450x338.jpg 450w\" data-sizes=\"(max-width: 1500px) 100vw, 1500px\" data-rel='gallery-1' data-prev-img='https:\/\/www.bs-ti.be\/home\/wp-content\/uploads\/2021\/11\/Bild5-495x400.jpg' class='lightbox ' data-onclick='3' title=''  itemprop=\"thumbnailUrl\"  ><img decoding=\"async\" fetchpriority=\"high\" class=\"wp-image-20098 avia-img-lazy-loading-not-20098\"   src=\"https:\/\/www.bs-ti.be\/home\/wp-content\/uploads\/2021\/11\/Bild5-495x400.jpg\" width=\"495\" height=\"400\"  title='Bild5' alt='' srcset=\"https:\/\/www.bs-ti.be\/home\/wp-content\/uploads\/2021\/11\/Bild5-495x400.jpg 495w, https:\/\/www.bs-ti.be\/home\/wp-content\/uploads\/2021\/11\/Bild5-845x684.jpg 845w\" sizes=\"(max-width: 495px) 100vw, 495px\" \/><div class='big-prev-fake'><img decoding=\"async\" loading=\"lazy\" class=\"wp-image-20098 avia-img-lazy-loading-20098\"  width=\"495\" height=\"400\" src=\"https:\/\/www.bs-ti.be\/home\/wp-content\/uploads\/2021\/11\/Bild5-495x400.jpg\" title='Bild5' alt='' srcset=\"https:\/\/www.bs-ti.be\/home\/wp-content\/uploads\/2021\/11\/Bild5-495x400.jpg 495w, https:\/\/www.bs-ti.be\/home\/wp-content\/uploads\/2021\/11\/Bild5-845x684.jpg 845w\" sizes=\"auto, (max-width: 495px) 100vw, 495px\" \/><\/div><\/a><a href=\"https:\/\/www.bs-ti.be\/home\/wp-content\/uploads\/2021\/11\/Bild4-1500x1125.jpg\" data-srcset=\"https:\/\/www.bs-ti.be\/home\/wp-content\/uploads\/2021\/11\/Bild4-1500x1125.jpg 1500w, https:\/\/www.bs-ti.be\/home\/wp-content\/uploads\/2021\/11\/Bild4-768x576.jpg 768w, https:\/\/www.bs-ti.be\/home\/wp-content\/uploads\/2021\/11\/Bild4-1536x1152.jpg 1536w, https:\/\/www.bs-ti.be\/home\/wp-content\/uploads\/2021\/11\/Bild4-2048x1536.jpg 2048w, https:\/\/www.bs-ti.be\/home\/wp-content\/uploads\/2021\/11\/Bild4-705x529.jpg 705w, https:\/\/www.bs-ti.be\/home\/wp-content\/uploads\/2021\/11\/Bild4-450x338.jpg 450w\" data-sizes=\"(max-width: 1500px) 100vw, 1500px\" data-rel='gallery-1' data-prev-img='https:\/\/www.bs-ti.be\/home\/wp-content\/uploads\/2021\/11\/Bild4-495x400.jpg' class='first_thumb lightbox ' data-onclick='4' title=''  itemprop=\"thumbnailUrl\"  ><img decoding=\"async\" fetchpriority=\"high\" class=\"wp-image-20097 avia-img-lazy-loading-not-20097\"   src=\"https:\/\/www.bs-ti.be\/home\/wp-content\/uploads\/2021\/11\/Bild4-495x400.jpg\" width=\"495\" height=\"400\"  title='Bild4' alt='' srcset=\"https:\/\/www.bs-ti.be\/home\/wp-content\/uploads\/2021\/11\/Bild4-495x400.jpg 495w, https:\/\/www.bs-ti.be\/home\/wp-content\/uploads\/2021\/11\/Bild4-845x684.jpg 845w\" sizes=\"(max-width: 495px) 100vw, 495px\" \/><div class='big-prev-fake'><img decoding=\"async\" loading=\"lazy\" class=\"wp-image-20097 avia-img-lazy-loading-20097\"  width=\"495\" height=\"400\" src=\"https:\/\/www.bs-ti.be\/home\/wp-content\/uploads\/2021\/11\/Bild4-495x400.jpg\" title='Bild4' alt='' srcset=\"https:\/\/www.bs-ti.be\/home\/wp-content\/uploads\/2021\/11\/Bild4-495x400.jpg 495w, https:\/\/www.bs-ti.be\/home\/wp-content\/uploads\/2021\/11\/Bild4-845x684.jpg 845w\" sizes=\"auto, (max-width: 495px) 100vw, 495px\" \/><\/div><\/a><a href=\"https:\/\/www.bs-ti.be\/home\/wp-content\/uploads\/2021\/11\/Bild3-1500x1125.jpg\" data-srcset=\"https:\/\/www.bs-ti.be\/home\/wp-content\/uploads\/2021\/11\/Bild3-1500x1125.jpg 1500w, https:\/\/www.bs-ti.be\/home\/wp-content\/uploads\/2021\/11\/Bild3-768x576.jpg 768w, https:\/\/www.bs-ti.be\/home\/wp-content\/uploads\/2021\/11\/Bild3-1536x1152.jpg 1536w, https:\/\/www.bs-ti.be\/home\/wp-content\/uploads\/2021\/11\/Bild3-2048x1536.jpg 2048w, https:\/\/www.bs-ti.be\/home\/wp-content\/uploads\/2021\/11\/Bild3-705x529.jpg 705w, https:\/\/www.bs-ti.be\/home\/wp-content\/uploads\/2021\/11\/Bild3-450x338.jpg 450w\" data-sizes=\"(max-width: 1500px) 100vw, 1500px\" data-rel='gallery-1' data-prev-img='https:\/\/www.bs-ti.be\/home\/wp-content\/uploads\/2021\/11\/Bild3-495x400.jpg' class='lightbox ' data-onclick='5' title=''  itemprop=\"thumbnailUrl\"  ><img decoding=\"async\" fetchpriority=\"high\" class=\"wp-image-20096 avia-img-lazy-loading-not-20096\"   src=\"https:\/\/www.bs-ti.be\/home\/wp-content\/uploads\/2021\/11\/Bild3-495x400.jpg\" width=\"495\" height=\"400\"  title='Bild3' alt='' srcset=\"https:\/\/www.bs-ti.be\/home\/wp-content\/uploads\/2021\/11\/Bild3-495x400.jpg 495w, https:\/\/www.bs-ti.be\/home\/wp-content\/uploads\/2021\/11\/Bild3-845x684.jpg 845w\" sizes=\"(max-width: 495px) 100vw, 495px\" \/><div class='big-prev-fake'><img decoding=\"async\" loading=\"lazy\" class=\"wp-image-20096 avia-img-lazy-loading-20096\"  width=\"495\" height=\"400\" src=\"https:\/\/www.bs-ti.be\/home\/wp-content\/uploads\/2021\/11\/Bild3-495x400.jpg\" title='Bild3' alt='' srcset=\"https:\/\/www.bs-ti.be\/home\/wp-content\/uploads\/2021\/11\/Bild3-495x400.jpg 495w, https:\/\/www.bs-ti.be\/home\/wp-content\/uploads\/2021\/11\/Bild3-845x684.jpg 845w\" sizes=\"auto, (max-width: 495px) 100vw, 495px\" \/><\/div><\/a><a href=\"https:\/\/www.bs-ti.be\/home\/wp-content\/uploads\/2021\/11\/Bild1-1500x1125.jpg\" data-srcset=\"https:\/\/www.bs-ti.be\/home\/wp-content\/uploads\/2021\/11\/Bild1-1500x1125.jpg 1500w, https:\/\/www.bs-ti.be\/home\/wp-content\/uploads\/2021\/11\/Bild1-768x576.jpg 768w, https:\/\/www.bs-ti.be\/home\/wp-content\/uploads\/2021\/11\/Bild1-1536x1152.jpg 1536w, https:\/\/www.bs-ti.be\/home\/wp-content\/uploads\/2021\/11\/Bild1-2048x1536.jpg 2048w, https:\/\/www.bs-ti.be\/home\/wp-content\/uploads\/2021\/11\/Bild1-705x529.jpg 705w, https:\/\/www.bs-ti.be\/home\/wp-content\/uploads\/2021\/11\/Bild1-450x338.jpg 450w\" data-sizes=\"(max-width: 1500px) 100vw, 1500px\" data-rel='gallery-1' data-prev-img='https:\/\/www.bs-ti.be\/home\/wp-content\/uploads\/2021\/11\/Bild1-495x400.jpg' class='lightbox ' data-onclick='6' title=''  itemprop=\"thumbnailUrl\"  ><img decoding=\"async\" fetchpriority=\"high\" class=\"wp-image-20094 avia-img-lazy-loading-not-20094\"   src=\"https:\/\/www.bs-ti.be\/home\/wp-content\/uploads\/2021\/11\/Bild1-495x400.jpg\" width=\"495\" height=\"400\"  title='Bild1' alt='' srcset=\"https:\/\/www.bs-ti.be\/home\/wp-content\/uploads\/2021\/11\/Bild1-495x400.jpg 495w, https:\/\/www.bs-ti.be\/home\/wp-content\/uploads\/2021\/11\/Bild1-845x684.jpg 845w\" sizes=\"(max-width: 495px) 100vw, 495px\" \/><div class='big-prev-fake'><img decoding=\"async\" loading=\"lazy\" class=\"wp-image-20094 avia-img-lazy-loading-20094\"  width=\"495\" height=\"400\" src=\"https:\/\/www.bs-ti.be\/home\/wp-content\/uploads\/2021\/11\/Bild1-495x400.jpg\" title='Bild1' alt='' srcset=\"https:\/\/www.bs-ti.be\/home\/wp-content\/uploads\/2021\/11\/Bild1-495x400.jpg 495w, https:\/\/www.bs-ti.be\/home\/wp-content\/uploads\/2021\/11\/Bild1-845x684.jpg 845w\" sizes=\"auto, (max-width: 495px) 100vw, 495px\" \/><\/div><\/a><\/div><\/div><br \/>\n<section  class='av_textblock_section av-11ganyt-ae1b679e009150526c9fdfed67a1ae40 '   itemscope=\"itemscope\" itemtype=\"https:\/\/schema.org\/CreativeWork\" ><div class='avia_textblock'  itemprop=\"text\" ><div  class='hr av-ngwnzp-b9097f5bb3ba9a8327db17bfbcf7758a hr-default  avia-builder-el-13  avia-builder-el-no-sibling '><span class='hr-inner '><span class=\"hr-inner-style\"><\/span><\/span><\/div>\n<\/div><\/section><\/p><\/div>\n","protected":false},"excerpt":{"rendered":"","protected":false},"author":5,"featured_media":0,"parent":12161,"menu_order":2,"comment_status":"closed","ping_status":"closed","template":"","meta":{"footnotes":""},"class_list":["post-20093","page","type-page","status-publish","hentry"],"_links":{"self":[{"href":"https:\/\/www.bs-ti.be\/home\/wp-json\/wp\/v2\/pages\/20093","targetHints":{"allow":["GET"]}}],"collection":[{"href":"https:\/\/www.bs-ti.be\/home\/wp-json\/wp\/v2\/pages"}],"about":[{"href":"https:\/\/www.bs-ti.be\/home\/wp-json\/wp\/v2\/types\/page"}],"author":[{"embeddable":true,"href":"https:\/\/www.bs-ti.be\/home\/wp-json\/wp\/v2\/users\/5"}],"replies":[{"embeddable":true,"href":"https:\/\/www.bs-ti.be\/home\/wp-json\/wp\/v2\/comments?post=20093"}],"version-history":[{"count":5,"href":"https:\/\/www.bs-ti.be\/home\/wp-json\/wp\/v2\/pages\/20093\/revisions"}],"predecessor-version":[{"id":20142,"href":"https:\/\/www.bs-ti.be\/home\/wp-json\/wp\/v2\/pages\/20093\/revisions\/20142"}],"up":[{"embeddable":true,"href":"https:\/\/www.bs-ti.be\/home\/wp-json\/wp\/v2\/pages\/12161"}],"wp:attachment":[{"href":"https:\/\/www.bs-ti.be\/home\/wp-json\/wp\/v2\/media?parent=20093"}],"curies":[{"name":"wp","href":"https:\/\/api.w.org\/{rel}","templated":true}]}}